{"id":279424,"date":"2024-12-16T12:28:19","date_gmt":"2024-12-16T10:28:19","guid":{"rendered":"https:\/\/zaluti.com\/de\/?post_type=product&#038;p=279424"},"modified":"2025-12-16T17:18:01","modified_gmt":"2025-12-16T15:18:01","slug":"neutral-duft-zaluti","status":"publish","type":"product","link":"https:\/\/zaluti.com\/de\/duefte\/neutral\/","title":{"rendered":"Neutral"},"content":{"rendered":"<p>Ein au\u00dfergew\u00f6hnlich subtiler und raffinierter Duft, weich wie eine Fr\u00fchlingsbrise und fast nicht wahrnehmbar, veredelt mit VernovaPure\u00ae-Technologie f\u00fcr eine effektive Geruchsneutralisation.<\/p>\n","protected":false},"excerpt":{"rendered":"<p>Ein au\u00dfergew\u00f6hnlich subtiler und raffinierter Duft, weich wie eine Fr\u00fchlingsbrise und fast nicht wahrnehmbar, veredelt mit VernovaPure\u00ae-Technologie f\u00fcr eine effektive Geruchsneutralisation.<\/p>\n","protected":false},"featured_media":279425,"comment_status":"open","ping_status":"closed","template":"","meta":{"_acf_changed":false,"_et_pb_use_builder":"off","_et_pb_old_content":"Ein au\u00dfergew\u00f6hnlich subtiler und raffinierter Duft, weich wie eine Fr\u00fchlingsbrise und fast nicht wahrnehmbar, veredelt mit VernovaPure\u00ae-Technologie f\u00fcr eine effektive Geruchsneutralisation.","_et_gb_content_width":"","inline_featured_image":false},"product_brand":[],"product_cat":[27,114],"product_tag":[],"class_list":{"0":"post-279424","1":"product","2":"type-product","3":"status-publish","4":"has-post-thumbnail","6":"product_cat-floral","7":"product_cat-neutralisierend","9":"first","10":"instock","11":"shipping-taxable","12":"product-type-simple"},"acf":[],"aioseo_notices":[],"aioseo_head":"\n\t\t<!-- All in One SEO Pro 4.9.6.2 - aioseo.com -->\n\t<meta name=\"description\" content=\"Neutral: eine duftfreie Formel, die unerw\u00fcnschte Ger\u00fcche eliminiert, ohne Parfum zu hinterlassen. Ideal f\u00fcr Krankenh\u00e4user \u2013 rein, diskret und professionell.\" \/>\n\t<meta name=\"robots\" content=\"max-image-preview:large\" \/>\n\t<link rel=\"canonical\" href=\"https:\/\/zaluti.com\/de\/duefte\/neutral\/\" \/>\n\t<meta name=\"generator\" content=\"All in One SEO Pro (AIOSEO) 4.9.6.2\" \/>\n\t\t<meta property=\"og:locale\" content=\"de_DE\" \/>\n\t\t<meta property=\"og:site_name\" content=\"Zaluti B.V. | Professionals in scent marketing\" \/>\n\t\t<meta property=\"og:type\" content=\"article\" \/>\n\t\t<meta property=\"og:title\" content=\"Neutral \u2013 Geruchsneutralisation mit Ruhe und Pr\u00e4zision | Zaluti\" \/>\n\t\t<meta property=\"og:description\" content=\"Neutral: eine duftfreie Formel, die unerw\u00fcnschte Ger\u00fcche eliminiert, ohne Parfum zu hinterlassen. Ideal f\u00fcr Krankenh\u00e4user \u2013 rein, diskret und professionell.\" \/>\n\t\t<meta property=\"og:url\" content=\"https:\/\/zaluti.com\/de\/duefte\/neutral\/\" \/>\n\t\t<meta property=\"article:published_time\" content=\"2024-12-16T10:28:19+00:00\" \/>\n\t\t<meta property=\"article:modified_time\" content=\"2025-12-16T15:18:01+00:00\" \/>\n\t\t<meta property=\"article:publisher\" content=\"https:\/\/www.facebook.com\/people\/Zalutide\/61552806365452\/\" \/>\n\t\t<meta name=\"twitter:card\" content=\"summary_large_image\" \/>\n\t\t<meta name=\"twitter:site\" content=\"@Zaluti_de\" \/>\n\t\t<meta name=\"twitter:title\" content=\"Neutral \u2013 Geruchsneutralisation mit Ruhe und Pr\u00e4zision | Zaluti\" \/>\n\t\t<meta name=\"twitter:description\" content=\"Neutral: eine duftfreie Formel, die unerw\u00fcnschte Ger\u00fcche eliminiert, ohne Parfum zu hinterlassen. Ideal f\u00fcr Krankenh\u00e4user \u2013 rein, diskret und professionell.\" \/>\n\t\t<script type=\"application\/ld+json\" class=\"aioseo-schema\">\n\t\t\t{\"@context\":\"https:\\\/\\\/schema.org\",\"@graph\":[{\"@type\":\"BreadcrumbList\",\"@id\":\"https:\\\/\\\/zaluti.com\\\/de\\\/duefte\\\/neutral\\\/#breadcrumblist\",\"itemListElement\":[{\"@type\":\"ListItem\",\"@id\":\"https:\\\/\\\/zaluti.com\\\/de\\\/duefte\\\/alle-duefte\\\/#listItem\",\"position\":1,\"name\":\"Geuren\",\"item\":\"https:\\\/\\\/zaluti.com\\\/de\\\/duefte\\\/alle-duefte\\\/\",\"nextItem\":{\"@type\":\"ListItem\",\"@id\":\"https:\\\/\\\/zaluti.com\\\/de\\\/product-categorie\\\/floral\\\/#listItem\",\"name\":\"Floral\"}},{\"@type\":\"ListItem\",\"@id\":\"https:\\\/\\\/zaluti.com\\\/de\\\/product-categorie\\\/floral\\\/#listItem\",\"position\":2,\"name\":\"Floral\",\"item\":\"https:\\\/\\\/zaluti.com\\\/de\\\/product-categorie\\\/floral\\\/\",\"nextItem\":{\"@type\":\"ListItem\",\"@id\":\"https:\\\/\\\/zaluti.com\\\/de\\\/duefte\\\/neutral\\\/#listItem\",\"name\":\"Neutral\"},\"previousItem\":{\"@type\":\"ListItem\",\"@id\":\"https:\\\/\\\/zaluti.com\\\/de\\\/duefte\\\/alle-duefte\\\/#listItem\",\"name\":\"Geuren\"}},{\"@type\":\"ListItem\",\"@id\":\"https:\\\/\\\/zaluti.com\\\/de\\\/duefte\\\/neutral\\\/#listItem\",\"position\":3,\"name\":\"Neutral\",\"previousItem\":{\"@type\":\"ListItem\",\"@id\":\"https:\\\/\\\/zaluti.com\\\/de\\\/product-categorie\\\/floral\\\/#listItem\",\"name\":\"Floral\"}}]},{\"@type\":\"FAQPage\",\"@id\":\"https:\\\/\\\/zaluti.com\\\/de\\\/duefte\\\/neutral\\\/#aioseo-faq-page-mi7m1twn\",\"name\":\"Neutral \\u2013 Geruchsneutralisation mit Ruhe und Pr\\u00e4zision | Zaluti\",\"description\":\"Neutral: eine duftfreie Formel, die unerw\\u00fcnschte Ger\\u00fcche eliminiert, ohne Parfum zu hinterlassen. Ideal f\\u00fcr Krankenh\\u00e4user \\u2013 rein, diskret und professionell.\",\"url\":\"https:\\\/\\\/zaluti.com\\\/de\\\/duefte\\\/neutral\\\/\",\"mainEntity\":[{\"@type\":\"Question\",\"name\":\"Warum ist Neutral f\\u00fcr Krankenh\\u00e4user geeignet?\",\"acceptedAnswer\":{\"@type\":\"Answer\",\"text\":\"Neutral entfernt unerw\\u00fcnschte Ger\\u00fcche ohne Parfum oder \\u00dcberdeckung. So bleibt die Luft frisch und neutral, was Ruhe und Vertrauen bei Patienten und Mitarbeitern f\\u00f6rdert.\"}},{\"@type\":\"Question\",\"name\":\"Ist Neutral f\\u00fcr den t\\u00e4glichen Gebrauch sicher?\",\"acceptedAnswer\":{\"@type\":\"Answer\",\"text\":\"Ja, die Formel ist IFRA-zertifiziert, vollst\\u00e4ndig veganfreundlich und frei von Allergenen. Neutral wurde f\\u00fcr den professionellen Einsatz in Duftmaschinen entwickelt.\"}},{\"@type\":\"Question\",\"name\":\"Wie funktioniert die geruchslose Neutralisation von Neutral?\",\"acceptedAnswer\":{\"@type\":\"Answer\",\"text\":\"Neutral verwendet die VernovaPure\\u00ae-Technologie, die Geruchsmolek\\u00fcle abbaut, anstatt sie zu maskieren. Das Ergebnis ist dauerhaft saubere, geruchsfreie Luft.\"}},{\"@type\":\"Question\",\"name\":\"Kann Neutral mit anderen D\\u00fcften kombiniert werden?\",\"acceptedAnswer\":{\"@type\":\"Answer\",\"text\":\"Ja, Neutral kann als neutrale Basis zwischen Duftwechseln oder in Umgebungen eingesetzt werden, in denen Parfum vor\\u00fcbergehend unerw\\u00fcnscht ist.\"}},{\"@type\":\"Question\",\"name\":\"Welche Duftmaschine ist f\\u00fcr Krankenh\\u00e4user geeignet?\",\"acceptedAnswer\":{\"@type\":\"Answer\",\"text\":\"F\\u00fcr Pflege- und Gesundheitsumgebungen eignen sich leise, pr\\u00e4zise Systeme wie die Zaluti ModulAir. Sie verteilen Neutral konstant und unauff\\u00e4llig \\u2013 ohne Luftstrom oder Ger\\u00e4usche.\"}}],\"inLanguage\":\"de\",\"breadcrumb\":{\"@id\":\"https:\\\/\\\/zaluti.com\\\/de\\\/duefte\\\/neutral\\\/#breadcrumblist\"}},{\"@type\":\"ItemPage\",\"@id\":\"https:\\\/\\\/zaluti.com\\\/de\\\/duefte\\\/neutral\\\/#itempage\",\"url\":\"https:\\\/\\\/zaluti.com\\\/de\\\/duefte\\\/neutral\\\/\",\"name\":\"Neutral \\u2013 Geruchsneutralisation mit Ruhe und Pr\\u00e4zision | Zaluti\",\"description\":\"Neutral: eine duftfreie Formel, die unerw\\u00fcnschte Ger\\u00fcche eliminiert, ohne Parfum zu hinterlassen. Ideal f\\u00fcr Krankenh\\u00e4user \\u2013 rein, diskret und professionell.\",\"inLanguage\":\"de-DE\",\"isPartOf\":{\"@id\":\"https:\\\/\\\/zaluti.com\\\/de\\\/#website\"},\"breadcrumb\":{\"@id\":\"https:\\\/\\\/zaluti.com\\\/de\\\/duefte\\\/neutral\\\/#breadcrumblist\"},\"image\":{\"@type\":\"ImageObject\",\"url\":\"https:\\\/\\\/zaluti.com\\\/de\\\/wp-content\\\/uploads\\\/2024\\\/12\\\/Neutralheader-scaled-scaled.webp\",\"@id\":\"https:\\\/\\\/zaluti.com\\\/de\\\/duefte\\\/neutral\\\/#mainImage\",\"width\":2560,\"height\":1280},\"primaryImageOfPage\":{\"@id\":\"https:\\\/\\\/zaluti.com\\\/de\\\/duefte\\\/neutral\\\/#mainImage\"},\"datePublished\":\"2024-12-16T12:28:19+02:00\",\"dateModified\":\"2025-12-16T17:18:01+02:00\"},{\"@type\":\"Organization\",\"@id\":\"https:\\\/\\\/zaluti.com\\\/de\\\/#organization\",\"name\":\"Zaluti\",\"description\":\"Zaluti ist Ihr Experte f\\u00fcr Duftmarketing und Raumbeduftung mit hochwertigen Duftmaschinen \\u201emade in Holland\\u201c. Herstellergarantie 7 Jahre.\",\"url\":\"https:\\\/\\\/zaluti.com\\\/de\\\/\",\"email\":\"welcome@zaluti.com\",\"telephone\":\"+31762055239\",\"foundingDate\":\"2015-01-01\",\"logo\":{\"@type\":\"ImageObject\",\"url\":\"https:\\\/\\\/zaluti.com\\\/de\\\/wp-content\\\/uploads\\\/2023\\\/09\\\/zalutilogo.png\",\"@id\":\"https:\\\/\\\/zaluti.com\\\/de\\\/duefte\\\/neutral\\\/#organizationLogo\",\"width\":46,\"height\":83,\"caption\":\"Zalutilogo\"},\"image\":{\"@id\":\"https:\\\/\\\/zaluti.com\\\/de\\\/duefte\\\/neutral\\\/#organizationLogo\"},\"sameAs\":[\"https:\\\/\\\/www.facebook.com\\\/people\\\/Zalutide\\\/61552806365452\\\/\",\"https:\\\/\\\/x.com\\\/Zaluti_de\",\"https:\\\/\\\/www.instagram.com\\\/zaluti_de\\\/\",\"https:\\\/\\\/nl.pinterest.com\\\/Zaluti_de\\\/\",\"https:\\\/\\\/www.youtube.com\\\/@AllSensService\",\"https:\\\/\\\/www.linkedin.com\\\/showcase\\\/zaluti-germany\\\/\"],\"address\":{\"@id\":\"https:\\\/\\\/zaluti.com\\\/de\\\/#postaladdress\",\"@type\":\"PostalAddress\",\"streetAddress\":\"Kapittelweg 12,\",\"postalCode\":\"4827 HG\",\"addressLocality\":\"Breda\",\"addressCountry\":\"NL\"}},{\"@type\":\"WebSite\",\"@id\":\"https:\\\/\\\/zaluti.com\\\/de\\\/#website\",\"url\":\"https:\\\/\\\/zaluti.com\\\/de\\\/\",\"name\":\"Zaluti B.V.\",\"description\":\"Professionals in scent marketing\",\"inLanguage\":\"de-DE\",\"publisher\":{\"@id\":\"https:\\\/\\\/zaluti.com\\\/de\\\/#organization\"}}]}\n\t\t<\/script>\n\t\t<!-- All in One SEO Pro -->\r\n\t\t<title>Neutral \u2013 Geruchsneutralisation mit Ruhe und Pr\u00e4zision | Zaluti<\/title>\n\n","aioseo_head_json":{"title":"Neutral \u2013 Geruchsneutralisation mit Ruhe und Pr\u00e4zision | Zaluti","description":"Neutral: eine duftfreie Formel, die unerw\u00fcnschte Ger\u00fcche eliminiert, ohne Parfum zu hinterlassen. Ideal f\u00fcr Krankenh\u00e4user \u2013 rein, diskret und professionell.","canonical_url":"https:\/\/zaluti.com\/de\/duefte\/neutral\/","robots":"max-image-preview:large","keywords":"","webmasterTools":{"miscellaneous":""},"schema":{"@context":"https:\/\/schema.org","@graph":[{"@type":"BreadcrumbList","@id":"https:\/\/zaluti.com\/de\/duefte\/neutral\/#breadcrumblist","itemListElement":[{"@type":"ListItem","@id":"https:\/\/zaluti.com\/de\/duefte\/alle-duefte\/#listItem","position":1,"name":"Geuren","item":"https:\/\/zaluti.com\/de\/duefte\/alle-duefte\/","nextItem":{"@type":"ListItem","@id":"https:\/\/zaluti.com\/de\/product-categorie\/floral\/#listItem","name":"Floral"}},{"@type":"ListItem","@id":"https:\/\/zaluti.com\/de\/product-categorie\/floral\/#listItem","position":2,"name":"Floral","item":"https:\/\/zaluti.com\/de\/product-categorie\/floral\/","nextItem":{"@type":"ListItem","@id":"https:\/\/zaluti.com\/de\/duefte\/neutral\/#listItem","name":"Neutral"},"previousItem":{"@type":"ListItem","@id":"https:\/\/zaluti.com\/de\/duefte\/alle-duefte\/#listItem","name":"Geuren"}},{"@type":"ListItem","@id":"https:\/\/zaluti.com\/de\/duefte\/neutral\/#listItem","position":3,"name":"Neutral","previousItem":{"@type":"ListItem","@id":"https:\/\/zaluti.com\/de\/product-categorie\/floral\/#listItem","name":"Floral"}}]},{"@type":"FAQPage","@id":"https:\/\/zaluti.com\/de\/duefte\/neutral\/#aioseo-faq-page-mi7m1twn","name":"Neutral \u2013 Geruchsneutralisation mit Ruhe und Pr\u00e4zision | Zaluti","description":"Neutral: eine duftfreie Formel, die unerw\u00fcnschte Ger\u00fcche eliminiert, ohne Parfum zu hinterlassen. Ideal f\u00fcr Krankenh\u00e4user \u2013 rein, diskret und professionell.","url":"https:\/\/zaluti.com\/de\/duefte\/neutral\/","mainEntity":[{"@type":"Question","name":"Warum ist Neutral f\u00fcr Krankenh\u00e4user geeignet?","acceptedAnswer":{"@type":"Answer","text":"Neutral entfernt unerw\u00fcnschte Ger\u00fcche ohne Parfum oder \u00dcberdeckung. So bleibt die Luft frisch und neutral, was Ruhe und Vertrauen bei Patienten und Mitarbeitern f\u00f6rdert."}},{"@type":"Question","name":"Ist Neutral f\u00fcr den t\u00e4glichen Gebrauch sicher?","acceptedAnswer":{"@type":"Answer","text":"Ja, die Formel ist IFRA-zertifiziert, vollst\u00e4ndig veganfreundlich und frei von Allergenen. Neutral wurde f\u00fcr den professionellen Einsatz in Duftmaschinen entwickelt."}},{"@type":"Question","name":"Wie funktioniert die geruchslose Neutralisation von Neutral?","acceptedAnswer":{"@type":"Answer","text":"Neutral verwendet die VernovaPure\u00ae-Technologie, die Geruchsmolek\u00fcle abbaut, anstatt sie zu maskieren. Das Ergebnis ist dauerhaft saubere, geruchsfreie Luft."}},{"@type":"Question","name":"Kann Neutral mit anderen D\u00fcften kombiniert werden?","acceptedAnswer":{"@type":"Answer","text":"Ja, Neutral kann als neutrale Basis zwischen Duftwechseln oder in Umgebungen eingesetzt werden, in denen Parfum vor\u00fcbergehend unerw\u00fcnscht ist."}},{"@type":"Question","name":"Welche Duftmaschine ist f\u00fcr Krankenh\u00e4user geeignet?","acceptedAnswer":{"@type":"Answer","text":"F\u00fcr Pflege- und Gesundheitsumgebungen eignen sich leise, pr\u00e4zise Systeme wie die Zaluti ModulAir. Sie verteilen Neutral konstant und unauff\u00e4llig \u2013 ohne Luftstrom oder Ger\u00e4usche."}},{"@type":"Question","name":"Warum ist Neutral f\u00fcr Krankenh\u00e4user geeignet?","acceptedAnswer":{"@type":"Answer","text":"Neutral entfernt unerw\u00fcnschte Ger\u00fcche ohne Parfum oder \u00dcberdeckung. So bleibt die Luft frisch und neutral, was Ruhe und Vertrauen bei Patienten und Mitarbeitern f\u00f6rdert."}},{"@type":"Question","name":"Ist Neutral f\u00fcr den t\u00e4glichen Gebrauch sicher?","acceptedAnswer":{"@type":"Answer","text":"Ja, die Formel ist IFRA-zertifiziert, vollst\u00e4ndig veganfreundlich und frei von Allergenen. Neutral wurde f\u00fcr den professionellen Einsatz in Duftmaschinen entwickelt."}},{"@type":"Question","name":"Wie funktioniert die geruchslose Neutralisation von Neutral?","acceptedAnswer":{"@type":"Answer","text":"Neutral verwendet die VernovaPure\u00ae-Technologie, die Geruchsmolek\u00fcle abbaut, anstatt sie zu maskieren. Das Ergebnis ist dauerhaft saubere, geruchsfreie Luft."}},{"@type":"Question","name":"Kann Neutral mit anderen D\u00fcften kombiniert werden?","acceptedAnswer":{"@type":"Answer","text":"Ja, Neutral kann als neutrale Basis zwischen Duftwechseln oder in Umgebungen eingesetzt werden, in denen Parfum vor\u00fcbergehend unerw\u00fcnscht ist."}},{"@type":"Question","name":"Welche Duftmaschine ist f\u00fcr Krankenh\u00e4user geeignet?","acceptedAnswer":{"@type":"Answer","text":"F\u00fcr Pflege- und Gesundheitsumgebungen eignen sich leise, pr\u00e4zise Systeme wie die Zaluti ModulAir. Sie verteilen Neutral konstant und unauff\u00e4llig \u2013 ohne Luftstrom oder Ger\u00e4usche."}}],"inLanguage":"de","breadcrumb":{"@id":"https:\/\/zaluti.com\/de\/duefte\/neutral\/#breadcrumblist"}},{"@type":"ItemPage","@id":"https:\/\/zaluti.com\/de\/duefte\/neutral\/#itempage","url":"https:\/\/zaluti.com\/de\/duefte\/neutral\/","name":"Neutral \u2013 Geruchsneutralisation mit Ruhe und Pr\u00e4zision | Zaluti","description":"Neutral: eine duftfreie Formel, die unerw\u00fcnschte Ger\u00fcche eliminiert, ohne Parfum zu hinterlassen. Ideal f\u00fcr Krankenh\u00e4user \u2013 rein, diskret und professionell.","inLanguage":"de-DE","isPartOf":{"@id":"https:\/\/zaluti.com\/de\/#website"},"breadcrumb":{"@id":"https:\/\/zaluti.com\/de\/duefte\/neutral\/#breadcrumblist"},"image":{"@type":"ImageObject","url":"https:\/\/zaluti.com\/de\/wp-content\/uploads\/2024\/12\/Neutralheader-scaled-scaled.webp","@id":"https:\/\/zaluti.com\/de\/duefte\/neutral\/#mainImage","width":2560,"height":1280},"primaryImageOfPage":{"@id":"https:\/\/zaluti.com\/de\/duefte\/neutral\/#mainImage"},"datePublished":"2024-12-16T12:28:19+02:00","dateModified":"2025-12-16T17:18:01+02:00"},{"@type":"Organization","@id":"https:\/\/zaluti.com\/de\/#organization","name":"Zaluti","description":"Zaluti ist Ihr Experte f\u00fcr Duftmarketing und Raumbeduftung mit hochwertigen Duftmaschinen \u201emade in Holland\u201c. Herstellergarantie 7 Jahre.","url":"https:\/\/zaluti.com\/de\/","email":"welcome@zaluti.com","telephone":"+31762055239","foundingDate":"2015-01-01","logo":{"@type":"ImageObject","url":"https:\/\/zaluti.com\/de\/wp-content\/uploads\/2023\/09\/zalutilogo.png","@id":"https:\/\/zaluti.com\/de\/duefte\/neutral\/#organizationLogo","width":46,"height":83,"caption":"Zalutilogo"},"image":{"@id":"https:\/\/zaluti.com\/de\/duefte\/neutral\/#organizationLogo"},"sameAs":["https:\/\/www.facebook.com\/people\/Zalutide\/61552806365452\/","https:\/\/x.com\/Zaluti_de","https:\/\/www.instagram.com\/zaluti_de\/","https:\/\/nl.pinterest.com\/Zaluti_de\/","https:\/\/www.youtube.com\/@AllSensService","https:\/\/www.linkedin.com\/showcase\/zaluti-germany\/"],"address":{"@id":"https:\/\/zaluti.com\/de\/#postaladdress","@type":"PostalAddress","streetAddress":"Kapittelweg 12,","postalCode":"4827 HG","addressLocality":"Breda","addressCountry":"NL"}},{"@type":"WebSite","@id":"https:\/\/zaluti.com\/de\/#website","url":"https:\/\/zaluti.com\/de\/","name":"Zaluti B.V.","description":"Professionals in scent marketing","inLanguage":"de-DE","publisher":{"@id":"https:\/\/zaluti.com\/de\/#organization"}}]},"og:locale":"de_DE","og:site_name":"Zaluti B.V. | Professionals in scent marketing","og:type":"article","og:title":"Neutral \u2013 Geruchsneutralisation mit Ruhe und Pr\u00e4zision | Zaluti","og:description":"Neutral: eine duftfreie Formel, die unerw\u00fcnschte Ger\u00fcche eliminiert, ohne Parfum zu hinterlassen. Ideal f\u00fcr Krankenh\u00e4user \u2013 rein, diskret und professionell.","og:url":"https:\/\/zaluti.com\/de\/duefte\/neutral\/","article:published_time":"2024-12-16T10:28:19+00:00","article:modified_time":"2025-12-16T15:18:01+00:00","article:publisher":"https:\/\/www.facebook.com\/people\/Zalutide\/61552806365452\/","twitter:card":"summary_large_image","twitter:site":"@Zaluti_de","twitter:title":"Neutral \u2013 Geruchsneutralisation mit Ruhe und Pr\u00e4zision | Zaluti","twitter:description":"Neutral: eine duftfreie Formel, die unerw\u00fcnschte Ger\u00fcche eliminiert, ohne Parfum zu hinterlassen. Ideal f\u00fcr Krankenh\u00e4user \u2013 rein, diskret und professionell."},"aioseo_meta_data":{"post_id":"279424","title":"Neutral \u2013 Geruchsneutralisation mit Ruhe und Pr\u00e4zision | Zaluti","description":"Neutral: eine duftfreie Formel, die unerw\u00fcnschte Ger\u00fcche eliminiert, ohne Parfum zu hinterlassen. Ideal f\u00fcr Krankenh\u00e4user \u2013 rein, diskret und professionell.","keywords":null,"keyphrases":{"focus":{"keyphrase":"Neutral","score":70,"analysis":{"keyphraseInTitle":{"score":9,"maxScore":9,"error":0},"keyphraseInDescription":{"score":9,"maxScore":9,"error":0},"keyphraseLength":{"score":9,"maxScore":9,"error":0,"length":1},"keyphraseInURL":{"score":5,"maxScore":5,"error":0},"keyphraseInIntroduction":{"score":3,"maxScore":9,"error":1},"keyphraseInSubHeadings":[],"keyphraseInImageAlt":[],"keywordDensity":{"type":"high","score":0,"maxScore":9,"error":1}}},"additional":[]},"primary_term":null,"canonical_url":null,"og_title":null,"og_description":null,"og_object_type":"default","og_image_type":"default","og_image_url":null,"og_image_width":null,"og_image_height":null,"og_image_custom_url":null,"og_image_custom_fields":null,"og_video":"","og_custom_url":null,"og_article_section":null,"og_article_tags":null,"twitter_use_og":false,"twitter_card":"default","twitter_image_type":"default","twitter_image_url":null,"twitter_image_custom_url":null,"twitter_image_custom_fields":null,"twitter_title":null,"twitter_description":null,"schema":{"blockGraphs":[],"customGraphs":[],"default":{"data":{"Article":[],"Course":[],"Dataset":[],"FAQPage":[],"Movie":[],"Person":[],"Product":[],"ProductReview":[],"Car":[],"Recipe":[],"Service":[],"SoftwareApplication":[],"WebPage":[]},"graphName":"ItemPage","isEnabled":true},"graphs":[{"id":"#aioseo-faq-page-mi7m1twn","slug":"faq-page","graphName":"FAQPage","label":"FAQ","properties":{"name":"Neutral \u2013 Geruchsneutralisation mit Ruhe und Pr\u00e4zision | Zaluti","description":"Neutral: eine duftfreie Formel, die unerw\u00fcnschte Ger\u00fcche eliminiert, ohne Parfum zu hinterlassen. Ideal f\u00fcr Krankenh\u00e4user \u2013 rein, diskret und professionell.","questions":[{"question":"Warum ist Neutral f\u00fcr Krankenh\u00e4user geeignet?","answer":"Neutral entfernt unerw\u00fcnschte Ger\u00fcche ohne Parfum oder \u00dcberdeckung. So bleibt die Luft frisch und neutral, was Ruhe und Vertrauen bei Patienten und Mitarbeitern f\u00f6rdert."},{"question":"Ist Neutral f\u00fcr den t\u00e4glichen Gebrauch sicher?","answer":"Ja, die Formel ist IFRA-zertifiziert, vollst\u00e4ndig veganfreundlich und frei von Allergenen. Neutral wurde f\u00fcr den professionellen Einsatz in Duftmaschinen entwickelt."},{"question":"Wie funktioniert die geruchslose Neutralisation von Neutral?","answer":"Neutral verwendet die VernovaPure\u00ae-Technologie, die Geruchsmolek\u00fcle abbaut, anstatt sie zu maskieren. Das Ergebnis ist dauerhaft saubere, geruchsfreie Luft."},{"question":"Kann Neutral mit anderen D\u00fcften kombiniert werden?","answer":"Ja, Neutral kann als neutrale Basis zwischen Duftwechseln oder in Umgebungen eingesetzt werden, in denen Parfum vor\u00fcbergehend unerw\u00fcnscht ist."},{"question":"Welche Duftmaschine ist f\u00fcr Krankenh\u00e4user geeignet?","answer":"F\u00fcr Pflege- und Gesundheitsumgebungen eignen sich leise, pr\u00e4zise Systeme wie die Zaluti ModulAir. Sie verteilen Neutral konstant und unauff\u00e4llig \u2013 ohne Luftstrom oder Ger\u00e4usche."}]},"value":"faq-page"}]},"schema_type":"default","schema_type_options":null,"pillar_content":false,"robots_default":true,"robots_noindex":false,"robots_noarchive":false,"robots_nosnippet":false,"robots_nofollow":false,"robots_noimageindex":false,"robots_noodp":false,"robots_notranslate":false,"robots_max_snippet":"-1","robots_max_videopreview":"-1","robots_max_imagepreview":"large","priority":null,"frequency":"default","local_seo":null,"seo_analyzer_scan_date":"2025-12-16 15:30:12","breadcrumb_settings":null,"limit_modified_date":false,"reviewed_by":"0","open_ai":"{\"title\":{\"suggestions\":[],\"usage\":0},\"description\":{\"suggestions\":[],\"usage\":0}}","ai":{"faqs":[],"keyPoints":[],"titles":[],"descriptions":[],"socialPosts":{"email":[],"linkedin":[],"twitter":[],"facebook":[],"instagram":[]}},"created":"2024-12-16 10:28:19","updated":"2026-05-15 08:03:26"},"_links":{"self":[{"href":"https:\/\/zaluti.com\/de\/wp-json\/wp\/v2\/product\/279424","targetHints":{"allow":["GET"]}}],"collection":[{"href":"https:\/\/zaluti.com\/de\/wp-json\/wp\/v2\/product"}],"about":[{"href":"https:\/\/zaluti.com\/de\/wp-json\/wp\/v2\/types\/product"}],"replies":[{"embeddable":true,"href":"https:\/\/zaluti.com\/de\/wp-json\/wp\/v2\/comments?post=279424"}],"wp:featuredmedia":[{"embeddable":true,"href":"https:\/\/zaluti.com\/de\/wp-json\/wp\/v2\/media\/279425"}],"wp:attachment":[{"href":"https:\/\/zaluti.com\/de\/wp-json\/wp\/v2\/media?parent=279424"}],"wp:term":[{"taxonomy":"product_brand","embeddable":true,"href":"https:\/\/zaluti.com\/de\/wp-json\/wp\/v2\/product_brand?post=279424"},{"taxonomy":"product_cat","embeddable":true,"href":"https:\/\/zaluti.com\/de\/wp-json\/wp\/v2\/product_cat?post=279424"},{"taxonomy":"product_tag","embeddable":true,"href":"https:\/\/zaluti.com\/de\/wp-json\/wp\/v2\/product_tag?post=279424"}],"curies":[{"name":"wp","href":"https:\/\/api.w.org\/{rel}","templated":true}]}}