{"id":278894,"date":"2024-10-08T14:33:32","date_gmt":"2024-10-08T12:33:32","guid":{"rendered":"https:\/\/zaluti.com\/de\/?post_type=product&#038;p=278894"},"modified":"2025-12-16T13:24:59","modified_gmt":"2025-12-16T11:24:59","slug":"blue-ocean-duft-zaluti","status":"publish","type":"product","link":"https:\/\/zaluti.com\/de\/duefte\/blue-ocean\/","title":{"rendered":"Blue Ocean"},"content":{"rendered":"<p>Ein Aqua-Duft, der an Reinheit erinnert, mit leichten und luftigen Aspekten, einer frischen Zitrus-Kopfnote, einem k\u00fchlen und zarten blumigen Herz und einer leicht holzigen Basis.<\/p>\n","protected":false},"excerpt":{"rendered":"<p>Ein Aqua-Duft, der an Reinheit erinnert, mit leichten und luftigen Aspekten, einer frischen Zitrus-Kopfnote, einem k\u00fchlen und zarten blumigen Herz und einer leicht holzigen Basis.<\/p>\n","protected":false},"featured_media":278895,"comment_status":"open","ping_status":"closed","template":"","meta":{"_acf_changed":false,"_et_pb_use_builder":"","_et_pb_old_content":"","_et_gb_content_width":"","inline_featured_image":false},"product_brand":[],"product_cat":[21,26,114],"product_tag":[],"class_list":{"0":"post-278894","1":"product","2":"type-product","3":"status-publish","4":"has-post-thumbnail","6":"product_cat-acquatic","7":"product_cat-fresh","8":"product_cat-neutralisierend","10":"first","11":"instock","12":"shipping-taxable","13":"product-type-simple"},"acf":[],"aioseo_notices":[],"aioseo_head":"\n\t\t<!-- All in One SEO Pro 4.9.5.2 - aioseo.com -->\n\t<meta name=\"description\" content=\"Blue Ocean neutralisiert unerw\u00fcnschte Ger\u00fcche mit frischen Meeresnoten und Moschus. Ideal f\u00fcr Krankenh\u00e4user und Pflegeeinrichtungen, wo Hygiene und Ruhe zentral sind.\" \/>\n\t<meta name=\"robots\" content=\"max-image-preview:large\" \/>\n\t<link rel=\"canonical\" href=\"https:\/\/zaluti.com\/de\/duefte\/blue-ocean\/\" \/>\n\t<meta name=\"generator\" content=\"All in One SEO Pro (AIOSEO) 4.9.5.2\" \/>\n\t\t<meta property=\"og:locale\" content=\"de_DE\" \/>\n\t\t<meta property=\"og:site_name\" content=\"Zaluti B.V. | Professionals in scent marketing\" \/>\n\t\t<meta property=\"og:type\" content=\"article\" \/>\n\t\t<meta property=\"og:title\" content=\"Blue Ocean \u2013 Geruchsneutralisation mit erfrischender Klarheit | Zaluti\" \/>\n\t\t<meta property=\"og:description\" content=\"Blue Ocean neutralisiert unerw\u00fcnschte Ger\u00fcche mit frischen Meeresnoten und Moschus. Ideal f\u00fcr Krankenh\u00e4user und Pflegeeinrichtungen, wo Hygiene und Ruhe zentral sind.\" \/>\n\t\t<meta property=\"og:url\" content=\"https:\/\/zaluti.com\/de\/duefte\/blue-ocean\/\" \/>\n\t\t<meta property=\"article:published_time\" content=\"2024-10-08T12:33:32+00:00\" \/>\n\t\t<meta property=\"article:modified_time\" content=\"2025-12-16T11:24:59+00:00\" \/>\n\t\t<meta property=\"article:publisher\" content=\"https:\/\/www.facebook.com\/people\/Zalutide\/61552806365452\/\" \/>\n\t\t<meta name=\"twitter:card\" content=\"summary_large_image\" \/>\n\t\t<meta name=\"twitter:site\" content=\"@Zaluti_de\" \/>\n\t\t<meta name=\"twitter:title\" content=\"Blue Ocean \u2013 Geruchsneutralisation mit erfrischender Klarheit | Zaluti\" \/>\n\t\t<meta name=\"twitter:description\" content=\"Blue Ocean neutralisiert unerw\u00fcnschte Ger\u00fcche mit frischen Meeresnoten und Moschus. Ideal f\u00fcr Krankenh\u00e4user und Pflegeeinrichtungen, wo Hygiene und Ruhe zentral sind.\" \/>\n\t\t<script type=\"application\/ld+json\" class=\"aioseo-schema\">\n\t\t\t{\"@context\":\"https:\\\/\\\/schema.org\",\"@graph\":[{\"@type\":\"BreadcrumbList\",\"@id\":\"https:\\\/\\\/zaluti.com\\\/de\\\/duefte\\\/blue-ocean\\\/#breadcrumblist\",\"itemListElement\":[{\"@type\":\"ListItem\",\"@id\":\"https:\\\/\\\/zaluti.com\\\/de\\\/duefte\\\/alle-duefte\\\/#listItem\",\"position\":1,\"name\":\"Geuren\",\"item\":\"https:\\\/\\\/zaluti.com\\\/de\\\/duefte\\\/alle-duefte\\\/\",\"nextItem\":{\"@type\":\"ListItem\",\"@id\":\"https:\\\/\\\/zaluti.com\\\/de\\\/product-categorie\\\/acquatic\\\/#listItem\",\"name\":\"Acquatic\"}},{\"@type\":\"ListItem\",\"@id\":\"https:\\\/\\\/zaluti.com\\\/de\\\/product-categorie\\\/acquatic\\\/#listItem\",\"position\":2,\"name\":\"Acquatic\",\"item\":\"https:\\\/\\\/zaluti.com\\\/de\\\/product-categorie\\\/acquatic\\\/\",\"nextItem\":{\"@type\":\"ListItem\",\"@id\":\"https:\\\/\\\/zaluti.com\\\/de\\\/duefte\\\/blue-ocean\\\/#listItem\",\"name\":\"Blue Ocean\"},\"previousItem\":{\"@type\":\"ListItem\",\"@id\":\"https:\\\/\\\/zaluti.com\\\/de\\\/duefte\\\/alle-duefte\\\/#listItem\",\"name\":\"Geuren\"}},{\"@type\":\"ListItem\",\"@id\":\"https:\\\/\\\/zaluti.com\\\/de\\\/duefte\\\/blue-ocean\\\/#listItem\",\"position\":3,\"name\":\"Blue Ocean\",\"previousItem\":{\"@type\":\"ListItem\",\"@id\":\"https:\\\/\\\/zaluti.com\\\/de\\\/product-categorie\\\/acquatic\\\/#listItem\",\"name\":\"Acquatic\"}}]},{\"@type\":\"FAQPage\",\"@id\":\"https:\\\/\\\/zaluti.com\\\/de\\\/duefte\\\/blue-ocean\\\/#aioseo-faq-page-mhxk6pjt\",\"name\":\"Blue Ocean \\u2013 Geruchsneutralisation mit erfrischender Klarheit | Zaluti\",\"description\":\"Blue Ocean neutralisiert unerw\\u00fcnschte Ger\\u00fcche mit frischen Meeresnoten und Moschus. Ideal f\\u00fcr Krankenh\\u00e4user und Pflegeeinrichtungen, wo Hygiene und Ruhe zentral sind.\",\"url\":\"https:\\\/\\\/zaluti.com\\\/de\\\/duefte\\\/blue-ocean\\\/\",\"mainEntity\":[{\"@type\":\"Question\",\"name\":\"Was macht Blue Ocean geeignet f\\u00fcr Krankenh\\u00e4user?\",\"acceptedAnswer\":{\"@type\":\"Answer\",\"text\":\"Blue Ocean ist ideal f\\u00fcr Krankenh\\u00e4user, da die frischen, maritimen Noten unerw\\u00fcnschte Ger\\u00fcche neutralisieren und die Raumluft rein wirken lassen. Der Duft f\\u00f6rdert ein Gef\\u00fchl von Vertrauen und Komfort, wodurch Patienten Ruhe finden und Besucher sich willkommen f\\u00fchlen.\"}},{\"@type\":\"Question\",\"name\":\"Ist Blue Ocean sicher f\\u00fcr Gesundheitsumgebungen?\",\"acceptedAnswer\":{\"@type\":\"Answer\",\"text\":\"Ja, Blue Ocean entspricht vollst\\u00e4ndig den IFRA-Richtlinien und ist vegan. Die D\\u00fcfte werden mit Respekt f\\u00fcr Mensch und Umwelt entwickelt und unterliegen strengen Qualit\\u00e4tstests. Weitere Informationen findest du auf unserer Seite \\u201eSicherheit &amp; Qualit\\u00e4t\\u201c.\"}},{\"@type\":\"Question\",\"name\":\"Wie lange bleibt der Duft in gro\\u00dfen R\\u00e4umen wahrnehmbar?\",\"acceptedAnswer\":{\"@type\":\"Answer\",\"text\":\"Der Duft bleibt sp\\u00fcrbar, solange der Diffusor aktiv ist. Professionelle Kaltnebeltechnologie sorgt f\\u00fcr eine gleichm\\u00e4\\u00dfige Verteilung, selbst in gro\\u00dfen, offenen R\\u00e4umen. So bleibt Blue Ocean stets dezent pr\\u00e4sent, ohne die Luft zu s\\u00e4ttigen.\"}},{\"@type\":\"Question\",\"name\":\"Kann Blue Ocean mit anderen D\\u00fcften kombiniert werden?\",\"acceptedAnswer\":{\"@type\":\"Answer\",\"text\":\"Ja, Blue Ocean l\\u00e4sst sich gut mit Zitrus- oder Blumend\\u00fcften kombinieren, um zus\\u00e4tzliche Frische zu erzeugen. Die neutrale Basis sorgt f\\u00fcr eine harmonische Mischung, die sich besonders f\\u00fcr Einrichtungen eignet, in denen Geruchsneutralisation im Mittelpunkt steht.\"}},{\"@type\":\"Question\",\"name\":\"Welche Duftmaschine passt am besten zu Blue Ocean?\",\"acceptedAnswer\":{\"@type\":\"Answer\",\"text\":\"F\\u00fcr Krankenh\\u00e4user empfehlen wir HVAC-Systeme wie die Zaluti ModulAir XL. Diese Duftmaschinen bieten Pr\\u00e4zision in gro\\u00dfen R\\u00e4umen und verbreiten Blue Ocean gleichm\\u00e4\\u00dfig f\\u00fcr eine frische, konstante Luftqualit\\u00e4t.\"}}],\"inLanguage\":\"de\",\"breadcrumb\":{\"@id\":\"https:\\\/\\\/zaluti.com\\\/de\\\/duefte\\\/blue-ocean\\\/#breadcrumblist\"}},{\"@type\":\"ItemPage\",\"@id\":\"https:\\\/\\\/zaluti.com\\\/de\\\/duefte\\\/blue-ocean\\\/#itempage\",\"url\":\"https:\\\/\\\/zaluti.com\\\/de\\\/duefte\\\/blue-ocean\\\/\",\"name\":\"Blue Ocean \\u2013 Geruchsneutralisation mit erfrischender Klarheit | Zaluti\",\"description\":\"Blue Ocean neutralisiert unerw\\u00fcnschte Ger\\u00fcche mit frischen Meeresnoten und Moschus. Ideal f\\u00fcr Krankenh\\u00e4user und Pflegeeinrichtungen, wo Hygiene und Ruhe zentral sind.\",\"inLanguage\":\"de-DE\",\"isPartOf\":{\"@id\":\"https:\\\/\\\/zaluti.com\\\/de\\\/#website\"},\"breadcrumb\":{\"@id\":\"https:\\\/\\\/zaluti.com\\\/de\\\/duefte\\\/blue-ocean\\\/#breadcrumblist\"},\"image\":{\"@type\":\"ImageObject\",\"url\":\"https:\\\/\\\/zaluti.com\\\/de\\\/wp-content\\\/uploads\\\/2024\\\/10\\\/Blueoceanheader-scaled.webp\",\"@id\":\"https:\\\/\\\/zaluti.com\\\/de\\\/duefte\\\/blue-ocean\\\/#mainImage\",\"width\":2560,\"height\":1440},\"primaryImageOfPage\":{\"@id\":\"https:\\\/\\\/zaluti.com\\\/de\\\/duefte\\\/blue-ocean\\\/#mainImage\"},\"datePublished\":\"2024-10-08T14:33:32+02:00\",\"dateModified\":\"2025-12-16T13:24:59+02:00\"},{\"@type\":\"Organization\",\"@id\":\"https:\\\/\\\/zaluti.com\\\/de\\\/#organization\",\"name\":\"Zaluti\",\"description\":\"Zaluti ist Ihr Experte f\\u00fcr Duftmarketing und Raumbeduftung mit hochwertigen Duftmaschinen \\u201emade in Holland\\u201c. Herstellergarantie 7 Jahre.\",\"url\":\"https:\\\/\\\/zaluti.com\\\/de\\\/\",\"email\":\"welcome@zaluti.com\",\"telephone\":\"+31762055239\",\"foundingDate\":\"2015-01-01\",\"logo\":{\"@type\":\"ImageObject\",\"url\":\"https:\\\/\\\/zaluti.com\\\/de\\\/wp-content\\\/uploads\\\/2023\\\/09\\\/zalutilogo.png\",\"@id\":\"https:\\\/\\\/zaluti.com\\\/de\\\/duefte\\\/blue-ocean\\\/#organizationLogo\",\"width\":46,\"height\":83,\"caption\":\"Zalutilogo\"},\"image\":{\"@id\":\"https:\\\/\\\/zaluti.com\\\/de\\\/duefte\\\/blue-ocean\\\/#organizationLogo\"},\"sameAs\":[\"https:\\\/\\\/www.facebook.com\\\/people\\\/Zalutide\\\/61552806365452\\\/\",\"https:\\\/\\\/x.com\\\/Zaluti_de\",\"https:\\\/\\\/www.instagram.com\\\/zaluti_de\\\/\",\"https:\\\/\\\/nl.pinterest.com\\\/Zaluti_de\\\/\",\"https:\\\/\\\/www.youtube.com\\\/@AllSensService\",\"https:\\\/\\\/www.linkedin.com\\\/showcase\\\/zaluti-germany\\\/\"],\"address\":{\"@id\":\"https:\\\/\\\/zaluti.com\\\/de\\\/#postaladdress\",\"@type\":\"PostalAddress\",\"streetAddress\":\"Kapittelweg 12,\",\"postalCode\":\"4827 HG\",\"addressLocality\":\"Breda\",\"addressCountry\":\"NL\"}},{\"@type\":\"WebSite\",\"@id\":\"https:\\\/\\\/zaluti.com\\\/de\\\/#website\",\"url\":\"https:\\\/\\\/zaluti.com\\\/de\\\/\",\"name\":\"Zaluti B.V.\",\"description\":\"Professionals in scent marketing\",\"inLanguage\":\"de-DE\",\"publisher\":{\"@id\":\"https:\\\/\\\/zaluti.com\\\/de\\\/#organization\"}}]}\n\t\t<\/script>\n\t\t<!-- All in One SEO Pro -->\r\n\t\t<title>Blue Ocean \u2013 Geruchsneutralisation mit erfrischender Klarheit | Zaluti<\/title>\n\n","aioseo_head_json":{"title":"Blue Ocean \u2013 Geruchsneutralisation mit erfrischender Klarheit | Zaluti","description":"Blue Ocean neutralisiert unerw\u00fcnschte Ger\u00fcche mit frischen Meeresnoten und Moschus. Ideal f\u00fcr Krankenh\u00e4user und Pflegeeinrichtungen, wo Hygiene und Ruhe zentral sind.","canonical_url":"https:\/\/zaluti.com\/de\/duefte\/blue-ocean\/","robots":"max-image-preview:large","keywords":"","webmasterTools":{"miscellaneous":""},"schema":{"@context":"https:\/\/schema.org","@graph":[{"@type":"BreadcrumbList","@id":"https:\/\/zaluti.com\/de\/duefte\/blue-ocean\/#breadcrumblist","itemListElement":[{"@type":"ListItem","@id":"https:\/\/zaluti.com\/de\/duefte\/alle-duefte\/#listItem","position":1,"name":"Geuren","item":"https:\/\/zaluti.com\/de\/duefte\/alle-duefte\/","nextItem":{"@type":"ListItem","@id":"https:\/\/zaluti.com\/de\/product-categorie\/acquatic\/#listItem","name":"Acquatic"}},{"@type":"ListItem","@id":"https:\/\/zaluti.com\/de\/product-categorie\/acquatic\/#listItem","position":2,"name":"Acquatic","item":"https:\/\/zaluti.com\/de\/product-categorie\/acquatic\/","nextItem":{"@type":"ListItem","@id":"https:\/\/zaluti.com\/de\/duefte\/blue-ocean\/#listItem","name":"Blue Ocean"},"previousItem":{"@type":"ListItem","@id":"https:\/\/zaluti.com\/de\/duefte\/alle-duefte\/#listItem","name":"Geuren"}},{"@type":"ListItem","@id":"https:\/\/zaluti.com\/de\/duefte\/blue-ocean\/#listItem","position":3,"name":"Blue Ocean","previousItem":{"@type":"ListItem","@id":"https:\/\/zaluti.com\/de\/product-categorie\/acquatic\/#listItem","name":"Acquatic"}}]},{"@type":"FAQPage","@id":"https:\/\/zaluti.com\/de\/duefte\/blue-ocean\/#aioseo-faq-page-mhxk6pjt","name":"Blue Ocean \u2013 Geruchsneutralisation mit erfrischender Klarheit | Zaluti","description":"Blue Ocean neutralisiert unerw\u00fcnschte Ger\u00fcche mit frischen Meeresnoten und Moschus. Ideal f\u00fcr Krankenh\u00e4user und Pflegeeinrichtungen, wo Hygiene und Ruhe zentral sind.","url":"https:\/\/zaluti.com\/de\/duefte\/blue-ocean\/","mainEntity":[{"@type":"Question","name":"Was macht Blue Ocean geeignet f\u00fcr Krankenh\u00e4user?","acceptedAnswer":{"@type":"Answer","text":"Blue Ocean ist ideal f\u00fcr Krankenh\u00e4user, da die frischen, maritimen Noten unerw\u00fcnschte Ger\u00fcche neutralisieren und die Raumluft rein wirken lassen. Der Duft f\u00f6rdert ein Gef\u00fchl von Vertrauen und Komfort, wodurch Patienten Ruhe finden und Besucher sich willkommen f\u00fchlen."}},{"@type":"Question","name":"Ist Blue Ocean sicher f\u00fcr Gesundheitsumgebungen?","acceptedAnswer":{"@type":"Answer","text":"Ja, Blue Ocean entspricht vollst\u00e4ndig den IFRA-Richtlinien und ist vegan. Die D\u00fcfte werden mit Respekt f\u00fcr Mensch und Umwelt entwickelt und unterliegen strengen Qualit\u00e4tstests. Weitere Informationen findest du auf unserer Seite \u201eSicherheit &amp; Qualit\u00e4t\u201c."}},{"@type":"Question","name":"Wie lange bleibt der Duft in gro\u00dfen R\u00e4umen wahrnehmbar?","acceptedAnswer":{"@type":"Answer","text":"Der Duft bleibt sp\u00fcrbar, solange der Diffusor aktiv ist. Professionelle Kaltnebeltechnologie sorgt f\u00fcr eine gleichm\u00e4\u00dfige Verteilung, selbst in gro\u00dfen, offenen R\u00e4umen. So bleibt Blue Ocean stets dezent pr\u00e4sent, ohne die Luft zu s\u00e4ttigen."}},{"@type":"Question","name":"Kann Blue Ocean mit anderen D\u00fcften kombiniert werden?","acceptedAnswer":{"@type":"Answer","text":"Ja, Blue Ocean l\u00e4sst sich gut mit Zitrus- oder Blumend\u00fcften kombinieren, um zus\u00e4tzliche Frische zu erzeugen. Die neutrale Basis sorgt f\u00fcr eine harmonische Mischung, die sich besonders f\u00fcr Einrichtungen eignet, in denen Geruchsneutralisation im Mittelpunkt steht."}},{"@type":"Question","name":"Welche Duftmaschine passt am besten zu Blue Ocean?","acceptedAnswer":{"@type":"Answer","text":"F\u00fcr Krankenh\u00e4user empfehlen wir HVAC-Systeme wie die Zaluti ModulAir XL. Diese Duftmaschinen bieten Pr\u00e4zision in gro\u00dfen R\u00e4umen und verbreiten Blue Ocean gleichm\u00e4\u00dfig f\u00fcr eine frische, konstante Luftqualit\u00e4t."}},{"@type":"Question","name":"Was macht Blue Ocean geeignet f\u00fcr Krankenh\u00e4user?","acceptedAnswer":{"@type":"Answer","text":"Blue Ocean ist ideal f\u00fcr Krankenh\u00e4user, da die frischen, maritimen Noten unerw\u00fcnschte Ger\u00fcche neutralisieren und die Raumluft rein wirken lassen. Der Duft f\u00f6rdert ein Gef\u00fchl von Vertrauen und Komfort, wodurch Patienten Ruhe finden und Besucher sich willkommen f\u00fchlen."}},{"@type":"Question","name":"Ist Blue Ocean sicher f\u00fcr Gesundheitsumgebungen?","acceptedAnswer":{"@type":"Answer","text":"Ja, Blue Ocean entspricht vollst\u00e4ndig den IFRA-Richtlinien und ist vegan. Die D\u00fcfte werden mit Respekt f\u00fcr Mensch und Umwelt entwickelt und unterliegen strengen Qualit\u00e4tstests. Weitere Informationen findest du auf unserer Seite \u201eSicherheit &amp; Qualit\u00e4t\u201c."}},{"@type":"Question","name":"Wie lange bleibt der Duft in gro\u00dfen R\u00e4umen wahrnehmbar?","acceptedAnswer":{"@type":"Answer","text":"Der Duft bleibt sp\u00fcrbar, solange der Diffusor aktiv ist. Professionelle Kaltnebeltechnologie sorgt f\u00fcr eine gleichm\u00e4\u00dfige Verteilung, selbst in gro\u00dfen, offenen R\u00e4umen. So bleibt Blue Ocean stets dezent pr\u00e4sent, ohne die Luft zu s\u00e4ttigen."}},{"@type":"Question","name":"Kann Blue Ocean mit anderen D\u00fcften kombiniert werden?","acceptedAnswer":{"@type":"Answer","text":"Ja, Blue Ocean l\u00e4sst sich gut mit Zitrus- oder Blumend\u00fcften kombinieren, um zus\u00e4tzliche Frische zu erzeugen. Die neutrale Basis sorgt f\u00fcr eine harmonische Mischung, die sich besonders f\u00fcr Einrichtungen eignet, in denen Geruchsneutralisation im Mittelpunkt steht."}},{"@type":"Question","name":"Welche Duftmaschine passt am besten zu Blue Ocean?","acceptedAnswer":{"@type":"Answer","text":"F\u00fcr Krankenh\u00e4user empfehlen wir HVAC-Systeme wie die Zaluti ModulAir XL. Diese Duftmaschinen bieten Pr\u00e4zision in gro\u00dfen R\u00e4umen und verbreiten Blue Ocean gleichm\u00e4\u00dfig f\u00fcr eine frische, konstante Luftqualit\u00e4t."}}],"inLanguage":"de","breadcrumb":{"@id":"https:\/\/zaluti.com\/de\/duefte\/blue-ocean\/#breadcrumblist"}},{"@type":"ItemPage","@id":"https:\/\/zaluti.com\/de\/duefte\/blue-ocean\/#itempage","url":"https:\/\/zaluti.com\/de\/duefte\/blue-ocean\/","name":"Blue Ocean \u2013 Geruchsneutralisation mit erfrischender Klarheit | Zaluti","description":"Blue Ocean neutralisiert unerw\u00fcnschte Ger\u00fcche mit frischen Meeresnoten und Moschus. Ideal f\u00fcr Krankenh\u00e4user und Pflegeeinrichtungen, wo Hygiene und Ruhe zentral sind.","inLanguage":"de-DE","isPartOf":{"@id":"https:\/\/zaluti.com\/de\/#website"},"breadcrumb":{"@id":"https:\/\/zaluti.com\/de\/duefte\/blue-ocean\/#breadcrumblist"},"image":{"@type":"ImageObject","url":"https:\/\/zaluti.com\/de\/wp-content\/uploads\/2024\/10\/Blueoceanheader-scaled.webp","@id":"https:\/\/zaluti.com\/de\/duefte\/blue-ocean\/#mainImage","width":2560,"height":1440},"primaryImageOfPage":{"@id":"https:\/\/zaluti.com\/de\/duefte\/blue-ocean\/#mainImage"},"datePublished":"2024-10-08T14:33:32+02:00","dateModified":"2025-12-16T13:24:59+02:00"},{"@type":"Organization","@id":"https:\/\/zaluti.com\/de\/#organization","name":"Zaluti","description":"Zaluti ist Ihr Experte f\u00fcr Duftmarketing und Raumbeduftung mit hochwertigen Duftmaschinen \u201emade in Holland\u201c. Herstellergarantie 7 Jahre.","url":"https:\/\/zaluti.com\/de\/","email":"welcome@zaluti.com","telephone":"+31762055239","foundingDate":"2015-01-01","logo":{"@type":"ImageObject","url":"https:\/\/zaluti.com\/de\/wp-content\/uploads\/2023\/09\/zalutilogo.png","@id":"https:\/\/zaluti.com\/de\/duefte\/blue-ocean\/#organizationLogo","width":46,"height":83,"caption":"Zalutilogo"},"image":{"@id":"https:\/\/zaluti.com\/de\/duefte\/blue-ocean\/#organizationLogo"},"sameAs":["https:\/\/www.facebook.com\/people\/Zalutide\/61552806365452\/","https:\/\/x.com\/Zaluti_de","https:\/\/www.instagram.com\/zaluti_de\/","https:\/\/nl.pinterest.com\/Zaluti_de\/","https:\/\/www.youtube.com\/@AllSensService","https:\/\/www.linkedin.com\/showcase\/zaluti-germany\/"],"address":{"@id":"https:\/\/zaluti.com\/de\/#postaladdress","@type":"PostalAddress","streetAddress":"Kapittelweg 12,","postalCode":"4827 HG","addressLocality":"Breda","addressCountry":"NL"}},{"@type":"WebSite","@id":"https:\/\/zaluti.com\/de\/#website","url":"https:\/\/zaluti.com\/de\/","name":"Zaluti B.V.","description":"Professionals in scent marketing","inLanguage":"de-DE","publisher":{"@id":"https:\/\/zaluti.com\/de\/#organization"}}]},"og:locale":"de_DE","og:site_name":"Zaluti B.V. | Professionals in scent marketing","og:type":"article","og:title":"Blue Ocean \u2013 Geruchsneutralisation mit erfrischender Klarheit | Zaluti","og:description":"Blue Ocean neutralisiert unerw\u00fcnschte Ger\u00fcche mit frischen Meeresnoten und Moschus. Ideal f\u00fcr Krankenh\u00e4user und Pflegeeinrichtungen, wo Hygiene und Ruhe zentral sind.","og:url":"https:\/\/zaluti.com\/de\/duefte\/blue-ocean\/","article:published_time":"2024-10-08T12:33:32+00:00","article:modified_time":"2025-12-16T11:24:59+00:00","article:publisher":"https:\/\/www.facebook.com\/people\/Zalutide\/61552806365452\/","twitter:card":"summary_large_image","twitter:site":"@Zaluti_de","twitter:title":"Blue Ocean \u2013 Geruchsneutralisation mit erfrischender Klarheit | Zaluti","twitter:description":"Blue Ocean neutralisiert unerw\u00fcnschte Ger\u00fcche mit frischen Meeresnoten und Moschus. Ideal f\u00fcr Krankenh\u00e4user und Pflegeeinrichtungen, wo Hygiene und Ruhe zentral sind."},"aioseo_meta_data":{"post_id":"278894","title":"Blue Ocean \u2013 Geruchsneutralisation mit erfrischender Klarheit | Zaluti","description":"Blue Ocean neutralisiert unerw\u00fcnschte Ger\u00fcche mit frischen Meeresnoten und Moschus. Ideal f\u00fcr Krankenh\u00e4user und Pflegeeinrichtungen, wo Hygiene und Ruhe zentral sind.","keywords":null,"keyphrases":{"focus":{"keyphrase":"Blue Ocean","score":70,"analysis":{"keyphraseInTitle":{"score":9,"maxScore":9,"error":0},"keyphraseInDescription":{"score":9,"maxScore":9,"error":0},"keyphraseLength":{"score":9,"maxScore":9,"error":0,"length":2},"keyphraseInURL":{"score":5,"maxScore":5,"error":0},"keyphraseInIntroduction":{"score":3,"maxScore":9,"error":1},"keyphraseInSubHeadings":[],"keyphraseInImageAlt":[],"keywordDensity":{"score":0,"type":"low","maxScore":9,"error":1}}},"additional":[{"keyphrase":"Ocean","score":58,"analysis":{"keyphraseInDescription":{"score":9,"maxScore":9,"error":0},"keyphraseLength":{"score":9,"maxScore":9,"error":0,"length":1},"keyphraseInIntroduction":{"score":3,"maxScore":9,"error":1},"keyphraseInImageAlt":[],"keywordDensity":{"score":0,"type":"low","maxScore":9,"error":1}}}]},"primary_term":null,"canonical_url":null,"og_title":null,"og_description":null,"og_object_type":"default","og_image_type":"default","og_image_url":null,"og_image_width":null,"og_image_height":null,"og_image_custom_url":null,"og_image_custom_fields":null,"og_video":"","og_custom_url":null,"og_article_section":null,"og_article_tags":null,"twitter_use_og":false,"twitter_card":"default","twitter_image_type":"default","twitter_image_url":null,"twitter_image_custom_url":null,"twitter_image_custom_fields":null,"twitter_title":null,"twitter_description":null,"schema":{"blockGraphs":[],"customGraphs":[],"default":{"data":{"Article":[],"Course":[],"Dataset":[],"FAQPage":[],"Movie":[],"Person":[],"Product":[],"ProductReview":[],"Car":[],"Recipe":[],"Service":[],"SoftwareApplication":[],"WebPage":[]},"graphName":"ItemPage","isEnabled":true},"graphs":[{"id":"#aioseo-faq-page-mhxk6pjt","slug":"faq-page","graphName":"FAQPage","label":"FAQ","properties":{"name":"Blue Ocean \u2013 Geruchsneutralisation mit erfrischender Klarheit | Zaluti","description":"Blue Ocean neutralisiert unerw\u00fcnschte Ger\u00fcche mit frischen Meeresnoten und Moschus. Ideal f\u00fcr Krankenh\u00e4user und Pflegeeinrichtungen, wo Hygiene und Ruhe zentral sind.","questions":[{"question":"Was macht Blue Ocean geeignet f\u00fcr Krankenh\u00e4user?","answer":"Blue Ocean ist ideal f\u00fcr Krankenh\u00e4user, da die frischen, maritimen Noten unerw\u00fcnschte Ger\u00fcche neutralisieren und die Raumluft rein wirken lassen. Der Duft f\u00f6rdert ein Gef\u00fchl von Vertrauen und Komfort, wodurch Patienten Ruhe finden und Besucher sich willkommen f\u00fchlen."},{"question":"Ist Blue Ocean sicher f\u00fcr Gesundheitsumgebungen?","answer":"Ja, Blue Ocean entspricht vollst\u00e4ndig den IFRA-Richtlinien und ist vegan. Die D\u00fcfte werden mit Respekt f\u00fcr Mensch und Umwelt entwickelt und unterliegen strengen Qualit\u00e4tstests. Weitere Informationen findest du auf unserer Seite \u201eSicherheit & Qualit\u00e4t\u201c."},{"question":"Wie lange bleibt der Duft in gro\u00dfen R\u00e4umen wahrnehmbar?","answer":"Der Duft bleibt sp\u00fcrbar, solange der Diffusor aktiv ist. Professionelle Kaltnebeltechnologie sorgt f\u00fcr eine gleichm\u00e4\u00dfige Verteilung, selbst in gro\u00dfen, offenen R\u00e4umen. So bleibt Blue Ocean stets dezent pr\u00e4sent, ohne die Luft zu s\u00e4ttigen."},{"question":"Kann Blue Ocean mit anderen D\u00fcften kombiniert werden?","answer":"Ja, Blue Ocean l\u00e4sst sich gut mit Zitrus- oder Blumend\u00fcften kombinieren, um zus\u00e4tzliche Frische zu erzeugen. Die neutrale Basis sorgt f\u00fcr eine harmonische Mischung, die sich besonders f\u00fcr Einrichtungen eignet, in denen Geruchsneutralisation im Mittelpunkt steht."},{"question":"Welche Duftmaschine passt am besten zu Blue Ocean?","answer":"F\u00fcr Krankenh\u00e4user empfehlen wir HVAC-Systeme wie die Zaluti ModulAir XL. Diese Duftmaschinen bieten Pr\u00e4zision in gro\u00dfen R\u00e4umen und verbreiten Blue Ocean gleichm\u00e4\u00dfig f\u00fcr eine frische, konstante Luftqualit\u00e4t."}]},"value":"faq-page"}]},"schema_type":"default","schema_type_options":null,"pillar_content":false,"robots_default":true,"robots_noindex":false,"robots_noarchive":false,"robots_nosnippet":false,"robots_nofollow":false,"robots_noimageindex":false,"robots_noodp":false,"robots_notranslate":false,"robots_max_snippet":"-1","robots_max_videopreview":"-1","robots_max_imagepreview":"large","priority":null,"frequency":"default","local_seo":null,"seo_analyzer_scan_date":"2025-12-16 11:40:53","breadcrumb_settings":null,"limit_modified_date":false,"reviewed_by":"0","open_ai":"{\"title\":{\"suggestions\":[],\"usage\":0},\"description\":{\"suggestions\":[],\"usage\":0}}","ai":{"faqs":[],"keyPoints":[],"titles":[],"descriptions":[],"socialPosts":{"email":[],"linkedin":[],"twitter":[],"facebook":[],"instagram":[]}},"created":"2024-10-08 12:32:45","updated":"2026-04-18 12:34:47"},"_links":{"self":[{"href":"https:\/\/zaluti.com\/de\/wp-json\/wp\/v2\/product\/278894","targetHints":{"allow":["GET"]}}],"collection":[{"href":"https:\/\/zaluti.com\/de\/wp-json\/wp\/v2\/product"}],"about":[{"href":"https:\/\/zaluti.com\/de\/wp-json\/wp\/v2\/types\/product"}],"replies":[{"embeddable":true,"href":"https:\/\/zaluti.com\/de\/wp-json\/wp\/v2\/comments?post=278894"}],"wp:featuredmedia":[{"embeddable":true,"href":"https:\/\/zaluti.com\/de\/wp-json\/wp\/v2\/media\/278895"}],"wp:attachment":[{"href":"https:\/\/zaluti.com\/de\/wp-json\/wp\/v2\/media?parent=278894"}],"wp:term":[{"taxonomy":"product_brand","embeddable":true,"href":"https:\/\/zaluti.com\/de\/wp-json\/wp\/v2\/product_brand?post=278894"},{"taxonomy":"product_cat","embeddable":true,"href":"https:\/\/zaluti.com\/de\/wp-json\/wp\/v2\/product_cat?post=278894"},{"taxonomy":"product_tag","embeddable":true,"href":"https:\/\/zaluti.com\/de\/wp-json\/wp\/v2\/product_tag?post=278894"}],"curies":[{"name":"wp","href":"https:\/\/api.w.org\/{rel}","templated":true}]}}