{"id":278889,"date":"2024-10-08T13:22:38","date_gmt":"2024-10-08T11:22:38","guid":{"rendered":"https:\/\/zaluti.com\/de\/?post_type=product&#038;p=278889"},"modified":"2025-12-17T11:21:41","modified_gmt":"2025-12-17T09:21:41","slug":"sunset-duft-zaluti","status":"publish","type":"product","link":"https:\/\/zaluti.com\/de\/duefte\/sunset\/","title":{"rendered":"Sunset"},"content":{"rendered":"<p>F\u00fchlen Sie die warme und harmonische Essenz des Sonnenuntergangs mit dieser schicken Mischung aus Zedernholz und Rose, veredelt durch Ambra und Moschus.<\/p>\n","protected":false},"excerpt":{"rendered":"<p>F\u00fchlen Sie die warme und harmonische Essenz des Sonnenuntergangs mit dieser schicken Mischung aus Zedernholz und Rose, veredelt durch Ambra und Moschus.<\/p>\n","protected":false},"featured_media":278809,"comment_status":"open","ping_status":"closed","template":"","meta":{"_acf_changed":false,"_et_pb_use_builder":"","_et_pb_old_content":"","_et_gb_content_width":"","inline_featured_image":false},"product_brand":[],"product_cat":[27,26,100,24],"product_tag":[],"class_list":{"0":"post-278889","1":"product","2":"type-product","3":"status-publish","4":"has-post-thumbnail","6":"product_cat-floral","7":"product_cat-fresh","8":"product_cat-fruity","9":"product_cat-woody","11":"first","12":"instock","13":"shipping-taxable","14":"product-type-simple"},"acf":[],"aioseo_notices":[],"aioseo_head":"\n\t\t<!-- All in One SEO Pro 4.9.5.2 - aioseo.com -->\n\t<meta name=\"description\" content=\"Sunset vereint Amber, Tonkabohne und Vanille zu einem warmen Duft f\u00fcr Ferienparks. Bringt Entspannung, Komfort und sommerliche Eleganz in jeden Raum.\" \/>\n\t<meta name=\"robots\" content=\"max-image-preview:large\" \/>\n\t<link rel=\"canonical\" href=\"https:\/\/zaluti.com\/de\/duefte\/sunset\/\" \/>\n\t<meta name=\"generator\" content=\"All in One SEO Pro (AIOSEO) 4.9.5.2\" \/>\n\t\t<meta property=\"og:locale\" content=\"de_DE\" \/>\n\t\t<meta property=\"og:site_name\" content=\"Zaluti B.V. | Professionals in scent marketing\" \/>\n\t\t<meta property=\"og:type\" content=\"article\" \/>\n\t\t<meta property=\"og:title\" content=\"Sunset \u2013 Duft mit warmer Ruhe | Zaluti\" \/>\n\t\t<meta property=\"og:description\" content=\"Sunset vereint Amber, Tonkabohne und Vanille zu einem warmen Duft f\u00fcr Ferienparks. Bringt Entspannung, Komfort und sommerliche Eleganz in jeden Raum.\" \/>\n\t\t<meta property=\"og:url\" content=\"https:\/\/zaluti.com\/de\/duefte\/sunset\/\" \/>\n\t\t<meta property=\"article:published_time\" content=\"2024-10-08T11:22:38+00:00\" \/>\n\t\t<meta property=\"article:modified_time\" content=\"2025-12-17T09:21:41+00:00\" \/>\n\t\t<meta property=\"article:publisher\" content=\"https:\/\/www.facebook.com\/people\/Zalutide\/61552806365452\/\" \/>\n\t\t<meta name=\"twitter:card\" content=\"summary_large_image\" \/>\n\t\t<meta name=\"twitter:site\" content=\"@Zaluti_de\" \/>\n\t\t<meta name=\"twitter:title\" content=\"Sunset \u2013 Duft mit warmer Ruhe | Zaluti\" \/>\n\t\t<meta name=\"twitter:description\" content=\"Sunset vereint Amber, Tonkabohne und Vanille zu einem warmen Duft f\u00fcr Ferienparks. Bringt Entspannung, Komfort und sommerliche Eleganz in jeden Raum.\" \/>\n\t\t<script type=\"application\/ld+json\" class=\"aioseo-schema\">\n\t\t\t{\"@context\":\"https:\\\/\\\/schema.org\",\"@graph\":[{\"@type\":\"BreadcrumbList\",\"@id\":\"https:\\\/\\\/zaluti.com\\\/de\\\/duefte\\\/sunset\\\/#breadcrumblist\",\"itemListElement\":[{\"@type\":\"ListItem\",\"@id\":\"https:\\\/\\\/zaluti.com\\\/de\\\/duefte\\\/alle-duefte\\\/#listItem\",\"position\":1,\"name\":\"Geuren\",\"item\":\"https:\\\/\\\/zaluti.com\\\/de\\\/duefte\\\/alle-duefte\\\/\",\"nextItem\":{\"@type\":\"ListItem\",\"@id\":\"https:\\\/\\\/zaluti.com\\\/de\\\/product-categorie\\\/woody\\\/#listItem\",\"name\":\"Woody\"}},{\"@type\":\"ListItem\",\"@id\":\"https:\\\/\\\/zaluti.com\\\/de\\\/product-categorie\\\/woody\\\/#listItem\",\"position\":2,\"name\":\"Woody\",\"item\":\"https:\\\/\\\/zaluti.com\\\/de\\\/product-categorie\\\/woody\\\/\",\"nextItem\":{\"@type\":\"ListItem\",\"@id\":\"https:\\\/\\\/zaluti.com\\\/de\\\/duefte\\\/sunset\\\/#listItem\",\"name\":\"Sunset\"},\"previousItem\":{\"@type\":\"ListItem\",\"@id\":\"https:\\\/\\\/zaluti.com\\\/de\\\/duefte\\\/alle-duefte\\\/#listItem\",\"name\":\"Geuren\"}},{\"@type\":\"ListItem\",\"@id\":\"https:\\\/\\\/zaluti.com\\\/de\\\/duefte\\\/sunset\\\/#listItem\",\"position\":3,\"name\":\"Sunset\",\"previousItem\":{\"@type\":\"ListItem\",\"@id\":\"https:\\\/\\\/zaluti.com\\\/de\\\/product-categorie\\\/woody\\\/#listItem\",\"name\":\"Woody\"}}]},{\"@type\":\"FAQPage\",\"@id\":\"https:\\\/\\\/zaluti.com\\\/de\\\/duefte\\\/sunset\\\/#aioseo-faq-page-mid22r5x\",\"name\":\"Sunset \\u2013 Duft mit warmer Ruhe | Zaluti\",\"description\":\"Sunset vereint Amber, Tonkabohne und Vanille zu einem warmen Duft f\\u00fcr Ferienparks. Bringt Entspannung, Komfort und sommerliche Eleganz in jeden Raum.\",\"url\":\"https:\\\/\\\/zaluti.com\\\/de\\\/duefte\\\/sunset\\\/\",\"mainEntity\":[{\"@type\":\"Question\",\"name\":\"Wof\\u00fcr ist Sunset am besten geeignet?\",\"acceptedAnswer\":{\"@type\":\"Answer\",\"text\":\"Sunset ist ideal f\\u00fcr Ferienparks, Resorts und Hotels. Der warme, entspannte Duft schafft eine friedliche Atmosph\\u00e4re, die G\\u00e4sten hilft, zur Ruhe zu kommen.\"}},{\"@type\":\"Question\",\"name\":\"Ist der Duft f\\u00fcr den t\\u00e4glichen Gebrauch sicher?\",\"acceptedAnswer\":{\"@type\":\"Answer\",\"text\":\"Ja. Sunset entspricht allen IFRA-Richtlinien und enth\\u00e4lt ausschlie\\u00dflich vegane und nachhaltige Inhaltsstoffe. Zaluti garantiert damit eine sichere, hochwertige Raumbeduftung.\"}},{\"@type\":\"Question\",\"name\":\"Wie lange bleibt der Duft wahrnehmbar?\",\"acceptedAnswer\":{\"@type\":\"Answer\",\"text\":\"Mit professionellen Duftmaschinen bleibt Sunset wochenlang konstant pr\\u00e4sent. Die Intensit\\u00e4t kann an Raumgr\\u00f6\\u00dfe und Jahreszeit angepasst werden.\"}},{\"@type\":\"Question\",\"name\":\"Kann Sunset mit anderen D\\u00fcften kombiniert werden?\",\"acceptedAnswer\":{\"@type\":\"Answer\",\"text\":\"Ja, Sunset harmoniert wunderbar mit frischen oder blumigen D\\u00fcften, um Tag- und Abendzonen innerhalb eines Parks atmosph\\u00e4risch zu unterscheiden.\"}},{\"@type\":\"Question\",\"name\":\"Welche Duftmaschine passt am besten zu Sunset?\",\"acceptedAnswer\":{\"@type\":\"Answer\",\"text\":\"F\\u00fcr Ferienparks eignen sich Systeme wie die Zaluti ModulAir oder Air 1 ideal. Sie sorgen f\\u00fcr eine gleichm\\u00e4\\u00dfige, leise Verteilung, die die nat\\u00fcrliche W\\u00e4rme von Sunset bewahrt.\"}}],\"inLanguage\":\"de\",\"breadcrumb\":{\"@id\":\"https:\\\/\\\/zaluti.com\\\/de\\\/duefte\\\/sunset\\\/#breadcrumblist\"}},{\"@type\":\"ItemPage\",\"@id\":\"https:\\\/\\\/zaluti.com\\\/de\\\/duefte\\\/sunset\\\/#itempage\",\"url\":\"https:\\\/\\\/zaluti.com\\\/de\\\/duefte\\\/sunset\\\/\",\"name\":\"Sunset \\u2013 Duft mit warmer Ruhe | Zaluti\",\"description\":\"Sunset vereint Amber, Tonkabohne und Vanille zu einem warmen Duft f\\u00fcr Ferienparks. Bringt Entspannung, Komfort und sommerliche Eleganz in jeden Raum.\",\"inLanguage\":\"de-DE\",\"isPartOf\":{\"@id\":\"https:\\\/\\\/zaluti.com\\\/de\\\/#website\"},\"breadcrumb\":{\"@id\":\"https:\\\/\\\/zaluti.com\\\/de\\\/duefte\\\/sunset\\\/#breadcrumblist\"},\"image\":{\"@type\":\"ImageObject\",\"url\":\"https:\\\/\\\/zaluti.com\\\/de\\\/wp-content\\\/uploads\\\/2024\\\/10\\\/Sunsetaromazaluti-scaled.webp\",\"@id\":\"https:\\\/\\\/zaluti.com\\\/de\\\/duefte\\\/sunset\\\/#mainImage\",\"width\":2560,\"height\":1710},\"primaryImageOfPage\":{\"@id\":\"https:\\\/\\\/zaluti.com\\\/de\\\/duefte\\\/sunset\\\/#mainImage\"},\"datePublished\":\"2024-10-08T13:22:38+02:00\",\"dateModified\":\"2025-12-17T11:21:41+02:00\"},{\"@type\":\"Organization\",\"@id\":\"https:\\\/\\\/zaluti.com\\\/de\\\/#organization\",\"name\":\"Zaluti\",\"description\":\"Zaluti ist Ihr Experte f\\u00fcr Duftmarketing und Raumbeduftung mit hochwertigen Duftmaschinen \\u201emade in Holland\\u201c. Herstellergarantie 7 Jahre.\",\"url\":\"https:\\\/\\\/zaluti.com\\\/de\\\/\",\"email\":\"welcome@zaluti.com\",\"telephone\":\"+31762055239\",\"foundingDate\":\"2015-01-01\",\"logo\":{\"@type\":\"ImageObject\",\"url\":\"https:\\\/\\\/zaluti.com\\\/de\\\/wp-content\\\/uploads\\\/2023\\\/09\\\/zalutilogo.png\",\"@id\":\"https:\\\/\\\/zaluti.com\\\/de\\\/duefte\\\/sunset\\\/#organizationLogo\",\"width\":46,\"height\":83,\"caption\":\"Zalutilogo\"},\"image\":{\"@id\":\"https:\\\/\\\/zaluti.com\\\/de\\\/duefte\\\/sunset\\\/#organizationLogo\"},\"sameAs\":[\"https:\\\/\\\/www.facebook.com\\\/people\\\/Zalutide\\\/61552806365452\\\/\",\"https:\\\/\\\/x.com\\\/Zaluti_de\",\"https:\\\/\\\/www.instagram.com\\\/zaluti_de\\\/\",\"https:\\\/\\\/nl.pinterest.com\\\/Zaluti_de\\\/\",\"https:\\\/\\\/www.youtube.com\\\/@AllSensService\",\"https:\\\/\\\/www.linkedin.com\\\/showcase\\\/zaluti-germany\\\/\"],\"address\":{\"@id\":\"https:\\\/\\\/zaluti.com\\\/de\\\/#postaladdress\",\"@type\":\"PostalAddress\",\"streetAddress\":\"Kapittelweg 12,\",\"postalCode\":\"4827 HG\",\"addressLocality\":\"Breda\",\"addressCountry\":\"NL\"}},{\"@type\":\"WebSite\",\"@id\":\"https:\\\/\\\/zaluti.com\\\/de\\\/#website\",\"url\":\"https:\\\/\\\/zaluti.com\\\/de\\\/\",\"name\":\"Zaluti B.V.\",\"description\":\"Professionals in scent marketing\",\"inLanguage\":\"de-DE\",\"publisher\":{\"@id\":\"https:\\\/\\\/zaluti.com\\\/de\\\/#organization\"}}]}\n\t\t<\/script>\n\t\t<!-- All in One SEO Pro -->\r\n\t\t<title>Sunset \u2013 Duft mit warmer Ruhe | Zaluti<\/title>\n\n","aioseo_head_json":{"title":"Sunset \u2013 Duft mit warmer Ruhe | Zaluti","description":"Sunset vereint Amber, Tonkabohne und Vanille zu einem warmen Duft f\u00fcr Ferienparks. Bringt Entspannung, Komfort und sommerliche Eleganz in jeden Raum.","canonical_url":"https:\/\/zaluti.com\/de\/duefte\/sunset\/","robots":"max-image-preview:large","keywords":"","webmasterTools":{"miscellaneous":""},"schema":{"@context":"https:\/\/schema.org","@graph":[{"@type":"BreadcrumbList","@id":"https:\/\/zaluti.com\/de\/duefte\/sunset\/#breadcrumblist","itemListElement":[{"@type":"ListItem","@id":"https:\/\/zaluti.com\/de\/duefte\/alle-duefte\/#listItem","position":1,"name":"Geuren","item":"https:\/\/zaluti.com\/de\/duefte\/alle-duefte\/","nextItem":{"@type":"ListItem","@id":"https:\/\/zaluti.com\/de\/product-categorie\/woody\/#listItem","name":"Woody"}},{"@type":"ListItem","@id":"https:\/\/zaluti.com\/de\/product-categorie\/woody\/#listItem","position":2,"name":"Woody","item":"https:\/\/zaluti.com\/de\/product-categorie\/woody\/","nextItem":{"@type":"ListItem","@id":"https:\/\/zaluti.com\/de\/duefte\/sunset\/#listItem","name":"Sunset"},"previousItem":{"@type":"ListItem","@id":"https:\/\/zaluti.com\/de\/duefte\/alle-duefte\/#listItem","name":"Geuren"}},{"@type":"ListItem","@id":"https:\/\/zaluti.com\/de\/duefte\/sunset\/#listItem","position":3,"name":"Sunset","previousItem":{"@type":"ListItem","@id":"https:\/\/zaluti.com\/de\/product-categorie\/woody\/#listItem","name":"Woody"}}]},{"@type":"FAQPage","@id":"https:\/\/zaluti.com\/de\/duefte\/sunset\/#aioseo-faq-page-mid22r5x","name":"Sunset \u2013 Duft mit warmer Ruhe | Zaluti","description":"Sunset vereint Amber, Tonkabohne und Vanille zu einem warmen Duft f\u00fcr Ferienparks. Bringt Entspannung, Komfort und sommerliche Eleganz in jeden Raum.","url":"https:\/\/zaluti.com\/de\/duefte\/sunset\/","mainEntity":[{"@type":"Question","name":"Wof\u00fcr ist Sunset am besten geeignet?","acceptedAnswer":{"@type":"Answer","text":"Sunset ist ideal f\u00fcr Ferienparks, Resorts und Hotels. Der warme, entspannte Duft schafft eine friedliche Atmosph\u00e4re, die G\u00e4sten hilft, zur Ruhe zu kommen."}},{"@type":"Question","name":"Ist der Duft f\u00fcr den t\u00e4glichen Gebrauch sicher?","acceptedAnswer":{"@type":"Answer","text":"Ja. Sunset entspricht allen IFRA-Richtlinien und enth\u00e4lt ausschlie\u00dflich vegane und nachhaltige Inhaltsstoffe. Zaluti garantiert damit eine sichere, hochwertige Raumbeduftung."}},{"@type":"Question","name":"Wie lange bleibt der Duft wahrnehmbar?","acceptedAnswer":{"@type":"Answer","text":"Mit professionellen Duftmaschinen bleibt Sunset wochenlang konstant pr\u00e4sent. Die Intensit\u00e4t kann an Raumgr\u00f6\u00dfe und Jahreszeit angepasst werden."}},{"@type":"Question","name":"Kann Sunset mit anderen D\u00fcften kombiniert werden?","acceptedAnswer":{"@type":"Answer","text":"Ja, Sunset harmoniert wunderbar mit frischen oder blumigen D\u00fcften, um Tag- und Abendzonen innerhalb eines Parks atmosph\u00e4risch zu unterscheiden."}},{"@type":"Question","name":"Welche Duftmaschine passt am besten zu Sunset?","acceptedAnswer":{"@type":"Answer","text":"F\u00fcr Ferienparks eignen sich Systeme wie die Zaluti ModulAir oder Air 1 ideal. Sie sorgen f\u00fcr eine gleichm\u00e4\u00dfige, leise Verteilung, die die nat\u00fcrliche W\u00e4rme von Sunset bewahrt."}},{"@type":"Question","name":"Wof\u00fcr ist Sunset am besten geeignet?","acceptedAnswer":{"@type":"Answer","text":"Sunset ist ideal f\u00fcr Ferienparks, Resorts und Hotels. Der warme, entspannte Duft schafft eine friedliche Atmosph\u00e4re, die G\u00e4sten hilft, zur Ruhe zu kommen."}},{"@type":"Question","name":"Ist der Duft f\u00fcr den t\u00e4glichen Gebrauch sicher?","acceptedAnswer":{"@type":"Answer","text":"Ja. Sunset entspricht allen IFRA-Richtlinien und enth\u00e4lt ausschlie\u00dflich vegane und nachhaltige Inhaltsstoffe. Zaluti garantiert damit eine sichere, hochwertige Raumbeduftung."}},{"@type":"Question","name":"Wie lange bleibt der Duft wahrnehmbar?","acceptedAnswer":{"@type":"Answer","text":"Mit professionellen Duftmaschinen bleibt Sunset wochenlang konstant pr\u00e4sent. Die Intensit\u00e4t kann an Raumgr\u00f6\u00dfe und Jahreszeit angepasst werden."}},{"@type":"Question","name":"Kann Sunset mit anderen D\u00fcften kombiniert werden?","acceptedAnswer":{"@type":"Answer","text":"Ja, Sunset harmoniert wunderbar mit frischen oder blumigen D\u00fcften, um Tag- und Abendzonen innerhalb eines Parks atmosph\u00e4risch zu unterscheiden."}},{"@type":"Question","name":"Welche Duftmaschine passt am besten zu Sunset?","acceptedAnswer":{"@type":"Answer","text":"F\u00fcr Ferienparks eignen sich Systeme wie die Zaluti ModulAir oder Air 1 ideal. Sie sorgen f\u00fcr eine gleichm\u00e4\u00dfige, leise Verteilung, die die nat\u00fcrliche W\u00e4rme von Sunset bewahrt."}}],"inLanguage":"de","breadcrumb":{"@id":"https:\/\/zaluti.com\/de\/duefte\/sunset\/#breadcrumblist"}},{"@type":"ItemPage","@id":"https:\/\/zaluti.com\/de\/duefte\/sunset\/#itempage","url":"https:\/\/zaluti.com\/de\/duefte\/sunset\/","name":"Sunset \u2013 Duft mit warmer Ruhe | Zaluti","description":"Sunset vereint Amber, Tonkabohne und Vanille zu einem warmen Duft f\u00fcr Ferienparks. Bringt Entspannung, Komfort und sommerliche Eleganz in jeden Raum.","inLanguage":"de-DE","isPartOf":{"@id":"https:\/\/zaluti.com\/de\/#website"},"breadcrumb":{"@id":"https:\/\/zaluti.com\/de\/duefte\/sunset\/#breadcrumblist"},"image":{"@type":"ImageObject","url":"https:\/\/zaluti.com\/de\/wp-content\/uploads\/2024\/10\/Sunsetaromazaluti-scaled.webp","@id":"https:\/\/zaluti.com\/de\/duefte\/sunset\/#mainImage","width":2560,"height":1710},"primaryImageOfPage":{"@id":"https:\/\/zaluti.com\/de\/duefte\/sunset\/#mainImage"},"datePublished":"2024-10-08T13:22:38+02:00","dateModified":"2025-12-17T11:21:41+02:00"},{"@type":"Organization","@id":"https:\/\/zaluti.com\/de\/#organization","name":"Zaluti","description":"Zaluti ist Ihr Experte f\u00fcr Duftmarketing und Raumbeduftung mit hochwertigen Duftmaschinen \u201emade in Holland\u201c. Herstellergarantie 7 Jahre.","url":"https:\/\/zaluti.com\/de\/","email":"welcome@zaluti.com","telephone":"+31762055239","foundingDate":"2015-01-01","logo":{"@type":"ImageObject","url":"https:\/\/zaluti.com\/de\/wp-content\/uploads\/2023\/09\/zalutilogo.png","@id":"https:\/\/zaluti.com\/de\/duefte\/sunset\/#organizationLogo","width":46,"height":83,"caption":"Zalutilogo"},"image":{"@id":"https:\/\/zaluti.com\/de\/duefte\/sunset\/#organizationLogo"},"sameAs":["https:\/\/www.facebook.com\/people\/Zalutide\/61552806365452\/","https:\/\/x.com\/Zaluti_de","https:\/\/www.instagram.com\/zaluti_de\/","https:\/\/nl.pinterest.com\/Zaluti_de\/","https:\/\/www.youtube.com\/@AllSensService","https:\/\/www.linkedin.com\/showcase\/zaluti-germany\/"],"address":{"@id":"https:\/\/zaluti.com\/de\/#postaladdress","@type":"PostalAddress","streetAddress":"Kapittelweg 12,","postalCode":"4827 HG","addressLocality":"Breda","addressCountry":"NL"}},{"@type":"WebSite","@id":"https:\/\/zaluti.com\/de\/#website","url":"https:\/\/zaluti.com\/de\/","name":"Zaluti B.V.","description":"Professionals in scent marketing","inLanguage":"de-DE","publisher":{"@id":"https:\/\/zaluti.com\/de\/#organization"}}]},"og:locale":"de_DE","og:site_name":"Zaluti B.V. | Professionals in scent marketing","og:type":"article","og:title":"Sunset \u2013 Duft mit warmer Ruhe | Zaluti","og:description":"Sunset vereint Amber, Tonkabohne und Vanille zu einem warmen Duft f\u00fcr Ferienparks. Bringt Entspannung, Komfort und sommerliche Eleganz in jeden Raum.","og:url":"https:\/\/zaluti.com\/de\/duefte\/sunset\/","article:published_time":"2024-10-08T11:22:38+00:00","article:modified_time":"2025-12-17T09:21:41+00:00","article:publisher":"https:\/\/www.facebook.com\/people\/Zalutide\/61552806365452\/","twitter:card":"summary_large_image","twitter:site":"@Zaluti_de","twitter:title":"Sunset \u2013 Duft mit warmer Ruhe | Zaluti","twitter:description":"Sunset vereint Amber, Tonkabohne und Vanille zu einem warmen Duft f\u00fcr Ferienparks. Bringt Entspannung, Komfort und sommerliche Eleganz in jeden Raum."},"aioseo_meta_data":{"post_id":"278889","title":"Sunset \u2013 Duft mit warmer Ruhe | Zaluti","description":"Sunset vereint Amber, Tonkabohne und Vanille zu einem warmen Duft f\u00fcr Ferienparks. Bringt Entspannung, Komfort und sommerliche Eleganz in jeden Raum.","keywords":null,"keyphrases":{"focus":{"keyphrase":"Sunset","score":70,"analysis":{"keyphraseInTitle":{"score":9,"maxScore":9,"error":0},"keyphraseInDescription":{"score":9,"maxScore":9,"error":0},"keyphraseLength":{"score":9,"maxScore":9,"error":0,"length":1},"keyphraseInURL":{"score":5,"maxScore":5,"error":0},"keyphraseInIntroduction":{"score":3,"maxScore":9,"error":1},"keyphraseInSubHeadings":[],"keyphraseInImageAlt":[],"keywordDensity":{"score":0,"type":"low","maxScore":9,"error":1}}},"additional":[]},"primary_term":null,"canonical_url":null,"og_title":null,"og_description":null,"og_object_type":"default","og_image_type":"default","og_image_url":null,"og_image_width":null,"og_image_height":null,"og_image_custom_url":null,"og_image_custom_fields":null,"og_video":"","og_custom_url":null,"og_article_section":null,"og_article_tags":null,"twitter_use_og":false,"twitter_card":"default","twitter_image_type":"default","twitter_image_url":null,"twitter_image_custom_url":null,"twitter_image_custom_fields":null,"twitter_title":null,"twitter_description":null,"schema":{"blockGraphs":[],"customGraphs":[],"default":{"data":{"Article":[],"Course":[],"Dataset":[],"FAQPage":[],"Movie":[],"Person":[],"Product":[],"ProductReview":[],"Car":[],"Recipe":[],"Service":[],"SoftwareApplication":[],"WebPage":[]},"graphName":"ItemPage","isEnabled":true},"graphs":[{"id":"#aioseo-faq-page-mid22r5x","slug":"faq-page","graphName":"FAQPage","label":"FAQ","properties":{"name":"Sunset \u2013 Duft mit warmer Ruhe | Zaluti","description":"Sunset vereint Amber, Tonkabohne und Vanille zu einem warmen Duft f\u00fcr Ferienparks. Bringt Entspannung, Komfort und sommerliche Eleganz in jeden Raum.","questions":[{"question":"Wof\u00fcr ist Sunset am besten geeignet?","answer":"Sunset ist ideal f\u00fcr Ferienparks, Resorts und Hotels. Der warme, entspannte Duft schafft eine friedliche Atmosph\u00e4re, die G\u00e4sten hilft, zur Ruhe zu kommen."},{"question":"Ist der Duft f\u00fcr den t\u00e4glichen Gebrauch sicher?","answer":"Ja. Sunset entspricht allen IFRA-Richtlinien und enth\u00e4lt ausschlie\u00dflich vegane und nachhaltige Inhaltsstoffe. Zaluti garantiert damit eine sichere, hochwertige Raumbeduftung."},{"question":"Wie lange bleibt der Duft wahrnehmbar?","answer":"Mit professionellen Duftmaschinen bleibt Sunset wochenlang konstant pr\u00e4sent. Die Intensit\u00e4t kann an Raumgr\u00f6\u00dfe und Jahreszeit angepasst werden."},{"question":"Kann Sunset mit anderen D\u00fcften kombiniert werden?","answer":"Ja, Sunset harmoniert wunderbar mit frischen oder blumigen D\u00fcften, um Tag- und Abendzonen innerhalb eines Parks atmosph\u00e4risch zu unterscheiden."},{"question":"Welche Duftmaschine passt am besten zu Sunset?","answer":"F\u00fcr Ferienparks eignen sich Systeme wie die Zaluti ModulAir oder Air 1 ideal. Sie sorgen f\u00fcr eine gleichm\u00e4\u00dfige, leise Verteilung, die die nat\u00fcrliche W\u00e4rme von Sunset bewahrt."}]},"value":"faq-page"}]},"schema_type":"default","schema_type_options":null,"pillar_content":false,"robots_default":true,"robots_noindex":false,"robots_noarchive":false,"robots_nosnippet":false,"robots_nofollow":false,"robots_noimageindex":false,"robots_noodp":false,"robots_notranslate":false,"robots_max_snippet":"-1","robots_max_videopreview":"-1","robots_max_imagepreview":"large","priority":null,"frequency":"default","local_seo":null,"seo_analyzer_scan_date":"2025-12-17 09:22:37","breadcrumb_settings":null,"limit_modified_date":false,"reviewed_by":"0","open_ai":"{\"title\":{\"suggestions\":[],\"usage\":0},\"description\":{\"suggestions\":[],\"usage\":0}}","ai":{"faqs":[],"keyPoints":[],"titles":[],"descriptions":[],"socialPosts":{"email":[],"linkedin":[],"twitter":[],"facebook":[],"instagram":[]}},"created":"2024-10-08 11:20:50","updated":"2026-04-18 10:45:53"},"_links":{"self":[{"href":"https:\/\/zaluti.com\/de\/wp-json\/wp\/v2\/product\/278889","targetHints":{"allow":["GET"]}}],"collection":[{"href":"https:\/\/zaluti.com\/de\/wp-json\/wp\/v2\/product"}],"about":[{"href":"https:\/\/zaluti.com\/de\/wp-json\/wp\/v2\/types\/product"}],"replies":[{"embeddable":true,"href":"https:\/\/zaluti.com\/de\/wp-json\/wp\/v2\/comments?post=278889"}],"wp:featuredmedia":[{"embeddable":true,"href":"https:\/\/zaluti.com\/de\/wp-json\/wp\/v2\/media\/278809"}],"wp:attachment":[{"href":"https:\/\/zaluti.com\/de\/wp-json\/wp\/v2\/media?parent=278889"}],"wp:term":[{"taxonomy":"product_brand","embeddable":true,"href":"https:\/\/zaluti.com\/de\/wp-json\/wp\/v2\/product_brand?post=278889"},{"taxonomy":"product_cat","embeddable":true,"href":"https:\/\/zaluti.com\/de\/wp-json\/wp\/v2\/product_cat?post=278889"},{"taxonomy":"product_tag","embeddable":true,"href":"https:\/\/zaluti.com\/de\/wp-json\/wp\/v2\/product_tag?post=278889"}],"curies":[{"name":"wp","href":"https:\/\/api.w.org\/{rel}","templated":true}]}}