{"id":278886,"date":"2024-10-08T12:12:59","date_gmt":"2024-10-08T10:12:59","guid":{"rendered":"https:\/\/zaluti.com\/de\/?post_type=product&#038;p=278886"},"modified":"2025-12-17T10:48:34","modified_gmt":"2025-12-17T08:48:34","slug":"rose-absolue-duft-zaluti","status":"publish","type":"product","link":"https:\/\/zaluti.com\/de\/duefte\/rose-absolue\/","title":{"rendered":"Rose Absolue"},"content":{"rendered":"<p>Genie\u00dfen Sie die perfekte Kombination aus der sinnlichen und glamour\u00f6sen Seite der Rose, bereichert mit Weihrauch und dem w\u00fcrzigen Charakter dieses Dufts.<\/p>\n","protected":false},"excerpt":{"rendered":"<p>Genie\u00dfen Sie die perfekte Kombination aus der sinnlichen und glamour\u00f6sen Seite der Rose, bereichert mit Weihrauch und dem w\u00fcrzigen Charakter dieses Dufts.<\/p>\n","protected":false},"featured_media":278947,"comment_status":"open","ping_status":"closed","template":"","meta":{"_acf_changed":false,"_et_pb_use_builder":"","_et_pb_old_content":"","_et_gb_content_width":"","inline_featured_image":false},"product_brand":[],"product_cat":[27,26,100,24],"product_tag":[],"class_list":{"0":"post-278886","1":"product","2":"type-product","3":"status-publish","4":"has-post-thumbnail","6":"product_cat-floral","7":"product_cat-fresh","8":"product_cat-fruity","9":"product_cat-woody","11":"first","12":"instock","13":"shipping-taxable","14":"product-type-simple"},"acf":[],"aioseo_notices":[],"aioseo_head":"\n\t\t<!-- All in One SEO Pro 4.9.5.2 - aioseo.com -->\n\t<meta name=\"description\" content=\"Rose Absolue vereint Rose, Moschus und Amber zu einem eleganten Duft f\u00fcr Einkaufszentren. Verfeinert Atmosph\u00e4re und Luxusgef\u00fchl im Einzelhandel.\" \/>\n\t<meta name=\"robots\" content=\"max-image-preview:large\" \/>\n\t<link rel=\"canonical\" href=\"https:\/\/zaluti.com\/de\/duefte\/rose-absolue\/\" \/>\n\t<meta name=\"generator\" content=\"All in One SEO Pro (AIOSEO) 4.9.5.2\" \/>\n\t\t<meta property=\"og:locale\" content=\"de_DE\" \/>\n\t\t<meta property=\"og:site_name\" content=\"Zaluti B.V. | Professionals in scent marketing\" \/>\n\t\t<meta property=\"og:type\" content=\"article\" \/>\n\t\t<meta property=\"og:title\" content=\"Rose Absolue \u2013 Duftmarketing mit zeitloser Eleganz\" \/>\n\t\t<meta property=\"og:description\" content=\"Rose Absolue vereint Rose, Moschus und Amber zu einem eleganten Duft f\u00fcr Einkaufszentren. Verfeinert Atmosph\u00e4re und Luxusgef\u00fchl im Einzelhandel.\" \/>\n\t\t<meta property=\"og:url\" content=\"https:\/\/zaluti.com\/de\/duefte\/rose-absolue\/\" \/>\n\t\t<meta property=\"article:published_time\" content=\"2024-10-08T10:12:59+00:00\" \/>\n\t\t<meta property=\"article:modified_time\" content=\"2025-12-17T08:48:34+00:00\" \/>\n\t\t<meta property=\"article:publisher\" content=\"https:\/\/www.facebook.com\/people\/Zalutide\/61552806365452\/\" \/>\n\t\t<meta name=\"twitter:card\" content=\"summary_large_image\" \/>\n\t\t<meta name=\"twitter:site\" content=\"@Zaluti_de\" \/>\n\t\t<meta name=\"twitter:title\" content=\"Rose Absolue \u2013 Duftmarketing mit zeitloser Eleganz\" \/>\n\t\t<meta name=\"twitter:description\" content=\"Rose Absolue vereint Rose, Moschus und Amber zu einem eleganten Duft f\u00fcr Einkaufszentren. Verfeinert Atmosph\u00e4re und Luxusgef\u00fchl im Einzelhandel.\" \/>\n\t\t<script type=\"application\/ld+json\" class=\"aioseo-schema\">\n\t\t\t{\"@context\":\"https:\\\/\\\/schema.org\",\"@graph\":[{\"@type\":\"BreadcrumbList\",\"@id\":\"https:\\\/\\\/zaluti.com\\\/de\\\/duefte\\\/rose-absolue\\\/#breadcrumblist\",\"itemListElement\":[{\"@type\":\"ListItem\",\"@id\":\"https:\\\/\\\/zaluti.com\\\/de\\\/duefte\\\/alle-duefte\\\/#listItem\",\"position\":1,\"name\":\"Geuren\",\"item\":\"https:\\\/\\\/zaluti.com\\\/de\\\/duefte\\\/alle-duefte\\\/\",\"nextItem\":{\"@type\":\"ListItem\",\"@id\":\"https:\\\/\\\/zaluti.com\\\/de\\\/product-categorie\\\/woody\\\/#listItem\",\"name\":\"Woody\"}},{\"@type\":\"ListItem\",\"@id\":\"https:\\\/\\\/zaluti.com\\\/de\\\/product-categorie\\\/woody\\\/#listItem\",\"position\":2,\"name\":\"Woody\",\"item\":\"https:\\\/\\\/zaluti.com\\\/de\\\/product-categorie\\\/woody\\\/\",\"nextItem\":{\"@type\":\"ListItem\",\"@id\":\"https:\\\/\\\/zaluti.com\\\/de\\\/duefte\\\/rose-absolue\\\/#listItem\",\"name\":\"Rose Absolue\"},\"previousItem\":{\"@type\":\"ListItem\",\"@id\":\"https:\\\/\\\/zaluti.com\\\/de\\\/duefte\\\/alle-duefte\\\/#listItem\",\"name\":\"Geuren\"}},{\"@type\":\"ListItem\",\"@id\":\"https:\\\/\\\/zaluti.com\\\/de\\\/duefte\\\/rose-absolue\\\/#listItem\",\"position\":3,\"name\":\"Rose Absolue\",\"previousItem\":{\"@type\":\"ListItem\",\"@id\":\"https:\\\/\\\/zaluti.com\\\/de\\\/product-categorie\\\/woody\\\/#listItem\",\"name\":\"Woody\"}}]},{\"@type\":\"FAQPage\",\"@id\":\"https:\\\/\\\/zaluti.com\\\/de\\\/duefte\\\/rose-absolue\\\/#aioseo-faq-page-micxnknm\",\"name\":\"Rose Absolue \\u2013 Duftmarketing mit zeitloser Eleganz\",\"description\":\"Rose Absolue vereint Rose, Moschus und Amber zu einem eleganten Duft f\\u00fcr Einkaufszentren. Verfeinert Atmosph\\u00e4re und Luxusgef\\u00fchl im Einzelhandel.\",\"url\":\"https:\\\/\\\/zaluti.com\\\/de\\\/duefte\\\/rose-absolue\\\/\",\"mainEntity\":[{\"@type\":\"Question\",\"name\":\"Wof\\u00fcr ist Rose Absolue am besten geeignet?\",\"acceptedAnswer\":{\"@type\":\"Answer\",\"text\":\"Der Duft eignet sich ideal f\\u00fcr Einkaufszentren, Boutiquen und hochwertige Einzelhandelsfl\\u00e4chen. Die blumige W\\u00e4rme betont die luxuri\\u00f6se Ausstrahlung und sorgt f\\u00fcr ein willkommenes Gef\\u00fchl bei den Besuchern.\"}},{\"@type\":\"Question\",\"name\":\"Ist der Duft f\\u00fcr den t\\u00e4glichen Gebrauch sicher?\",\"acceptedAnswer\":{\"@type\":\"Answer\",\"text\":\"Ja. Rose Absolue erf\\u00fcllt alle IFRA-Richtlinien und wird vegan sowie nachhaltig hergestellt. Zaluti garantiert damit eine sichere und hochwertige Raumbeduftung.\"}},{\"@type\":\"Question\",\"name\":\"Wie lange bleibt der Duft wahrnehmbar?\",\"acceptedAnswer\":{\"@type\":\"Answer\",\"text\":\"Mit professionellen Duftmaschinen bleibt der Duft \\u00fcber Wochen hinweg konstant pr\\u00e4sent. Die Intensit\\u00e4t l\\u00e4sst sich leicht an Raumgr\\u00f6\\u00dfe und Besucherfrequenz anpassen.\"}},{\"@type\":\"Question\",\"name\":\"Kann Rose Absolue mit anderen D\\u00fcften kombiniert werden?\",\"acceptedAnswer\":{\"@type\":\"Answer\",\"text\":\"Ja, der Duft harmoniert gut mit leichten Holz- oder Zitrusnoten, um Frische und Kontrast zwischen verschiedenen Bereichen zu schaffen.\"}},{\"@type\":\"Question\",\"name\":\"Welche Duftmaschine passt am besten zu Rose Absolue?\",\"acceptedAnswer\":{\"@type\":\"Answer\",\"text\":\"F\\u00fcr Einkaufszentren eignen sich Systeme wie die Zaluti ModulAir oder ModulAir XL perfekt. Sie bieten eine kraftvolle, aber subtile Verteilung f\\u00fcr gro\\u00dfe R\\u00e4ume.\"}}],\"inLanguage\":\"de\",\"breadcrumb\":{\"@id\":\"https:\\\/\\\/zaluti.com\\\/de\\\/duefte\\\/rose-absolue\\\/#breadcrumblist\"}},{\"@type\":\"ItemPage\",\"@id\":\"https:\\\/\\\/zaluti.com\\\/de\\\/duefte\\\/rose-absolue\\\/#itempage\",\"url\":\"https:\\\/\\\/zaluti.com\\\/de\\\/duefte\\\/rose-absolue\\\/\",\"name\":\"Rose Absolue \\u2013 Duftmarketing mit zeitloser Eleganz\",\"description\":\"Rose Absolue vereint Rose, Moschus und Amber zu einem eleganten Duft f\\u00fcr Einkaufszentren. Verfeinert Atmosph\\u00e4re und Luxusgef\\u00fchl im Einzelhandel.\",\"inLanguage\":\"de-DE\",\"isPartOf\":{\"@id\":\"https:\\\/\\\/zaluti.com\\\/de\\\/#website\"},\"breadcrumb\":{\"@id\":\"https:\\\/\\\/zaluti.com\\\/de\\\/duefte\\\/rose-absolue\\\/#breadcrumblist\"},\"image\":{\"@type\":\"ImageObject\",\"url\":\"https:\\\/\\\/zaluti.com\\\/de\\\/wp-content\\\/uploads\\\/2024\\\/10\\\/Newroseabsoleuheader-scaled.webp\",\"@id\":\"https:\\\/\\\/zaluti.com\\\/de\\\/duefte\\\/rose-absolue\\\/#mainImage\",\"width\":2560,\"height\":1280},\"primaryImageOfPage\":{\"@id\":\"https:\\\/\\\/zaluti.com\\\/de\\\/duefte\\\/rose-absolue\\\/#mainImage\"},\"datePublished\":\"2024-10-08T12:12:59+02:00\",\"dateModified\":\"2025-12-17T10:48:34+02:00\"},{\"@type\":\"Organization\",\"@id\":\"https:\\\/\\\/zaluti.com\\\/de\\\/#organization\",\"name\":\"Zaluti\",\"description\":\"Zaluti ist Ihr Experte f\\u00fcr Duftmarketing und Raumbeduftung mit hochwertigen Duftmaschinen \\u201emade in Holland\\u201c. Herstellergarantie 7 Jahre.\",\"url\":\"https:\\\/\\\/zaluti.com\\\/de\\\/\",\"email\":\"welcome@zaluti.com\",\"telephone\":\"+31762055239\",\"foundingDate\":\"2015-01-01\",\"logo\":{\"@type\":\"ImageObject\",\"url\":\"https:\\\/\\\/zaluti.com\\\/de\\\/wp-content\\\/uploads\\\/2023\\\/09\\\/zalutilogo.png\",\"@id\":\"https:\\\/\\\/zaluti.com\\\/de\\\/duefte\\\/rose-absolue\\\/#organizationLogo\",\"width\":46,\"height\":83,\"caption\":\"Zalutilogo\"},\"image\":{\"@id\":\"https:\\\/\\\/zaluti.com\\\/de\\\/duefte\\\/rose-absolue\\\/#organizationLogo\"},\"sameAs\":[\"https:\\\/\\\/www.facebook.com\\\/people\\\/Zalutide\\\/61552806365452\\\/\",\"https:\\\/\\\/x.com\\\/Zaluti_de\",\"https:\\\/\\\/www.instagram.com\\\/zaluti_de\\\/\",\"https:\\\/\\\/nl.pinterest.com\\\/Zaluti_de\\\/\",\"https:\\\/\\\/www.youtube.com\\\/@AllSensService\",\"https:\\\/\\\/www.linkedin.com\\\/showcase\\\/zaluti-germany\\\/\"],\"address\":{\"@id\":\"https:\\\/\\\/zaluti.com\\\/de\\\/#postaladdress\",\"@type\":\"PostalAddress\",\"streetAddress\":\"Kapittelweg 12,\",\"postalCode\":\"4827 HG\",\"addressLocality\":\"Breda\",\"addressCountry\":\"NL\"}},{\"@type\":\"WebSite\",\"@id\":\"https:\\\/\\\/zaluti.com\\\/de\\\/#website\",\"url\":\"https:\\\/\\\/zaluti.com\\\/de\\\/\",\"name\":\"Zaluti B.V.\",\"description\":\"Professionals in scent marketing\",\"inLanguage\":\"de-DE\",\"publisher\":{\"@id\":\"https:\\\/\\\/zaluti.com\\\/de\\\/#organization\"}}]}\n\t\t<\/script>\n\t\t<!-- All in One SEO Pro -->\r\n\t\t<title>Rose Absolue \u2013 Duftmarketing mit zeitloser Eleganz<\/title>\n\n","aioseo_head_json":{"title":"Rose Absolue \u2013 Duftmarketing mit zeitloser Eleganz","description":"Rose Absolue vereint Rose, Moschus und Amber zu einem eleganten Duft f\u00fcr Einkaufszentren. Verfeinert Atmosph\u00e4re und Luxusgef\u00fchl im Einzelhandel.","canonical_url":"https:\/\/zaluti.com\/de\/duefte\/rose-absolue\/","robots":"max-image-preview:large","keywords":"","webmasterTools":{"miscellaneous":""},"schema":{"@context":"https:\/\/schema.org","@graph":[{"@type":"BreadcrumbList","@id":"https:\/\/zaluti.com\/de\/duefte\/rose-absolue\/#breadcrumblist","itemListElement":[{"@type":"ListItem","@id":"https:\/\/zaluti.com\/de\/duefte\/alle-duefte\/#listItem","position":1,"name":"Geuren","item":"https:\/\/zaluti.com\/de\/duefte\/alle-duefte\/","nextItem":{"@type":"ListItem","@id":"https:\/\/zaluti.com\/de\/product-categorie\/woody\/#listItem","name":"Woody"}},{"@type":"ListItem","@id":"https:\/\/zaluti.com\/de\/product-categorie\/woody\/#listItem","position":2,"name":"Woody","item":"https:\/\/zaluti.com\/de\/product-categorie\/woody\/","nextItem":{"@type":"ListItem","@id":"https:\/\/zaluti.com\/de\/duefte\/rose-absolue\/#listItem","name":"Rose Absolue"},"previousItem":{"@type":"ListItem","@id":"https:\/\/zaluti.com\/de\/duefte\/alle-duefte\/#listItem","name":"Geuren"}},{"@type":"ListItem","@id":"https:\/\/zaluti.com\/de\/duefte\/rose-absolue\/#listItem","position":3,"name":"Rose Absolue","previousItem":{"@type":"ListItem","@id":"https:\/\/zaluti.com\/de\/product-categorie\/woody\/#listItem","name":"Woody"}}]},{"@type":"FAQPage","@id":"https:\/\/zaluti.com\/de\/duefte\/rose-absolue\/#aioseo-faq-page-micxnknm","name":"Rose Absolue \u2013 Duftmarketing mit zeitloser Eleganz","description":"Rose Absolue vereint Rose, Moschus und Amber zu einem eleganten Duft f\u00fcr Einkaufszentren. Verfeinert Atmosph\u00e4re und Luxusgef\u00fchl im Einzelhandel.","url":"https:\/\/zaluti.com\/de\/duefte\/rose-absolue\/","mainEntity":[{"@type":"Question","name":"Wof\u00fcr ist Rose Absolue am besten geeignet?","acceptedAnswer":{"@type":"Answer","text":"Der Duft eignet sich ideal f\u00fcr Einkaufszentren, Boutiquen und hochwertige Einzelhandelsfl\u00e4chen. Die blumige W\u00e4rme betont die luxuri\u00f6se Ausstrahlung und sorgt f\u00fcr ein willkommenes Gef\u00fchl bei den Besuchern."}},{"@type":"Question","name":"Ist der Duft f\u00fcr den t\u00e4glichen Gebrauch sicher?","acceptedAnswer":{"@type":"Answer","text":"Ja. Rose Absolue erf\u00fcllt alle IFRA-Richtlinien und wird vegan sowie nachhaltig hergestellt. Zaluti garantiert damit eine sichere und hochwertige Raumbeduftung."}},{"@type":"Question","name":"Wie lange bleibt der Duft wahrnehmbar?","acceptedAnswer":{"@type":"Answer","text":"Mit professionellen Duftmaschinen bleibt der Duft \u00fcber Wochen hinweg konstant pr\u00e4sent. Die Intensit\u00e4t l\u00e4sst sich leicht an Raumgr\u00f6\u00dfe und Besucherfrequenz anpassen."}},{"@type":"Question","name":"Kann Rose Absolue mit anderen D\u00fcften kombiniert werden?","acceptedAnswer":{"@type":"Answer","text":"Ja, der Duft harmoniert gut mit leichten Holz- oder Zitrusnoten, um Frische und Kontrast zwischen verschiedenen Bereichen zu schaffen."}},{"@type":"Question","name":"Welche Duftmaschine passt am besten zu Rose Absolue?","acceptedAnswer":{"@type":"Answer","text":"F\u00fcr Einkaufszentren eignen sich Systeme wie die Zaluti ModulAir oder ModulAir XL perfekt. Sie bieten eine kraftvolle, aber subtile Verteilung f\u00fcr gro\u00dfe R\u00e4ume."}},{"@type":"Question","name":"Wof\u00fcr ist Rose Absolue am besten geeignet?","acceptedAnswer":{"@type":"Answer","text":"Der Duft eignet sich ideal f\u00fcr Einkaufszentren, Boutiquen und hochwertige Einzelhandelsfl\u00e4chen. Die blumige W\u00e4rme betont die luxuri\u00f6se Ausstrahlung und sorgt f\u00fcr ein willkommenes Gef\u00fchl bei den Besuchern."}},{"@type":"Question","name":"Ist der Duft f\u00fcr den t\u00e4glichen Gebrauch sicher?","acceptedAnswer":{"@type":"Answer","text":"Ja. Rose Absolue erf\u00fcllt alle IFRA-Richtlinien und wird vegan sowie nachhaltig hergestellt. Zaluti garantiert damit eine sichere und hochwertige Raumbeduftung."}},{"@type":"Question","name":"Wie lange bleibt der Duft wahrnehmbar?","acceptedAnswer":{"@type":"Answer","text":"Mit professionellen Duftmaschinen bleibt der Duft \u00fcber Wochen hinweg konstant pr\u00e4sent. Die Intensit\u00e4t l\u00e4sst sich leicht an Raumgr\u00f6\u00dfe und Besucherfrequenz anpassen."}},{"@type":"Question","name":"Kann Rose Absolue mit anderen D\u00fcften kombiniert werden?","acceptedAnswer":{"@type":"Answer","text":"Ja, der Duft harmoniert gut mit leichten Holz- oder Zitrusnoten, um Frische und Kontrast zwischen verschiedenen Bereichen zu schaffen."}},{"@type":"Question","name":"Welche Duftmaschine passt am besten zu Rose Absolue?","acceptedAnswer":{"@type":"Answer","text":"F\u00fcr Einkaufszentren eignen sich Systeme wie die Zaluti ModulAir oder ModulAir XL perfekt. Sie bieten eine kraftvolle, aber subtile Verteilung f\u00fcr gro\u00dfe R\u00e4ume."}}],"inLanguage":"de","breadcrumb":{"@id":"https:\/\/zaluti.com\/de\/duefte\/rose-absolue\/#breadcrumblist"}},{"@type":"ItemPage","@id":"https:\/\/zaluti.com\/de\/duefte\/rose-absolue\/#itempage","url":"https:\/\/zaluti.com\/de\/duefte\/rose-absolue\/","name":"Rose Absolue \u2013 Duftmarketing mit zeitloser Eleganz","description":"Rose Absolue vereint Rose, Moschus und Amber zu einem eleganten Duft f\u00fcr Einkaufszentren. Verfeinert Atmosph\u00e4re und Luxusgef\u00fchl im Einzelhandel.","inLanguage":"de-DE","isPartOf":{"@id":"https:\/\/zaluti.com\/de\/#website"},"breadcrumb":{"@id":"https:\/\/zaluti.com\/de\/duefte\/rose-absolue\/#breadcrumblist"},"image":{"@type":"ImageObject","url":"https:\/\/zaluti.com\/de\/wp-content\/uploads\/2024\/10\/Newroseabsoleuheader-scaled.webp","@id":"https:\/\/zaluti.com\/de\/duefte\/rose-absolue\/#mainImage","width":2560,"height":1280},"primaryImageOfPage":{"@id":"https:\/\/zaluti.com\/de\/duefte\/rose-absolue\/#mainImage"},"datePublished":"2024-10-08T12:12:59+02:00","dateModified":"2025-12-17T10:48:34+02:00"},{"@type":"Organization","@id":"https:\/\/zaluti.com\/de\/#organization","name":"Zaluti","description":"Zaluti ist Ihr Experte f\u00fcr Duftmarketing und Raumbeduftung mit hochwertigen Duftmaschinen \u201emade in Holland\u201c. Herstellergarantie 7 Jahre.","url":"https:\/\/zaluti.com\/de\/","email":"welcome@zaluti.com","telephone":"+31762055239","foundingDate":"2015-01-01","logo":{"@type":"ImageObject","url":"https:\/\/zaluti.com\/de\/wp-content\/uploads\/2023\/09\/zalutilogo.png","@id":"https:\/\/zaluti.com\/de\/duefte\/rose-absolue\/#organizationLogo","width":46,"height":83,"caption":"Zalutilogo"},"image":{"@id":"https:\/\/zaluti.com\/de\/duefte\/rose-absolue\/#organizationLogo"},"sameAs":["https:\/\/www.facebook.com\/people\/Zalutide\/61552806365452\/","https:\/\/x.com\/Zaluti_de","https:\/\/www.instagram.com\/zaluti_de\/","https:\/\/nl.pinterest.com\/Zaluti_de\/","https:\/\/www.youtube.com\/@AllSensService","https:\/\/www.linkedin.com\/showcase\/zaluti-germany\/"],"address":{"@id":"https:\/\/zaluti.com\/de\/#postaladdress","@type":"PostalAddress","streetAddress":"Kapittelweg 12,","postalCode":"4827 HG","addressLocality":"Breda","addressCountry":"NL"}},{"@type":"WebSite","@id":"https:\/\/zaluti.com\/de\/#website","url":"https:\/\/zaluti.com\/de\/","name":"Zaluti B.V.","description":"Professionals in scent marketing","inLanguage":"de-DE","publisher":{"@id":"https:\/\/zaluti.com\/de\/#organization"}}]},"og:locale":"de_DE","og:site_name":"Zaluti B.V. | Professionals in scent marketing","og:type":"article","og:title":"Rose Absolue \u2013 Duftmarketing mit zeitloser Eleganz","og:description":"Rose Absolue vereint Rose, Moschus und Amber zu einem eleganten Duft f\u00fcr Einkaufszentren. Verfeinert Atmosph\u00e4re und Luxusgef\u00fchl im Einzelhandel.","og:url":"https:\/\/zaluti.com\/de\/duefte\/rose-absolue\/","article:published_time":"2024-10-08T10:12:59+00:00","article:modified_time":"2025-12-17T08:48:34+00:00","article:publisher":"https:\/\/www.facebook.com\/people\/Zalutide\/61552806365452\/","twitter:card":"summary_large_image","twitter:site":"@Zaluti_de","twitter:title":"Rose Absolue \u2013 Duftmarketing mit zeitloser Eleganz","twitter:description":"Rose Absolue vereint Rose, Moschus und Amber zu einem eleganten Duft f\u00fcr Einkaufszentren. Verfeinert Atmosph\u00e4re und Luxusgef\u00fchl im Einzelhandel."},"aioseo_meta_data":{"post_id":"278886","title":"Rose Absolue \u2013 Duftmarketing mit zeitloser Eleganz","description":"Rose Absolue vereint Rose, Moschus und Amber zu einem eleganten Duft f\u00fcr Einkaufszentren. Verfeinert Atmosph\u00e4re und Luxusgef\u00fchl im Einzelhandel.","keywords":null,"keyphrases":{"focus":{"keyphrase":"Rose Absolue","score":70,"analysis":{"keyphraseInTitle":{"score":9,"maxScore":9,"error":0},"keyphraseInDescription":{"score":9,"maxScore":9,"error":0},"keyphraseLength":{"score":9,"maxScore":9,"error":0,"length":2},"keyphraseInURL":{"score":5,"maxScore":5,"error":0},"keyphraseInIntroduction":{"score":3,"maxScore":9,"error":1},"keyphraseInSubHeadings":[],"keyphraseInImageAlt":[],"keywordDensity":{"score":0,"type":"low","maxScore":9,"error":1}}},"additional":[{"keyphrase":"Rose","score":75,"analysis":{"keyphraseInDescription":{"score":9,"maxScore":9,"error":0},"keyphraseLength":{"score":9,"maxScore":9,"error":0,"length":1},"keyphraseInIntroduction":{"score":9,"maxScore":9,"error":0},"keyphraseInImageAlt":[],"keywordDensity":{"type":"high","score":0,"maxScore":9,"error":1}}}]},"primary_term":null,"canonical_url":null,"og_title":null,"og_description":null,"og_object_type":"default","og_image_type":"default","og_image_url":null,"og_image_width":null,"og_image_height":null,"og_image_custom_url":null,"og_image_custom_fields":null,"og_video":"","og_custom_url":null,"og_article_section":null,"og_article_tags":null,"twitter_use_og":false,"twitter_card":"default","twitter_image_type":"default","twitter_image_url":null,"twitter_image_custom_url":null,"twitter_image_custom_fields":null,"twitter_title":null,"twitter_description":null,"schema":{"blockGraphs":[],"customGraphs":[],"default":{"data":{"Article":[],"Course":[],"Dataset":[],"FAQPage":[],"Movie":[],"Person":[],"Product":[],"ProductReview":[],"Car":[],"Recipe":[],"Service":[],"SoftwareApplication":[],"WebPage":[]},"graphName":"ItemPage","isEnabled":true},"graphs":[{"id":"#aioseo-faq-page-micxnknm","slug":"faq-page","graphName":"FAQPage","label":"FAQ","properties":{"name":"Rose Absolue \u2013 Duftmarketing mit zeitloser Eleganz","description":"Rose Absolue vereint Rose, Moschus und Amber zu einem eleganten Duft f\u00fcr Einkaufszentren. Verfeinert Atmosph\u00e4re und Luxusgef\u00fchl im Einzelhandel.","questions":[{"question":"Wof\u00fcr ist Rose Absolue am besten geeignet?","answer":"Der Duft eignet sich ideal f\u00fcr Einkaufszentren, Boutiquen und hochwertige Einzelhandelsfl\u00e4chen. Die blumige W\u00e4rme betont die luxuri\u00f6se Ausstrahlung und sorgt f\u00fcr ein willkommenes Gef\u00fchl bei den Besuchern."},{"question":"Ist der Duft f\u00fcr den t\u00e4glichen Gebrauch sicher?","answer":"Ja. Rose Absolue erf\u00fcllt alle IFRA-Richtlinien und wird vegan sowie nachhaltig hergestellt. Zaluti garantiert damit eine sichere und hochwertige Raumbeduftung."},{"question":"Wie lange bleibt der Duft wahrnehmbar?","answer":"Mit professionellen Duftmaschinen bleibt der Duft \u00fcber Wochen hinweg konstant pr\u00e4sent. Die Intensit\u00e4t l\u00e4sst sich leicht an Raumgr\u00f6\u00dfe und Besucherfrequenz anpassen."},{"question":"Kann Rose Absolue mit anderen D\u00fcften kombiniert werden?","answer":"Ja, der Duft harmoniert gut mit leichten Holz- oder Zitrusnoten, um Frische und Kontrast zwischen verschiedenen Bereichen zu schaffen."},{"question":"Welche Duftmaschine passt am besten zu Rose Absolue?","answer":"F\u00fcr Einkaufszentren eignen sich Systeme wie die Zaluti ModulAir oder ModulAir XL perfekt. Sie bieten eine kraftvolle, aber subtile Verteilung f\u00fcr gro\u00dfe R\u00e4ume."}]},"value":"faq-page"}]},"schema_type":"default","schema_type_options":null,"pillar_content":false,"robots_default":true,"robots_noindex":false,"robots_noarchive":false,"robots_nosnippet":false,"robots_nofollow":false,"robots_noimageindex":false,"robots_noodp":false,"robots_notranslate":false,"robots_max_snippet":"-1","robots_max_videopreview":"-1","robots_max_imagepreview":"large","priority":null,"frequency":"default","local_seo":null,"seo_analyzer_scan_date":"2025-12-17 08:48:44","breadcrumb_settings":null,"limit_modified_date":false,"reviewed_by":"0","open_ai":"{\"title\":{\"suggestions\":[],\"usage\":0},\"description\":{\"suggestions\":[],\"usage\":0}}","ai":{"faqs":[],"keyPoints":[],"titles":[],"descriptions":[],"socialPosts":{"email":[],"linkedin":[],"twitter":[],"facebook":[],"instagram":[]}},"created":"2024-10-08 10:13:00","updated":"2026-04-18 15:02:26"},"_links":{"self":[{"href":"https:\/\/zaluti.com\/de\/wp-json\/wp\/v2\/product\/278886","targetHints":{"allow":["GET"]}}],"collection":[{"href":"https:\/\/zaluti.com\/de\/wp-json\/wp\/v2\/product"}],"about":[{"href":"https:\/\/zaluti.com\/de\/wp-json\/wp\/v2\/types\/product"}],"replies":[{"embeddable":true,"href":"https:\/\/zaluti.com\/de\/wp-json\/wp\/v2\/comments?post=278886"}],"wp:featuredmedia":[{"embeddable":true,"href":"https:\/\/zaluti.com\/de\/wp-json\/wp\/v2\/media\/278947"}],"wp:attachment":[{"href":"https:\/\/zaluti.com\/de\/wp-json\/wp\/v2\/media?parent=278886"}],"wp:term":[{"taxonomy":"product_brand","embeddable":true,"href":"https:\/\/zaluti.com\/de\/wp-json\/wp\/v2\/product_brand?post=278886"},{"taxonomy":"product_cat","embeddable":true,"href":"https:\/\/zaluti.com\/de\/wp-json\/wp\/v2\/product_cat?post=278886"},{"taxonomy":"product_tag","embeddable":true,"href":"https:\/\/zaluti.com\/de\/wp-json\/wp\/v2\/product_tag?post=278886"}],"curies":[{"name":"wp","href":"https:\/\/api.w.org\/{rel}","templated":true}]}}