{"id":278857,"date":"2024-10-08T09:08:05","date_gmt":"2024-10-08T07:08:05","guid":{"rendered":"https:\/\/zaluti.com\/de\/?post_type=product&#038;p=278857"},"modified":"2025-12-16T14:55:46","modified_gmt":"2025-12-16T12:55:46","slug":"club07-duft-zaluti","status":"publish","type":"product","link":"https:\/\/zaluti.com\/de\/duefte\/club07\/","title":{"rendered":"Club 07"},"content":{"rendered":"<p>Erleben Sie die Magie dieses Dufts, der warme, holzige Sinnlichkeit ausstrahlt, bereichert durch die erfrischende Sanftheit von wei\u00dfem Amber.<\/p>\n","protected":false},"excerpt":{"rendered":"<p>Erleben Sie die Magie dieses Dufts, der warme, holzige Sinnlichkeit ausstrahlt, bereichert durch die erfrischende Sanftheit von wei\u00dfem Amber.<\/p>\n","protected":false},"featured_media":278656,"comment_status":"open","ping_status":"closed","template":"","meta":{"_acf_changed":false,"_et_pb_use_builder":"","_et_pb_old_content":"","_et_gb_content_width":"","inline_featured_image":false},"product_brand":[],"product_cat":[101],"product_tag":[],"class_list":{"0":"post-278857","1":"product","2":"type-product","3":"status-publish","4":"has-post-thumbnail","6":"product_cat-spicy","8":"first","9":"instock","10":"shipping-taxable","11":"product-type-simple"},"acf":[],"aioseo_notices":[],"aioseo_head":"\n\t\t<!-- All in One SEO Pro 4.9.5.2 - aioseo.com -->\n\t<meta name=\"description\" content=\"Club07 vereint Zitrus, Amber und Holz zu einer modernen, eleganten Duftkomposition. Ideal f\u00fcr Showrooms und hochwertige Markenpr\u00e4sentationen.\" \/>\n\t<meta name=\"robots\" content=\"max-image-preview:large\" \/>\n\t<link rel=\"canonical\" href=\"https:\/\/zaluti.com\/de\/duefte\/club07\/\" \/>\n\t<meta name=\"generator\" content=\"All in One SEO Pro (AIOSEO) 4.9.5.2\" \/>\n\t\t<meta property=\"og:locale\" content=\"de_DE\" \/>\n\t\t<meta property=\"og:site_name\" content=\"Zaluti B.V. | Professionals in scent marketing\" \/>\n\t\t<meta property=\"og:type\" content=\"article\" \/>\n\t\t<meta property=\"og:title\" content=\"Club07 \u2013 Duftmarketing mit moderner Raffinesse | Zaluti\" \/>\n\t\t<meta property=\"og:description\" content=\"Club07 vereint Zitrus, Amber und Holz zu einer modernen, eleganten Duftkomposition. Ideal f\u00fcr Showrooms und hochwertige Markenpr\u00e4sentationen.\" \/>\n\t\t<meta property=\"og:url\" content=\"https:\/\/zaluti.com\/de\/duefte\/club07\/\" \/>\n\t\t<meta property=\"article:published_time\" content=\"2024-10-08T07:08:05+00:00\" \/>\n\t\t<meta property=\"article:modified_time\" content=\"2025-12-16T12:55:46+00:00\" \/>\n\t\t<meta property=\"article:publisher\" content=\"https:\/\/www.facebook.com\/people\/Zalutide\/61552806365452\/\" \/>\n\t\t<meta name=\"twitter:card\" content=\"summary_large_image\" \/>\n\t\t<meta name=\"twitter:site\" content=\"@Zaluti_de\" \/>\n\t\t<meta name=\"twitter:title\" content=\"Club07 \u2013 Duftmarketing mit moderner Raffinesse | Zaluti\" \/>\n\t\t<meta name=\"twitter:description\" content=\"Club07 vereint Zitrus, Amber und Holz zu einer modernen, eleganten Duftkomposition. Ideal f\u00fcr Showrooms und hochwertige Markenpr\u00e4sentationen.\" \/>\n\t\t<script type=\"application\/ld+json\" class=\"aioseo-schema\">\n\t\t\t{\"@context\":\"https:\\\/\\\/schema.org\",\"@graph\":[{\"@type\":\"BreadcrumbList\",\"@id\":\"https:\\\/\\\/zaluti.com\\\/de\\\/duefte\\\/club07\\\/#breadcrumblist\",\"itemListElement\":[{\"@type\":\"ListItem\",\"@id\":\"https:\\\/\\\/zaluti.com\\\/de\\\/duefte\\\/alle-duefte\\\/#listItem\",\"position\":1,\"name\":\"Geuren\",\"item\":\"https:\\\/\\\/zaluti.com\\\/de\\\/duefte\\\/alle-duefte\\\/\",\"nextItem\":{\"@type\":\"ListItem\",\"@id\":\"https:\\\/\\\/zaluti.com\\\/de\\\/product-categorie\\\/spicy\\\/#listItem\",\"name\":\"Spicy\"}},{\"@type\":\"ListItem\",\"@id\":\"https:\\\/\\\/zaluti.com\\\/de\\\/product-categorie\\\/spicy\\\/#listItem\",\"position\":2,\"name\":\"Spicy\",\"item\":\"https:\\\/\\\/zaluti.com\\\/de\\\/product-categorie\\\/spicy\\\/\",\"nextItem\":{\"@type\":\"ListItem\",\"@id\":\"https:\\\/\\\/zaluti.com\\\/de\\\/duefte\\\/club07\\\/#listItem\",\"name\":\"Club 07\"},\"previousItem\":{\"@type\":\"ListItem\",\"@id\":\"https:\\\/\\\/zaluti.com\\\/de\\\/duefte\\\/alle-duefte\\\/#listItem\",\"name\":\"Geuren\"}},{\"@type\":\"ListItem\",\"@id\":\"https:\\\/\\\/zaluti.com\\\/de\\\/duefte\\\/club07\\\/#listItem\",\"position\":3,\"name\":\"Club 07\",\"previousItem\":{\"@type\":\"ListItem\",\"@id\":\"https:\\\/\\\/zaluti.com\\\/de\\\/product-categorie\\\/spicy\\\/#listItem\",\"name\":\"Spicy\"}}]},{\"@type\":\"FAQPage\",\"@id\":\"https:\\\/\\\/zaluti.com\\\/de\\\/duefte\\\/club07\\\/#aioseo-faq-page-mi38r5e6\",\"name\":\"Club07 \\u2013 Duftmarketing mit moderner Raffinesse | Zaluti\",\"description\":\"Club07 vereint Zitrus, Amber und Holz zu einer modernen, eleganten Duftkomposition. Ideal f\\u00fcr Showrooms und hochwertige Markenpr\\u00e4sentationen.\",\"url\":\"https:\\\/\\\/zaluti.com\\\/de\\\/duefte\\\/club07\\\/\",\"mainEntity\":[{\"@type\":\"Question\",\"name\":\"Warum ist Club07 f\\u00fcr Showrooms geeignet?\",\"acceptedAnswer\":{\"@type\":\"Answer\",\"text\":\"Club07 eignet sich f\\u00fcr Showrooms, weil der Duft Kraft und Raffinesse vereint. Die frischen Zitrusnoten ziehen Aufmerksamkeit auf sich, w\\u00e4hrend Amber und Holz Tiefe und Luxus verleihen. So entsteht ein wiedererkennbares Dufterlebnis, das Markenwert st\\u00e4rkt und Besucher l\\u00e4nger verweilen l\\u00e4sst.\"}},{\"@type\":\"Question\",\"name\":\"Ist Club07 sicher und IFRA-zertifiziert?\",\"acceptedAnswer\":{\"@type\":\"Answer\",\"text\":\"Ja, Club07 erf\\u00fcllt alle IFRA-Richtlinien und ist vegan. Die AllSens-D\\u00fcfte werden nachhaltig in den Niederlanden entwickelt und produziert. Lesen Sie mehr \\u00fcber unsere Sicherheit &amp; Qualit\\u00e4t f\\u00fcr Details zu Inhaltsstoffen und Zertifizierungen.\"}},{\"@type\":\"Question\",\"name\":\"Wie lange bleibt der Duft in Showrooms wahrnehmbar?\",\"acceptedAnswer\":{\"@type\":\"Answer\",\"text\":\"Der Duft bleibt so lange wahrnehmbar, wie der Diffusor aktiv ist. Professionelle Kaltvernebelungssysteme verbreiten Club07 kontinuierlich und gleichm\\u00e4\\u00dfig, sodass der Raum dauerhaft in eine elegante, einladende Duftatmosph\\u00e4re geh\\u00fcllt bleibt.\"}},{\"@type\":\"Question\",\"name\":\"Kann Club07 mit anderen D\\u00fcften kombiniert werden?\",\"acceptedAnswer\":{\"@type\":\"Answer\",\"text\":\"Ja, Club07 l\\u00e4sst sich gut mit holzigen oder w\\u00fcrzigen D\\u00fcften kombinieren. Diese betonen den modernen Charakter und verleihen zus\\u00e4tzliche Tiefe, wodurch eine unverwechselbare Markenidentit\\u00e4t im Showroom entsteht.\"}},{\"@type\":\"Question\",\"name\":\"Welche Duftmaschine passt am besten zu Club07?\",\"acceptedAnswer\":{\"@type\":\"Answer\",\"text\":\"F\\u00fcr Showrooms empfehlen wir diskrete Einbau- oder HVAC-Systeme aus unserer Duftmaschinen-Kollektion. Sie verbreiten Club07 dezent und konstant, wodurch der Duft dem gesamten Raum eine moderne, raffinierte Ausstrahlung verleiht.\"}}],\"inLanguage\":\"de\",\"breadcrumb\":{\"@id\":\"https:\\\/\\\/zaluti.com\\\/de\\\/duefte\\\/club07\\\/#breadcrumblist\"}},{\"@type\":\"ItemPage\",\"@id\":\"https:\\\/\\\/zaluti.com\\\/de\\\/duefte\\\/club07\\\/#itempage\",\"url\":\"https:\\\/\\\/zaluti.com\\\/de\\\/duefte\\\/club07\\\/\",\"name\":\"Club07 \\u2013 Duftmarketing mit moderner Raffinesse | Zaluti\",\"description\":\"Club07 vereint Zitrus, Amber und Holz zu einer modernen, eleganten Duftkomposition. Ideal f\\u00fcr Showrooms und hochwertige Markenpr\\u00e4sentationen.\",\"inLanguage\":\"de-DE\",\"isPartOf\":{\"@id\":\"https:\\\/\\\/zaluti.com\\\/de\\\/#website\"},\"breadcrumb\":{\"@id\":\"https:\\\/\\\/zaluti.com\\\/de\\\/duefte\\\/club07\\\/#breadcrumblist\"},\"image\":{\"@type\":\"ImageObject\",\"url\":\"https:\\\/\\\/zaluti.com\\\/de\\\/wp-content\\\/uploads\\\/2024\\\/10\\\/Clubheader-scaled.webp\",\"@id\":\"https:\\\/\\\/zaluti.com\\\/de\\\/duefte\\\/club07\\\/#mainImage\",\"width\":2560,\"height\":1280},\"primaryImageOfPage\":{\"@id\":\"https:\\\/\\\/zaluti.com\\\/de\\\/duefte\\\/club07\\\/#mainImage\"},\"datePublished\":\"2024-10-08T09:08:05+02:00\",\"dateModified\":\"2025-12-16T14:55:46+02:00\"},{\"@type\":\"Organization\",\"@id\":\"https:\\\/\\\/zaluti.com\\\/de\\\/#organization\",\"name\":\"Zaluti\",\"description\":\"Zaluti ist Ihr Experte f\\u00fcr Duftmarketing und Raumbeduftung mit hochwertigen Duftmaschinen \\u201emade in Holland\\u201c. Herstellergarantie 7 Jahre.\",\"url\":\"https:\\\/\\\/zaluti.com\\\/de\\\/\",\"email\":\"welcome@zaluti.com\",\"telephone\":\"+31762055239\",\"foundingDate\":\"2015-01-01\",\"logo\":{\"@type\":\"ImageObject\",\"url\":\"https:\\\/\\\/zaluti.com\\\/de\\\/wp-content\\\/uploads\\\/2023\\\/09\\\/zalutilogo.png\",\"@id\":\"https:\\\/\\\/zaluti.com\\\/de\\\/duefte\\\/club07\\\/#organizationLogo\",\"width\":46,\"height\":83,\"caption\":\"Zalutilogo\"},\"image\":{\"@id\":\"https:\\\/\\\/zaluti.com\\\/de\\\/duefte\\\/club07\\\/#organizationLogo\"},\"sameAs\":[\"https:\\\/\\\/www.facebook.com\\\/people\\\/Zalutide\\\/61552806365452\\\/\",\"https:\\\/\\\/x.com\\\/Zaluti_de\",\"https:\\\/\\\/www.instagram.com\\\/zaluti_de\\\/\",\"https:\\\/\\\/nl.pinterest.com\\\/Zaluti_de\\\/\",\"https:\\\/\\\/www.youtube.com\\\/@AllSensService\",\"https:\\\/\\\/www.linkedin.com\\\/showcase\\\/zaluti-germany\\\/\"],\"address\":{\"@id\":\"https:\\\/\\\/zaluti.com\\\/de\\\/#postaladdress\",\"@type\":\"PostalAddress\",\"streetAddress\":\"Kapittelweg 12,\",\"postalCode\":\"4827 HG\",\"addressLocality\":\"Breda\",\"addressCountry\":\"NL\"}},{\"@type\":\"WebSite\",\"@id\":\"https:\\\/\\\/zaluti.com\\\/de\\\/#website\",\"url\":\"https:\\\/\\\/zaluti.com\\\/de\\\/\",\"name\":\"Zaluti B.V.\",\"description\":\"Professionals in scent marketing\",\"inLanguage\":\"de-DE\",\"publisher\":{\"@id\":\"https:\\\/\\\/zaluti.com\\\/de\\\/#organization\"}}]}\n\t\t<\/script>\n\t\t<!-- All in One SEO Pro -->\r\n\t\t<title>Club07 \u2013 Duftmarketing mit moderner Raffinesse | Zaluti<\/title>\n\n","aioseo_head_json":{"title":"Club07 \u2013 Duftmarketing mit moderner Raffinesse | Zaluti","description":"Club07 vereint Zitrus, Amber und Holz zu einer modernen, eleganten Duftkomposition. Ideal f\u00fcr Showrooms und hochwertige Markenpr\u00e4sentationen.","canonical_url":"https:\/\/zaluti.com\/de\/duefte\/club07\/","robots":"max-image-preview:large","keywords":"","webmasterTools":{"miscellaneous":""},"schema":{"@context":"https:\/\/schema.org","@graph":[{"@type":"BreadcrumbList","@id":"https:\/\/zaluti.com\/de\/duefte\/club07\/#breadcrumblist","itemListElement":[{"@type":"ListItem","@id":"https:\/\/zaluti.com\/de\/duefte\/alle-duefte\/#listItem","position":1,"name":"Geuren","item":"https:\/\/zaluti.com\/de\/duefte\/alle-duefte\/","nextItem":{"@type":"ListItem","@id":"https:\/\/zaluti.com\/de\/product-categorie\/spicy\/#listItem","name":"Spicy"}},{"@type":"ListItem","@id":"https:\/\/zaluti.com\/de\/product-categorie\/spicy\/#listItem","position":2,"name":"Spicy","item":"https:\/\/zaluti.com\/de\/product-categorie\/spicy\/","nextItem":{"@type":"ListItem","@id":"https:\/\/zaluti.com\/de\/duefte\/club07\/#listItem","name":"Club 07"},"previousItem":{"@type":"ListItem","@id":"https:\/\/zaluti.com\/de\/duefte\/alle-duefte\/#listItem","name":"Geuren"}},{"@type":"ListItem","@id":"https:\/\/zaluti.com\/de\/duefte\/club07\/#listItem","position":3,"name":"Club 07","previousItem":{"@type":"ListItem","@id":"https:\/\/zaluti.com\/de\/product-categorie\/spicy\/#listItem","name":"Spicy"}}]},{"@type":"FAQPage","@id":"https:\/\/zaluti.com\/de\/duefte\/club07\/#aioseo-faq-page-mi38r5e6","name":"Club07 \u2013 Duftmarketing mit moderner Raffinesse | Zaluti","description":"Club07 vereint Zitrus, Amber und Holz zu einer modernen, eleganten Duftkomposition. Ideal f\u00fcr Showrooms und hochwertige Markenpr\u00e4sentationen.","url":"https:\/\/zaluti.com\/de\/duefte\/club07\/","mainEntity":[{"@type":"Question","name":"Warum ist Club07 f\u00fcr Showrooms geeignet?","acceptedAnswer":{"@type":"Answer","text":"Club07 eignet sich f\u00fcr Showrooms, weil der Duft Kraft und Raffinesse vereint. Die frischen Zitrusnoten ziehen Aufmerksamkeit auf sich, w\u00e4hrend Amber und Holz Tiefe und Luxus verleihen. So entsteht ein wiedererkennbares Dufterlebnis, das Markenwert st\u00e4rkt und Besucher l\u00e4nger verweilen l\u00e4sst."}},{"@type":"Question","name":"Ist Club07 sicher und IFRA-zertifiziert?","acceptedAnswer":{"@type":"Answer","text":"Ja, Club07 erf\u00fcllt alle IFRA-Richtlinien und ist vegan. Die AllSens-D\u00fcfte werden nachhaltig in den Niederlanden entwickelt und produziert. Lesen Sie mehr \u00fcber unsere Sicherheit &amp; Qualit\u00e4t f\u00fcr Details zu Inhaltsstoffen und Zertifizierungen."}},{"@type":"Question","name":"Wie lange bleibt der Duft in Showrooms wahrnehmbar?","acceptedAnswer":{"@type":"Answer","text":"Der Duft bleibt so lange wahrnehmbar, wie der Diffusor aktiv ist. Professionelle Kaltvernebelungssysteme verbreiten Club07 kontinuierlich und gleichm\u00e4\u00dfig, sodass der Raum dauerhaft in eine elegante, einladende Duftatmosph\u00e4re geh\u00fcllt bleibt."}},{"@type":"Question","name":"Kann Club07 mit anderen D\u00fcften kombiniert werden?","acceptedAnswer":{"@type":"Answer","text":"Ja, Club07 l\u00e4sst sich gut mit holzigen oder w\u00fcrzigen D\u00fcften kombinieren. Diese betonen den modernen Charakter und verleihen zus\u00e4tzliche Tiefe, wodurch eine unverwechselbare Markenidentit\u00e4t im Showroom entsteht."}},{"@type":"Question","name":"Welche Duftmaschine passt am besten zu Club07?","acceptedAnswer":{"@type":"Answer","text":"F\u00fcr Showrooms empfehlen wir diskrete Einbau- oder HVAC-Systeme aus unserer Duftmaschinen-Kollektion. Sie verbreiten Club07 dezent und konstant, wodurch der Duft dem gesamten Raum eine moderne, raffinierte Ausstrahlung verleiht."}},{"@type":"Question","name":"Warum ist Club07 f\u00fcr Showrooms geeignet?","acceptedAnswer":{"@type":"Answer","text":"Club07 eignet sich f\u00fcr Showrooms, weil der Duft Kraft und Raffinesse vereint. Die frischen Zitrusnoten ziehen Aufmerksamkeit auf sich, w\u00e4hrend Amber und Holz Tiefe und Luxus verleihen. So entsteht ein wiedererkennbares Dufterlebnis, das Markenwert st\u00e4rkt und Besucher l\u00e4nger verweilen l\u00e4sst."}},{"@type":"Question","name":"Ist Club07 sicher und IFRA-zertifiziert?","acceptedAnswer":{"@type":"Answer","text":"Ja, Club07 erf\u00fcllt alle IFRA-Richtlinien und ist vegan. Die AllSens-D\u00fcfte werden nachhaltig in den Niederlanden entwickelt und produziert. Lesen Sie mehr \u00fcber unsere Sicherheit &amp; Qualit\u00e4t f\u00fcr Details zu Inhaltsstoffen und Zertifizierungen."}},{"@type":"Question","name":"Wie lange bleibt der Duft in Showrooms wahrnehmbar?","acceptedAnswer":{"@type":"Answer","text":"Der Duft bleibt so lange wahrnehmbar, wie der Diffusor aktiv ist. Professionelle Kaltvernebelungssysteme verbreiten Club07 kontinuierlich und gleichm\u00e4\u00dfig, sodass der Raum dauerhaft in eine elegante, einladende Duftatmosph\u00e4re geh\u00fcllt bleibt."}},{"@type":"Question","name":"Kann Club07 mit anderen D\u00fcften kombiniert werden?","acceptedAnswer":{"@type":"Answer","text":"Ja, Club07 l\u00e4sst sich gut mit holzigen oder w\u00fcrzigen D\u00fcften kombinieren. Diese betonen den modernen Charakter und verleihen zus\u00e4tzliche Tiefe, wodurch eine unverwechselbare Markenidentit\u00e4t im Showroom entsteht."}},{"@type":"Question","name":"Welche Duftmaschine passt am besten zu Club07?","acceptedAnswer":{"@type":"Answer","text":"F\u00fcr Showrooms empfehlen wir diskrete Einbau- oder HVAC-Systeme aus unserer Duftmaschinen-Kollektion. Sie verbreiten Club07 dezent und konstant, wodurch der Duft dem gesamten Raum eine moderne, raffinierte Ausstrahlung verleiht."}}],"inLanguage":"de","breadcrumb":{"@id":"https:\/\/zaluti.com\/de\/duefte\/club07\/#breadcrumblist"}},{"@type":"ItemPage","@id":"https:\/\/zaluti.com\/de\/duefte\/club07\/#itempage","url":"https:\/\/zaluti.com\/de\/duefte\/club07\/","name":"Club07 \u2013 Duftmarketing mit moderner Raffinesse | Zaluti","description":"Club07 vereint Zitrus, Amber und Holz zu einer modernen, eleganten Duftkomposition. Ideal f\u00fcr Showrooms und hochwertige Markenpr\u00e4sentationen.","inLanguage":"de-DE","isPartOf":{"@id":"https:\/\/zaluti.com\/de\/#website"},"breadcrumb":{"@id":"https:\/\/zaluti.com\/de\/duefte\/club07\/#breadcrumblist"},"image":{"@type":"ImageObject","url":"https:\/\/zaluti.com\/de\/wp-content\/uploads\/2024\/10\/Clubheader-scaled.webp","@id":"https:\/\/zaluti.com\/de\/duefte\/club07\/#mainImage","width":2560,"height":1280},"primaryImageOfPage":{"@id":"https:\/\/zaluti.com\/de\/duefte\/club07\/#mainImage"},"datePublished":"2024-10-08T09:08:05+02:00","dateModified":"2025-12-16T14:55:46+02:00"},{"@type":"Organization","@id":"https:\/\/zaluti.com\/de\/#organization","name":"Zaluti","description":"Zaluti ist Ihr Experte f\u00fcr Duftmarketing und Raumbeduftung mit hochwertigen Duftmaschinen \u201emade in Holland\u201c. Herstellergarantie 7 Jahre.","url":"https:\/\/zaluti.com\/de\/","email":"welcome@zaluti.com","telephone":"+31762055239","foundingDate":"2015-01-01","logo":{"@type":"ImageObject","url":"https:\/\/zaluti.com\/de\/wp-content\/uploads\/2023\/09\/zalutilogo.png","@id":"https:\/\/zaluti.com\/de\/duefte\/club07\/#organizationLogo","width":46,"height":83,"caption":"Zalutilogo"},"image":{"@id":"https:\/\/zaluti.com\/de\/duefte\/club07\/#organizationLogo"},"sameAs":["https:\/\/www.facebook.com\/people\/Zalutide\/61552806365452\/","https:\/\/x.com\/Zaluti_de","https:\/\/www.instagram.com\/zaluti_de\/","https:\/\/nl.pinterest.com\/Zaluti_de\/","https:\/\/www.youtube.com\/@AllSensService","https:\/\/www.linkedin.com\/showcase\/zaluti-germany\/"],"address":{"@id":"https:\/\/zaluti.com\/de\/#postaladdress","@type":"PostalAddress","streetAddress":"Kapittelweg 12,","postalCode":"4827 HG","addressLocality":"Breda","addressCountry":"NL"}},{"@type":"WebSite","@id":"https:\/\/zaluti.com\/de\/#website","url":"https:\/\/zaluti.com\/de\/","name":"Zaluti B.V.","description":"Professionals in scent marketing","inLanguage":"de-DE","publisher":{"@id":"https:\/\/zaluti.com\/de\/#organization"}}]},"og:locale":"de_DE","og:site_name":"Zaluti B.V. | Professionals in scent marketing","og:type":"article","og:title":"Club07 \u2013 Duftmarketing mit moderner Raffinesse | Zaluti","og:description":"Club07 vereint Zitrus, Amber und Holz zu einer modernen, eleganten Duftkomposition. Ideal f\u00fcr Showrooms und hochwertige Markenpr\u00e4sentationen.","og:url":"https:\/\/zaluti.com\/de\/duefte\/club07\/","article:published_time":"2024-10-08T07:08:05+00:00","article:modified_time":"2025-12-16T12:55:46+00:00","article:publisher":"https:\/\/www.facebook.com\/people\/Zalutide\/61552806365452\/","twitter:card":"summary_large_image","twitter:site":"@Zaluti_de","twitter:title":"Club07 \u2013 Duftmarketing mit moderner Raffinesse | Zaluti","twitter:description":"Club07 vereint Zitrus, Amber und Holz zu einer modernen, eleganten Duftkomposition. Ideal f\u00fcr Showrooms und hochwertige Markenpr\u00e4sentationen."},"aioseo_meta_data":{"post_id":"278857","title":"Club07 \u2013 Duftmarketing mit moderner Raffinesse | Zaluti","description":"Club07 vereint Zitrus, Amber und Holz zu einer modernen, eleganten Duftkomposition. Ideal f\u00fcr Showrooms und hochwertige Markenpr\u00e4sentationen.","keywords":null,"keyphrases":{"focus":{"keyphrase":"Club 07","score":38,"analysis":{"keyphraseInTitle":{"score":3,"maxScore":9,"error":1},"keyphraseInDescription":{"score":3,"maxScore":9,"error":1},"keyphraseLength":{"score":9,"maxScore":9,"error":0,"length":2},"keyphraseInURL":{"score":1,"maxScore":5,"error":1},"keyphraseInIntroduction":{"score":3,"maxScore":9,"error":1},"keyphraseInSubHeadings":[],"keyphraseInImageAlt":[],"keywordDensity":{"score":0,"type":"low","maxScore":9,"error":1}}},"additional":[]},"primary_term":null,"canonical_url":null,"og_title":null,"og_description":null,"og_object_type":"default","og_image_type":"default","og_image_url":null,"og_image_width":null,"og_image_height":null,"og_image_custom_url":null,"og_image_custom_fields":null,"og_video":"","og_custom_url":null,"og_article_section":null,"og_article_tags":null,"twitter_use_og":false,"twitter_card":"default","twitter_image_type":"default","twitter_image_url":null,"twitter_image_custom_url":null,"twitter_image_custom_fields":null,"twitter_title":null,"twitter_description":null,"schema":{"blockGraphs":[],"customGraphs":[],"default":{"data":{"Article":[],"Course":[],"Dataset":[],"FAQPage":[],"Movie":[],"Person":[],"Product":[],"ProductReview":[],"Car":[],"Recipe":[],"Service":[],"SoftwareApplication":[],"WebPage":[]},"graphName":"ItemPage","isEnabled":true},"graphs":[{"id":"#aioseo-faq-page-mi38r5e6","slug":"faq-page","graphName":"FAQPage","label":"FAQ","properties":{"name":"Club07 \u2013 Duftmarketing mit moderner Raffinesse | Zaluti","description":"Club07 vereint Zitrus, Amber und Holz zu einer modernen, eleganten Duftkomposition. Ideal f\u00fcr Showrooms und hochwertige Markenpr\u00e4sentationen.","questions":[{"question":"Warum ist Club07 f\u00fcr Showrooms geeignet?","answer":"Club07 eignet sich f\u00fcr Showrooms, weil der Duft Kraft und Raffinesse vereint. Die frischen Zitrusnoten ziehen Aufmerksamkeit auf sich, w\u00e4hrend Amber und Holz Tiefe und Luxus verleihen. So entsteht ein wiedererkennbares Dufterlebnis, das Markenwert st\u00e4rkt und Besucher l\u00e4nger verweilen l\u00e4sst."},{"question":"Ist Club07 sicher und IFRA-zertifiziert?","answer":"Ja, Club07 erf\u00fcllt alle IFRA-Richtlinien und ist vegan. Die AllSens-D\u00fcfte werden nachhaltig in den Niederlanden entwickelt und produziert. Lesen Sie mehr \u00fcber unsere Sicherheit & Qualit\u00e4t f\u00fcr Details zu Inhaltsstoffen und Zertifizierungen."},{"question":"Wie lange bleibt der Duft in Showrooms wahrnehmbar?","answer":"Der Duft bleibt so lange wahrnehmbar, wie der Diffusor aktiv ist. Professionelle Kaltvernebelungssysteme verbreiten Club07 kontinuierlich und gleichm\u00e4\u00dfig, sodass der Raum dauerhaft in eine elegante, einladende Duftatmosph\u00e4re geh\u00fcllt bleibt."},{"question":"Kann Club07 mit anderen D\u00fcften kombiniert werden?","answer":"Ja, Club07 l\u00e4sst sich gut mit holzigen oder w\u00fcrzigen D\u00fcften kombinieren. Diese betonen den modernen Charakter und verleihen zus\u00e4tzliche Tiefe, wodurch eine unverwechselbare Markenidentit\u00e4t im Showroom entsteht."},{"question":"Welche Duftmaschine passt am besten zu Club07?","answer":"F\u00fcr Showrooms empfehlen wir diskrete Einbau- oder HVAC-Systeme aus unserer Duftmaschinen-Kollektion. Sie verbreiten Club07 dezent und konstant, wodurch der Duft dem gesamten Raum eine moderne, raffinierte Ausstrahlung verleiht."}]},"value":"faq-page"}]},"schema_type":"default","schema_type_options":null,"pillar_content":false,"robots_default":true,"robots_noindex":false,"robots_noarchive":false,"robots_nosnippet":false,"robots_nofollow":false,"robots_noimageindex":false,"robots_noodp":false,"robots_notranslate":false,"robots_max_snippet":"-1","robots_max_videopreview":"-1","robots_max_imagepreview":"large","priority":null,"frequency":"default","local_seo":null,"seo_analyzer_scan_date":"2025-12-16 13:02:29","breadcrumb_settings":null,"limit_modified_date":false,"reviewed_by":"0","open_ai":"{\"title\":{\"suggestions\":[],\"usage\":0},\"description\":{\"suggestions\":[],\"usage\":0}}","ai":{"faqs":[],"keyPoints":[],"titles":[],"descriptions":[],"socialPosts":{"email":[],"linkedin":[],"twitter":[],"facebook":[],"instagram":[]}},"created":"2024-10-08 07:08:06","updated":"2026-04-18 10:51:57"},"_links":{"self":[{"href":"https:\/\/zaluti.com\/de\/wp-json\/wp\/v2\/product\/278857","targetHints":{"allow":["GET"]}}],"collection":[{"href":"https:\/\/zaluti.com\/de\/wp-json\/wp\/v2\/product"}],"about":[{"href":"https:\/\/zaluti.com\/de\/wp-json\/wp\/v2\/types\/product"}],"replies":[{"embeddable":true,"href":"https:\/\/zaluti.com\/de\/wp-json\/wp\/v2\/comments?post=278857"}],"wp:featuredmedia":[{"embeddable":true,"href":"https:\/\/zaluti.com\/de\/wp-json\/wp\/v2\/media\/278656"}],"wp:attachment":[{"href":"https:\/\/zaluti.com\/de\/wp-json\/wp\/v2\/media?parent=278857"}],"wp:term":[{"taxonomy":"product_brand","embeddable":true,"href":"https:\/\/zaluti.com\/de\/wp-json\/wp\/v2\/product_brand?post=278857"},{"taxonomy":"product_cat","embeddable":true,"href":"https:\/\/zaluti.com\/de\/wp-json\/wp\/v2\/product_cat?post=278857"},{"taxonomy":"product_tag","embeddable":true,"href":"https:\/\/zaluti.com\/de\/wp-json\/wp\/v2\/product_tag?post=278857"}],"curies":[{"name":"wp","href":"https:\/\/api.w.org\/{rel}","templated":true}]}}