{"id":278854,"date":"2024-10-07T16:13:58","date_gmt":"2024-10-07T14:13:58","guid":{"rendered":"https:\/\/zaluti.com\/de\/?post_type=product&#038;p=278854"},"modified":"2025-12-16T14:42:48","modified_gmt":"2025-12-16T12:42:48","slug":"cappuccino-duft-zaluti","status":"publish","type":"product","link":"https:\/\/zaluti.com\/de\/duefte\/cappuccino\/","title":{"rendered":"Cappuccino"},"content":{"rendered":"<p>Genie\u00dfen Sie den reichen und k\u00f6stlichen Duft von frisch gebr\u00fchtem Cappuccino mit einem unwiderstehlichen Hauch von s\u00fc\u00dfer Vanille, verf\u00fchrerisch vermischt.<\/p>\n","protected":false},"excerpt":{"rendered":"<p>Genie\u00dfen Sie den reichen und k\u00f6stlichen Duft von frisch gebr\u00fchtem Cappuccino mit einem unwiderstehlichen Hauch von s\u00fc\u00dfer Vanille, verf\u00fchrerisch vermischt.<\/p>\n","protected":false},"featured_media":278642,"comment_status":"open","ping_status":"closed","template":"","meta":{"_acf_changed":false,"_et_pb_use_builder":"","_et_pb_old_content":"","_et_gb_content_width":"","inline_featured_image":false},"product_brand":[],"product_cat":[25],"product_tag":[],"class_list":{"0":"post-278854","1":"product","2":"type-product","3":"status-publish","4":"has-post-thumbnail","6":"product_cat-food","8":"first","9":"instock","10":"shipping-taxable","11":"product-type-simple"},"acf":[],"aioseo_notices":[],"aioseo_head":"\n\t\t<!-- All in One SEO Pro 4.9.6.2 - aioseo.com -->\n\t<meta name=\"description\" content=\"Cappuccino vereint Espresso, Vanille und Holz zu einem warmen, einladenden Dufterlebnis. Ideal f\u00fcr Restaurants und Gastronomie, wo Gastfreundschaft z\u00e4hlt.\" \/>\n\t<meta name=\"robots\" content=\"max-image-preview:large\" \/>\n\t<link rel=\"canonical\" href=\"https:\/\/zaluti.com\/de\/duefte\/cappuccino\/\" \/>\n\t<meta name=\"generator\" content=\"All in One SEO Pro (AIOSEO) 4.9.6.2\" \/>\n\t\t<meta property=\"og:locale\" content=\"de_DE\" \/>\n\t\t<meta property=\"og:site_name\" content=\"Zaluti B.V. | Professionals in scent marketing\" \/>\n\t\t<meta property=\"og:type\" content=\"article\" \/>\n\t\t<meta property=\"og:title\" content=\"Cappuccino \u2013 Duftmarketing mit warmer Gastfreundschaft | Zaluti\" \/>\n\t\t<meta property=\"og:description\" content=\"Cappuccino vereint Espresso, Vanille und Holz zu einem warmen, einladenden Dufterlebnis. Ideal f\u00fcr Restaurants und Gastronomie, wo Gastfreundschaft z\u00e4hlt.\" \/>\n\t\t<meta property=\"og:url\" content=\"https:\/\/zaluti.com\/de\/duefte\/cappuccino\/\" \/>\n\t\t<meta property=\"article:published_time\" content=\"2024-10-07T14:13:58+00:00\" \/>\n\t\t<meta property=\"article:modified_time\" content=\"2025-12-16T12:42:48+00:00\" \/>\n\t\t<meta property=\"article:publisher\" content=\"https:\/\/www.facebook.com\/people\/Zalutide\/61552806365452\/\" \/>\n\t\t<meta name=\"twitter:card\" content=\"summary_large_image\" \/>\n\t\t<meta name=\"twitter:site\" content=\"@Zaluti_de\" \/>\n\t\t<meta name=\"twitter:title\" content=\"Cappuccino \u2013 Duftmarketing mit warmer Gastfreundschaft | Zaluti\" \/>\n\t\t<meta name=\"twitter:description\" content=\"Cappuccino vereint Espresso, Vanille und Holz zu einem warmen, einladenden Dufterlebnis. Ideal f\u00fcr Restaurants und Gastronomie, wo Gastfreundschaft z\u00e4hlt.\" \/>\n\t\t<script type=\"application\/ld+json\" class=\"aioseo-schema\">\n\t\t\t{\"@context\":\"https:\\\/\\\/schema.org\",\"@graph\":[{\"@type\":\"BreadcrumbList\",\"@id\":\"https:\\\/\\\/zaluti.com\\\/de\\\/duefte\\\/cappuccino\\\/#breadcrumblist\",\"itemListElement\":[{\"@type\":\"ListItem\",\"@id\":\"https:\\\/\\\/zaluti.com\\\/de\\\/duefte\\\/alle-duefte\\\/#listItem\",\"position\":1,\"name\":\"Geuren\",\"item\":\"https:\\\/\\\/zaluti.com\\\/de\\\/duefte\\\/alle-duefte\\\/\",\"nextItem\":{\"@type\":\"ListItem\",\"@id\":\"https:\\\/\\\/zaluti.com\\\/de\\\/product-categorie\\\/food\\\/#listItem\",\"name\":\"Food\"}},{\"@type\":\"ListItem\",\"@id\":\"https:\\\/\\\/zaluti.com\\\/de\\\/product-categorie\\\/food\\\/#listItem\",\"position\":2,\"name\":\"Food\",\"item\":\"https:\\\/\\\/zaluti.com\\\/de\\\/product-categorie\\\/food\\\/\",\"nextItem\":{\"@type\":\"ListItem\",\"@id\":\"https:\\\/\\\/zaluti.com\\\/de\\\/duefte\\\/cappuccino\\\/#listItem\",\"name\":\"Cappuccino\"},\"previousItem\":{\"@type\":\"ListItem\",\"@id\":\"https:\\\/\\\/zaluti.com\\\/de\\\/duefte\\\/alle-duefte\\\/#listItem\",\"name\":\"Geuren\"}},{\"@type\":\"ListItem\",\"@id\":\"https:\\\/\\\/zaluti.com\\\/de\\\/duefte\\\/cappuccino\\\/#listItem\",\"position\":3,\"name\":\"Cappuccino\",\"previousItem\":{\"@type\":\"ListItem\",\"@id\":\"https:\\\/\\\/zaluti.com\\\/de\\\/product-categorie\\\/food\\\/#listItem\",\"name\":\"Food\"}}]},{\"@type\":\"FAQPage\",\"@id\":\"https:\\\/\\\/zaluti.com\\\/de\\\/duefte\\\/cappuccino\\\/#aioseo-faq-page-mi37kfzt\",\"name\":\"Cappuccino \\u2013 Duftmarketing mit warmer Gastfreundschaft | Zaluti\",\"description\":\"Cappuccino vereint Espresso, Vanille und Holz zu einem warmen, einladenden Dufterlebnis. Ideal f\\u00fcr Restaurants und Gastronomie, wo Gastfreundschaft z\\u00e4hlt.\",\"url\":\"https:\\\/\\\/zaluti.com\\\/de\\\/duefte\\\/cappuccino\\\/\",\"mainEntity\":[{\"@type\":\"Question\",\"name\":\"Warum ist Cappuccino ideal f\\u00fcr Gastronomie und Restaurants?\",\"acceptedAnswer\":{\"@type\":\"Answer\",\"text\":\"Cappuccino ist ideal f\\u00fcr die Gastronomie, da der Duft von frischem Kaffee sofort W\\u00e4rme und Vertrautheit hervorruft. G\\u00e4ste verbinden diesen Duft mit Gem\\u00fctlichkeit und Qualit\\u00e4t, wodurch sie l\\u00e4nger verweilen und eine positive Atmosph\\u00e4re beim Essen und Beisammensein erleben.\"}},{\"@type\":\"Question\",\"name\":\"Ist Cappuccino sicher und nachhaltig?\",\"acceptedAnswer\":{\"@type\":\"Answer\",\"text\":\"Ja, Cappuccino erf\\u00fcllt alle IFRA-Richtlinien und ist vegan. Die AllSens-D\\u00fcfte werden in den Niederlanden unter Ber\\u00fccksichtigung von Mensch und Umwelt hergestellt. Weitere Informationen finden Sie auf unserer Seite Sicherheit &amp; Qualit\\u00e4t.\"}},{\"@type\":\"Question\",\"name\":\"Wie lange bleibt Cappuccino in Restaurants wahrnehmbar?\",\"acceptedAnswer\":{\"@type\":\"Answer\",\"text\":\"Der Duft bleibt so lange pr\\u00e4sent, wie der Diffusor aktiv ist. Professionelle Systeme verteilen die Kaffee- und Vanillenoten kontinuierlich und gleichm\\u00e4\\u00dfig, sodass der Raum stets angenehm duftet, ohne aufdringlich zu wirken.\"}},{\"@type\":\"Question\",\"name\":\"Kann Cappuccino mit anderen D\\u00fcften kombiniert werden?\",\"acceptedAnswer\":{\"@type\":\"Answer\",\"text\":\"Ja, Cappuccino l\\u00e4sst sich wunderbar mit Schokoladen- oder Holzd\\u00fcften kombinieren, um zus\\u00e4tzliche Tiefe zu erzeugen. Diese Mischung verst\\u00e4rkt die warme, gem\\u00fctliche Atmosph\\u00e4re und schafft eine unverwechselbare Signatur in gastronomischen R\\u00e4umen.\"}},{\"@type\":\"Question\",\"name\":\"Welche Duftmaschine passt am besten zu Cappuccino?\",\"acceptedAnswer\":{\"@type\":\"Answer\",\"text\":\"F\\u00fcr Gastronomiebereiche empfehlen wir Wand- oder Einbausysteme aus unserer Duftmaschinen-Kollektion. Diese verbreiten den Duft effizient und gleichm\\u00e4\\u00dfig, sodass sich die cremigen Noten von Cappuccino harmonisch im Raum entfalten.\"}}],\"inLanguage\":\"de\",\"breadcrumb\":{\"@id\":\"https:\\\/\\\/zaluti.com\\\/de\\\/duefte\\\/cappuccino\\\/#breadcrumblist\"}},{\"@type\":\"ItemPage\",\"@id\":\"https:\\\/\\\/zaluti.com\\\/de\\\/duefte\\\/cappuccino\\\/#itempage\",\"url\":\"https:\\\/\\\/zaluti.com\\\/de\\\/duefte\\\/cappuccino\\\/\",\"name\":\"Cappuccino \\u2013 Duftmarketing mit warmer Gastfreundschaft | Zaluti\",\"description\":\"Cappuccino vereint Espresso, Vanille und Holz zu einem warmen, einladenden Dufterlebnis. Ideal f\\u00fcr Restaurants und Gastronomie, wo Gastfreundschaft z\\u00e4hlt.\",\"inLanguage\":\"de-DE\",\"isPartOf\":{\"@id\":\"https:\\\/\\\/zaluti.com\\\/de\\\/#website\"},\"breadcrumb\":{\"@id\":\"https:\\\/\\\/zaluti.com\\\/de\\\/duefte\\\/cappuccino\\\/#breadcrumblist\"},\"image\":{\"@type\":\"ImageObject\",\"url\":\"https:\\\/\\\/zaluti.com\\\/de\\\/wp-content\\\/uploads\\\/2024\\\/10\\\/Cappuccinoheader-scaled.webp\",\"@id\":\"https:\\\/\\\/zaluti.com\\\/de\\\/duefte\\\/cappuccino\\\/#mainImage\",\"width\":2560,\"height\":1440},\"primaryImageOfPage\":{\"@id\":\"https:\\\/\\\/zaluti.com\\\/de\\\/duefte\\\/cappuccino\\\/#mainImage\"},\"datePublished\":\"2024-10-07T16:13:58+02:00\",\"dateModified\":\"2025-12-16T14:42:48+02:00\"},{\"@type\":\"Organization\",\"@id\":\"https:\\\/\\\/zaluti.com\\\/de\\\/#organization\",\"name\":\"Zaluti\",\"description\":\"Zaluti ist Ihr Experte f\\u00fcr Duftmarketing und Raumbeduftung mit hochwertigen Duftmaschinen \\u201emade in Holland\\u201c. Herstellergarantie 7 Jahre.\",\"url\":\"https:\\\/\\\/zaluti.com\\\/de\\\/\",\"email\":\"welcome@zaluti.com\",\"telephone\":\"+31762055239\",\"foundingDate\":\"2015-01-01\",\"logo\":{\"@type\":\"ImageObject\",\"url\":\"https:\\\/\\\/zaluti.com\\\/de\\\/wp-content\\\/uploads\\\/2023\\\/09\\\/zalutilogo.png\",\"@id\":\"https:\\\/\\\/zaluti.com\\\/de\\\/duefte\\\/cappuccino\\\/#organizationLogo\",\"width\":46,\"height\":83,\"caption\":\"Zalutilogo\"},\"image\":{\"@id\":\"https:\\\/\\\/zaluti.com\\\/de\\\/duefte\\\/cappuccino\\\/#organizationLogo\"},\"sameAs\":[\"https:\\\/\\\/www.facebook.com\\\/people\\\/Zalutide\\\/61552806365452\\\/\",\"https:\\\/\\\/x.com\\\/Zaluti_de\",\"https:\\\/\\\/www.instagram.com\\\/zaluti_de\\\/\",\"https:\\\/\\\/nl.pinterest.com\\\/Zaluti_de\\\/\",\"https:\\\/\\\/www.youtube.com\\\/@AllSensService\",\"https:\\\/\\\/www.linkedin.com\\\/showcase\\\/zaluti-germany\\\/\"],\"address\":{\"@id\":\"https:\\\/\\\/zaluti.com\\\/de\\\/#postaladdress\",\"@type\":\"PostalAddress\",\"streetAddress\":\"Kapittelweg 12,\",\"postalCode\":\"4827 HG\",\"addressLocality\":\"Breda\",\"addressCountry\":\"NL\"}},{\"@type\":\"WebSite\",\"@id\":\"https:\\\/\\\/zaluti.com\\\/de\\\/#website\",\"url\":\"https:\\\/\\\/zaluti.com\\\/de\\\/\",\"name\":\"Zaluti B.V.\",\"description\":\"Professionals in scent marketing\",\"inLanguage\":\"de-DE\",\"publisher\":{\"@id\":\"https:\\\/\\\/zaluti.com\\\/de\\\/#organization\"}}]}\n\t\t<\/script>\n\t\t<!-- All in One SEO Pro -->\r\n\t\t<title>Cappuccino \u2013 Duftmarketing mit warmer Gastfreundschaft | Zaluti<\/title>\n\n","aioseo_head_json":{"title":"Cappuccino \u2013 Duftmarketing mit warmer Gastfreundschaft | Zaluti","description":"Cappuccino vereint Espresso, Vanille und Holz zu einem warmen, einladenden Dufterlebnis. Ideal f\u00fcr Restaurants und Gastronomie, wo Gastfreundschaft z\u00e4hlt.","canonical_url":"https:\/\/zaluti.com\/de\/duefte\/cappuccino\/","robots":"max-image-preview:large","keywords":"","webmasterTools":{"miscellaneous":""},"schema":{"@context":"https:\/\/schema.org","@graph":[{"@type":"BreadcrumbList","@id":"https:\/\/zaluti.com\/de\/duefte\/cappuccino\/#breadcrumblist","itemListElement":[{"@type":"ListItem","@id":"https:\/\/zaluti.com\/de\/duefte\/alle-duefte\/#listItem","position":1,"name":"Geuren","item":"https:\/\/zaluti.com\/de\/duefte\/alle-duefte\/","nextItem":{"@type":"ListItem","@id":"https:\/\/zaluti.com\/de\/product-categorie\/food\/#listItem","name":"Food"}},{"@type":"ListItem","@id":"https:\/\/zaluti.com\/de\/product-categorie\/food\/#listItem","position":2,"name":"Food","item":"https:\/\/zaluti.com\/de\/product-categorie\/food\/","nextItem":{"@type":"ListItem","@id":"https:\/\/zaluti.com\/de\/duefte\/cappuccino\/#listItem","name":"Cappuccino"},"previousItem":{"@type":"ListItem","@id":"https:\/\/zaluti.com\/de\/duefte\/alle-duefte\/#listItem","name":"Geuren"}},{"@type":"ListItem","@id":"https:\/\/zaluti.com\/de\/duefte\/cappuccino\/#listItem","position":3,"name":"Cappuccino","previousItem":{"@type":"ListItem","@id":"https:\/\/zaluti.com\/de\/product-categorie\/food\/#listItem","name":"Food"}}]},{"@type":"FAQPage","@id":"https:\/\/zaluti.com\/de\/duefte\/cappuccino\/#aioseo-faq-page-mi37kfzt","name":"Cappuccino \u2013 Duftmarketing mit warmer Gastfreundschaft | Zaluti","description":"Cappuccino vereint Espresso, Vanille und Holz zu einem warmen, einladenden Dufterlebnis. Ideal f\u00fcr Restaurants und Gastronomie, wo Gastfreundschaft z\u00e4hlt.","url":"https:\/\/zaluti.com\/de\/duefte\/cappuccino\/","mainEntity":[{"@type":"Question","name":"Warum ist Cappuccino ideal f\u00fcr Gastronomie und Restaurants?","acceptedAnswer":{"@type":"Answer","text":"Cappuccino ist ideal f\u00fcr die Gastronomie, da der Duft von frischem Kaffee sofort W\u00e4rme und Vertrautheit hervorruft. G\u00e4ste verbinden diesen Duft mit Gem\u00fctlichkeit und Qualit\u00e4t, wodurch sie l\u00e4nger verweilen und eine positive Atmosph\u00e4re beim Essen und Beisammensein erleben."}},{"@type":"Question","name":"Ist Cappuccino sicher und nachhaltig?","acceptedAnswer":{"@type":"Answer","text":"Ja, Cappuccino erf\u00fcllt alle IFRA-Richtlinien und ist vegan. Die AllSens-D\u00fcfte werden in den Niederlanden unter Ber\u00fccksichtigung von Mensch und Umwelt hergestellt. Weitere Informationen finden Sie auf unserer Seite Sicherheit &amp; Qualit\u00e4t."}},{"@type":"Question","name":"Wie lange bleibt Cappuccino in Restaurants wahrnehmbar?","acceptedAnswer":{"@type":"Answer","text":"Der Duft bleibt so lange pr\u00e4sent, wie der Diffusor aktiv ist. Professionelle Systeme verteilen die Kaffee- und Vanillenoten kontinuierlich und gleichm\u00e4\u00dfig, sodass der Raum stets angenehm duftet, ohne aufdringlich zu wirken."}},{"@type":"Question","name":"Kann Cappuccino mit anderen D\u00fcften kombiniert werden?","acceptedAnswer":{"@type":"Answer","text":"Ja, Cappuccino l\u00e4sst sich wunderbar mit Schokoladen- oder Holzd\u00fcften kombinieren, um zus\u00e4tzliche Tiefe zu erzeugen. Diese Mischung verst\u00e4rkt die warme, gem\u00fctliche Atmosph\u00e4re und schafft eine unverwechselbare Signatur in gastronomischen R\u00e4umen."}},{"@type":"Question","name":"Welche Duftmaschine passt am besten zu Cappuccino?","acceptedAnswer":{"@type":"Answer","text":"F\u00fcr Gastronomiebereiche empfehlen wir Wand- oder Einbausysteme aus unserer Duftmaschinen-Kollektion. Diese verbreiten den Duft effizient und gleichm\u00e4\u00dfig, sodass sich die cremigen Noten von Cappuccino harmonisch im Raum entfalten."}},{"@type":"Question","name":"Warum ist Cappuccino ideal f\u00fcr Gastronomie und Restaurants?","acceptedAnswer":{"@type":"Answer","text":"Cappuccino ist ideal f\u00fcr die Gastronomie, da der Duft von frischem Kaffee sofort W\u00e4rme und Vertrautheit hervorruft. G\u00e4ste verbinden diesen Duft mit Gem\u00fctlichkeit und Qualit\u00e4t, wodurch sie l\u00e4nger verweilen und eine positive Atmosph\u00e4re beim Essen und Beisammensein erleben."}},{"@type":"Question","name":"Ist Cappuccino sicher und nachhaltig?","acceptedAnswer":{"@type":"Answer","text":"Ja, Cappuccino erf\u00fcllt alle IFRA-Richtlinien und ist vegan. Die AllSens-D\u00fcfte werden in den Niederlanden unter Ber\u00fccksichtigung von Mensch und Umwelt hergestellt. Weitere Informationen finden Sie auf unserer Seite Sicherheit &amp; Qualit\u00e4t."}},{"@type":"Question","name":"Wie lange bleibt Cappuccino in Restaurants wahrnehmbar?","acceptedAnswer":{"@type":"Answer","text":"Der Duft bleibt so lange pr\u00e4sent, wie der Diffusor aktiv ist. Professionelle Systeme verteilen die Kaffee- und Vanillenoten kontinuierlich und gleichm\u00e4\u00dfig, sodass der Raum stets angenehm duftet, ohne aufdringlich zu wirken."}},{"@type":"Question","name":"Kann Cappuccino mit anderen D\u00fcften kombiniert werden?","acceptedAnswer":{"@type":"Answer","text":"Ja, Cappuccino l\u00e4sst sich wunderbar mit Schokoladen- oder Holzd\u00fcften kombinieren, um zus\u00e4tzliche Tiefe zu erzeugen. Diese Mischung verst\u00e4rkt die warme, gem\u00fctliche Atmosph\u00e4re und schafft eine unverwechselbare Signatur in gastronomischen R\u00e4umen."}},{"@type":"Question","name":"Welche Duftmaschine passt am besten zu Cappuccino?","acceptedAnswer":{"@type":"Answer","text":"F\u00fcr Gastronomiebereiche empfehlen wir Wand- oder Einbausysteme aus unserer Duftmaschinen-Kollektion. Diese verbreiten den Duft effizient und gleichm\u00e4\u00dfig, sodass sich die cremigen Noten von Cappuccino harmonisch im Raum entfalten."}}],"inLanguage":"de","breadcrumb":{"@id":"https:\/\/zaluti.com\/de\/duefte\/cappuccino\/#breadcrumblist"}},{"@type":"ItemPage","@id":"https:\/\/zaluti.com\/de\/duefte\/cappuccino\/#itempage","url":"https:\/\/zaluti.com\/de\/duefte\/cappuccino\/","name":"Cappuccino \u2013 Duftmarketing mit warmer Gastfreundschaft | Zaluti","description":"Cappuccino vereint Espresso, Vanille und Holz zu einem warmen, einladenden Dufterlebnis. Ideal f\u00fcr Restaurants und Gastronomie, wo Gastfreundschaft z\u00e4hlt.","inLanguage":"de-DE","isPartOf":{"@id":"https:\/\/zaluti.com\/de\/#website"},"breadcrumb":{"@id":"https:\/\/zaluti.com\/de\/duefte\/cappuccino\/#breadcrumblist"},"image":{"@type":"ImageObject","url":"https:\/\/zaluti.com\/de\/wp-content\/uploads\/2024\/10\/Cappuccinoheader-scaled.webp","@id":"https:\/\/zaluti.com\/de\/duefte\/cappuccino\/#mainImage","width":2560,"height":1440},"primaryImageOfPage":{"@id":"https:\/\/zaluti.com\/de\/duefte\/cappuccino\/#mainImage"},"datePublished":"2024-10-07T16:13:58+02:00","dateModified":"2025-12-16T14:42:48+02:00"},{"@type":"Organization","@id":"https:\/\/zaluti.com\/de\/#organization","name":"Zaluti","description":"Zaluti ist Ihr Experte f\u00fcr Duftmarketing und Raumbeduftung mit hochwertigen Duftmaschinen \u201emade in Holland\u201c. Herstellergarantie 7 Jahre.","url":"https:\/\/zaluti.com\/de\/","email":"welcome@zaluti.com","telephone":"+31762055239","foundingDate":"2015-01-01","logo":{"@type":"ImageObject","url":"https:\/\/zaluti.com\/de\/wp-content\/uploads\/2023\/09\/zalutilogo.png","@id":"https:\/\/zaluti.com\/de\/duefte\/cappuccino\/#organizationLogo","width":46,"height":83,"caption":"Zalutilogo"},"image":{"@id":"https:\/\/zaluti.com\/de\/duefte\/cappuccino\/#organizationLogo"},"sameAs":["https:\/\/www.facebook.com\/people\/Zalutide\/61552806365452\/","https:\/\/x.com\/Zaluti_de","https:\/\/www.instagram.com\/zaluti_de\/","https:\/\/nl.pinterest.com\/Zaluti_de\/","https:\/\/www.youtube.com\/@AllSensService","https:\/\/www.linkedin.com\/showcase\/zaluti-germany\/"],"address":{"@id":"https:\/\/zaluti.com\/de\/#postaladdress","@type":"PostalAddress","streetAddress":"Kapittelweg 12,","postalCode":"4827 HG","addressLocality":"Breda","addressCountry":"NL"}},{"@type":"WebSite","@id":"https:\/\/zaluti.com\/de\/#website","url":"https:\/\/zaluti.com\/de\/","name":"Zaluti B.V.","description":"Professionals in scent marketing","inLanguage":"de-DE","publisher":{"@id":"https:\/\/zaluti.com\/de\/#organization"}}]},"og:locale":"de_DE","og:site_name":"Zaluti B.V. | Professionals in scent marketing","og:type":"article","og:title":"Cappuccino \u2013 Duftmarketing mit warmer Gastfreundschaft | Zaluti","og:description":"Cappuccino vereint Espresso, Vanille und Holz zu einem warmen, einladenden Dufterlebnis. Ideal f\u00fcr Restaurants und Gastronomie, wo Gastfreundschaft z\u00e4hlt.","og:url":"https:\/\/zaluti.com\/de\/duefte\/cappuccino\/","article:published_time":"2024-10-07T14:13:58+00:00","article:modified_time":"2025-12-16T12:42:48+00:00","article:publisher":"https:\/\/www.facebook.com\/people\/Zalutide\/61552806365452\/","twitter:card":"summary_large_image","twitter:site":"@Zaluti_de","twitter:title":"Cappuccino \u2013 Duftmarketing mit warmer Gastfreundschaft | Zaluti","twitter:description":"Cappuccino vereint Espresso, Vanille und Holz zu einem warmen, einladenden Dufterlebnis. Ideal f\u00fcr Restaurants und Gastronomie, wo Gastfreundschaft z\u00e4hlt."},"aioseo_meta_data":{"post_id":"278854","title":"Cappuccino \u2013 Duftmarketing mit warmer Gastfreundschaft | Zaluti","description":"Cappuccino vereint Espresso, Vanille und Holz zu einem warmen, einladenden Dufterlebnis. Ideal f\u00fcr Restaurants und Gastronomie, wo Gastfreundschaft z\u00e4hlt.","keywords":null,"keyphrases":{"focus":{"keyphrase":"Cappuccino","score":82,"analysis":{"keyphraseInTitle":{"score":9,"maxScore":9,"error":0},"keyphraseInDescription":{"score":9,"maxScore":9,"error":0},"keyphraseLength":{"score":9,"maxScore":9,"error":0,"length":1},"keyphraseInURL":{"score":5,"maxScore":5,"error":0},"keyphraseInIntroduction":{"score":9,"maxScore":9,"error":0},"keyphraseInSubHeadings":[],"keyphraseInImageAlt":[],"keywordDensity":{"type":"high","score":0,"maxScore":9,"error":1}}},"additional":[]},"primary_term":null,"canonical_url":null,"og_title":null,"og_description":null,"og_object_type":"default","og_image_type":"default","og_image_url":null,"og_image_width":null,"og_image_height":null,"og_image_custom_url":null,"og_image_custom_fields":null,"og_video":"","og_custom_url":null,"og_article_section":null,"og_article_tags":null,"twitter_use_og":false,"twitter_card":"default","twitter_image_type":"default","twitter_image_url":null,"twitter_image_custom_url":null,"twitter_image_custom_fields":null,"twitter_title":null,"twitter_description":null,"schema":{"blockGraphs":[],"customGraphs":[],"default":{"data":{"Article":[],"Course":[],"Dataset":[],"FAQPage":[],"Movie":[],"Person":[],"Product":[],"ProductReview":[],"Car":[],"Recipe":[],"Service":[],"SoftwareApplication":[],"WebPage":[]},"graphName":"ItemPage","isEnabled":true},"graphs":[{"id":"#aioseo-faq-page-mi37kfzt","slug":"faq-page","graphName":"FAQPage","label":"FAQ","properties":{"name":"Cappuccino \u2013 Duftmarketing mit warmer Gastfreundschaft | Zaluti","description":"Cappuccino vereint Espresso, Vanille und Holz zu einem warmen, einladenden Dufterlebnis. Ideal f\u00fcr Restaurants und Gastronomie, wo Gastfreundschaft z\u00e4hlt.","questions":[{"question":"Warum ist Cappuccino ideal f\u00fcr Gastronomie und Restaurants?","answer":"Cappuccino ist ideal f\u00fcr die Gastronomie, da der Duft von frischem Kaffee sofort W\u00e4rme und Vertrautheit hervorruft. G\u00e4ste verbinden diesen Duft mit Gem\u00fctlichkeit und Qualit\u00e4t, wodurch sie l\u00e4nger verweilen und eine positive Atmosph\u00e4re beim Essen und Beisammensein erleben."},{"question":"Ist Cappuccino sicher und nachhaltig?","answer":"Ja, Cappuccino erf\u00fcllt alle IFRA-Richtlinien und ist vegan. Die AllSens-D\u00fcfte werden in den Niederlanden unter Ber\u00fccksichtigung von Mensch und Umwelt hergestellt. Weitere Informationen finden Sie auf unserer Seite Sicherheit & Qualit\u00e4t."},{"question":"Wie lange bleibt Cappuccino in Restaurants wahrnehmbar?","answer":"Der Duft bleibt so lange pr\u00e4sent, wie der Diffusor aktiv ist. Professionelle Systeme verteilen die Kaffee- und Vanillenoten kontinuierlich und gleichm\u00e4\u00dfig, sodass der Raum stets angenehm duftet, ohne aufdringlich zu wirken."},{"question":"Kann Cappuccino mit anderen D\u00fcften kombiniert werden?","answer":"Ja, Cappuccino l\u00e4sst sich wunderbar mit Schokoladen- oder Holzd\u00fcften kombinieren, um zus\u00e4tzliche Tiefe zu erzeugen. Diese Mischung verst\u00e4rkt die warme, gem\u00fctliche Atmosph\u00e4re und schafft eine unverwechselbare Signatur in gastronomischen R\u00e4umen."},{"question":"Welche Duftmaschine passt am besten zu Cappuccino?","answer":"F\u00fcr Gastronomiebereiche empfehlen wir Wand- oder Einbausysteme aus unserer Duftmaschinen-Kollektion. Diese verbreiten den Duft effizient und gleichm\u00e4\u00dfig, sodass sich die cremigen Noten von Cappuccino harmonisch im Raum entfalten."}]},"value":"faq-page"}]},"schema_type":"default","schema_type_options":null,"pillar_content":false,"robots_default":true,"robots_noindex":false,"robots_noarchive":false,"robots_nosnippet":false,"robots_nofollow":false,"robots_noimageindex":false,"robots_noodp":false,"robots_notranslate":false,"robots_max_snippet":"-1","robots_max_videopreview":"-1","robots_max_imagepreview":"large","priority":null,"frequency":"default","local_seo":null,"seo_analyzer_scan_date":"2025-12-16 12:43:48","breadcrumb_settings":null,"limit_modified_date":false,"reviewed_by":"0","open_ai":"{\"title\":{\"suggestions\":[],\"usage\":0},\"description\":{\"suggestions\":[],\"usage\":0}}","ai":{"faqs":[],"keyPoints":[],"titles":[],"descriptions":[],"socialPosts":{"email":[],"linkedin":[],"twitter":[],"facebook":[],"instagram":[]}},"created":"2024-10-07 14:12:31","updated":"2026-04-30 20:57:50"},"_links":{"self":[{"href":"https:\/\/zaluti.com\/de\/wp-json\/wp\/v2\/product\/278854","targetHints":{"allow":["GET"]}}],"collection":[{"href":"https:\/\/zaluti.com\/de\/wp-json\/wp\/v2\/product"}],"about":[{"href":"https:\/\/zaluti.com\/de\/wp-json\/wp\/v2\/types\/product"}],"replies":[{"embeddable":true,"href":"https:\/\/zaluti.com\/de\/wp-json\/wp\/v2\/comments?post=278854"}],"wp:featuredmedia":[{"embeddable":true,"href":"https:\/\/zaluti.com\/de\/wp-json\/wp\/v2\/media\/278642"}],"wp:attachment":[{"href":"https:\/\/zaluti.com\/de\/wp-json\/wp\/v2\/media?parent=278854"}],"wp:term":[{"taxonomy":"product_brand","embeddable":true,"href":"https:\/\/zaluti.com\/de\/wp-json\/wp\/v2\/product_brand?post=278854"},{"taxonomy":"product_cat","embeddable":true,"href":"https:\/\/zaluti.com\/de\/wp-json\/wp\/v2\/product_cat?post=278854"},{"taxonomy":"product_tag","embeddable":true,"href":"https:\/\/zaluti.com\/de\/wp-json\/wp\/v2\/product_tag?post=278854"}],"curies":[{"name":"wp","href":"https:\/\/api.w.org\/{rel}","templated":true}]}}