{"id":243349,"date":"2023-01-31T16:54:41","date_gmt":"2023-01-31T15:54:41","guid":{"rendered":"https:\/\/testallsens.nl\/?post_type=product&#038;p=243349"},"modified":"2025-12-16T17:03:22","modified_gmt":"2025-12-16T15:03:22","slug":"mykonos-duft-zaluti","status":"publish","type":"product","link":"https:\/\/zaluti.com\/de\/duefte\/mykonos\/","title":{"rendered":"Mykonos"},"content":{"rendered":"<p>Eine aufregende Mischung aus gr\u00fcnem Tee und erfrischender Bergamotte und Zitrone, mit einer warmen Basis aus Holznoten und Moschus.<\/p>\n","protected":false},"excerpt":{"rendered":"<p>MILD<\/p>\n","protected":false},"featured_media":243350,"comment_status":"closed","ping_status":"closed","template":"","meta":{"_acf_changed":false,"_et_pb_use_builder":"off","_et_pb_old_content":"Een opwindende mix van groene thee, verfrissende bergamot en citroen, met een warme basis van houtsoorten en musk.","_et_gb_content_width":"","inline_featured_image":false},"product_brand":[],"product_cat":[21,26,135],"product_tag":[],"class_list":{"0":"post-243349","1":"product","2":"type-product","3":"status-publish","4":"has-post-thumbnail","6":"product_cat-acquatic","7":"product_cat-fresh","8":"product_cat-top-10-dufte","9":"pa_seizoens-geur-sommer-geur","11":"first","12":"instock","13":"shipping-taxable","14":"product-type-simple"},"acf":[],"aioseo_notices":[],"aioseo_head":"\n\t\t<!-- All in One SEO Pro 4.9.6.2 - aioseo.com -->\n\t<meta name=\"description\" content=\"Erleben Sie Mykonos: ein frischer Duft aus Meersalz und Zitrus. Perfekt f\u00fcr Ferienparks \u2013 leicht, elegant und voller Urlaubsgef\u00fchl.\" \/>\n\t<meta name=\"robots\" content=\"max-image-preview:large\" \/>\n\t<link rel=\"canonical\" href=\"https:\/\/zaluti.com\/de\/duefte\/mykonos\/\" \/>\n\t<meta name=\"generator\" content=\"All in One SEO Pro (AIOSEO) 4.9.6.2\" \/>\n\t\t<meta property=\"og:locale\" content=\"de_DE\" \/>\n\t\t<meta property=\"og:site_name\" content=\"Zaluti B.V. | Professionals in scent marketing\" \/>\n\t\t<meta property=\"og:type\" content=\"article\" \/>\n\t\t<meta property=\"og:title\" content=\"Mykonos \u2013 Duft\u00aderlebnis mit sommerlicher Freiheit | Zaluti\" \/>\n\t\t<meta property=\"og:description\" content=\"Erleben Sie Mykonos: ein frischer Duft aus Meersalz und Zitrus. Perfekt f\u00fcr Ferienparks \u2013 leicht, elegant und voller Urlaubsgef\u00fchl.\" \/>\n\t\t<meta property=\"og:url\" content=\"https:\/\/zaluti.com\/de\/duefte\/mykonos\/\" \/>\n\t\t<meta property=\"article:published_time\" content=\"2023-01-31T15:54:41+00:00\" \/>\n\t\t<meta property=\"article:modified_time\" content=\"2025-12-16T15:03:22+00:00\" \/>\n\t\t<meta property=\"article:publisher\" content=\"https:\/\/www.facebook.com\/people\/Zalutide\/61552806365452\/\" \/>\n\t\t<meta name=\"twitter:card\" content=\"summary_large_image\" \/>\n\t\t<meta name=\"twitter:site\" content=\"@Zaluti_de\" \/>\n\t\t<meta name=\"twitter:title\" content=\"Mykonos \u2013 Duft\u00aderlebnis mit sommerlicher Freiheit | Zaluti\" \/>\n\t\t<meta name=\"twitter:description\" content=\"Erleben Sie Mykonos: ein frischer Duft aus Meersalz und Zitrus. Perfekt f\u00fcr Ferienparks \u2013 leicht, elegant und voller Urlaubsgef\u00fchl.\" \/>\n\t\t<script type=\"application\/ld+json\" class=\"aioseo-schema\">\n\t\t\t{\"@context\":\"https:\\\/\\\/schema.org\",\"@graph\":[{\"@type\":\"BreadcrumbList\",\"@id\":\"https:\\\/\\\/zaluti.com\\\/de\\\/duefte\\\/mykonos\\\/#breadcrumblist\",\"itemListElement\":[{\"@type\":\"ListItem\",\"@id\":\"https:\\\/\\\/zaluti.com\\\/de\\\/duefte\\\/alle-duefte\\\/#listItem\",\"position\":1,\"name\":\"Geuren\",\"item\":\"https:\\\/\\\/zaluti.com\\\/de\\\/duefte\\\/alle-duefte\\\/\",\"nextItem\":{\"@type\":\"ListItem\",\"@id\":\"https:\\\/\\\/zaluti.com\\\/de\\\/product-categorie\\\/acquatic\\\/#listItem\",\"name\":\"Acquatic\"}},{\"@type\":\"ListItem\",\"@id\":\"https:\\\/\\\/zaluti.com\\\/de\\\/product-categorie\\\/acquatic\\\/#listItem\",\"position\":2,\"name\":\"Acquatic\",\"item\":\"https:\\\/\\\/zaluti.com\\\/de\\\/product-categorie\\\/acquatic\\\/\",\"nextItem\":{\"@type\":\"ListItem\",\"@id\":\"https:\\\/\\\/zaluti.com\\\/de\\\/duefte\\\/mykonos\\\/#listItem\",\"name\":\"Mykonos\"},\"previousItem\":{\"@type\":\"ListItem\",\"@id\":\"https:\\\/\\\/zaluti.com\\\/de\\\/duefte\\\/alle-duefte\\\/#listItem\",\"name\":\"Geuren\"}},{\"@type\":\"ListItem\",\"@id\":\"https:\\\/\\\/zaluti.com\\\/de\\\/duefte\\\/mykonos\\\/#listItem\",\"position\":3,\"name\":\"Mykonos\",\"previousItem\":{\"@type\":\"ListItem\",\"@id\":\"https:\\\/\\\/zaluti.com\\\/de\\\/product-categorie\\\/acquatic\\\/#listItem\",\"name\":\"Acquatic\"}}]},{\"@type\":\"FAQPage\",\"@id\":\"https:\\\/\\\/zaluti.com\\\/de\\\/duefte\\\/mykonos\\\/#aioseo-faq-page-mi7h3arp\",\"name\":\"Mykonos \\u2013 Duft\\u00aderlebnis mit sommerlicher Freiheit | Zaluti\",\"description\":\"Erleben Sie Mykonos: ein frischer Duft aus Meersalz und Zitrus. Perfekt f\\u00fcr Ferienparks \\u2013 leicht, elegant und voller Urlaubsgef\\u00fchl.\",\"url\":\"https:\\\/\\\/zaluti.com\\\/de\\\/duefte\\\/mykonos\\\/\",\"mainEntity\":[{\"@type\":\"Question\",\"name\":\"Warum ist Mykonos ideal f\\u00fcr Ferienparks?\",\"acceptedAnswer\":{\"@type\":\"Answer\",\"text\":\"Mykonos weckt sofort das Gef\\u00fchl von Sonne, Meer und Entspannung. Die frischen Noten schaffen eine einladende, fr\\u00f6hliche Atmosph\\u00e4re, die perfekt zu Urlaubsumgebungen passt.\"}},{\"@type\":\"Question\",\"name\":\"Ist Mykonos sicher und professionell komponiert?\",\"acceptedAnswer\":{\"@type\":\"Answer\",\"text\":\"Ja, der Duft erf\\u00fcllt die IFRA-Sicherheitsstandards und ist veganfreundlich. Mykonos wird in den Niederlanden hergestellt und ist f\\u00fcr professionelle Duftmaschinen geeignet.\"}},{\"@type\":\"Question\",\"name\":\"Wie lange bleibt der Duft in einem Raum wahrnehmbar?\",\"acceptedAnswer\":{\"@type\":\"Answer\",\"text\":\"Bei korrekt eingestellter Diffusion bleibt der Duft dauerhaft pr\\u00e4sent, ohne zu dominant zu wirken. Die Intensit\\u00e4t kann einfach an Raumgr\\u00f6\\u00dfe und Besucherzahl angepasst werden.\"}},{\"@type\":\"Question\",\"name\":\"Kann Mykonos mit anderen D\\u00fcften kombiniert werden?\",\"acceptedAnswer\":{\"@type\":\"Answer\",\"text\":\"Ja, er harmoniert gut mit blumigen oder zitrischen D\\u00fcften f\\u00fcr zus\\u00e4tzliche Frische. Dennoch ist Mykonos solo am ausgewogensten und unverwechselbar.\"}},{\"@type\":\"Question\",\"name\":\"Welche Duftmaschine eignet sich f\\u00fcr Ferienparks?\",\"acceptedAnswer\":{\"@type\":\"Answer\",\"text\":\"F\\u00fcr gr\\u00f6\\u00dfere R\\u00e4ume empfehlen wir die Zaluti ModulAir oder ModulAir XL. Diese Systeme verbreiten den Duft gleichm\\u00e4\\u00dfig \\u00fcber HVAC oder als Standalone-Ger\\u00e4te.\"}}],\"inLanguage\":\"de\",\"breadcrumb\":{\"@id\":\"https:\\\/\\\/zaluti.com\\\/de\\\/duefte\\\/mykonos\\\/#breadcrumblist\"}},{\"@type\":\"ItemPage\",\"@id\":\"https:\\\/\\\/zaluti.com\\\/de\\\/duefte\\\/mykonos\\\/#itempage\",\"url\":\"https:\\\/\\\/zaluti.com\\\/de\\\/duefte\\\/mykonos\\\/\",\"name\":\"Mykonos \\u2013 Duft\\u00aderlebnis mit sommerlicher Freiheit | Zaluti\",\"description\":\"Erleben Sie Mykonos: ein frischer Duft aus Meersalz und Zitrus. Perfekt f\\u00fcr Ferienparks \\u2013 leicht, elegant und voller Urlaubsgef\\u00fchl.\",\"inLanguage\":\"de-DE\",\"isPartOf\":{\"@id\":\"https:\\\/\\\/zaluti.com\\\/de\\\/#website\"},\"breadcrumb\":{\"@id\":\"https:\\\/\\\/zaluti.com\\\/de\\\/duefte\\\/mykonos\\\/#breadcrumblist\"},\"image\":{\"@type\":\"ImageObject\",\"url\":\"https:\\\/\\\/zaluti.com\\\/de\\\/wp-content\\\/uploads\\\/2023\\\/01\\\/Mykonos.jpg\",\"@id\":\"https:\\\/\\\/zaluti.com\\\/de\\\/duefte\\\/mykonos\\\/#mainImage\",\"width\":2880,\"height\":1923},\"primaryImageOfPage\":{\"@id\":\"https:\\\/\\\/zaluti.com\\\/de\\\/duefte\\\/mykonos\\\/#mainImage\"},\"datePublished\":\"2023-01-31T16:54:41+02:00\",\"dateModified\":\"2025-12-16T17:03:22+02:00\"},{\"@type\":\"Organization\",\"@id\":\"https:\\\/\\\/zaluti.com\\\/de\\\/#organization\",\"name\":\"Zaluti\",\"description\":\"Zaluti ist Ihr Experte f\\u00fcr Duftmarketing und Raumbeduftung mit hochwertigen Duftmaschinen \\u201emade in Holland\\u201c. Herstellergarantie 7 Jahre.\",\"url\":\"https:\\\/\\\/zaluti.com\\\/de\\\/\",\"email\":\"welcome@zaluti.com\",\"telephone\":\"+31762055239\",\"foundingDate\":\"2015-01-01\",\"logo\":{\"@type\":\"ImageObject\",\"url\":\"https:\\\/\\\/zaluti.com\\\/de\\\/wp-content\\\/uploads\\\/2023\\\/09\\\/zalutilogo.png\",\"@id\":\"https:\\\/\\\/zaluti.com\\\/de\\\/duefte\\\/mykonos\\\/#organizationLogo\",\"width\":46,\"height\":83,\"caption\":\"Zalutilogo\"},\"image\":{\"@id\":\"https:\\\/\\\/zaluti.com\\\/de\\\/duefte\\\/mykonos\\\/#organizationLogo\"},\"sameAs\":[\"https:\\\/\\\/www.facebook.com\\\/people\\\/Zalutide\\\/61552806365452\\\/\",\"https:\\\/\\\/x.com\\\/Zaluti_de\",\"https:\\\/\\\/www.instagram.com\\\/zaluti_de\\\/\",\"https:\\\/\\\/nl.pinterest.com\\\/Zaluti_de\\\/\",\"https:\\\/\\\/www.youtube.com\\\/@AllSensService\",\"https:\\\/\\\/www.linkedin.com\\\/showcase\\\/zaluti-germany\\\/\"],\"address\":{\"@id\":\"https:\\\/\\\/zaluti.com\\\/de\\\/#postaladdress\",\"@type\":\"PostalAddress\",\"streetAddress\":\"Kapittelweg 12,\",\"postalCode\":\"4827 HG\",\"addressLocality\":\"Breda\",\"addressCountry\":\"NL\"}},{\"@type\":\"WebSite\",\"@id\":\"https:\\\/\\\/zaluti.com\\\/de\\\/#website\",\"url\":\"https:\\\/\\\/zaluti.com\\\/de\\\/\",\"name\":\"Zaluti B.V.\",\"description\":\"Professionals in scent marketing\",\"inLanguage\":\"de-DE\",\"publisher\":{\"@id\":\"https:\\\/\\\/zaluti.com\\\/de\\\/#organization\"}}]}\n\t\t<\/script>\n\t\t<!-- All in One SEO Pro -->\r\n\t\t<title>Mykonos \u2013 Duft\u00aderlebnis mit sommerlicher Freiheit | Zaluti<\/title>\n\n","aioseo_head_json":{"title":"Mykonos \u2013 Duft\u00aderlebnis mit sommerlicher Freiheit | Zaluti","description":"Erleben Sie Mykonos: ein frischer Duft aus Meersalz und Zitrus. Perfekt f\u00fcr Ferienparks \u2013 leicht, elegant und voller Urlaubsgef\u00fchl.","canonical_url":"https:\/\/zaluti.com\/de\/duefte\/mykonos\/","robots":"max-image-preview:large","keywords":"","webmasterTools":{"miscellaneous":""},"schema":{"@context":"https:\/\/schema.org","@graph":[{"@type":"BreadcrumbList","@id":"https:\/\/zaluti.com\/de\/duefte\/mykonos\/#breadcrumblist","itemListElement":[{"@type":"ListItem","@id":"https:\/\/zaluti.com\/de\/duefte\/alle-duefte\/#listItem","position":1,"name":"Geuren","item":"https:\/\/zaluti.com\/de\/duefte\/alle-duefte\/","nextItem":{"@type":"ListItem","@id":"https:\/\/zaluti.com\/de\/product-categorie\/acquatic\/#listItem","name":"Acquatic"}},{"@type":"ListItem","@id":"https:\/\/zaluti.com\/de\/product-categorie\/acquatic\/#listItem","position":2,"name":"Acquatic","item":"https:\/\/zaluti.com\/de\/product-categorie\/acquatic\/","nextItem":{"@type":"ListItem","@id":"https:\/\/zaluti.com\/de\/duefte\/mykonos\/#listItem","name":"Mykonos"},"previousItem":{"@type":"ListItem","@id":"https:\/\/zaluti.com\/de\/duefte\/alle-duefte\/#listItem","name":"Geuren"}},{"@type":"ListItem","@id":"https:\/\/zaluti.com\/de\/duefte\/mykonos\/#listItem","position":3,"name":"Mykonos","previousItem":{"@type":"ListItem","@id":"https:\/\/zaluti.com\/de\/product-categorie\/acquatic\/#listItem","name":"Acquatic"}}]},{"@type":"FAQPage","@id":"https:\/\/zaluti.com\/de\/duefte\/mykonos\/#aioseo-faq-page-mi7h3arp","name":"Mykonos \u2013 Duft\u00aderlebnis mit sommerlicher Freiheit | Zaluti","description":"Erleben Sie Mykonos: ein frischer Duft aus Meersalz und Zitrus. Perfekt f\u00fcr Ferienparks \u2013 leicht, elegant und voller Urlaubsgef\u00fchl.","url":"https:\/\/zaluti.com\/de\/duefte\/mykonos\/","mainEntity":[{"@type":"Question","name":"Warum ist Mykonos ideal f\u00fcr Ferienparks?","acceptedAnswer":{"@type":"Answer","text":"Mykonos weckt sofort das Gef\u00fchl von Sonne, Meer und Entspannung. Die frischen Noten schaffen eine einladende, fr\u00f6hliche Atmosph\u00e4re, die perfekt zu Urlaubsumgebungen passt."}},{"@type":"Question","name":"Ist Mykonos sicher und professionell komponiert?","acceptedAnswer":{"@type":"Answer","text":"Ja, der Duft erf\u00fcllt die IFRA-Sicherheitsstandards und ist veganfreundlich. Mykonos wird in den Niederlanden hergestellt und ist f\u00fcr professionelle Duftmaschinen geeignet."}},{"@type":"Question","name":"Wie lange bleibt der Duft in einem Raum wahrnehmbar?","acceptedAnswer":{"@type":"Answer","text":"Bei korrekt eingestellter Diffusion bleibt der Duft dauerhaft pr\u00e4sent, ohne zu dominant zu wirken. Die Intensit\u00e4t kann einfach an Raumgr\u00f6\u00dfe und Besucherzahl angepasst werden."}},{"@type":"Question","name":"Kann Mykonos mit anderen D\u00fcften kombiniert werden?","acceptedAnswer":{"@type":"Answer","text":"Ja, er harmoniert gut mit blumigen oder zitrischen D\u00fcften f\u00fcr zus\u00e4tzliche Frische. Dennoch ist Mykonos solo am ausgewogensten und unverwechselbar."}},{"@type":"Question","name":"Welche Duftmaschine eignet sich f\u00fcr Ferienparks?","acceptedAnswer":{"@type":"Answer","text":"F\u00fcr gr\u00f6\u00dfere R\u00e4ume empfehlen wir die Zaluti ModulAir oder ModulAir XL. Diese Systeme verbreiten den Duft gleichm\u00e4\u00dfig \u00fcber HVAC oder als Standalone-Ger\u00e4te."}},{"@type":"Question","name":"Warum ist Mykonos ideal f\u00fcr Ferienparks?","acceptedAnswer":{"@type":"Answer","text":"Mykonos weckt sofort das Gef\u00fchl von Sonne, Meer und Entspannung. Die frischen Noten schaffen eine einladende, fr\u00f6hliche Atmosph\u00e4re, die perfekt zu Urlaubsumgebungen passt."}},{"@type":"Question","name":"Ist Mykonos sicher und professionell komponiert?","acceptedAnswer":{"@type":"Answer","text":"Ja, der Duft erf\u00fcllt die IFRA-Sicherheitsstandards und ist veganfreundlich. Mykonos wird in den Niederlanden hergestellt und ist f\u00fcr professionelle Duftmaschinen geeignet."}},{"@type":"Question","name":"Wie lange bleibt der Duft in einem Raum wahrnehmbar?","acceptedAnswer":{"@type":"Answer","text":"Bei korrekt eingestellter Diffusion bleibt der Duft dauerhaft pr\u00e4sent, ohne zu dominant zu wirken. Die Intensit\u00e4t kann einfach an Raumgr\u00f6\u00dfe und Besucherzahl angepasst werden."}},{"@type":"Question","name":"Kann Mykonos mit anderen D\u00fcften kombiniert werden?","acceptedAnswer":{"@type":"Answer","text":"Ja, er harmoniert gut mit blumigen oder zitrischen D\u00fcften f\u00fcr zus\u00e4tzliche Frische. Dennoch ist Mykonos solo am ausgewogensten und unverwechselbar."}},{"@type":"Question","name":"Welche Duftmaschine eignet sich f\u00fcr Ferienparks?","acceptedAnswer":{"@type":"Answer","text":"F\u00fcr gr\u00f6\u00dfere R\u00e4ume empfehlen wir die Zaluti ModulAir oder ModulAir XL. Diese Systeme verbreiten den Duft gleichm\u00e4\u00dfig \u00fcber HVAC oder als Standalone-Ger\u00e4te."}}],"inLanguage":"de","breadcrumb":{"@id":"https:\/\/zaluti.com\/de\/duefte\/mykonos\/#breadcrumblist"}},{"@type":"ItemPage","@id":"https:\/\/zaluti.com\/de\/duefte\/mykonos\/#itempage","url":"https:\/\/zaluti.com\/de\/duefte\/mykonos\/","name":"Mykonos \u2013 Duft\u00aderlebnis mit sommerlicher Freiheit | Zaluti","description":"Erleben Sie Mykonos: ein frischer Duft aus Meersalz und Zitrus. Perfekt f\u00fcr Ferienparks \u2013 leicht, elegant und voller Urlaubsgef\u00fchl.","inLanguage":"de-DE","isPartOf":{"@id":"https:\/\/zaluti.com\/de\/#website"},"breadcrumb":{"@id":"https:\/\/zaluti.com\/de\/duefte\/mykonos\/#breadcrumblist"},"image":{"@type":"ImageObject","url":"https:\/\/zaluti.com\/de\/wp-content\/uploads\/2023\/01\/Mykonos.jpg","@id":"https:\/\/zaluti.com\/de\/duefte\/mykonos\/#mainImage","width":2880,"height":1923},"primaryImageOfPage":{"@id":"https:\/\/zaluti.com\/de\/duefte\/mykonos\/#mainImage"},"datePublished":"2023-01-31T16:54:41+02:00","dateModified":"2025-12-16T17:03:22+02:00"},{"@type":"Organization","@id":"https:\/\/zaluti.com\/de\/#organization","name":"Zaluti","description":"Zaluti ist Ihr Experte f\u00fcr Duftmarketing und Raumbeduftung mit hochwertigen Duftmaschinen \u201emade in Holland\u201c. Herstellergarantie 7 Jahre.","url":"https:\/\/zaluti.com\/de\/","email":"welcome@zaluti.com","telephone":"+31762055239","foundingDate":"2015-01-01","logo":{"@type":"ImageObject","url":"https:\/\/zaluti.com\/de\/wp-content\/uploads\/2023\/09\/zalutilogo.png","@id":"https:\/\/zaluti.com\/de\/duefte\/mykonos\/#organizationLogo","width":46,"height":83,"caption":"Zalutilogo"},"image":{"@id":"https:\/\/zaluti.com\/de\/duefte\/mykonos\/#organizationLogo"},"sameAs":["https:\/\/www.facebook.com\/people\/Zalutide\/61552806365452\/","https:\/\/x.com\/Zaluti_de","https:\/\/www.instagram.com\/zaluti_de\/","https:\/\/nl.pinterest.com\/Zaluti_de\/","https:\/\/www.youtube.com\/@AllSensService","https:\/\/www.linkedin.com\/showcase\/zaluti-germany\/"],"address":{"@id":"https:\/\/zaluti.com\/de\/#postaladdress","@type":"PostalAddress","streetAddress":"Kapittelweg 12,","postalCode":"4827 HG","addressLocality":"Breda","addressCountry":"NL"}},{"@type":"WebSite","@id":"https:\/\/zaluti.com\/de\/#website","url":"https:\/\/zaluti.com\/de\/","name":"Zaluti B.V.","description":"Professionals in scent marketing","inLanguage":"de-DE","publisher":{"@id":"https:\/\/zaluti.com\/de\/#organization"}}]},"og:locale":"de_DE","og:site_name":"Zaluti B.V. | Professionals in scent marketing","og:type":"article","og:title":"Mykonos \u2013 Duft\u00aderlebnis mit sommerlicher Freiheit | Zaluti","og:description":"Erleben Sie Mykonos: ein frischer Duft aus Meersalz und Zitrus. Perfekt f\u00fcr Ferienparks \u2013 leicht, elegant und voller Urlaubsgef\u00fchl.","og:url":"https:\/\/zaluti.com\/de\/duefte\/mykonos\/","article:published_time":"2023-01-31T15:54:41+00:00","article:modified_time":"2025-12-16T15:03:22+00:00","article:publisher":"https:\/\/www.facebook.com\/people\/Zalutide\/61552806365452\/","twitter:card":"summary_large_image","twitter:site":"@Zaluti_de","twitter:title":"Mykonos \u2013 Duft\u00aderlebnis mit sommerlicher Freiheit | Zaluti","twitter:description":"Erleben Sie Mykonos: ein frischer Duft aus Meersalz und Zitrus. Perfekt f\u00fcr Ferienparks \u2013 leicht, elegant und voller Urlaubsgef\u00fchl."},"aioseo_meta_data":{"post_id":"243349","title":"Mykonos \u2013 Duft\u00aderlebnis mit sommerlicher Freiheit | Zaluti","description":"Erleben Sie Mykonos: ein frischer Duft aus Meersalz und Zitrus. Perfekt f\u00fcr Ferienparks \u2013 leicht, elegant und voller Urlaubsgef\u00fchl.","keywords":null,"keyphrases":{"focus":{"keyphrase":"Mykonos","score":70,"analysis":{"keyphraseInTitle":{"score":9,"maxScore":9,"error":0},"keyphraseInDescription":{"score":9,"maxScore":9,"error":0},"keyphraseLength":{"score":9,"maxScore":9,"error":0,"length":1},"keyphraseInURL":{"score":5,"maxScore":5,"error":0},"keyphraseInIntroduction":{"score":3,"maxScore":9,"error":1},"keyphraseInSubHeadings":[],"keyphraseInImageAlt":[],"keywordDensity":{"score":0,"type":"low","maxScore":9,"error":1}}},"additional":[]},"primary_term":null,"canonical_url":null,"og_title":null,"og_description":null,"og_object_type":"default","og_image_type":"default","og_image_url":null,"og_image_width":null,"og_image_height":null,"og_image_custom_url":null,"og_image_custom_fields":null,"og_video":"","og_custom_url":null,"og_article_section":null,"og_article_tags":null,"twitter_use_og":false,"twitter_card":"default","twitter_image_type":"default","twitter_image_url":null,"twitter_image_custom_url":null,"twitter_image_custom_fields":null,"twitter_title":null,"twitter_description":null,"schema":{"blockGraphs":[],"customGraphs":[],"default":{"data":{"Article":[],"Course":[],"Dataset":[],"FAQPage":[],"Movie":[],"Person":[],"Product":[],"ProductReview":[],"Car":[],"Recipe":[],"Service":[],"SoftwareApplication":[],"WebPage":[]},"graphName":"ItemPage","isEnabled":true},"graphs":[{"id":"#aioseo-faq-page-mi7h3arp","slug":"faq-page","graphName":"FAQPage","label":"FAQ","properties":{"name":"Mykonos \u2013 Duft\u00aderlebnis mit sommerlicher Freiheit | Zaluti","description":"Erleben Sie Mykonos: ein frischer Duft aus Meersalz und Zitrus. Perfekt f\u00fcr Ferienparks \u2013 leicht, elegant und voller Urlaubsgef\u00fchl.","questions":[{"question":"Warum ist Mykonos ideal f\u00fcr Ferienparks?","answer":"Mykonos weckt sofort das Gef\u00fchl von Sonne, Meer und Entspannung. Die frischen Noten schaffen eine einladende, fr\u00f6hliche Atmosph\u00e4re, die perfekt zu Urlaubsumgebungen passt."},{"question":"Ist Mykonos sicher und professionell komponiert?","answer":"Ja, der Duft erf\u00fcllt die IFRA-Sicherheitsstandards und ist veganfreundlich. Mykonos wird in den Niederlanden hergestellt und ist f\u00fcr professionelle Duftmaschinen geeignet."},{"question":"Wie lange bleibt der Duft in einem Raum wahrnehmbar?","answer":"Bei korrekt eingestellter Diffusion bleibt der Duft dauerhaft pr\u00e4sent, ohne zu dominant zu wirken. Die Intensit\u00e4t kann einfach an Raumgr\u00f6\u00dfe und Besucherzahl angepasst werden."},{"question":"Kann Mykonos mit anderen D\u00fcften kombiniert werden?","answer":"Ja, er harmoniert gut mit blumigen oder zitrischen D\u00fcften f\u00fcr zus\u00e4tzliche Frische. Dennoch ist Mykonos solo am ausgewogensten und unverwechselbar."},{"question":"Welche Duftmaschine eignet sich f\u00fcr Ferienparks?","answer":"F\u00fcr gr\u00f6\u00dfere R\u00e4ume empfehlen wir die Zaluti ModulAir oder ModulAir XL. Diese Systeme verbreiten den Duft gleichm\u00e4\u00dfig \u00fcber HVAC oder als Standalone-Ger\u00e4te."}]},"value":"faq-page"}]},"schema_type":"default","schema_type_options":null,"pillar_content":false,"robots_default":true,"robots_noindex":false,"robots_noarchive":false,"robots_nosnippet":false,"robots_nofollow":false,"robots_noimageindex":false,"robots_noodp":false,"robots_notranslate":false,"robots_max_snippet":"-1","robots_max_videopreview":"-1","robots_max_imagepreview":"large","priority":null,"frequency":"default","local_seo":null,"seo_analyzer_scan_date":"2025-12-16 15:12:23","breadcrumb_settings":null,"limit_modified_date":false,"reviewed_by":"0","open_ai":"{\"title\":{\"suggestions\":[],\"usage\":0},\"description\":{\"suggestions\":[],\"usage\":0}}","ai":{"faqs":[],"keyPoints":[],"titles":[],"descriptions":[],"socialPosts":{"email":[],"linkedin":[],"twitter":[],"facebook":[],"instagram":[]}},"created":"2023-01-31 15:54:41","updated":"2026-04-30 14:13:20"},"_links":{"self":[{"href":"https:\/\/zaluti.com\/de\/wp-json\/wp\/v2\/product\/243349","targetHints":{"allow":["GET"]}}],"collection":[{"href":"https:\/\/zaluti.com\/de\/wp-json\/wp\/v2\/product"}],"about":[{"href":"https:\/\/zaluti.com\/de\/wp-json\/wp\/v2\/types\/product"}],"replies":[{"embeddable":true,"href":"https:\/\/zaluti.com\/de\/wp-json\/wp\/v2\/comments?post=243349"}],"wp:featuredmedia":[{"embeddable":true,"href":"https:\/\/zaluti.com\/de\/wp-json\/wp\/v2\/media\/243350"}],"wp:attachment":[{"href":"https:\/\/zaluti.com\/de\/wp-json\/wp\/v2\/media?parent=243349"}],"wp:term":[{"taxonomy":"product_brand","embeddable":true,"href":"https:\/\/zaluti.com\/de\/wp-json\/wp\/v2\/product_brand?post=243349"},{"taxonomy":"product_cat","embeddable":true,"href":"https:\/\/zaluti.com\/de\/wp-json\/wp\/v2\/product_cat?post=243349"},{"taxonomy":"product_tag","embeddable":true,"href":"https:\/\/zaluti.com\/de\/wp-json\/wp\/v2\/product_tag?post=243349"}],"curies":[{"name":"wp","href":"https:\/\/api.w.org\/{rel}","templated":true}]}}