{"id":241661,"date":"2023-01-10T14:42:42","date_gmt":"2023-01-10T14:42:42","guid":{"rendered":"https:\/\/testallsens.nl\/?post_type=product&#038;p=241661"},"modified":"2025-12-17T11:48:38","modified_gmt":"2025-12-17T09:48:38","slug":"winter-ambiance-duft-zaluti","status":"publish","type":"product","link":"https:\/\/zaluti.com\/de\/duefte\/winter-ambiance\/","title":{"rendered":"Winter Ambiance"},"content":{"rendered":"<p>Umarmen Sie die Wintersaison mit W\u00e4rme. Eine \u00fcberraschende und unvergleichliche Mischung aus Zitrusfr\u00fcchten und Gew\u00fcrzen wie Pfeffer, Nelke und Zimt.<\/p>\n","protected":false},"excerpt":{"rendered":"<p>MILD TO STRONG<\/p>\n","protected":false},"featured_media":242639,"comment_status":"closed","ping_status":"closed","template":"","meta":{"_acf_changed":false,"_et_pb_use_builder":"","_et_pb_old_content":"","_et_gb_content_width":"","inline_featured_image":false},"product_brand":[],"product_cat":[25,100,101],"product_tag":[],"class_list":{"0":"post-241661","1":"product","2":"type-product","3":"status-publish","4":"has-post-thumbnail","6":"product_cat-food","7":"product_cat-fruity","8":"product_cat-spicy","9":"pa_seizoens-geur-winter-geur","11":"first","12":"instock","13":"shipping-taxable","14":"product-type-simple"},"acf":[],"aioseo_notices":[],"aioseo_head":"\n\t\t<!-- All in One SEO Pro 4.9.5.2 - aioseo.com -->\n\t<meta name=\"description\" content=\"Winter Ambiance vereint Zimt, Orange und Vanille zu einem warmen Weihnachtsduft f\u00fcr Einkaufszentren. Schafft festliche Stimmung und emotionale Markenbindung.\" \/>\n\t<meta name=\"robots\" content=\"max-image-preview:large\" \/>\n\t<link rel=\"canonical\" href=\"https:\/\/zaluti.com\/de\/duefte\/winter-ambiance\/\" \/>\n\t<meta name=\"generator\" content=\"All in One SEO Pro (AIOSEO) 4.9.5.2\" \/>\n\t\t<meta property=\"og:locale\" content=\"de_DE\" \/>\n\t\t<meta property=\"og:site_name\" content=\"Zaluti B.V. | Professionals in scent marketing\" \/>\n\t\t<meta property=\"og:type\" content=\"article\" \/>\n\t\t<meta property=\"og:title\" content=\"Winter Ambiance \u2013 Duftmarketing mit festlicher W\u00e4rme | Zaluti\" \/>\n\t\t<meta property=\"og:description\" content=\"Winter Ambiance vereint Zimt, Orange und Vanille zu einem warmen Weihnachtsduft f\u00fcr Einkaufszentren. Schafft festliche Stimmung und emotionale Markenbindung.\" \/>\n\t\t<meta property=\"og:url\" content=\"https:\/\/zaluti.com\/de\/duefte\/winter-ambiance\/\" \/>\n\t\t<meta property=\"article:published_time\" content=\"2023-01-10T14:42:42+00:00\" \/>\n\t\t<meta property=\"article:modified_time\" content=\"2025-12-17T09:48:38+00:00\" \/>\n\t\t<meta property=\"article:publisher\" content=\"https:\/\/www.facebook.com\/people\/Zalutide\/61552806365452\/\" \/>\n\t\t<meta name=\"twitter:card\" content=\"summary_large_image\" \/>\n\t\t<meta name=\"twitter:site\" content=\"@Zaluti_de\" \/>\n\t\t<meta name=\"twitter:title\" content=\"Winter Ambiance \u2013 Duftmarketing mit festlicher W\u00e4rme | Zaluti\" \/>\n\t\t<meta name=\"twitter:description\" content=\"Winter Ambiance vereint Zimt, Orange und Vanille zu einem warmen Weihnachtsduft f\u00fcr Einkaufszentren. Schafft festliche Stimmung und emotionale Markenbindung.\" \/>\n\t\t<script type=\"application\/ld+json\" class=\"aioseo-schema\">\n\t\t\t{\"@context\":\"https:\\\/\\\/schema.org\",\"@graph\":[{\"@type\":\"BreadcrumbList\",\"@id\":\"https:\\\/\\\/zaluti.com\\\/de\\\/duefte\\\/winter-ambiance\\\/#breadcrumblist\",\"itemListElement\":[{\"@type\":\"ListItem\",\"@id\":\"https:\\\/\\\/zaluti.com\\\/de\\\/duefte\\\/alle-duefte\\\/#listItem\",\"position\":1,\"name\":\"Geuren\",\"item\":\"https:\\\/\\\/zaluti.com\\\/de\\\/duefte\\\/alle-duefte\\\/\",\"nextItem\":{\"@type\":\"ListItem\",\"@id\":\"https:\\\/\\\/zaluti.com\\\/de\\\/product-categorie\\\/food\\\/#listItem\",\"name\":\"Food\"}},{\"@type\":\"ListItem\",\"@id\":\"https:\\\/\\\/zaluti.com\\\/de\\\/product-categorie\\\/food\\\/#listItem\",\"position\":2,\"name\":\"Food\",\"item\":\"https:\\\/\\\/zaluti.com\\\/de\\\/product-categorie\\\/food\\\/\",\"nextItem\":{\"@type\":\"ListItem\",\"@id\":\"https:\\\/\\\/zaluti.com\\\/de\\\/duefte\\\/winter-ambiance\\\/#listItem\",\"name\":\"Winter Ambiance\"},\"previousItem\":{\"@type\":\"ListItem\",\"@id\":\"https:\\\/\\\/zaluti.com\\\/de\\\/duefte\\\/alle-duefte\\\/#listItem\",\"name\":\"Geuren\"}},{\"@type\":\"ListItem\",\"@id\":\"https:\\\/\\\/zaluti.com\\\/de\\\/duefte\\\/winter-ambiance\\\/#listItem\",\"position\":3,\"name\":\"Winter Ambiance\",\"previousItem\":{\"@type\":\"ListItem\",\"@id\":\"https:\\\/\\\/zaluti.com\\\/de\\\/product-categorie\\\/food\\\/#listItem\",\"name\":\"Food\"}}]},{\"@type\":\"FAQPage\",\"@id\":\"https:\\\/\\\/zaluti.com\\\/de\\\/duefte\\\/winter-ambiance\\\/#aioseo-faq-page-mid3jxvm\",\"name\":\"Winter Ambiance \\u2013 Duftmarketing mit festlicher W\\u00e4rme | Zaluti\",\"description\":\"Winter Ambiance vereint Zimt, Orange und Vanille zu einem warmen Weihnachtsduft f\\u00fcr Einkaufszentren. Schafft festliche Stimmung und emotionale Markenbindung.\",\"url\":\"https:\\\/\\\/zaluti.com\\\/de\\\/duefte\\\/winter-ambiance\\\/\",\"mainEntity\":[{\"@type\":\"Question\",\"name\":\"Wof\\u00fcr ist Winter Ambiance am besten geeignet?\",\"acceptedAnswer\":{\"@type\":\"Answer\",\"text\":\"Der Duft ist ideal f\\u00fcr Einkaufszentren, Boutiquen und Hospitality-Bereiche in den Wintermonaten. Die w\\u00fcrzige W\\u00e4rme schafft eine festliche, einladende Atmosph\\u00e4re.\"}},{\"@type\":\"Question\",\"name\":\"Ist der Duft f\\u00fcr den t\\u00e4glichen Gebrauch sicher?\",\"acceptedAnswer\":{\"@type\":\"Answer\",\"text\":\"Ja. Winter Ambiance erf\\u00fcllt alle IFRA-Richtlinien und wird vegan sowie nachhaltig hergestellt. Zaluti garantiert eine sichere, hochwertige Raumbeduftung.\"}},{\"@type\":\"Question\",\"name\":\"Wie lange bleibt der Duft wahrnehmbar?\",\"acceptedAnswer\":{\"@type\":\"Answer\",\"text\":\"Mit professionellen Duftmaschinen bleibt Winter Ambiance \\u00fcber Wochen konstant pr\\u00e4sent. Die Intensit\\u00e4t kann je nach Besucheraufkommen und Saison angepasst werden.\"}},{\"@type\":\"Question\",\"name\":\"Kann Winter Ambiance mit anderen D\\u00fcften kombiniert werden?\",\"acceptedAnswer\":{\"@type\":\"Answer\",\"text\":\"Ja, er harmoniert gut mit Holz- oder Zitrusnoten, um in verschiedenen Bereichen eines Einkaufszentrums Abwechslung zu schaffen.\"}},{\"@type\":\"Question\",\"name\":\"Welche Duftmaschine passt am besten zu Winter Ambiance?\",\"acceptedAnswer\":{\"@type\":\"Answer\",\"text\":\"F\\u00fcr Einkaufszentren eignen sich Systeme wie der Zaluti ModulAir oder ModulAir XL \\u2013 sie verteilen den Duft kraftvoll und dennoch fein, perfekt f\\u00fcr gro\\u00dfe, festliche R\\u00e4ume.\"}}],\"inLanguage\":\"de\",\"breadcrumb\":{\"@id\":\"https:\\\/\\\/zaluti.com\\\/de\\\/duefte\\\/winter-ambiance\\\/#breadcrumblist\"}},{\"@type\":\"ItemPage\",\"@id\":\"https:\\\/\\\/zaluti.com\\\/de\\\/duefte\\\/winter-ambiance\\\/#itempage\",\"url\":\"https:\\\/\\\/zaluti.com\\\/de\\\/duefte\\\/winter-ambiance\\\/\",\"name\":\"Winter Ambiance \\u2013 Duftmarketing mit festlicher W\\u00e4rme | Zaluti\",\"description\":\"Winter Ambiance vereint Zimt, Orange und Vanille zu einem warmen Weihnachtsduft f\\u00fcr Einkaufszentren. Schafft festliche Stimmung und emotionale Markenbindung.\",\"inLanguage\":\"de-DE\",\"isPartOf\":{\"@id\":\"https:\\\/\\\/zaluti.com\\\/de\\\/#website\"},\"breadcrumb\":{\"@id\":\"https:\\\/\\\/zaluti.com\\\/de\\\/duefte\\\/winter-ambiance\\\/#breadcrumblist\"},\"image\":{\"@type\":\"ImageObject\",\"url\":\"https:\\\/\\\/zaluti.com\\\/de\\\/wp-content\\\/uploads\\\/2023\\\/01\\\/Winter-Ambiance-1.jpg\",\"@id\":\"https:\\\/\\\/zaluti.com\\\/de\\\/duefte\\\/winter-ambiance\\\/#mainImage\",\"width\":2880,\"height\":1983},\"primaryImageOfPage\":{\"@id\":\"https:\\\/\\\/zaluti.com\\\/de\\\/duefte\\\/winter-ambiance\\\/#mainImage\"},\"datePublished\":\"2023-01-10T14:42:42+02:00\",\"dateModified\":\"2025-12-17T11:48:38+02:00\"},{\"@type\":\"Organization\",\"@id\":\"https:\\\/\\\/zaluti.com\\\/de\\\/#organization\",\"name\":\"Zaluti\",\"description\":\"Zaluti ist Ihr Experte f\\u00fcr Duftmarketing und Raumbeduftung mit hochwertigen Duftmaschinen \\u201emade in Holland\\u201c. Herstellergarantie 7 Jahre.\",\"url\":\"https:\\\/\\\/zaluti.com\\\/de\\\/\",\"email\":\"welcome@zaluti.com\",\"telephone\":\"+31762055239\",\"foundingDate\":\"2015-01-01\",\"logo\":{\"@type\":\"ImageObject\",\"url\":\"https:\\\/\\\/zaluti.com\\\/de\\\/wp-content\\\/uploads\\\/2023\\\/09\\\/zalutilogo.png\",\"@id\":\"https:\\\/\\\/zaluti.com\\\/de\\\/duefte\\\/winter-ambiance\\\/#organizationLogo\",\"width\":46,\"height\":83,\"caption\":\"Zalutilogo\"},\"image\":{\"@id\":\"https:\\\/\\\/zaluti.com\\\/de\\\/duefte\\\/winter-ambiance\\\/#organizationLogo\"},\"sameAs\":[\"https:\\\/\\\/www.facebook.com\\\/people\\\/Zalutide\\\/61552806365452\\\/\",\"https:\\\/\\\/x.com\\\/Zaluti_de\",\"https:\\\/\\\/www.instagram.com\\\/zaluti_de\\\/\",\"https:\\\/\\\/nl.pinterest.com\\\/Zaluti_de\\\/\",\"https:\\\/\\\/www.youtube.com\\\/@AllSensService\",\"https:\\\/\\\/www.linkedin.com\\\/showcase\\\/zaluti-germany\\\/\"],\"address\":{\"@id\":\"https:\\\/\\\/zaluti.com\\\/de\\\/#postaladdress\",\"@type\":\"PostalAddress\",\"streetAddress\":\"Kapittelweg 12,\",\"postalCode\":\"4827 HG\",\"addressLocality\":\"Breda\",\"addressCountry\":\"NL\"}},{\"@type\":\"WebSite\",\"@id\":\"https:\\\/\\\/zaluti.com\\\/de\\\/#website\",\"url\":\"https:\\\/\\\/zaluti.com\\\/de\\\/\",\"name\":\"Zaluti B.V.\",\"description\":\"Professionals in scent marketing\",\"inLanguage\":\"de-DE\",\"publisher\":{\"@id\":\"https:\\\/\\\/zaluti.com\\\/de\\\/#organization\"}}]}\n\t\t<\/script>\n\t\t<!-- All in One SEO Pro -->\r\n\t\t<title>Winter Ambiance \u2013 Duftmarketing mit festlicher W\u00e4rme | Zaluti<\/title>\n\n","aioseo_head_json":{"title":"Winter Ambiance \u2013 Duftmarketing mit festlicher W\u00e4rme | Zaluti","description":"Winter Ambiance vereint Zimt, Orange und Vanille zu einem warmen Weihnachtsduft f\u00fcr Einkaufszentren. Schafft festliche Stimmung und emotionale Markenbindung.","canonical_url":"https:\/\/zaluti.com\/de\/duefte\/winter-ambiance\/","robots":"max-image-preview:large","keywords":"","webmasterTools":{"miscellaneous":""},"schema":{"@context":"https:\/\/schema.org","@graph":[{"@type":"BreadcrumbList","@id":"https:\/\/zaluti.com\/de\/duefte\/winter-ambiance\/#breadcrumblist","itemListElement":[{"@type":"ListItem","@id":"https:\/\/zaluti.com\/de\/duefte\/alle-duefte\/#listItem","position":1,"name":"Geuren","item":"https:\/\/zaluti.com\/de\/duefte\/alle-duefte\/","nextItem":{"@type":"ListItem","@id":"https:\/\/zaluti.com\/de\/product-categorie\/food\/#listItem","name":"Food"}},{"@type":"ListItem","@id":"https:\/\/zaluti.com\/de\/product-categorie\/food\/#listItem","position":2,"name":"Food","item":"https:\/\/zaluti.com\/de\/product-categorie\/food\/","nextItem":{"@type":"ListItem","@id":"https:\/\/zaluti.com\/de\/duefte\/winter-ambiance\/#listItem","name":"Winter Ambiance"},"previousItem":{"@type":"ListItem","@id":"https:\/\/zaluti.com\/de\/duefte\/alle-duefte\/#listItem","name":"Geuren"}},{"@type":"ListItem","@id":"https:\/\/zaluti.com\/de\/duefte\/winter-ambiance\/#listItem","position":3,"name":"Winter Ambiance","previousItem":{"@type":"ListItem","@id":"https:\/\/zaluti.com\/de\/product-categorie\/food\/#listItem","name":"Food"}}]},{"@type":"FAQPage","@id":"https:\/\/zaluti.com\/de\/duefte\/winter-ambiance\/#aioseo-faq-page-mid3jxvm","name":"Winter Ambiance \u2013 Duftmarketing mit festlicher W\u00e4rme | Zaluti","description":"Winter Ambiance vereint Zimt, Orange und Vanille zu einem warmen Weihnachtsduft f\u00fcr Einkaufszentren. Schafft festliche Stimmung und emotionale Markenbindung.","url":"https:\/\/zaluti.com\/de\/duefte\/winter-ambiance\/","mainEntity":[{"@type":"Question","name":"Wof\u00fcr ist Winter Ambiance am besten geeignet?","acceptedAnswer":{"@type":"Answer","text":"Der Duft ist ideal f\u00fcr Einkaufszentren, Boutiquen und Hospitality-Bereiche in den Wintermonaten. Die w\u00fcrzige W\u00e4rme schafft eine festliche, einladende Atmosph\u00e4re."}},{"@type":"Question","name":"Ist der Duft f\u00fcr den t\u00e4glichen Gebrauch sicher?","acceptedAnswer":{"@type":"Answer","text":"Ja. Winter Ambiance erf\u00fcllt alle IFRA-Richtlinien und wird vegan sowie nachhaltig hergestellt. Zaluti garantiert eine sichere, hochwertige Raumbeduftung."}},{"@type":"Question","name":"Wie lange bleibt der Duft wahrnehmbar?","acceptedAnswer":{"@type":"Answer","text":"Mit professionellen Duftmaschinen bleibt Winter Ambiance \u00fcber Wochen konstant pr\u00e4sent. Die Intensit\u00e4t kann je nach Besucheraufkommen und Saison angepasst werden."}},{"@type":"Question","name":"Kann Winter Ambiance mit anderen D\u00fcften kombiniert werden?","acceptedAnswer":{"@type":"Answer","text":"Ja, er harmoniert gut mit Holz- oder Zitrusnoten, um in verschiedenen Bereichen eines Einkaufszentrums Abwechslung zu schaffen."}},{"@type":"Question","name":"Welche Duftmaschine passt am besten zu Winter Ambiance?","acceptedAnswer":{"@type":"Answer","text":"F\u00fcr Einkaufszentren eignen sich Systeme wie der Zaluti ModulAir oder ModulAir XL \u2013 sie verteilen den Duft kraftvoll und dennoch fein, perfekt f\u00fcr gro\u00dfe, festliche R\u00e4ume."}},{"@type":"Question","name":"Wof\u00fcr ist Winter Ambiance am besten geeignet?","acceptedAnswer":{"@type":"Answer","text":"Der Duft ist ideal f\u00fcr Einkaufszentren, Boutiquen und Hospitality-Bereiche in den Wintermonaten. Die w\u00fcrzige W\u00e4rme schafft eine festliche, einladende Atmosph\u00e4re."}},{"@type":"Question","name":"Ist der Duft f\u00fcr den t\u00e4glichen Gebrauch sicher?","acceptedAnswer":{"@type":"Answer","text":"Ja. Winter Ambiance erf\u00fcllt alle IFRA-Richtlinien und wird vegan sowie nachhaltig hergestellt. Zaluti garantiert eine sichere, hochwertige Raumbeduftung."}},{"@type":"Question","name":"Wie lange bleibt der Duft wahrnehmbar?","acceptedAnswer":{"@type":"Answer","text":"Mit professionellen Duftmaschinen bleibt Winter Ambiance \u00fcber Wochen konstant pr\u00e4sent. Die Intensit\u00e4t kann je nach Besucheraufkommen und Saison angepasst werden."}},{"@type":"Question","name":"Kann Winter Ambiance mit anderen D\u00fcften kombiniert werden?","acceptedAnswer":{"@type":"Answer","text":"Ja, er harmoniert gut mit Holz- oder Zitrusnoten, um in verschiedenen Bereichen eines Einkaufszentrums Abwechslung zu schaffen."}},{"@type":"Question","name":"Welche Duftmaschine passt am besten zu Winter Ambiance?","acceptedAnswer":{"@type":"Answer","text":"F\u00fcr Einkaufszentren eignen sich Systeme wie der Zaluti ModulAir oder ModulAir XL \u2013 sie verteilen den Duft kraftvoll und dennoch fein, perfekt f\u00fcr gro\u00dfe, festliche R\u00e4ume."}}],"inLanguage":"de","breadcrumb":{"@id":"https:\/\/zaluti.com\/de\/duefte\/winter-ambiance\/#breadcrumblist"}},{"@type":"ItemPage","@id":"https:\/\/zaluti.com\/de\/duefte\/winter-ambiance\/#itempage","url":"https:\/\/zaluti.com\/de\/duefte\/winter-ambiance\/","name":"Winter Ambiance \u2013 Duftmarketing mit festlicher W\u00e4rme | Zaluti","description":"Winter Ambiance vereint Zimt, Orange und Vanille zu einem warmen Weihnachtsduft f\u00fcr Einkaufszentren. Schafft festliche Stimmung und emotionale Markenbindung.","inLanguage":"de-DE","isPartOf":{"@id":"https:\/\/zaluti.com\/de\/#website"},"breadcrumb":{"@id":"https:\/\/zaluti.com\/de\/duefte\/winter-ambiance\/#breadcrumblist"},"image":{"@type":"ImageObject","url":"https:\/\/zaluti.com\/de\/wp-content\/uploads\/2023\/01\/Winter-Ambiance-1.jpg","@id":"https:\/\/zaluti.com\/de\/duefte\/winter-ambiance\/#mainImage","width":2880,"height":1983},"primaryImageOfPage":{"@id":"https:\/\/zaluti.com\/de\/duefte\/winter-ambiance\/#mainImage"},"datePublished":"2023-01-10T14:42:42+02:00","dateModified":"2025-12-17T11:48:38+02:00"},{"@type":"Organization","@id":"https:\/\/zaluti.com\/de\/#organization","name":"Zaluti","description":"Zaluti ist Ihr Experte f\u00fcr Duftmarketing und Raumbeduftung mit hochwertigen Duftmaschinen \u201emade in Holland\u201c. Herstellergarantie 7 Jahre.","url":"https:\/\/zaluti.com\/de\/","email":"welcome@zaluti.com","telephone":"+31762055239","foundingDate":"2015-01-01","logo":{"@type":"ImageObject","url":"https:\/\/zaluti.com\/de\/wp-content\/uploads\/2023\/09\/zalutilogo.png","@id":"https:\/\/zaluti.com\/de\/duefte\/winter-ambiance\/#organizationLogo","width":46,"height":83,"caption":"Zalutilogo"},"image":{"@id":"https:\/\/zaluti.com\/de\/duefte\/winter-ambiance\/#organizationLogo"},"sameAs":["https:\/\/www.facebook.com\/people\/Zalutide\/61552806365452\/","https:\/\/x.com\/Zaluti_de","https:\/\/www.instagram.com\/zaluti_de\/","https:\/\/nl.pinterest.com\/Zaluti_de\/","https:\/\/www.youtube.com\/@AllSensService","https:\/\/www.linkedin.com\/showcase\/zaluti-germany\/"],"address":{"@id":"https:\/\/zaluti.com\/de\/#postaladdress","@type":"PostalAddress","streetAddress":"Kapittelweg 12,","postalCode":"4827 HG","addressLocality":"Breda","addressCountry":"NL"}},{"@type":"WebSite","@id":"https:\/\/zaluti.com\/de\/#website","url":"https:\/\/zaluti.com\/de\/","name":"Zaluti B.V.","description":"Professionals in scent marketing","inLanguage":"de-DE","publisher":{"@id":"https:\/\/zaluti.com\/de\/#organization"}}]},"og:locale":"de_DE","og:site_name":"Zaluti B.V. | Professionals in scent marketing","og:type":"article","og:title":"Winter Ambiance \u2013 Duftmarketing mit festlicher W\u00e4rme | Zaluti","og:description":"Winter Ambiance vereint Zimt, Orange und Vanille zu einem warmen Weihnachtsduft f\u00fcr Einkaufszentren. Schafft festliche Stimmung und emotionale Markenbindung.","og:url":"https:\/\/zaluti.com\/de\/duefte\/winter-ambiance\/","article:published_time":"2023-01-10T14:42:42+00:00","article:modified_time":"2025-12-17T09:48:38+00:00","article:publisher":"https:\/\/www.facebook.com\/people\/Zalutide\/61552806365452\/","twitter:card":"summary_large_image","twitter:site":"@Zaluti_de","twitter:title":"Winter Ambiance \u2013 Duftmarketing mit festlicher W\u00e4rme | Zaluti","twitter:description":"Winter Ambiance vereint Zimt, Orange und Vanille zu einem warmen Weihnachtsduft f\u00fcr Einkaufszentren. Schafft festliche Stimmung und emotionale Markenbindung."},"aioseo_meta_data":{"post_id":"241661","title":"Winter Ambiance \u2013 Duftmarketing mit festlicher W\u00e4rme | Zaluti","description":"Winter Ambiance vereint Zimt, Orange und Vanille zu einem warmen Weihnachtsduft f\u00fcr Einkaufszentren. Schafft festliche Stimmung und emotionale Markenbindung.","keywords":null,"keyphrases":{"focus":{"keyphrase":"Winter Ambiance","score":70,"analysis":{"keyphraseInTitle":{"score":9,"maxScore":9,"error":0},"keyphraseInDescription":{"score":9,"maxScore":9,"error":0},"keyphraseLength":{"score":9,"maxScore":9,"error":0,"length":2},"keyphraseInURL":{"score":5,"maxScore":5,"error":0},"keyphraseInIntroduction":{"score":3,"maxScore":9,"error":1},"keyphraseInSubHeadings":[],"keyphraseInImageAlt":[],"keywordDensity":{"score":0,"type":"low","maxScore":9,"error":1}}},"additional":[]},"primary_term":null,"canonical_url":null,"og_title":null,"og_description":null,"og_object_type":"default","og_image_type":"default","og_image_url":null,"og_image_width":null,"og_image_height":null,"og_image_custom_url":null,"og_image_custom_fields":null,"og_video":"","og_custom_url":null,"og_article_section":null,"og_article_tags":null,"twitter_use_og":false,"twitter_card":"default","twitter_image_type":"default","twitter_image_url":null,"twitter_image_custom_url":null,"twitter_image_custom_fields":null,"twitter_title":null,"twitter_description":null,"schema":{"blockGraphs":[],"customGraphs":[],"default":{"data":{"Article":[],"Course":[],"Dataset":[],"FAQPage":[],"Movie":[],"Person":[],"Product":[],"ProductReview":[],"Car":[],"Recipe":[],"Service":[],"SoftwareApplication":[],"WebPage":[]},"graphName":"ItemPage","isEnabled":true},"graphs":[{"id":"#aioseo-faq-page-mid3jxvm","slug":"faq-page","graphName":"FAQPage","label":"FAQ","properties":{"name":"Winter Ambiance \u2013 Duftmarketing mit festlicher W\u00e4rme | Zaluti","description":"Winter Ambiance vereint Zimt, Orange und Vanille zu einem warmen Weihnachtsduft f\u00fcr Einkaufszentren. Schafft festliche Stimmung und emotionale Markenbindung.","questions":[{"question":"Wof\u00fcr ist Winter Ambiance am besten geeignet?","answer":"Der Duft ist ideal f\u00fcr Einkaufszentren, Boutiquen und Hospitality-Bereiche in den Wintermonaten. Die w\u00fcrzige W\u00e4rme schafft eine festliche, einladende Atmosph\u00e4re."},{"question":"Ist der Duft f\u00fcr den t\u00e4glichen Gebrauch sicher?","answer":"Ja. Winter Ambiance erf\u00fcllt alle IFRA-Richtlinien und wird vegan sowie nachhaltig hergestellt. Zaluti garantiert eine sichere, hochwertige Raumbeduftung."},{"question":"Wie lange bleibt der Duft wahrnehmbar?","answer":"Mit professionellen Duftmaschinen bleibt Winter Ambiance \u00fcber Wochen konstant pr\u00e4sent. Die Intensit\u00e4t kann je nach Besucheraufkommen und Saison angepasst werden."},{"question":"Kann Winter Ambiance mit anderen D\u00fcften kombiniert werden?","answer":"Ja, er harmoniert gut mit Holz- oder Zitrusnoten, um in verschiedenen Bereichen eines Einkaufszentrums Abwechslung zu schaffen."},{"question":"Welche Duftmaschine passt am besten zu Winter Ambiance?","answer":"F\u00fcr Einkaufszentren eignen sich Systeme wie der Zaluti ModulAir oder ModulAir XL \u2013 sie verteilen den Duft kraftvoll und dennoch fein, perfekt f\u00fcr gro\u00dfe, festliche R\u00e4ume."}]},"value":"faq-page"}]},"schema_type":"default","schema_type_options":null,"pillar_content":false,"robots_default":true,"robots_noindex":false,"robots_noarchive":false,"robots_nosnippet":false,"robots_nofollow":false,"robots_noimageindex":false,"robots_noodp":false,"robots_notranslate":false,"robots_max_snippet":"-1","robots_max_videopreview":"-1","robots_max_imagepreview":"large","priority":null,"frequency":"default","local_seo":null,"seo_analyzer_scan_date":"2025-12-17 09:56:48","breadcrumb_settings":null,"limit_modified_date":false,"reviewed_by":"0","open_ai":"{\"title\":{\"suggestions\":[],\"usage\":0},\"description\":{\"suggestions\":[],\"usage\":0}}","ai":{"faqs":[],"keyPoints":[],"titles":[],"descriptions":[],"socialPosts":{"email":[],"linkedin":[],"twitter":[],"facebook":[],"instagram":[]}},"created":"2023-01-10 15:01:06","updated":"2026-04-18 12:33:17"},"_links":{"self":[{"href":"https:\/\/zaluti.com\/de\/wp-json\/wp\/v2\/product\/241661","targetHints":{"allow":["GET"]}}],"collection":[{"href":"https:\/\/zaluti.com\/de\/wp-json\/wp\/v2\/product"}],"about":[{"href":"https:\/\/zaluti.com\/de\/wp-json\/wp\/v2\/types\/product"}],"replies":[{"embeddable":true,"href":"https:\/\/zaluti.com\/de\/wp-json\/wp\/v2\/comments?post=241661"}],"wp:featuredmedia":[{"embeddable":true,"href":"https:\/\/zaluti.com\/de\/wp-json\/wp\/v2\/media\/242639"}],"wp:attachment":[{"href":"https:\/\/zaluti.com\/de\/wp-json\/wp\/v2\/media?parent=241661"}],"wp:term":[{"taxonomy":"product_brand","embeddable":true,"href":"https:\/\/zaluti.com\/de\/wp-json\/wp\/v2\/product_brand?post=241661"},{"taxonomy":"product_cat","embeddable":true,"href":"https:\/\/zaluti.com\/de\/wp-json\/wp\/v2\/product_cat?post=241661"},{"taxonomy":"product_tag","embeddable":true,"href":"https:\/\/zaluti.com\/de\/wp-json\/wp\/v2\/product_tag?post=241661"}],"curies":[{"name":"wp","href":"https:\/\/api.w.org\/{rel}","templated":true}]}}