{"id":241658,"date":"2023-01-10T14:42:41","date_gmt":"2023-01-10T14:42:41","guid":{"rendered":"https:\/\/testallsens.nl\/?post_type=product&#038;p=241658"},"modified":"2025-12-16T16:59:50","modified_gmt":"2025-12-16T14:59:50","slug":"mediterranee-duft-zaluti","status":"publish","type":"product","link":"https:\/\/zaluti.com\/de\/duefte\/mediterranee\/","title":{"rendered":"Mediterran\u00e9e"},"content":{"rendered":"<p>Lassen Sie sich von der belebenden Mischung aus blumigen, fruchtigen und saftigen Noten dieses Duftes an das Mittelmeer entf\u00fchren.<\/p>\n","protected":false},"excerpt":{"rendered":"<p>MILD<\/p>\n","protected":false},"featured_media":244497,"comment_status":"closed","ping_status":"closed","template":"","meta":{"_acf_changed":false,"_et_pb_use_builder":"","_et_pb_old_content":"","_et_gb_content_width":"","inline_featured_image":false},"product_brand":[],"product_cat":[21,26,100,114,135],"product_tag":[],"class_list":{"0":"post-241658","1":"product","2":"type-product","3":"status-publish","4":"has-post-thumbnail","6":"product_cat-acquatic","7":"product_cat-fresh","8":"product_cat-fruity","9":"product_cat-neutralisierend","10":"product_cat-top-10-dufte","11":"pa_seizoens-geur-sommer-geur","13":"first","14":"instock","15":"shipping-taxable","16":"product-type-simple"},"acf":[],"aioseo_notices":[],"aioseo_head":"\n\t\t<!-- All in One SEO Pro 4.9.5.2 - aioseo.com -->\n\t<meta name=\"description\" content=\"Erleben Sie M\u00e9diterran\u00e9e: ein frischer Duft von Meer und Zitrus. Perfekt f\u00fcr Reiseb\u00fcros \u2013 leicht, sommerlich und inspirierend.\" \/>\n\t<meta name=\"robots\" content=\"max-image-preview:large\" \/>\n\t<link rel=\"canonical\" href=\"https:\/\/zaluti.com\/de\/duefte\/mediterranee\/\" \/>\n\t<meta name=\"generator\" content=\"All in One SEO Pro (AIOSEO) 4.9.5.2\" \/>\n\t\t<meta property=\"og:locale\" content=\"de_DE\" \/>\n\t\t<meta property=\"og:site_name\" content=\"Zaluti B.V. | Professionals in scent marketing\" \/>\n\t\t<meta property=\"og:type\" content=\"article\" \/>\n\t\t<meta property=\"og:title\" content=\"M\u00e9diterran\u00e9e \u2013 Duftmarketing mit sonniger Freiheit | Zaluti\" \/>\n\t\t<meta property=\"og:description\" content=\"Erleben Sie M\u00e9diterran\u00e9e: ein frischer Duft von Meer und Zitrus. Perfekt f\u00fcr Reiseb\u00fcros \u2013 leicht, sommerlich und inspirierend.\" \/>\n\t\t<meta property=\"og:url\" content=\"https:\/\/zaluti.com\/de\/duefte\/mediterranee\/\" \/>\n\t\t<meta property=\"article:published_time\" content=\"2023-01-10T14:42:41+00:00\" \/>\n\t\t<meta property=\"article:modified_time\" content=\"2025-12-16T14:59:50+00:00\" \/>\n\t\t<meta property=\"article:publisher\" content=\"https:\/\/www.facebook.com\/people\/Zalutide\/61552806365452\/\" \/>\n\t\t<meta name=\"twitter:card\" content=\"summary_large_image\" \/>\n\t\t<meta name=\"twitter:site\" content=\"@Zaluti_de\" \/>\n\t\t<meta name=\"twitter:title\" content=\"M\u00e9diterran\u00e9e \u2013 Duftmarketing mit sonniger Freiheit | Zaluti\" \/>\n\t\t<meta name=\"twitter:description\" content=\"Erleben Sie M\u00e9diterran\u00e9e: ein frischer Duft von Meer und Zitrus. Perfekt f\u00fcr Reiseb\u00fcros \u2013 leicht, sommerlich und inspirierend.\" \/>\n\t\t<script type=\"application\/ld+json\" class=\"aioseo-schema\">\n\t\t\t{\"@context\":\"https:\\\/\\\/schema.org\",\"@graph\":[{\"@type\":\"BreadcrumbList\",\"@id\":\"https:\\\/\\\/zaluti.com\\\/de\\\/duefte\\\/mediterranee\\\/#breadcrumblist\",\"itemListElement\":[{\"@type\":\"ListItem\",\"@id\":\"https:\\\/\\\/zaluti.com\\\/de\\\/duefte\\\/alle-duefte\\\/#listItem\",\"position\":1,\"name\":\"Geuren\",\"item\":\"https:\\\/\\\/zaluti.com\\\/de\\\/duefte\\\/alle-duefte\\\/\",\"nextItem\":{\"@type\":\"ListItem\",\"@id\":\"https:\\\/\\\/zaluti.com\\\/de\\\/product-categorie\\\/acquatic\\\/#listItem\",\"name\":\"Acquatic\"}},{\"@type\":\"ListItem\",\"@id\":\"https:\\\/\\\/zaluti.com\\\/de\\\/product-categorie\\\/acquatic\\\/#listItem\",\"position\":2,\"name\":\"Acquatic\",\"item\":\"https:\\\/\\\/zaluti.com\\\/de\\\/product-categorie\\\/acquatic\\\/\",\"nextItem\":{\"@type\":\"ListItem\",\"@id\":\"https:\\\/\\\/zaluti.com\\\/de\\\/duefte\\\/mediterranee\\\/#listItem\",\"name\":\"Mediterran\\u00e9e\"},\"previousItem\":{\"@type\":\"ListItem\",\"@id\":\"https:\\\/\\\/zaluti.com\\\/de\\\/duefte\\\/alle-duefte\\\/#listItem\",\"name\":\"Geuren\"}},{\"@type\":\"ListItem\",\"@id\":\"https:\\\/\\\/zaluti.com\\\/de\\\/duefte\\\/mediterranee\\\/#listItem\",\"position\":3,\"name\":\"Mediterran\\u00e9e\",\"previousItem\":{\"@type\":\"ListItem\",\"@id\":\"https:\\\/\\\/zaluti.com\\\/de\\\/product-categorie\\\/acquatic\\\/#listItem\",\"name\":\"Acquatic\"}}]},{\"@type\":\"FAQPage\",\"@id\":\"https:\\\/\\\/zaluti.com\\\/de\\\/duefte\\\/mediterranee\\\/#aioseo-faq-page-mi7gmzk8\",\"name\":\"M\\u00e9diterran\\u00e9e \\u2013 Duftmarketing mit sonniger Freiheit | Zaluti\",\"description\":\"Erleben Sie M\\u00e9diterran\\u00e9e: ein frischer Duft von Meer und Zitrus. Perfekt f\\u00fcr Reiseb\\u00fcros \\u2013 leicht, sommerlich und inspirierend.\",\"url\":\"https:\\\/\\\/zaluti.com\\\/de\\\/duefte\\\/mediterranee\\\/\",\"mainEntity\":[{\"@type\":\"Question\",\"name\":\"Warum ist M\\u00e9diterran\\u00e9e ideal f\\u00fcr Reiseb\\u00fcros?\",\"acceptedAnswer\":{\"@type\":\"Answer\",\"text\":\"M\\u00e9diterran\\u00e9e bringt eine sommerliche Frische, die Kunden inspiriert und entspannt. Der Duft weckt Assoziationen an Reisen, Sonne und Freiheit \\u2013 perfekt f\\u00fcr Reiseb\\u00fcros.\"}},{\"@type\":\"Question\",\"name\":\"Ist M\\u00e9diterran\\u00e9e sicher und professionell komponiert?\",\"acceptedAnswer\":{\"@type\":\"Answer\",\"text\":\"Ja, der Duft erf\\u00fcllt alle IFRA-Richtlinien und ist veganfreundlich. M\\u00e9diterran\\u00e9e wird aus hochwertigen Inhaltsstoffen hergestellt und ist f\\u00fcr professionelle Duftmaschinen geeignet.\"}},{\"@type\":\"Question\",\"name\":\"Wie lange bleibt der Duft in einem Raum wahrnehmbar?\",\"acceptedAnswer\":{\"@type\":\"Answer\",\"text\":\"Bei korrekt eingestellter Diffusion bleibt der Duft dezent pr\\u00e4sent. Die Intensit\\u00e4t l\\u00e4sst sich einfach an Raumgr\\u00f6\\u00dfe und Besucherfrequenz anpassen.\"}},{\"@type\":\"Question\",\"name\":\"Kann M\\u00e9diterran\\u00e9e mit anderen D\\u00fcften kombiniert werden?\",\"acceptedAnswer\":{\"@type\":\"Answer\",\"text\":\"Ja, er harmoniert gut mit blumigen oder holzigen Noten. Dennoch entfaltet M\\u00e9diterran\\u00e9e seine Wirkung am besten solo \\u2013 rein, sonnig und ausgewogen.\"}},{\"@type\":\"Question\",\"name\":\"Welche Duftmaschine eignet sich f\\u00fcr B\\u00fcros und Empfangsbereiche?\",\"acceptedAnswer\":{\"@type\":\"Answer\",\"text\":\"F\\u00fcr Reiseb\\u00fcros sind leise, kompakte Systeme wie Zaluti Club oder ModulAir ideal. Sie sorgen f\\u00fcr eine gleichm\\u00e4\\u00dfige, konstante Duftverteilung ohne st\\u00f6rende Ger\\u00e4usche.\"}}],\"inLanguage\":\"de\",\"breadcrumb\":{\"@id\":\"https:\\\/\\\/zaluti.com\\\/de\\\/duefte\\\/mediterranee\\\/#breadcrumblist\"}},{\"@type\":\"ItemPage\",\"@id\":\"https:\\\/\\\/zaluti.com\\\/de\\\/duefte\\\/mediterranee\\\/#itempage\",\"url\":\"https:\\\/\\\/zaluti.com\\\/de\\\/duefte\\\/mediterranee\\\/\",\"name\":\"M\\u00e9diterran\\u00e9e \\u2013 Duftmarketing mit sonniger Freiheit | Zaluti\",\"description\":\"Erleben Sie M\\u00e9diterran\\u00e9e: ein frischer Duft von Meer und Zitrus. Perfekt f\\u00fcr Reiseb\\u00fcros \\u2013 leicht, sommerlich und inspirierend.\",\"inLanguage\":\"de-DE\",\"isPartOf\":{\"@id\":\"https:\\\/\\\/zaluti.com\\\/de\\\/#website\"},\"breadcrumb\":{\"@id\":\"https:\\\/\\\/zaluti.com\\\/de\\\/duefte\\\/mediterranee\\\/#breadcrumblist\"},\"image\":{\"@type\":\"ImageObject\",\"url\":\"https:\\\/\\\/zaluti.com\\\/de\\\/wp-content\\\/uploads\\\/2023\\\/02\\\/Mediterranee.jpg\",\"@id\":\"https:\\\/\\\/zaluti.com\\\/de\\\/duefte\\\/mediterranee\\\/#mainImage\",\"width\":2880,\"height\":1920},\"primaryImageOfPage\":{\"@id\":\"https:\\\/\\\/zaluti.com\\\/de\\\/duefte\\\/mediterranee\\\/#mainImage\"},\"datePublished\":\"2023-01-10T14:42:41+02:00\",\"dateModified\":\"2025-12-16T16:59:50+02:00\"},{\"@type\":\"Organization\",\"@id\":\"https:\\\/\\\/zaluti.com\\\/de\\\/#organization\",\"name\":\"Zaluti\",\"description\":\"Zaluti ist Ihr Experte f\\u00fcr Duftmarketing und Raumbeduftung mit hochwertigen Duftmaschinen \\u201emade in Holland\\u201c. Herstellergarantie 7 Jahre.\",\"url\":\"https:\\\/\\\/zaluti.com\\\/de\\\/\",\"email\":\"welcome@zaluti.com\",\"telephone\":\"+31762055239\",\"foundingDate\":\"2015-01-01\",\"logo\":{\"@type\":\"ImageObject\",\"url\":\"https:\\\/\\\/zaluti.com\\\/de\\\/wp-content\\\/uploads\\\/2023\\\/09\\\/zalutilogo.png\",\"@id\":\"https:\\\/\\\/zaluti.com\\\/de\\\/duefte\\\/mediterranee\\\/#organizationLogo\",\"width\":46,\"height\":83,\"caption\":\"Zalutilogo\"},\"image\":{\"@id\":\"https:\\\/\\\/zaluti.com\\\/de\\\/duefte\\\/mediterranee\\\/#organizationLogo\"},\"sameAs\":[\"https:\\\/\\\/www.facebook.com\\\/people\\\/Zalutide\\\/61552806365452\\\/\",\"https:\\\/\\\/x.com\\\/Zaluti_de\",\"https:\\\/\\\/www.instagram.com\\\/zaluti_de\\\/\",\"https:\\\/\\\/nl.pinterest.com\\\/Zaluti_de\\\/\",\"https:\\\/\\\/www.youtube.com\\\/@AllSensService\",\"https:\\\/\\\/www.linkedin.com\\\/showcase\\\/zaluti-germany\\\/\"],\"address\":{\"@id\":\"https:\\\/\\\/zaluti.com\\\/de\\\/#postaladdress\",\"@type\":\"PostalAddress\",\"streetAddress\":\"Kapittelweg 12,\",\"postalCode\":\"4827 HG\",\"addressLocality\":\"Breda\",\"addressCountry\":\"NL\"}},{\"@type\":\"WebSite\",\"@id\":\"https:\\\/\\\/zaluti.com\\\/de\\\/#website\",\"url\":\"https:\\\/\\\/zaluti.com\\\/de\\\/\",\"name\":\"Zaluti B.V.\",\"description\":\"Professionals in scent marketing\",\"inLanguage\":\"de-DE\",\"publisher\":{\"@id\":\"https:\\\/\\\/zaluti.com\\\/de\\\/#organization\"}}]}\n\t\t<\/script>\n\t\t<!-- All in One SEO Pro -->\r\n\t\t<title>M\u00e9diterran\u00e9e \u2013 Duftmarketing mit sonniger Freiheit | Zaluti<\/title>\n\n","aioseo_head_json":{"title":"M\u00e9diterran\u00e9e \u2013 Duftmarketing mit sonniger Freiheit | Zaluti","description":"Erleben Sie M\u00e9diterran\u00e9e: ein frischer Duft von Meer und Zitrus. Perfekt f\u00fcr Reiseb\u00fcros \u2013 leicht, sommerlich und inspirierend.","canonical_url":"https:\/\/zaluti.com\/de\/duefte\/mediterranee\/","robots":"max-image-preview:large","keywords":"","webmasterTools":{"miscellaneous":""},"schema":{"@context":"https:\/\/schema.org","@graph":[{"@type":"BreadcrumbList","@id":"https:\/\/zaluti.com\/de\/duefte\/mediterranee\/#breadcrumblist","itemListElement":[{"@type":"ListItem","@id":"https:\/\/zaluti.com\/de\/duefte\/alle-duefte\/#listItem","position":1,"name":"Geuren","item":"https:\/\/zaluti.com\/de\/duefte\/alle-duefte\/","nextItem":{"@type":"ListItem","@id":"https:\/\/zaluti.com\/de\/product-categorie\/acquatic\/#listItem","name":"Acquatic"}},{"@type":"ListItem","@id":"https:\/\/zaluti.com\/de\/product-categorie\/acquatic\/#listItem","position":2,"name":"Acquatic","item":"https:\/\/zaluti.com\/de\/product-categorie\/acquatic\/","nextItem":{"@type":"ListItem","@id":"https:\/\/zaluti.com\/de\/duefte\/mediterranee\/#listItem","name":"Mediterran\u00e9e"},"previousItem":{"@type":"ListItem","@id":"https:\/\/zaluti.com\/de\/duefte\/alle-duefte\/#listItem","name":"Geuren"}},{"@type":"ListItem","@id":"https:\/\/zaluti.com\/de\/duefte\/mediterranee\/#listItem","position":3,"name":"Mediterran\u00e9e","previousItem":{"@type":"ListItem","@id":"https:\/\/zaluti.com\/de\/product-categorie\/acquatic\/#listItem","name":"Acquatic"}}]},{"@type":"FAQPage","@id":"https:\/\/zaluti.com\/de\/duefte\/mediterranee\/#aioseo-faq-page-mi7gmzk8","name":"M\u00e9diterran\u00e9e \u2013 Duftmarketing mit sonniger Freiheit | Zaluti","description":"Erleben Sie M\u00e9diterran\u00e9e: ein frischer Duft von Meer und Zitrus. Perfekt f\u00fcr Reiseb\u00fcros \u2013 leicht, sommerlich und inspirierend.","url":"https:\/\/zaluti.com\/de\/duefte\/mediterranee\/","mainEntity":[{"@type":"Question","name":"Warum ist M\u00e9diterran\u00e9e ideal f\u00fcr Reiseb\u00fcros?","acceptedAnswer":{"@type":"Answer","text":"M\u00e9diterran\u00e9e bringt eine sommerliche Frische, die Kunden inspiriert und entspannt. Der Duft weckt Assoziationen an Reisen, Sonne und Freiheit \u2013 perfekt f\u00fcr Reiseb\u00fcros."}},{"@type":"Question","name":"Ist M\u00e9diterran\u00e9e sicher und professionell komponiert?","acceptedAnswer":{"@type":"Answer","text":"Ja, der Duft erf\u00fcllt alle IFRA-Richtlinien und ist veganfreundlich. M\u00e9diterran\u00e9e wird aus hochwertigen Inhaltsstoffen hergestellt und ist f\u00fcr professionelle Duftmaschinen geeignet."}},{"@type":"Question","name":"Wie lange bleibt der Duft in einem Raum wahrnehmbar?","acceptedAnswer":{"@type":"Answer","text":"Bei korrekt eingestellter Diffusion bleibt der Duft dezent pr\u00e4sent. Die Intensit\u00e4t l\u00e4sst sich einfach an Raumgr\u00f6\u00dfe und Besucherfrequenz anpassen."}},{"@type":"Question","name":"Kann M\u00e9diterran\u00e9e mit anderen D\u00fcften kombiniert werden?","acceptedAnswer":{"@type":"Answer","text":"Ja, er harmoniert gut mit blumigen oder holzigen Noten. Dennoch entfaltet M\u00e9diterran\u00e9e seine Wirkung am besten solo \u2013 rein, sonnig und ausgewogen."}},{"@type":"Question","name":"Welche Duftmaschine eignet sich f\u00fcr B\u00fcros und Empfangsbereiche?","acceptedAnswer":{"@type":"Answer","text":"F\u00fcr Reiseb\u00fcros sind leise, kompakte Systeme wie Zaluti Club oder ModulAir ideal. Sie sorgen f\u00fcr eine gleichm\u00e4\u00dfige, konstante Duftverteilung ohne st\u00f6rende Ger\u00e4usche."}},{"@type":"Question","name":"Warum ist M\u00e9diterran\u00e9e ideal f\u00fcr Reiseb\u00fcros?","acceptedAnswer":{"@type":"Answer","text":"M\u00e9diterran\u00e9e bringt eine sommerliche Frische, die Kunden inspiriert und entspannt. Der Duft weckt Assoziationen an Reisen, Sonne und Freiheit \u2013 perfekt f\u00fcr Reiseb\u00fcros."}},{"@type":"Question","name":"Ist M\u00e9diterran\u00e9e sicher und professionell komponiert?","acceptedAnswer":{"@type":"Answer","text":"Ja, der Duft erf\u00fcllt alle IFRA-Richtlinien und ist veganfreundlich. M\u00e9diterran\u00e9e wird aus hochwertigen Inhaltsstoffen hergestellt und ist f\u00fcr professionelle Duftmaschinen geeignet."}},{"@type":"Question","name":"Wie lange bleibt der Duft in einem Raum wahrnehmbar?","acceptedAnswer":{"@type":"Answer","text":"Bei korrekt eingestellter Diffusion bleibt der Duft dezent pr\u00e4sent. Die Intensit\u00e4t l\u00e4sst sich einfach an Raumgr\u00f6\u00dfe und Besucherfrequenz anpassen."}},{"@type":"Question","name":"Kann M\u00e9diterran\u00e9e mit anderen D\u00fcften kombiniert werden?","acceptedAnswer":{"@type":"Answer","text":"Ja, er harmoniert gut mit blumigen oder holzigen Noten. Dennoch entfaltet M\u00e9diterran\u00e9e seine Wirkung am besten solo \u2013 rein, sonnig und ausgewogen."}},{"@type":"Question","name":"Welche Duftmaschine eignet sich f\u00fcr B\u00fcros und Empfangsbereiche?","acceptedAnswer":{"@type":"Answer","text":"F\u00fcr Reiseb\u00fcros sind leise, kompakte Systeme wie Zaluti Club oder ModulAir ideal. Sie sorgen f\u00fcr eine gleichm\u00e4\u00dfige, konstante Duftverteilung ohne st\u00f6rende Ger\u00e4usche."}}],"inLanguage":"de","breadcrumb":{"@id":"https:\/\/zaluti.com\/de\/duefte\/mediterranee\/#breadcrumblist"}},{"@type":"ItemPage","@id":"https:\/\/zaluti.com\/de\/duefte\/mediterranee\/#itempage","url":"https:\/\/zaluti.com\/de\/duefte\/mediterranee\/","name":"M\u00e9diterran\u00e9e \u2013 Duftmarketing mit sonniger Freiheit | Zaluti","description":"Erleben Sie M\u00e9diterran\u00e9e: ein frischer Duft von Meer und Zitrus. Perfekt f\u00fcr Reiseb\u00fcros \u2013 leicht, sommerlich und inspirierend.","inLanguage":"de-DE","isPartOf":{"@id":"https:\/\/zaluti.com\/de\/#website"},"breadcrumb":{"@id":"https:\/\/zaluti.com\/de\/duefte\/mediterranee\/#breadcrumblist"},"image":{"@type":"ImageObject","url":"https:\/\/zaluti.com\/de\/wp-content\/uploads\/2023\/02\/Mediterranee.jpg","@id":"https:\/\/zaluti.com\/de\/duefte\/mediterranee\/#mainImage","width":2880,"height":1920},"primaryImageOfPage":{"@id":"https:\/\/zaluti.com\/de\/duefte\/mediterranee\/#mainImage"},"datePublished":"2023-01-10T14:42:41+02:00","dateModified":"2025-12-16T16:59:50+02:00"},{"@type":"Organization","@id":"https:\/\/zaluti.com\/de\/#organization","name":"Zaluti","description":"Zaluti ist Ihr Experte f\u00fcr Duftmarketing und Raumbeduftung mit hochwertigen Duftmaschinen \u201emade in Holland\u201c. Herstellergarantie 7 Jahre.","url":"https:\/\/zaluti.com\/de\/","email":"welcome@zaluti.com","telephone":"+31762055239","foundingDate":"2015-01-01","logo":{"@type":"ImageObject","url":"https:\/\/zaluti.com\/de\/wp-content\/uploads\/2023\/09\/zalutilogo.png","@id":"https:\/\/zaluti.com\/de\/duefte\/mediterranee\/#organizationLogo","width":46,"height":83,"caption":"Zalutilogo"},"image":{"@id":"https:\/\/zaluti.com\/de\/duefte\/mediterranee\/#organizationLogo"},"sameAs":["https:\/\/www.facebook.com\/people\/Zalutide\/61552806365452\/","https:\/\/x.com\/Zaluti_de","https:\/\/www.instagram.com\/zaluti_de\/","https:\/\/nl.pinterest.com\/Zaluti_de\/","https:\/\/www.youtube.com\/@AllSensService","https:\/\/www.linkedin.com\/showcase\/zaluti-germany\/"],"address":{"@id":"https:\/\/zaluti.com\/de\/#postaladdress","@type":"PostalAddress","streetAddress":"Kapittelweg 12,","postalCode":"4827 HG","addressLocality":"Breda","addressCountry":"NL"}},{"@type":"WebSite","@id":"https:\/\/zaluti.com\/de\/#website","url":"https:\/\/zaluti.com\/de\/","name":"Zaluti B.V.","description":"Professionals in scent marketing","inLanguage":"de-DE","publisher":{"@id":"https:\/\/zaluti.com\/de\/#organization"}}]},"og:locale":"de_DE","og:site_name":"Zaluti B.V. | Professionals in scent marketing","og:type":"article","og:title":"M\u00e9diterran\u00e9e \u2013 Duftmarketing mit sonniger Freiheit | Zaluti","og:description":"Erleben Sie M\u00e9diterran\u00e9e: ein frischer Duft von Meer und Zitrus. Perfekt f\u00fcr Reiseb\u00fcros \u2013 leicht, sommerlich und inspirierend.","og:url":"https:\/\/zaluti.com\/de\/duefte\/mediterranee\/","article:published_time":"2023-01-10T14:42:41+00:00","article:modified_time":"2025-12-16T14:59:50+00:00","article:publisher":"https:\/\/www.facebook.com\/people\/Zalutide\/61552806365452\/","twitter:card":"summary_large_image","twitter:site":"@Zaluti_de","twitter:title":"M\u00e9diterran\u00e9e \u2013 Duftmarketing mit sonniger Freiheit | Zaluti","twitter:description":"Erleben Sie M\u00e9diterran\u00e9e: ein frischer Duft von Meer und Zitrus. Perfekt f\u00fcr Reiseb\u00fcros \u2013 leicht, sommerlich und inspirierend."},"aioseo_meta_data":{"post_id":"241658","title":"M\u00e9diterran\u00e9e \u2013 Duftmarketing mit sonniger Freiheit | Zaluti","description":"Erleben Sie M\u00e9diterran\u00e9e: ein frischer Duft von Meer und Zitrus. Perfekt f\u00fcr Reiseb\u00fcros \u2013 leicht, sommerlich und inspirierend.","keywords":null,"keyphrases":{"focus":{"keyphrase":"Mediterran\u00e9e","score":46,"analysis":{"keyphraseInTitle":{"score":3,"maxScore":9,"error":1},"keyphraseInDescription":{"score":3,"maxScore":9,"error":1},"keyphraseLength":{"score":9,"maxScore":9,"error":0,"length":2},"keyphraseInURL":{"score":5,"maxScore":5,"error":0},"keyphraseInIntroduction":{"score":3,"maxScore":9,"error":1},"keyphraseInSubHeadings":[],"keyphraseInImageAlt":[],"keywordDensity":{"score":0,"type":"low","maxScore":9,"error":1}}},"additional":[]},"primary_term":null,"canonical_url":null,"og_title":null,"og_description":null,"og_object_type":"default","og_image_type":"default","og_image_url":null,"og_image_width":null,"og_image_height":null,"og_image_custom_url":null,"og_image_custom_fields":null,"og_video":"","og_custom_url":null,"og_article_section":null,"og_article_tags":null,"twitter_use_og":false,"twitter_card":"default","twitter_image_type":"default","twitter_image_url":null,"twitter_image_custom_url":null,"twitter_image_custom_fields":null,"twitter_title":null,"twitter_description":null,"schema":{"blockGraphs":[],"customGraphs":[],"default":{"data":{"Article":[],"Course":[],"Dataset":[],"FAQPage":[],"Movie":[],"Person":[],"Product":[],"ProductReview":[],"Car":[],"Recipe":[],"Service":[],"SoftwareApplication":[],"WebPage":[]},"graphName":"ItemPage","isEnabled":true},"graphs":[{"id":"#aioseo-faq-page-mi7gmzk8","slug":"faq-page","graphName":"FAQPage","label":"FAQ","properties":{"name":"M\u00e9diterran\u00e9e \u2013 Duftmarketing mit sonniger Freiheit | Zaluti","description":"Erleben Sie M\u00e9diterran\u00e9e: ein frischer Duft von Meer und Zitrus. Perfekt f\u00fcr Reiseb\u00fcros \u2013 leicht, sommerlich und inspirierend.","questions":[{"question":"Warum ist M\u00e9diterran\u00e9e ideal f\u00fcr Reiseb\u00fcros?","answer":"M\u00e9diterran\u00e9e bringt eine sommerliche Frische, die Kunden inspiriert und entspannt. Der Duft weckt Assoziationen an Reisen, Sonne und Freiheit \u2013 perfekt f\u00fcr Reiseb\u00fcros."},{"question":"Ist M\u00e9diterran\u00e9e sicher und professionell komponiert?","answer":"Ja, der Duft erf\u00fcllt alle IFRA-Richtlinien und ist veganfreundlich. M\u00e9diterran\u00e9e wird aus hochwertigen Inhaltsstoffen hergestellt und ist f\u00fcr professionelle Duftmaschinen geeignet."},{"question":"Wie lange bleibt der Duft in einem Raum wahrnehmbar?","answer":"Bei korrekt eingestellter Diffusion bleibt der Duft dezent pr\u00e4sent. Die Intensit\u00e4t l\u00e4sst sich einfach an Raumgr\u00f6\u00dfe und Besucherfrequenz anpassen."},{"question":"Kann M\u00e9diterran\u00e9e mit anderen D\u00fcften kombiniert werden?","answer":"Ja, er harmoniert gut mit blumigen oder holzigen Noten. Dennoch entfaltet M\u00e9diterran\u00e9e seine Wirkung am besten solo \u2013 rein, sonnig und ausgewogen."},{"question":"Welche Duftmaschine eignet sich f\u00fcr B\u00fcros und Empfangsbereiche?","answer":"F\u00fcr Reiseb\u00fcros sind leise, kompakte Systeme wie Zaluti Club oder ModulAir ideal. Sie sorgen f\u00fcr eine gleichm\u00e4\u00dfige, konstante Duftverteilung ohne st\u00f6rende Ger\u00e4usche."}]},"value":"faq-page"}]},"schema_type":"default","schema_type_options":null,"pillar_content":false,"robots_default":true,"robots_noindex":false,"robots_noarchive":false,"robots_nosnippet":false,"robots_nofollow":false,"robots_noimageindex":false,"robots_noodp":false,"robots_notranslate":false,"robots_max_snippet":"-1","robots_max_videopreview":"-1","robots_max_imagepreview":"large","priority":null,"frequency":"default","local_seo":null,"seo_analyzer_scan_date":"2025-12-16 15:12:23","breadcrumb_settings":null,"limit_modified_date":false,"reviewed_by":"0","open_ai":"{\"title\":{\"suggestions\":[],\"usage\":0},\"description\":{\"suggestions\":[],\"usage\":0}}","ai":{"faqs":[],"keyPoints":[],"titles":[],"descriptions":[],"socialPosts":{"email":[],"linkedin":[],"twitter":[],"facebook":[],"instagram":[]}},"created":"2023-01-10 14:59:03","updated":"2026-04-18 14:17:59"},"_links":{"self":[{"href":"https:\/\/zaluti.com\/de\/wp-json\/wp\/v2\/product\/241658","targetHints":{"allow":["GET"]}}],"collection":[{"href":"https:\/\/zaluti.com\/de\/wp-json\/wp\/v2\/product"}],"about":[{"href":"https:\/\/zaluti.com\/de\/wp-json\/wp\/v2\/types\/product"}],"replies":[{"embeddable":true,"href":"https:\/\/zaluti.com\/de\/wp-json\/wp\/v2\/comments?post=241658"}],"wp:featuredmedia":[{"embeddable":true,"href":"https:\/\/zaluti.com\/de\/wp-json\/wp\/v2\/media\/244497"}],"wp:attachment":[{"href":"https:\/\/zaluti.com\/de\/wp-json\/wp\/v2\/media?parent=241658"}],"wp:term":[{"taxonomy":"product_brand","embeddable":true,"href":"https:\/\/zaluti.com\/de\/wp-json\/wp\/v2\/product_brand?post=241658"},{"taxonomy":"product_cat","embeddable":true,"href":"https:\/\/zaluti.com\/de\/wp-json\/wp\/v2\/product_cat?post=241658"},{"taxonomy":"product_tag","embeddable":true,"href":"https:\/\/zaluti.com\/de\/wp-json\/wp\/v2\/product_tag?post=241658"}],"curies":[{"name":"wp","href":"https:\/\/api.w.org\/{rel}","templated":true}]}}