{"id":241652,"date":"2023-01-10T14:42:39","date_gmt":"2023-01-10T14:42:39","guid":{"rendered":"https:\/\/testallsens.nl\/?post_type=product&#038;p=241652"},"modified":"2025-12-16T11:49:47","modified_gmt":"2025-12-16T09:49:47","slug":"hinoki-cypress-duft-zaluti","status":"publish","type":"product","link":"https:\/\/zaluti.com\/de\/duefte\/hinoki-cypress\/","title":{"rendered":"Hinoki Cypress"},"content":{"rendered":"<p>Verk\u00f6rpern Sie das ruhige Ambiente eines friedvollen japanischen Gartens mit diesem aromatischen Duft, durchzogen von den klaren Noten von Zypresse und Zedernholz.<\/p>\n","protected":false},"excerpt":{"rendered":"<p>MILD<\/p>\n","protected":false},"featured_media":242657,"comment_status":"closed","ping_status":"closed","template":"","meta":{"_acf_changed":false,"_et_pb_use_builder":"","_et_pb_old_content":"","_et_gb_content_width":"","inline_featured_image":false},"product_brand":[],"product_cat":[25,26,24],"product_tag":[],"class_list":{"0":"post-241652","1":"product","2":"type-product","3":"status-publish","4":"has-post-thumbnail","6":"product_cat-food","7":"product_cat-fresh","8":"product_cat-woody","9":"pa_seizoens-geur-fruhling-geur","11":"first","12":"instock","13":"shipping-taxable","14":"product-type-simple"},"acf":[],"aioseo_notices":[],"aioseo_head":"\n\t\t<!-- All in One SEO Pro 4.9.6.2 - aioseo.com -->\n\t<meta name=\"description\" content=\"Erleben Sie Hinoki Cypress: einen raffinierten Holz Duft mit japanischer Zypresse. Perfekt f\u00fcr Architekturb\u00fcros \u2013 beruhigend, klar und inspirierend.\" \/>\n\t<meta name=\"robots\" content=\"max-image-preview:large\" \/>\n\t<link rel=\"canonical\" href=\"https:\/\/zaluti.com\/de\/duefte\/hinoki-cypress\/\" \/>\n\t<meta name=\"generator\" content=\"All in One SEO Pro (AIOSEO) 4.9.6.2\" \/>\n\t\t<meta property=\"og:locale\" content=\"de_DE\" \/>\n\t\t<meta property=\"og:site_name\" content=\"Zaluti B.V. | Professionals in scent marketing\" \/>\n\t\t<meta property=\"og:type\" content=\"article\" \/>\n\t\t<meta property=\"og:title\" content=\"Hinoki Cypress \u2013 Duft\u00aderlebnis mit Ruhe und Fokus | Zaluti\" \/>\n\t\t<meta property=\"og:description\" content=\"Erleben Sie Hinoki Cypress: einen raffinierten Holz Duft mit japanischer Zypresse. Perfekt f\u00fcr Architekturb\u00fcros \u2013 beruhigend, klar und inspirierend.\" \/>\n\t\t<meta property=\"og:url\" content=\"https:\/\/zaluti.com\/de\/duefte\/hinoki-cypress\/\" \/>\n\t\t<meta property=\"article:published_time\" content=\"2023-01-10T14:42:39+00:00\" \/>\n\t\t<meta property=\"article:modified_time\" content=\"2025-12-16T09:49:47+00:00\" \/>\n\t\t<meta property=\"article:publisher\" content=\"https:\/\/www.facebook.com\/people\/Zalutide\/61552806365452\/\" \/>\n\t\t<meta name=\"twitter:card\" content=\"summary_large_image\" \/>\n\t\t<meta name=\"twitter:site\" content=\"@Zaluti_de\" \/>\n\t\t<meta name=\"twitter:title\" content=\"Hinoki Cypress \u2013 Duft\u00aderlebnis mit Ruhe und Fokus | Zaluti\" \/>\n\t\t<meta name=\"twitter:description\" content=\"Erleben Sie Hinoki Cypress: einen raffinierten Holz Duft mit japanischer Zypresse. Perfekt f\u00fcr Architekturb\u00fcros \u2013 beruhigend, klar und inspirierend.\" \/>\n\t\t<script type=\"application\/ld+json\" class=\"aioseo-schema\">\n\t\t\t{\"@context\":\"https:\\\/\\\/schema.org\",\"@graph\":[{\"@type\":\"BreadcrumbList\",\"@id\":\"https:\\\/\\\/zaluti.com\\\/de\\\/duefte\\\/hinoki-cypress\\\/#breadcrumblist\",\"itemListElement\":[{\"@type\":\"ListItem\",\"@id\":\"https:\\\/\\\/zaluti.com\\\/de\\\/duefte\\\/alle-duefte\\\/#listItem\",\"position\":1,\"name\":\"Geuren\",\"item\":\"https:\\\/\\\/zaluti.com\\\/de\\\/duefte\\\/alle-duefte\\\/\",\"nextItem\":{\"@type\":\"ListItem\",\"@id\":\"https:\\\/\\\/zaluti.com\\\/de\\\/product-categorie\\\/woody\\\/#listItem\",\"name\":\"Woody\"}},{\"@type\":\"ListItem\",\"@id\":\"https:\\\/\\\/zaluti.com\\\/de\\\/product-categorie\\\/woody\\\/#listItem\",\"position\":2,\"name\":\"Woody\",\"item\":\"https:\\\/\\\/zaluti.com\\\/de\\\/product-categorie\\\/woody\\\/\",\"nextItem\":{\"@type\":\"ListItem\",\"@id\":\"https:\\\/\\\/zaluti.com\\\/de\\\/duefte\\\/hinoki-cypress\\\/#listItem\",\"name\":\"Hinoki Cypress\"},\"previousItem\":{\"@type\":\"ListItem\",\"@id\":\"https:\\\/\\\/zaluti.com\\\/de\\\/duefte\\\/alle-duefte\\\/#listItem\",\"name\":\"Geuren\"}},{\"@type\":\"ListItem\",\"@id\":\"https:\\\/\\\/zaluti.com\\\/de\\\/duefte\\\/hinoki-cypress\\\/#listItem\",\"position\":3,\"name\":\"Hinoki Cypress\",\"previousItem\":{\"@type\":\"ListItem\",\"@id\":\"https:\\\/\\\/zaluti.com\\\/de\\\/product-categorie\\\/woody\\\/#listItem\",\"name\":\"Woody\"}}]},{\"@type\":\"FAQPage\",\"@id\":\"https:\\\/\\\/zaluti.com\\\/de\\\/duefte\\\/hinoki-cypress\\\/#aioseo-faq-page-mi77i7i1\",\"name\":\"Hinoki Cypress \\u2013 Duft\\u00aderlebnis mit Ruhe und Fokus | Zaluti\",\"description\":\"Erleben Sie Hinoki Cypress: einen raffinierten Holz Duft mit japanischer Zypresse. Perfekt f\\u00fcr Architekturb\\u00fcros \\u2013 beruhigend, klar und inspirierend.\",\"url\":\"https:\\\/\\\/zaluti.com\\\/de\\\/duefte\\\/hinoki-cypress\\\/\",\"mainEntity\":[{\"@type\":\"Question\",\"name\":\"Warum passt Hinoki Cypress zu Architekturb\\u00fcros?\",\"acceptedAnswer\":{\"@type\":\"Answer\",\"text\":\"Hinoki Cypress strahlt Ruhe, Ordnung und Balance aus \\u2013 Eigenschaften, die kreatives Denken f\\u00f6rdern. Die nat\\u00fcrlichen Holznoten passen perfekt zur \\u00c4sthetik und Konzentration moderner Arbeitsumgebungen.\"}},{\"@type\":\"Question\",\"name\":\"Ist Hinoki Cypress f\\u00fcr den t\\u00e4glichen Gebrauch sicher?\",\"acceptedAnswer\":{\"@type\":\"Answer\",\"text\":\"Ja, dieser Duft ist IFRA-zertifiziert, vegan freundlich und aus hochwertigen Inhaltsstoffen hergestellt. Ideal f\\u00fcr den Einsatz in professionellen Duftmaschinen.\"}},{\"@type\":\"Question\",\"name\":\"Wie lange bleibt Hinoki Cypress im Raum wahrnehmbar?\",\"acceptedAnswer\":{\"@type\":\"Answer\",\"text\":\"Bei richtig eingestellter Diffusion bleibt der Duft kontinuierlich und dezent pr\\u00e4sent. Er umh\\u00fcllt den Raum sanft, ohne aufdringlich zu sein, und bewahrt seinen warmen, ruhigen Charakter.\"}},{\"@type\":\"Question\",\"name\":\"Kann Hinoki Cypress mit anderen D\\u00fcften kombiniert werden?\",\"acceptedAnswer\":{\"@type\":\"Answer\",\"text\":\"Ja, er harmoniert gut mit leichten Zitrus- oder Bl\\u00fctend\\u00fcften f\\u00fcr zus\\u00e4tzliche Frische. In Arbeitsumgebungen kommt er jedoch am besten solo zur Geltung.\"}},{\"@type\":\"Question\",\"name\":\"Welche Duftmaschine eignet sich am besten f\\u00fcr B\\u00fcror\\u00e4ume?\",\"acceptedAnswer\":{\"@type\":\"Answer\",\"text\":\"F\\u00fcr Designstudios und B\\u00fcros sind leise Systeme wie die Zaluti Club oder ModulAir ideal. Sie verbreiten den Duft konstant und unauff\\u00e4llig f\\u00fcr maximale Konzentration.\"}}],\"inLanguage\":\"de\",\"breadcrumb\":{\"@id\":\"https:\\\/\\\/zaluti.com\\\/de\\\/duefte\\\/hinoki-cypress\\\/#breadcrumblist\"}},{\"@type\":\"ItemPage\",\"@id\":\"https:\\\/\\\/zaluti.com\\\/de\\\/duefte\\\/hinoki-cypress\\\/#itempage\",\"url\":\"https:\\\/\\\/zaluti.com\\\/de\\\/duefte\\\/hinoki-cypress\\\/\",\"name\":\"Hinoki Cypress \\u2013 Duft\\u00aderlebnis mit Ruhe und Fokus | Zaluti\",\"description\":\"Erleben Sie Hinoki Cypress: einen raffinierten Holz Duft mit japanischer Zypresse. Perfekt f\\u00fcr Architekturb\\u00fcros \\u2013 beruhigend, klar und inspirierend.\",\"inLanguage\":\"de-DE\",\"isPartOf\":{\"@id\":\"https:\\\/\\\/zaluti.com\\\/de\\\/#website\"},\"breadcrumb\":{\"@id\":\"https:\\\/\\\/zaluti.com\\\/de\\\/duefte\\\/hinoki-cypress\\\/#breadcrumblist\"},\"image\":{\"@type\":\"ImageObject\",\"url\":\"https:\\\/\\\/zaluti.com\\\/de\\\/wp-content\\\/uploads\\\/2023\\\/01\\\/Hinoki-Cypress.jpg\",\"@id\":\"https:\\\/\\\/zaluti.com\\\/de\\\/duefte\\\/hinoki-cypress\\\/#mainImage\",\"width\":2582,\"height\":1936},\"primaryImageOfPage\":{\"@id\":\"https:\\\/\\\/zaluti.com\\\/de\\\/duefte\\\/hinoki-cypress\\\/#mainImage\"},\"datePublished\":\"2023-01-10T14:42:39+02:00\",\"dateModified\":\"2025-12-16T11:49:47+02:00\"},{\"@type\":\"Organization\",\"@id\":\"https:\\\/\\\/zaluti.com\\\/de\\\/#organization\",\"name\":\"Zaluti\",\"description\":\"Zaluti ist Ihr Experte f\\u00fcr Duftmarketing und Raumbeduftung mit hochwertigen Duftmaschinen \\u201emade in Holland\\u201c. Herstellergarantie 7 Jahre.\",\"url\":\"https:\\\/\\\/zaluti.com\\\/de\\\/\",\"email\":\"welcome@zaluti.com\",\"telephone\":\"+31762055239\",\"foundingDate\":\"2015-01-01\",\"logo\":{\"@type\":\"ImageObject\",\"url\":\"https:\\\/\\\/zaluti.com\\\/de\\\/wp-content\\\/uploads\\\/2023\\\/09\\\/zalutilogo.png\",\"@id\":\"https:\\\/\\\/zaluti.com\\\/de\\\/duefte\\\/hinoki-cypress\\\/#organizationLogo\",\"width\":46,\"height\":83,\"caption\":\"Zalutilogo\"},\"image\":{\"@id\":\"https:\\\/\\\/zaluti.com\\\/de\\\/duefte\\\/hinoki-cypress\\\/#organizationLogo\"},\"sameAs\":[\"https:\\\/\\\/www.facebook.com\\\/people\\\/Zalutide\\\/61552806365452\\\/\",\"https:\\\/\\\/x.com\\\/Zaluti_de\",\"https:\\\/\\\/www.instagram.com\\\/zaluti_de\\\/\",\"https:\\\/\\\/nl.pinterest.com\\\/Zaluti_de\\\/\",\"https:\\\/\\\/www.youtube.com\\\/@AllSensService\",\"https:\\\/\\\/www.linkedin.com\\\/showcase\\\/zaluti-germany\\\/\"],\"address\":{\"@id\":\"https:\\\/\\\/zaluti.com\\\/de\\\/#postaladdress\",\"@type\":\"PostalAddress\",\"streetAddress\":\"Kapittelweg 12,\",\"postalCode\":\"4827 HG\",\"addressLocality\":\"Breda\",\"addressCountry\":\"NL\"}},{\"@type\":\"WebSite\",\"@id\":\"https:\\\/\\\/zaluti.com\\\/de\\\/#website\",\"url\":\"https:\\\/\\\/zaluti.com\\\/de\\\/\",\"name\":\"Zaluti B.V.\",\"description\":\"Professionals in scent marketing\",\"inLanguage\":\"de-DE\",\"publisher\":{\"@id\":\"https:\\\/\\\/zaluti.com\\\/de\\\/#organization\"}}]}\n\t\t<\/script>\n\t\t<!-- All in One SEO Pro -->\r\n\t\t<title>Hinoki Cypress \u2013 Duft\u00aderlebnis mit Ruhe und Fokus | Zaluti<\/title>\n\n","aioseo_head_json":{"title":"Hinoki Cypress \u2013 Duft\u00aderlebnis mit Ruhe und Fokus | Zaluti","description":"Erleben Sie Hinoki Cypress: einen raffinierten Holz Duft mit japanischer Zypresse. Perfekt f\u00fcr Architekturb\u00fcros \u2013 beruhigend, klar und inspirierend.","canonical_url":"https:\/\/zaluti.com\/de\/duefte\/hinoki-cypress\/","robots":"max-image-preview:large","keywords":"","webmasterTools":{"miscellaneous":""},"schema":{"@context":"https:\/\/schema.org","@graph":[{"@type":"BreadcrumbList","@id":"https:\/\/zaluti.com\/de\/duefte\/hinoki-cypress\/#breadcrumblist","itemListElement":[{"@type":"ListItem","@id":"https:\/\/zaluti.com\/de\/duefte\/alle-duefte\/#listItem","position":1,"name":"Geuren","item":"https:\/\/zaluti.com\/de\/duefte\/alle-duefte\/","nextItem":{"@type":"ListItem","@id":"https:\/\/zaluti.com\/de\/product-categorie\/woody\/#listItem","name":"Woody"}},{"@type":"ListItem","@id":"https:\/\/zaluti.com\/de\/product-categorie\/woody\/#listItem","position":2,"name":"Woody","item":"https:\/\/zaluti.com\/de\/product-categorie\/woody\/","nextItem":{"@type":"ListItem","@id":"https:\/\/zaluti.com\/de\/duefte\/hinoki-cypress\/#listItem","name":"Hinoki Cypress"},"previousItem":{"@type":"ListItem","@id":"https:\/\/zaluti.com\/de\/duefte\/alle-duefte\/#listItem","name":"Geuren"}},{"@type":"ListItem","@id":"https:\/\/zaluti.com\/de\/duefte\/hinoki-cypress\/#listItem","position":3,"name":"Hinoki Cypress","previousItem":{"@type":"ListItem","@id":"https:\/\/zaluti.com\/de\/product-categorie\/woody\/#listItem","name":"Woody"}}]},{"@type":"FAQPage","@id":"https:\/\/zaluti.com\/de\/duefte\/hinoki-cypress\/#aioseo-faq-page-mi77i7i1","name":"Hinoki Cypress \u2013 Duft\u00aderlebnis mit Ruhe und Fokus | Zaluti","description":"Erleben Sie Hinoki Cypress: einen raffinierten Holz Duft mit japanischer Zypresse. Perfekt f\u00fcr Architekturb\u00fcros \u2013 beruhigend, klar und inspirierend.","url":"https:\/\/zaluti.com\/de\/duefte\/hinoki-cypress\/","mainEntity":[{"@type":"Question","name":"Warum passt Hinoki Cypress zu Architekturb\u00fcros?","acceptedAnswer":{"@type":"Answer","text":"Hinoki Cypress strahlt Ruhe, Ordnung und Balance aus \u2013 Eigenschaften, die kreatives Denken f\u00f6rdern. Die nat\u00fcrlichen Holznoten passen perfekt zur \u00c4sthetik und Konzentration moderner Arbeitsumgebungen."}},{"@type":"Question","name":"Ist Hinoki Cypress f\u00fcr den t\u00e4glichen Gebrauch sicher?","acceptedAnswer":{"@type":"Answer","text":"Ja, dieser Duft ist IFRA-zertifiziert, vegan freundlich und aus hochwertigen Inhaltsstoffen hergestellt. Ideal f\u00fcr den Einsatz in professionellen Duftmaschinen."}},{"@type":"Question","name":"Wie lange bleibt Hinoki Cypress im Raum wahrnehmbar?","acceptedAnswer":{"@type":"Answer","text":"Bei richtig eingestellter Diffusion bleibt der Duft kontinuierlich und dezent pr\u00e4sent. Er umh\u00fcllt den Raum sanft, ohne aufdringlich zu sein, und bewahrt seinen warmen, ruhigen Charakter."}},{"@type":"Question","name":"Kann Hinoki Cypress mit anderen D\u00fcften kombiniert werden?","acceptedAnswer":{"@type":"Answer","text":"Ja, er harmoniert gut mit leichten Zitrus- oder Bl\u00fctend\u00fcften f\u00fcr zus\u00e4tzliche Frische. In Arbeitsumgebungen kommt er jedoch am besten solo zur Geltung."}},{"@type":"Question","name":"Welche Duftmaschine eignet sich am besten f\u00fcr B\u00fcror\u00e4ume?","acceptedAnswer":{"@type":"Answer","text":"F\u00fcr Designstudios und B\u00fcros sind leise Systeme wie die Zaluti Club oder ModulAir ideal. Sie verbreiten den Duft konstant und unauff\u00e4llig f\u00fcr maximale Konzentration."}},{"@type":"Question","name":"Warum passt Hinoki Cypress zu Architekturb\u00fcros?","acceptedAnswer":{"@type":"Answer","text":"Hinoki Cypress strahlt Ruhe, Ordnung und Balance aus \u2013 Eigenschaften, die kreatives Denken f\u00f6rdern. Die nat\u00fcrlichen Holznoten passen perfekt zur \u00c4sthetik und Konzentration moderner Arbeitsumgebungen."}},{"@type":"Question","name":"Ist Hinoki Cypress f\u00fcr den t\u00e4glichen Gebrauch sicher?","acceptedAnswer":{"@type":"Answer","text":"Ja, dieser Duft ist IFRA-zertifiziert, vegan freundlich und aus hochwertigen Inhaltsstoffen hergestellt. Ideal f\u00fcr den Einsatz in professionellen Duftmaschinen."}},{"@type":"Question","name":"Wie lange bleibt Hinoki Cypress im Raum wahrnehmbar?","acceptedAnswer":{"@type":"Answer","text":"Bei richtig eingestellter Diffusion bleibt der Duft kontinuierlich und dezent pr\u00e4sent. Er umh\u00fcllt den Raum sanft, ohne aufdringlich zu sein, und bewahrt seinen warmen, ruhigen Charakter."}},{"@type":"Question","name":"Kann Hinoki Cypress mit anderen D\u00fcften kombiniert werden?","acceptedAnswer":{"@type":"Answer","text":"Ja, er harmoniert gut mit leichten Zitrus- oder Bl\u00fctend\u00fcften f\u00fcr zus\u00e4tzliche Frische. In Arbeitsumgebungen kommt er jedoch am besten solo zur Geltung."}},{"@type":"Question","name":"Welche Duftmaschine eignet sich am besten f\u00fcr B\u00fcror\u00e4ume?","acceptedAnswer":{"@type":"Answer","text":"F\u00fcr Designstudios und B\u00fcros sind leise Systeme wie die Zaluti Club oder ModulAir ideal. Sie verbreiten den Duft konstant und unauff\u00e4llig f\u00fcr maximale Konzentration."}}],"inLanguage":"de","breadcrumb":{"@id":"https:\/\/zaluti.com\/de\/duefte\/hinoki-cypress\/#breadcrumblist"}},{"@type":"ItemPage","@id":"https:\/\/zaluti.com\/de\/duefte\/hinoki-cypress\/#itempage","url":"https:\/\/zaluti.com\/de\/duefte\/hinoki-cypress\/","name":"Hinoki Cypress \u2013 Duft\u00aderlebnis mit Ruhe und Fokus | Zaluti","description":"Erleben Sie Hinoki Cypress: einen raffinierten Holz Duft mit japanischer Zypresse. Perfekt f\u00fcr Architekturb\u00fcros \u2013 beruhigend, klar und inspirierend.","inLanguage":"de-DE","isPartOf":{"@id":"https:\/\/zaluti.com\/de\/#website"},"breadcrumb":{"@id":"https:\/\/zaluti.com\/de\/duefte\/hinoki-cypress\/#breadcrumblist"},"image":{"@type":"ImageObject","url":"https:\/\/zaluti.com\/de\/wp-content\/uploads\/2023\/01\/Hinoki-Cypress.jpg","@id":"https:\/\/zaluti.com\/de\/duefte\/hinoki-cypress\/#mainImage","width":2582,"height":1936},"primaryImageOfPage":{"@id":"https:\/\/zaluti.com\/de\/duefte\/hinoki-cypress\/#mainImage"},"datePublished":"2023-01-10T14:42:39+02:00","dateModified":"2025-12-16T11:49:47+02:00"},{"@type":"Organization","@id":"https:\/\/zaluti.com\/de\/#organization","name":"Zaluti","description":"Zaluti ist Ihr Experte f\u00fcr Duftmarketing und Raumbeduftung mit hochwertigen Duftmaschinen \u201emade in Holland\u201c. Herstellergarantie 7 Jahre.","url":"https:\/\/zaluti.com\/de\/","email":"welcome@zaluti.com","telephone":"+31762055239","foundingDate":"2015-01-01","logo":{"@type":"ImageObject","url":"https:\/\/zaluti.com\/de\/wp-content\/uploads\/2023\/09\/zalutilogo.png","@id":"https:\/\/zaluti.com\/de\/duefte\/hinoki-cypress\/#organizationLogo","width":46,"height":83,"caption":"Zalutilogo"},"image":{"@id":"https:\/\/zaluti.com\/de\/duefte\/hinoki-cypress\/#organizationLogo"},"sameAs":["https:\/\/www.facebook.com\/people\/Zalutide\/61552806365452\/","https:\/\/x.com\/Zaluti_de","https:\/\/www.instagram.com\/zaluti_de\/","https:\/\/nl.pinterest.com\/Zaluti_de\/","https:\/\/www.youtube.com\/@AllSensService","https:\/\/www.linkedin.com\/showcase\/zaluti-germany\/"],"address":{"@id":"https:\/\/zaluti.com\/de\/#postaladdress","@type":"PostalAddress","streetAddress":"Kapittelweg 12,","postalCode":"4827 HG","addressLocality":"Breda","addressCountry":"NL"}},{"@type":"WebSite","@id":"https:\/\/zaluti.com\/de\/#website","url":"https:\/\/zaluti.com\/de\/","name":"Zaluti B.V.","description":"Professionals in scent marketing","inLanguage":"de-DE","publisher":{"@id":"https:\/\/zaluti.com\/de\/#organization"}}]},"og:locale":"de_DE","og:site_name":"Zaluti B.V. | Professionals in scent marketing","og:type":"article","og:title":"Hinoki Cypress \u2013 Duft\u00aderlebnis mit Ruhe und Fokus | Zaluti","og:description":"Erleben Sie Hinoki Cypress: einen raffinierten Holz Duft mit japanischer Zypresse. Perfekt f\u00fcr Architekturb\u00fcros \u2013 beruhigend, klar und inspirierend.","og:url":"https:\/\/zaluti.com\/de\/duefte\/hinoki-cypress\/","article:published_time":"2023-01-10T14:42:39+00:00","article:modified_time":"2025-12-16T09:49:47+00:00","article:publisher":"https:\/\/www.facebook.com\/people\/Zalutide\/61552806365452\/","twitter:card":"summary_large_image","twitter:site":"@Zaluti_de","twitter:title":"Hinoki Cypress \u2013 Duft\u00aderlebnis mit Ruhe und Fokus | Zaluti","twitter:description":"Erleben Sie Hinoki Cypress: einen raffinierten Holz Duft mit japanischer Zypresse. Perfekt f\u00fcr Architekturb\u00fcros \u2013 beruhigend, klar und inspirierend."},"aioseo_meta_data":{"post_id":"241652","title":"Hinoki Cypress \u2013 Duft\u00aderlebnis mit Ruhe und Fokus | Zaluti","description":"Erleben Sie Hinoki Cypress: einen raffinierten Holz Duft mit japanischer Zypresse. Perfekt f\u00fcr Architekturb\u00fcros \u2013 beruhigend, klar und inspirierend.","keywords":null,"keyphrases":{"focus":{"keyphrase":"Hinoki Cypress","score":70,"analysis":{"keyphraseInTitle":{"score":9,"maxScore":9,"error":0},"keyphraseInDescription":{"score":9,"maxScore":9,"error":0},"keyphraseLength":{"score":9,"maxScore":9,"error":0,"length":2},"keyphraseInURL":{"score":5,"maxScore":5,"error":0},"keyphraseInIntroduction":{"score":3,"maxScore":9,"error":1},"keyphraseInSubHeadings":[],"keyphraseInImageAlt":[],"keywordDensity":{"score":0,"type":"low","maxScore":9,"error":1}}},"additional":[]},"primary_term":null,"canonical_url":null,"og_title":null,"og_description":null,"og_object_type":"default","og_image_type":"default","og_image_url":null,"og_image_width":null,"og_image_height":null,"og_image_custom_url":null,"og_image_custom_fields":null,"og_video":"","og_custom_url":null,"og_article_section":null,"og_article_tags":null,"twitter_use_og":false,"twitter_card":"default","twitter_image_type":"default","twitter_image_url":null,"twitter_image_custom_url":null,"twitter_image_custom_fields":null,"twitter_title":null,"twitter_description":null,"schema":{"blockGraphs":[],"customGraphs":[],"default":{"data":{"Article":[],"Course":[],"Dataset":[],"FAQPage":[],"Movie":[],"Person":[],"Product":[],"ProductReview":[],"Car":[],"Recipe":[],"Service":[],"SoftwareApplication":[],"WebPage":[]},"graphName":"ItemPage","isEnabled":true},"graphs":[{"id":"#aioseo-faq-page-mi77i7i1","slug":"faq-page","graphName":"FAQPage","label":"FAQ","properties":{"name":"Hinoki Cypress \u2013 Duft\u00aderlebnis mit Ruhe und Fokus | Zaluti","description":"Erleben Sie Hinoki Cypress: einen raffinierten Holz Duft mit japanischer Zypresse. Perfekt f\u00fcr Architekturb\u00fcros \u2013 beruhigend, klar und inspirierend.","questions":[{"question":"Warum passt Hinoki Cypress zu Architekturb\u00fcros?","answer":"Hinoki Cypress strahlt Ruhe, Ordnung und Balance aus \u2013 Eigenschaften, die kreatives Denken f\u00f6rdern. Die nat\u00fcrlichen Holznoten passen perfekt zur \u00c4sthetik und Konzentration moderner Arbeitsumgebungen."},{"question":"Ist Hinoki Cypress f\u00fcr den t\u00e4glichen Gebrauch sicher?","answer":"Ja, dieser Duft ist IFRA-zertifiziert, vegan freundlich und aus hochwertigen Inhaltsstoffen hergestellt. Ideal f\u00fcr den Einsatz in professionellen Duftmaschinen."},{"question":"Wie lange bleibt Hinoki Cypress im Raum wahrnehmbar?","answer":"Bei richtig eingestellter Diffusion bleibt der Duft kontinuierlich und dezent pr\u00e4sent. Er umh\u00fcllt den Raum sanft, ohne aufdringlich zu sein, und bewahrt seinen warmen, ruhigen Charakter."},{"question":"Kann Hinoki Cypress mit anderen D\u00fcften kombiniert werden?","answer":"Ja, er harmoniert gut mit leichten Zitrus- oder Bl\u00fctend\u00fcften f\u00fcr zus\u00e4tzliche Frische. In Arbeitsumgebungen kommt er jedoch am besten solo zur Geltung."},{"question":"Welche Duftmaschine eignet sich am besten f\u00fcr B\u00fcror\u00e4ume?","answer":"F\u00fcr Designstudios und B\u00fcros sind leise Systeme wie die Zaluti Club oder ModulAir ideal. Sie verbreiten den Duft konstant und unauff\u00e4llig f\u00fcr maximale Konzentration."}]},"value":"faq-page"}]},"schema_type":"default","schema_type_options":null,"pillar_content":false,"robots_default":true,"robots_noindex":false,"robots_noarchive":false,"robots_nosnippet":false,"robots_nofollow":false,"robots_noimageindex":false,"robots_noodp":false,"robots_notranslate":false,"robots_max_snippet":"-1","robots_max_videopreview":"-1","robots_max_imagepreview":"large","priority":null,"frequency":"default","local_seo":null,"seo_analyzer_scan_date":"2025-12-16 10:07:08","breadcrumb_settings":null,"limit_modified_date":false,"reviewed_by":"0","open_ai":"{\"title\":{\"suggestions\":[],\"usage\":0},\"description\":{\"suggestions\":[],\"usage\":0}}","ai":{"faqs":[],"keyPoints":[],"titles":[],"descriptions":[],"socialPosts":{"email":[],"linkedin":[],"twitter":[],"facebook":[],"instagram":[]}},"created":"2023-01-10 14:59:03","updated":"2026-04-30 07:46:51"},"_links":{"self":[{"href":"https:\/\/zaluti.com\/de\/wp-json\/wp\/v2\/product\/241652","targetHints":{"allow":["GET"]}}],"collection":[{"href":"https:\/\/zaluti.com\/de\/wp-json\/wp\/v2\/product"}],"about":[{"href":"https:\/\/zaluti.com\/de\/wp-json\/wp\/v2\/types\/product"}],"replies":[{"embeddable":true,"href":"https:\/\/zaluti.com\/de\/wp-json\/wp\/v2\/comments?post=241652"}],"wp:featuredmedia":[{"embeddable":true,"href":"https:\/\/zaluti.com\/de\/wp-json\/wp\/v2\/media\/242657"}],"wp:attachment":[{"href":"https:\/\/zaluti.com\/de\/wp-json\/wp\/v2\/media?parent=241652"}],"wp:term":[{"taxonomy":"product_brand","embeddable":true,"href":"https:\/\/zaluti.com\/de\/wp-json\/wp\/v2\/product_brand?post=241652"},{"taxonomy":"product_cat","embeddable":true,"href":"https:\/\/zaluti.com\/de\/wp-json\/wp\/v2\/product_cat?post=241652"},{"taxonomy":"product_tag","embeddable":true,"href":"https:\/\/zaluti.com\/de\/wp-json\/wp\/v2\/product_tag?post=241652"}],"curies":[{"name":"wp","href":"https:\/\/api.w.org\/{rel}","templated":true}]}}