{"id":241642,"date":"2023-01-10T14:42:11","date_gmt":"2023-01-10T14:42:11","guid":{"rendered":"https:\/\/testallsens.nl\/?post_type=product&#038;p=241642"},"modified":"2025-12-16T15:58:23","modified_gmt":"2025-12-16T13:58:23","slug":"french-riviera-duft-zaluti","status":"publish","type":"product","link":"https:\/\/zaluti.com\/de\/duefte\/french-riviera\/","title":{"rendered":"French Riviera"},"content":{"rendered":"<p>Erleben Sie den Zauber eines franz\u00f6sischen Sommertages mit unserer perfekt ausbalancierten Meeresfrische und sonnigen Duft.<\/p>\n","protected":false},"excerpt":{"rendered":"<p><span data-contrast=\"auto\">Topnoten: Roze Peper, Bergamot, Artemisia, Tijm<\/span><span data-ccp-props=\"{&quot;201341983&quot;:0,&quot;335559739&quot;:160,&quot;335559740&quot;:259}\"><br \/>\n<\/span><span data-contrast=\"auto\">Hartnoten: Wierook, Kardemom, Nootmuskaat, Cipres\/Lavendel<\/span><span data-ccp-props=\"{&quot;201341983&quot;:0,&quot;335559739&quot;:160,&quot;335559740&quot;:259}\"><br \/>\n<\/span><span data-contrast=\"auto\">Basisnoten: Patchouli, Balsems, Leer, Cedarhout<\/span><\/p>\n","protected":false},"featured_media":244629,"comment_status":"open","ping_status":"closed","template":"","meta":{"_acf_changed":false,"_et_pb_use_builder":"off","_et_pb_old_content":"<span class=\"TextRun SCXW260681992 BCX9\" lang=\"NL-NL\" xml:lang=\"NL-NL\" data-contrast=\"auto\"><span class=\"NormalTextRun SCXW260681992 BCX9\">Deze mariene frisheid vermengd met de hitte van de zon zal je <\/span><span class=\"NormalTextRun SCXW260681992 BCX9\">laten<\/span><span class=\"NormalTextRun SCXW260681992 BCX9\"> reizen <\/span><span class=\"NormalTextRun SCXW260681992 BCX9\">naar<\/span><span class=\"NormalTextRun SCXW260681992 BCX9\"> het zuiden van Frankrijk.<\/span><\/span>","_et_gb_content_width":"","inline_featured_image":false},"product_brand":[],"product_cat":[27,26,135],"product_tag":[],"class_list":{"0":"post-241642","1":"product","2":"type-product","3":"status-publish","4":"has-post-thumbnail","6":"product_cat-floral","7":"product_cat-fresh","8":"product_cat-top-10-dufte","9":"pa_seizoens-geur-sommer-geur","11":"first","12":"instock","13":"shipping-taxable","14":"product-type-simple"},"acf":[],"aioseo_notices":[],"aioseo_head":"\n\t\t<!-- All in One SEO Pro 4.9.5.2 - aioseo.com -->\n\t<meta name=\"description\" content=\"French Riviera vereint Zitrus, Jasmin und Moschus zu einem frischen, luxuri\u00f6sen Dufterlebnis. Ideal f\u00fcr Flugh\u00e4fen und internationale Empfangsbereiche.\" \/>\n\t<meta name=\"robots\" content=\"max-image-preview:large\" \/>\n\t<link rel=\"canonical\" href=\"https:\/\/zaluti.com\/de\/duefte\/french-riviera\/\" \/>\n\t<meta name=\"generator\" content=\"All in One SEO Pro (AIOSEO) 4.9.5.2\" \/>\n\t\t<meta property=\"og:locale\" content=\"de_DE\" \/>\n\t\t<meta property=\"og:site_name\" content=\"Zaluti B.V. | Professionals in scent marketing\" \/>\n\t\t<meta property=\"og:type\" content=\"article\" \/>\n\t\t<meta property=\"og:title\" content=\"French Riviera \u2013 Dufterlebnis mit sommerlicher Eleganz | Zaluti\" \/>\n\t\t<meta property=\"og:description\" content=\"French Riviera vereint Zitrus, Jasmin und Moschus zu einem frischen, luxuri\u00f6sen Dufterlebnis. Ideal f\u00fcr Flugh\u00e4fen und internationale Empfangsbereiche.\" \/>\n\t\t<meta property=\"og:url\" content=\"https:\/\/zaluti.com\/de\/duefte\/french-riviera\/\" \/>\n\t\t<meta property=\"article:published_time\" content=\"2023-01-10T14:42:11+00:00\" \/>\n\t\t<meta property=\"article:modified_time\" content=\"2025-12-16T13:58:23+00:00\" \/>\n\t\t<meta property=\"article:publisher\" content=\"https:\/\/www.facebook.com\/people\/Zalutide\/61552806365452\/\" \/>\n\t\t<meta name=\"twitter:card\" content=\"summary_large_image\" \/>\n\t\t<meta name=\"twitter:site\" content=\"@Zaluti_de\" \/>\n\t\t<meta name=\"twitter:title\" content=\"French Riviera \u2013 Dufterlebnis mit sommerlicher Eleganz | Zaluti\" \/>\n\t\t<meta name=\"twitter:description\" content=\"French Riviera vereint Zitrus, Jasmin und Moschus zu einem frischen, luxuri\u00f6sen Dufterlebnis. Ideal f\u00fcr Flugh\u00e4fen und internationale Empfangsbereiche.\" \/>\n\t\t<script type=\"application\/ld+json\" class=\"aioseo-schema\">\n\t\t\t{\"@context\":\"https:\\\/\\\/schema.org\",\"@graph\":[{\"@type\":\"BreadcrumbList\",\"@id\":\"https:\\\/\\\/zaluti.com\\\/de\\\/duefte\\\/french-riviera\\\/#breadcrumblist\",\"itemListElement\":[{\"@type\":\"ListItem\",\"@id\":\"https:\\\/\\\/zaluti.com\\\/de\\\/duefte\\\/alle-duefte\\\/#listItem\",\"position\":1,\"name\":\"Geuren\",\"item\":\"https:\\\/\\\/zaluti.com\\\/de\\\/duefte\\\/alle-duefte\\\/\",\"nextItem\":{\"@type\":\"ListItem\",\"@id\":\"https:\\\/\\\/zaluti.com\\\/de\\\/product-categorie\\\/fresh\\\/#listItem\",\"name\":\"Fresh\"}},{\"@type\":\"ListItem\",\"@id\":\"https:\\\/\\\/zaluti.com\\\/de\\\/product-categorie\\\/fresh\\\/#listItem\",\"position\":2,\"name\":\"Fresh\",\"item\":\"https:\\\/\\\/zaluti.com\\\/de\\\/product-categorie\\\/fresh\\\/\",\"nextItem\":{\"@type\":\"ListItem\",\"@id\":\"https:\\\/\\\/zaluti.com\\\/de\\\/duefte\\\/french-riviera\\\/#listItem\",\"name\":\"French Riviera\"},\"previousItem\":{\"@type\":\"ListItem\",\"@id\":\"https:\\\/\\\/zaluti.com\\\/de\\\/duefte\\\/alle-duefte\\\/#listItem\",\"name\":\"Geuren\"}},{\"@type\":\"ListItem\",\"@id\":\"https:\\\/\\\/zaluti.com\\\/de\\\/duefte\\\/french-riviera\\\/#listItem\",\"position\":3,\"name\":\"French Riviera\",\"previousItem\":{\"@type\":\"ListItem\",\"@id\":\"https:\\\/\\\/zaluti.com\\\/de\\\/product-categorie\\\/fresh\\\/#listItem\",\"name\":\"Fresh\"}}]},{\"@type\":\"FAQPage\",\"@id\":\"https:\\\/\\\/zaluti.com\\\/de\\\/duefte\\\/french-riviera\\\/#aioseo-faq-page-mi5thc91\",\"name\":\"French Riviera \\u2013 Dufterlebnis mit sommerlicher Eleganz | Zaluti\",\"description\":\"French Riviera vereint Zitrus, Jasmin und Moschus zu einem frischen, luxuri\\u00f6sen Dufterlebnis. Ideal f\\u00fcr Flugh\\u00e4fen und internationale Empfangsbereiche.\",\"url\":\"https:\\\/\\\/zaluti.com\\\/de\\\/duefte\\\/french-riviera\\\/\",\"mainEntity\":[{\"@type\":\"Question\",\"name\":\"Warum ist French Riviera f\\u00fcr Flugh\\u00e4fen geeignet?\",\"acceptedAnswer\":{\"@type\":\"Answer\",\"text\":\"French Riviera eignet sich perfekt f\\u00fcr Flugh\\u00e4fen, da die frischen Zitrus- und blumigen Noten Reisenden Ruhe und Energie schenken. Der Duft neutralisiert Umluftger\\u00fcche und schafft eine angenehme, luxuri\\u00f6se Atmosph\\u00e4re, die zu einem Premium-Reiseerlebnis passt.\"}},{\"@type\":\"Question\",\"name\":\"Ist French Riviera sicher und IFRA-zertifiziert?\",\"acceptedAnswer\":{\"@type\":\"Answer\",\"text\":\"Ja, French Riviera erf\\u00fcllt alle IFRA-Richtlinien und ist vollst\\u00e4ndig vegan. Die Zaluti-D\\u00fcfte werden in den Niederlanden mit Respekt f\\u00fcr Mensch und Umwelt hergestellt.\"}},{\"@type\":\"Question\",\"name\":\"Wie lange bleibt der Duft in gro\\u00dfen R\\u00e4umen wahrnehmbar?\",\"acceptedAnswer\":{\"@type\":\"Answer\",\"text\":\"Der Duft bleibt sp\\u00fcrbar, solange der Diffusor aktiv ist. Professionelle HVAC-Systeme verbreiten French Riviera kontinuierlich und halten die Luft frisch und gleichm\\u00e4\\u00dfig, ohne aufdringlich zu sein.\"}},{\"@type\":\"Question\",\"name\":\"Kann French Riviera mit anderen D\\u00fcften kombiniert werden?\",\"acceptedAnswer\":{\"@type\":\"Answer\",\"text\":\"Ja, French Riviera harmoniert gut mit maritimen oder Moschusnoten. So k\\u00f6nnen verschiedene Bereiche ihren eigenen Charakter erhalten, w\\u00e4hrend das Gesamterlebnis frisch und stimmig bleibt.\"}},{\"@type\":\"Question\",\"name\":\"Welche Duftmaschine passt am besten zu French Riviera?\",\"acceptedAnswer\":{\"@type\":\"Answer\",\"text\":\"F\\u00fcr gro\\u00dfe R\\u00e4ume wie Flugh\\u00e4fen empfehlen wir HVAC- oder Einbausysteme aus unserer Duftmaschinen-Kollektion. Diese sorgen f\\u00fcr eine gleichm\\u00e4\\u00dfige Verteilung, damit French Riviera seinen frischen und eleganten Charakter beh\\u00e4lt.\"}}],\"inLanguage\":\"de\",\"breadcrumb\":{\"@id\":\"https:\\\/\\\/zaluti.com\\\/de\\\/duefte\\\/french-riviera\\\/#breadcrumblist\"}},{\"@type\":\"ItemPage\",\"@id\":\"https:\\\/\\\/zaluti.com\\\/de\\\/duefte\\\/french-riviera\\\/#itempage\",\"url\":\"https:\\\/\\\/zaluti.com\\\/de\\\/duefte\\\/french-riviera\\\/\",\"name\":\"French Riviera \\u2013 Dufterlebnis mit sommerlicher Eleganz | Zaluti\",\"description\":\"French Riviera vereint Zitrus, Jasmin und Moschus zu einem frischen, luxuri\\u00f6sen Dufterlebnis. Ideal f\\u00fcr Flugh\\u00e4fen und internationale Empfangsbereiche.\",\"inLanguage\":\"de-DE\",\"isPartOf\":{\"@id\":\"https:\\\/\\\/zaluti.com\\\/de\\\/#website\"},\"breadcrumb\":{\"@id\":\"https:\\\/\\\/zaluti.com\\\/de\\\/duefte\\\/french-riviera\\\/#breadcrumblist\"},\"image\":{\"@type\":\"ImageObject\",\"url\":\"https:\\\/\\\/zaluti.com\\\/de\\\/wp-content\\\/uploads\\\/2023\\\/02\\\/French-Riviera.jpg\",\"@id\":\"https:\\\/\\\/zaluti.com\\\/de\\\/duefte\\\/french-riviera\\\/#mainImage\",\"width\":2880,\"height\":1954},\"primaryImageOfPage\":{\"@id\":\"https:\\\/\\\/zaluti.com\\\/de\\\/duefte\\\/french-riviera\\\/#mainImage\"},\"datePublished\":\"2023-01-10T14:42:11+02:00\",\"dateModified\":\"2025-12-16T15:58:23+02:00\"},{\"@type\":\"Organization\",\"@id\":\"https:\\\/\\\/zaluti.com\\\/de\\\/#organization\",\"name\":\"Zaluti\",\"description\":\"Zaluti ist Ihr Experte f\\u00fcr Duftmarketing und Raumbeduftung mit hochwertigen Duftmaschinen \\u201emade in Holland\\u201c. Herstellergarantie 7 Jahre.\",\"url\":\"https:\\\/\\\/zaluti.com\\\/de\\\/\",\"email\":\"welcome@zaluti.com\",\"telephone\":\"+31762055239\",\"foundingDate\":\"2015-01-01\",\"logo\":{\"@type\":\"ImageObject\",\"url\":\"https:\\\/\\\/zaluti.com\\\/de\\\/wp-content\\\/uploads\\\/2023\\\/09\\\/zalutilogo.png\",\"@id\":\"https:\\\/\\\/zaluti.com\\\/de\\\/duefte\\\/french-riviera\\\/#organizationLogo\",\"width\":46,\"height\":83,\"caption\":\"Zalutilogo\"},\"image\":{\"@id\":\"https:\\\/\\\/zaluti.com\\\/de\\\/duefte\\\/french-riviera\\\/#organizationLogo\"},\"sameAs\":[\"https:\\\/\\\/www.facebook.com\\\/people\\\/Zalutide\\\/61552806365452\\\/\",\"https:\\\/\\\/x.com\\\/Zaluti_de\",\"https:\\\/\\\/www.instagram.com\\\/zaluti_de\\\/\",\"https:\\\/\\\/nl.pinterest.com\\\/Zaluti_de\\\/\",\"https:\\\/\\\/www.youtube.com\\\/@AllSensService\",\"https:\\\/\\\/www.linkedin.com\\\/showcase\\\/zaluti-germany\\\/\"],\"address\":{\"@id\":\"https:\\\/\\\/zaluti.com\\\/de\\\/#postaladdress\",\"@type\":\"PostalAddress\",\"streetAddress\":\"Kapittelweg 12,\",\"postalCode\":\"4827 HG\",\"addressLocality\":\"Breda\",\"addressCountry\":\"NL\"}},{\"@type\":\"WebSite\",\"@id\":\"https:\\\/\\\/zaluti.com\\\/de\\\/#website\",\"url\":\"https:\\\/\\\/zaluti.com\\\/de\\\/\",\"name\":\"Zaluti B.V.\",\"description\":\"Professionals in scent marketing\",\"inLanguage\":\"de-DE\",\"publisher\":{\"@id\":\"https:\\\/\\\/zaluti.com\\\/de\\\/#organization\"}}]}\n\t\t<\/script>\n\t\t<!-- All in One SEO Pro -->\r\n\t\t<title>French Riviera \u2013 Dufterlebnis mit sommerlicher Eleganz | Zaluti<\/title>\n\n","aioseo_head_json":{"title":"French Riviera \u2013 Dufterlebnis mit sommerlicher Eleganz | Zaluti","description":"French Riviera vereint Zitrus, Jasmin und Moschus zu einem frischen, luxuri\u00f6sen Dufterlebnis. Ideal f\u00fcr Flugh\u00e4fen und internationale Empfangsbereiche.","canonical_url":"https:\/\/zaluti.com\/de\/duefte\/french-riviera\/","robots":"max-image-preview:large","keywords":"","webmasterTools":{"miscellaneous":""},"schema":{"@context":"https:\/\/schema.org","@graph":[{"@type":"BreadcrumbList","@id":"https:\/\/zaluti.com\/de\/duefte\/french-riviera\/#breadcrumblist","itemListElement":[{"@type":"ListItem","@id":"https:\/\/zaluti.com\/de\/duefte\/alle-duefte\/#listItem","position":1,"name":"Geuren","item":"https:\/\/zaluti.com\/de\/duefte\/alle-duefte\/","nextItem":{"@type":"ListItem","@id":"https:\/\/zaluti.com\/de\/product-categorie\/fresh\/#listItem","name":"Fresh"}},{"@type":"ListItem","@id":"https:\/\/zaluti.com\/de\/product-categorie\/fresh\/#listItem","position":2,"name":"Fresh","item":"https:\/\/zaluti.com\/de\/product-categorie\/fresh\/","nextItem":{"@type":"ListItem","@id":"https:\/\/zaluti.com\/de\/duefte\/french-riviera\/#listItem","name":"French Riviera"},"previousItem":{"@type":"ListItem","@id":"https:\/\/zaluti.com\/de\/duefte\/alle-duefte\/#listItem","name":"Geuren"}},{"@type":"ListItem","@id":"https:\/\/zaluti.com\/de\/duefte\/french-riviera\/#listItem","position":3,"name":"French Riviera","previousItem":{"@type":"ListItem","@id":"https:\/\/zaluti.com\/de\/product-categorie\/fresh\/#listItem","name":"Fresh"}}]},{"@type":"FAQPage","@id":"https:\/\/zaluti.com\/de\/duefte\/french-riviera\/#aioseo-faq-page-mi5thc91","name":"French Riviera \u2013 Dufterlebnis mit sommerlicher Eleganz | Zaluti","description":"French Riviera vereint Zitrus, Jasmin und Moschus zu einem frischen, luxuri\u00f6sen Dufterlebnis. Ideal f\u00fcr Flugh\u00e4fen und internationale Empfangsbereiche.","url":"https:\/\/zaluti.com\/de\/duefte\/french-riviera\/","mainEntity":[{"@type":"Question","name":"Warum ist French Riviera f\u00fcr Flugh\u00e4fen geeignet?","acceptedAnswer":{"@type":"Answer","text":"French Riviera eignet sich perfekt f\u00fcr Flugh\u00e4fen, da die frischen Zitrus- und blumigen Noten Reisenden Ruhe und Energie schenken. Der Duft neutralisiert Umluftger\u00fcche und schafft eine angenehme, luxuri\u00f6se Atmosph\u00e4re, die zu einem Premium-Reiseerlebnis passt."}},{"@type":"Question","name":"Ist French Riviera sicher und IFRA-zertifiziert?","acceptedAnswer":{"@type":"Answer","text":"Ja, French Riviera erf\u00fcllt alle IFRA-Richtlinien und ist vollst\u00e4ndig vegan. Die Zaluti-D\u00fcfte werden in den Niederlanden mit Respekt f\u00fcr Mensch und Umwelt hergestellt."}},{"@type":"Question","name":"Wie lange bleibt der Duft in gro\u00dfen R\u00e4umen wahrnehmbar?","acceptedAnswer":{"@type":"Answer","text":"Der Duft bleibt sp\u00fcrbar, solange der Diffusor aktiv ist. Professionelle HVAC-Systeme verbreiten French Riviera kontinuierlich und halten die Luft frisch und gleichm\u00e4\u00dfig, ohne aufdringlich zu sein."}},{"@type":"Question","name":"Kann French Riviera mit anderen D\u00fcften kombiniert werden?","acceptedAnswer":{"@type":"Answer","text":"Ja, French Riviera harmoniert gut mit maritimen oder Moschusnoten. So k\u00f6nnen verschiedene Bereiche ihren eigenen Charakter erhalten, w\u00e4hrend das Gesamterlebnis frisch und stimmig bleibt."}},{"@type":"Question","name":"Welche Duftmaschine passt am besten zu French Riviera?","acceptedAnswer":{"@type":"Answer","text":"F\u00fcr gro\u00dfe R\u00e4ume wie Flugh\u00e4fen empfehlen wir HVAC- oder Einbausysteme aus unserer Duftmaschinen-Kollektion. Diese sorgen f\u00fcr eine gleichm\u00e4\u00dfige Verteilung, damit French Riviera seinen frischen und eleganten Charakter beh\u00e4lt."}},{"@type":"Question","name":"Warum ist French Riviera f\u00fcr Flugh\u00e4fen geeignet?","acceptedAnswer":{"@type":"Answer","text":"French Riviera eignet sich perfekt f\u00fcr Flugh\u00e4fen, da die frischen Zitrus- und blumigen Noten Reisenden Ruhe und Energie schenken. Der Duft neutralisiert Umluftger\u00fcche und schafft eine angenehme, luxuri\u00f6se Atmosph\u00e4re, die zu einem Premium-Reiseerlebnis passt."}},{"@type":"Question","name":"Ist French Riviera sicher und IFRA-zertifiziert?","acceptedAnswer":{"@type":"Answer","text":"Ja, French Riviera erf\u00fcllt alle IFRA-Richtlinien und ist vollst\u00e4ndig vegan. Die Zaluti-D\u00fcfte werden in den Niederlanden mit Respekt f\u00fcr Mensch und Umwelt hergestellt."}},{"@type":"Question","name":"Wie lange bleibt der Duft in gro\u00dfen R\u00e4umen wahrnehmbar?","acceptedAnswer":{"@type":"Answer","text":"Der Duft bleibt sp\u00fcrbar, solange der Diffusor aktiv ist. Professionelle HVAC-Systeme verbreiten French Riviera kontinuierlich und halten die Luft frisch und gleichm\u00e4\u00dfig, ohne aufdringlich zu sein."}},{"@type":"Question","name":"Kann French Riviera mit anderen D\u00fcften kombiniert werden?","acceptedAnswer":{"@type":"Answer","text":"Ja, French Riviera harmoniert gut mit maritimen oder Moschusnoten. So k\u00f6nnen verschiedene Bereiche ihren eigenen Charakter erhalten, w\u00e4hrend das Gesamterlebnis frisch und stimmig bleibt."}},{"@type":"Question","name":"Welche Duftmaschine passt am besten zu French Riviera?","acceptedAnswer":{"@type":"Answer","text":"F\u00fcr gro\u00dfe R\u00e4ume wie Flugh\u00e4fen empfehlen wir HVAC- oder Einbausysteme aus unserer Duftmaschinen-Kollektion. Diese sorgen f\u00fcr eine gleichm\u00e4\u00dfige Verteilung, damit French Riviera seinen frischen und eleganten Charakter beh\u00e4lt."}}],"inLanguage":"de","breadcrumb":{"@id":"https:\/\/zaluti.com\/de\/duefte\/french-riviera\/#breadcrumblist"}},{"@type":"ItemPage","@id":"https:\/\/zaluti.com\/de\/duefte\/french-riviera\/#itempage","url":"https:\/\/zaluti.com\/de\/duefte\/french-riviera\/","name":"French Riviera \u2013 Dufterlebnis mit sommerlicher Eleganz | Zaluti","description":"French Riviera vereint Zitrus, Jasmin und Moschus zu einem frischen, luxuri\u00f6sen Dufterlebnis. Ideal f\u00fcr Flugh\u00e4fen und internationale Empfangsbereiche.","inLanguage":"de-DE","isPartOf":{"@id":"https:\/\/zaluti.com\/de\/#website"},"breadcrumb":{"@id":"https:\/\/zaluti.com\/de\/duefte\/french-riviera\/#breadcrumblist"},"image":{"@type":"ImageObject","url":"https:\/\/zaluti.com\/de\/wp-content\/uploads\/2023\/02\/French-Riviera.jpg","@id":"https:\/\/zaluti.com\/de\/duefte\/french-riviera\/#mainImage","width":2880,"height":1954},"primaryImageOfPage":{"@id":"https:\/\/zaluti.com\/de\/duefte\/french-riviera\/#mainImage"},"datePublished":"2023-01-10T14:42:11+02:00","dateModified":"2025-12-16T15:58:23+02:00"},{"@type":"Organization","@id":"https:\/\/zaluti.com\/de\/#organization","name":"Zaluti","description":"Zaluti ist Ihr Experte f\u00fcr Duftmarketing und Raumbeduftung mit hochwertigen Duftmaschinen \u201emade in Holland\u201c. Herstellergarantie 7 Jahre.","url":"https:\/\/zaluti.com\/de\/","email":"welcome@zaluti.com","telephone":"+31762055239","foundingDate":"2015-01-01","logo":{"@type":"ImageObject","url":"https:\/\/zaluti.com\/de\/wp-content\/uploads\/2023\/09\/zalutilogo.png","@id":"https:\/\/zaluti.com\/de\/duefte\/french-riviera\/#organizationLogo","width":46,"height":83,"caption":"Zalutilogo"},"image":{"@id":"https:\/\/zaluti.com\/de\/duefte\/french-riviera\/#organizationLogo"},"sameAs":["https:\/\/www.facebook.com\/people\/Zalutide\/61552806365452\/","https:\/\/x.com\/Zaluti_de","https:\/\/www.instagram.com\/zaluti_de\/","https:\/\/nl.pinterest.com\/Zaluti_de\/","https:\/\/www.youtube.com\/@AllSensService","https:\/\/www.linkedin.com\/showcase\/zaluti-germany\/"],"address":{"@id":"https:\/\/zaluti.com\/de\/#postaladdress","@type":"PostalAddress","streetAddress":"Kapittelweg 12,","postalCode":"4827 HG","addressLocality":"Breda","addressCountry":"NL"}},{"@type":"WebSite","@id":"https:\/\/zaluti.com\/de\/#website","url":"https:\/\/zaluti.com\/de\/","name":"Zaluti B.V.","description":"Professionals in scent marketing","inLanguage":"de-DE","publisher":{"@id":"https:\/\/zaluti.com\/de\/#organization"}}]},"og:locale":"de_DE","og:site_name":"Zaluti B.V. | Professionals in scent marketing","og:type":"article","og:title":"French Riviera \u2013 Dufterlebnis mit sommerlicher Eleganz | Zaluti","og:description":"French Riviera vereint Zitrus, Jasmin und Moschus zu einem frischen, luxuri\u00f6sen Dufterlebnis. Ideal f\u00fcr Flugh\u00e4fen und internationale Empfangsbereiche.","og:url":"https:\/\/zaluti.com\/de\/duefte\/french-riviera\/","article:published_time":"2023-01-10T14:42:11+00:00","article:modified_time":"2025-12-16T13:58:23+00:00","article:publisher":"https:\/\/www.facebook.com\/people\/Zalutide\/61552806365452\/","twitter:card":"summary_large_image","twitter:site":"@Zaluti_de","twitter:title":"French Riviera \u2013 Dufterlebnis mit sommerlicher Eleganz | Zaluti","twitter:description":"French Riviera vereint Zitrus, Jasmin und Moschus zu einem frischen, luxuri\u00f6sen Dufterlebnis. Ideal f\u00fcr Flugh\u00e4fen und internationale Empfangsbereiche."},"aioseo_meta_data":{"post_id":"241642","title":"French Riviera \u2013 Dufterlebnis mit sommerlicher Eleganz | Zaluti","description":"French Riviera vereint Zitrus, Jasmin und Moschus zu einem frischen, luxuri\u00f6sen Dufterlebnis. Ideal f\u00fcr Flugh\u00e4fen und internationale Empfangsbereiche.","keywords":null,"keyphrases":{"focus":{"keyphrase":"French Riviera","score":70,"analysis":{"keyphraseInTitle":{"score":9,"maxScore":9,"error":0},"keyphraseInDescription":{"score":9,"maxScore":9,"error":0},"keyphraseLength":{"score":9,"maxScore":9,"error":0,"length":2},"keyphraseInURL":{"score":5,"maxScore":5,"error":0},"keyphraseInIntroduction":{"score":3,"maxScore":9,"error":1},"keyphraseInSubHeadings":[],"keyphraseInImageAlt":[],"keywordDensity":{"score":0,"type":"low","maxScore":9,"error":1}}},"additional":[]},"primary_term":null,"canonical_url":null,"og_title":null,"og_description":null,"og_object_type":"default","og_image_type":"default","og_image_url":null,"og_image_width":null,"og_image_height":null,"og_image_custom_url":null,"og_image_custom_fields":null,"og_video":"","og_custom_url":null,"og_article_section":null,"og_article_tags":null,"twitter_use_og":false,"twitter_card":"default","twitter_image_type":"default","twitter_image_url":null,"twitter_image_custom_url":null,"twitter_image_custom_fields":null,"twitter_title":null,"twitter_description":null,"schema":{"blockGraphs":[],"customGraphs":[],"default":{"data":{"Article":[],"Course":[],"Dataset":[],"FAQPage":[],"Movie":[],"Person":[],"Product":[],"ProductReview":[],"Car":[],"Recipe":[],"Service":[],"SoftwareApplication":[],"WebPage":[]},"graphName":"ItemPage","isEnabled":true},"graphs":[{"id":"#aioseo-faq-page-mi5thc91","slug":"faq-page","graphName":"FAQPage","label":"FAQ","properties":{"name":"French Riviera \u2013 Dufterlebnis mit sommerlicher Eleganz | Zaluti","description":"French Riviera vereint Zitrus, Jasmin und Moschus zu einem frischen, luxuri\u00f6sen Dufterlebnis. Ideal f\u00fcr Flugh\u00e4fen und internationale Empfangsbereiche.","questions":[{"question":"Warum ist French Riviera f\u00fcr Flugh\u00e4fen geeignet?","answer":"French Riviera eignet sich perfekt f\u00fcr Flugh\u00e4fen, da die frischen Zitrus- und blumigen Noten Reisenden Ruhe und Energie schenken. Der Duft neutralisiert Umluftger\u00fcche und schafft eine angenehme, luxuri\u00f6se Atmosph\u00e4re, die zu einem Premium-Reiseerlebnis passt."},{"question":"Ist French Riviera sicher und IFRA-zertifiziert?","answer":"Ja, French Riviera erf\u00fcllt alle IFRA-Richtlinien und ist vollst\u00e4ndig vegan. Die Zaluti-D\u00fcfte werden in den Niederlanden mit Respekt f\u00fcr Mensch und Umwelt hergestellt."},{"question":"Wie lange bleibt der Duft in gro\u00dfen R\u00e4umen wahrnehmbar?","answer":"Der Duft bleibt sp\u00fcrbar, solange der Diffusor aktiv ist. Professionelle HVAC-Systeme verbreiten French Riviera kontinuierlich und halten die Luft frisch und gleichm\u00e4\u00dfig, ohne aufdringlich zu sein."},{"question":"Kann French Riviera mit anderen D\u00fcften kombiniert werden?","answer":"Ja, French Riviera harmoniert gut mit maritimen oder Moschusnoten. So k\u00f6nnen verschiedene Bereiche ihren eigenen Charakter erhalten, w\u00e4hrend das Gesamterlebnis frisch und stimmig bleibt."},{"question":"Welche Duftmaschine passt am besten zu French Riviera?","answer":"F\u00fcr gro\u00dfe R\u00e4ume wie Flugh\u00e4fen empfehlen wir HVAC- oder Einbausysteme aus unserer Duftmaschinen-Kollektion. Diese sorgen f\u00fcr eine gleichm\u00e4\u00dfige Verteilung, damit French Riviera seinen frischen und eleganten Charakter beh\u00e4lt."}]},"value":"faq-page"}]},"schema_type":"default","schema_type_options":null,"pillar_content":false,"robots_default":true,"robots_noindex":false,"robots_noarchive":false,"robots_nosnippet":false,"robots_nofollow":false,"robots_noimageindex":false,"robots_noodp":false,"robots_notranslate":false,"robots_max_snippet":"-1","robots_max_videopreview":"-1","robots_max_imagepreview":"large","priority":null,"frequency":"default","local_seo":null,"seo_analyzer_scan_date":"2025-12-16 13:58:26","breadcrumb_settings":null,"limit_modified_date":false,"reviewed_by":"0","open_ai":"{\"title\":{\"suggestions\":[],\"usage\":0},\"description\":{\"suggestions\":[],\"usage\":0}}","ai":{"faqs":[],"keyPoints":[],"titles":[],"descriptions":[],"socialPosts":{"email":[],"linkedin":[],"twitter":[],"facebook":[],"instagram":[]}},"created":"2023-01-10 14:57:02","updated":"2026-04-18 12:33:41"},"_links":{"self":[{"href":"https:\/\/zaluti.com\/de\/wp-json\/wp\/v2\/product\/241642","targetHints":{"allow":["GET"]}}],"collection":[{"href":"https:\/\/zaluti.com\/de\/wp-json\/wp\/v2\/product"}],"about":[{"href":"https:\/\/zaluti.com\/de\/wp-json\/wp\/v2\/types\/product"}],"replies":[{"embeddable":true,"href":"https:\/\/zaluti.com\/de\/wp-json\/wp\/v2\/comments?post=241642"}],"wp:featuredmedia":[{"embeddable":true,"href":"https:\/\/zaluti.com\/de\/wp-json\/wp\/v2\/media\/244629"}],"wp:attachment":[{"href":"https:\/\/zaluti.com\/de\/wp-json\/wp\/v2\/media?parent=241642"}],"wp:term":[{"taxonomy":"product_brand","embeddable":true,"href":"https:\/\/zaluti.com\/de\/wp-json\/wp\/v2\/product_brand?post=241642"},{"taxonomy":"product_cat","embeddable":true,"href":"https:\/\/zaluti.com\/de\/wp-json\/wp\/v2\/product_cat?post=241642"},{"taxonomy":"product_tag","embeddable":true,"href":"https:\/\/zaluti.com\/de\/wp-json\/wp\/v2\/product_tag?post=241642"}],"curies":[{"name":"wp","href":"https:\/\/api.w.org\/{rel}","templated":true}]}}