{"id":241640,"date":"2023-01-10T14:42:10","date_gmt":"2023-01-10T14:42:10","guid":{"rendered":"https:\/\/testallsens.nl\/?post_type=product&#038;p=241640"},"modified":"2025-12-16T15:27:40","modified_gmt":"2025-12-16T13:27:40","slug":"fig-garden-duft-zaluti","status":"publish","type":"product","link":"https:\/\/zaluti.com\/de\/duefte\/fig-garden\/","title":{"rendered":"Fig Garden"},"content":{"rendered":"<p>Genie\u00dfen Sie die Harmonie von s\u00fc\u00dfen frischen Feigen, umh\u00fcllt von gr\u00fcnen Noten von Bergamotte, Jasmin und Rosmarin.<\/p>\n","protected":false},"excerpt":{"rendered":"<p>LIGHT TO MILD<\/p>\n","protected":false},"featured_media":242655,"comment_status":"closed","ping_status":"closed","template":"","meta":{"_acf_changed":false,"_et_pb_use_builder":"","_et_pb_old_content":"","_et_gb_content_width":"","inline_featured_image":false},"product_brand":[],"product_cat":[26,114,24],"product_tag":[],"class_list":{"0":"post-241640","1":"product","2":"type-product","3":"status-publish","4":"has-post-thumbnail","6":"product_cat-fresh","7":"product_cat-neutralisierend","8":"product_cat-woody","9":"pa_seizoens-geur-sommer-geur","11":"first","12":"instock","13":"shipping-taxable","14":"product-type-simple"},"acf":[],"aioseo_notices":[],"aioseo_head":"\n\t\t<!-- All in One SEO Pro 4.9.6.2 - aioseo.com -->\n\t<meta name=\"description\" content=\"Fig Garden vereint Feige, Blatt und Moschus zu einer sanften, frischen Geruchsneutralisation. Ideal f\u00fcr Pflegeheime und Pflegeumgebungen, in denen Reinheit und Ruhe z\u00e4hlen.\" \/>\n\t<meta name=\"robots\" content=\"max-image-preview:large\" \/>\n\t<link rel=\"canonical\" href=\"https:\/\/zaluti.com\/de\/duefte\/fig-garden\/\" \/>\n\t<meta name=\"generator\" content=\"All in One SEO Pro (AIOSEO) 4.9.6.2\" \/>\n\t\t<meta property=\"og:locale\" content=\"de_DE\" \/>\n\t\t<meta property=\"og:site_name\" content=\"Zaluti B.V. | Professionals in scent marketing\" \/>\n\t\t<meta property=\"og:type\" content=\"article\" \/>\n\t\t<meta property=\"og:title\" content=\"Fig Garden \u2013 Geruchsneutralisation mit nat\u00fcrlicher Sanftheit\" \/>\n\t\t<meta property=\"og:description\" content=\"Fig Garden vereint Feige, Blatt und Moschus zu einer sanften, frischen Geruchsneutralisation. Ideal f\u00fcr Pflegeheime und Pflegeumgebungen, in denen Reinheit und Ruhe z\u00e4hlen.\" \/>\n\t\t<meta property=\"og:url\" content=\"https:\/\/zaluti.com\/de\/duefte\/fig-garden\/\" \/>\n\t\t<meta property=\"article:published_time\" content=\"2023-01-10T14:42:10+00:00\" \/>\n\t\t<meta property=\"article:modified_time\" content=\"2025-12-16T13:27:40+00:00\" \/>\n\t\t<meta property=\"article:publisher\" content=\"https:\/\/www.facebook.com\/people\/Zalutide\/61552806365452\/\" \/>\n\t\t<meta name=\"twitter:card\" content=\"summary_large_image\" \/>\n\t\t<meta name=\"twitter:site\" content=\"@Zaluti_de\" \/>\n\t\t<meta name=\"twitter:title\" content=\"Fig Garden \u2013 Geruchsneutralisation mit nat\u00fcrlicher Sanftheit\" \/>\n\t\t<meta name=\"twitter:description\" content=\"Fig Garden vereint Feige, Blatt und Moschus zu einer sanften, frischen Geruchsneutralisation. Ideal f\u00fcr Pflegeheime und Pflegeumgebungen, in denen Reinheit und Ruhe z\u00e4hlen.\" \/>\n\t\t<script type=\"application\/ld+json\" class=\"aioseo-schema\">\n\t\t\t{\"@context\":\"https:\\\/\\\/schema.org\",\"@graph\":[{\"@type\":\"BreadcrumbList\",\"@id\":\"https:\\\/\\\/zaluti.com\\\/de\\\/duefte\\\/fig-garden\\\/#breadcrumblist\",\"itemListElement\":[{\"@type\":\"ListItem\",\"@id\":\"https:\\\/\\\/zaluti.com\\\/de\\\/duefte\\\/alle-duefte\\\/#listItem\",\"position\":1,\"name\":\"Geuren\",\"item\":\"https:\\\/\\\/zaluti.com\\\/de\\\/duefte\\\/alle-duefte\\\/\",\"nextItem\":{\"@type\":\"ListItem\",\"@id\":\"https:\\\/\\\/zaluti.com\\\/de\\\/product-categorie\\\/woody\\\/#listItem\",\"name\":\"Woody\"}},{\"@type\":\"ListItem\",\"@id\":\"https:\\\/\\\/zaluti.com\\\/de\\\/product-categorie\\\/woody\\\/#listItem\",\"position\":2,\"name\":\"Woody\",\"item\":\"https:\\\/\\\/zaluti.com\\\/de\\\/product-categorie\\\/woody\\\/\",\"nextItem\":{\"@type\":\"ListItem\",\"@id\":\"https:\\\/\\\/zaluti.com\\\/de\\\/duefte\\\/fig-garden\\\/#listItem\",\"name\":\"Fig Garden\"},\"previousItem\":{\"@type\":\"ListItem\",\"@id\":\"https:\\\/\\\/zaluti.com\\\/de\\\/duefte\\\/alle-duefte\\\/#listItem\",\"name\":\"Geuren\"}},{\"@type\":\"ListItem\",\"@id\":\"https:\\\/\\\/zaluti.com\\\/de\\\/duefte\\\/fig-garden\\\/#listItem\",\"position\":3,\"name\":\"Fig Garden\",\"previousItem\":{\"@type\":\"ListItem\",\"@id\":\"https:\\\/\\\/zaluti.com\\\/de\\\/product-categorie\\\/woody\\\/#listItem\",\"name\":\"Woody\"}}]},{\"@type\":\"FAQPage\",\"@id\":\"https:\\\/\\\/zaluti.com\\\/de\\\/duefte\\\/fig-garden\\\/#aioseo-faq-page-mi4iv1s6\",\"name\":\"Fig Garden \\u2013 Geruchsneutralisation mit nat\\u00fcrlicher Sanftheit\",\"description\":\"Fig Garden vereint Feige, Blatt und Moschus zu einer sanften, frischen Geruchsneutralisation. Ideal f\\u00fcr Pflegeheime und Pflegeumgebungen, in denen Reinheit und Ruhe z\\u00e4hlen.\",\"url\":\"https:\\\/\\\/zaluti.com\\\/de\\\/duefte\\\/fig-garden\\\/\",\"mainEntity\":[{\"@type\":\"Question\",\"name\":\"Warum ist Fig Garden f\\u00fcr Pflegeheime geeignet?\",\"acceptedAnswer\":{\"@type\":\"Answer\",\"text\":\"Fig Garden eignet sich besonders f\\u00fcr Pflegeheime, da die frischen, nat\\u00fcrlichen Noten von Feige und Moschus unerw\\u00fcnschte Ger\\u00fcche neutralisieren. Der Duft bringt Ruhe und Frische und tr\\u00e4gt zu einer angenehmen, f\\u00fcrsorglichen Atmosph\\u00e4re f\\u00fcr Bewohner und Besucher bei.\"}},{\"@type\":\"Question\",\"name\":\"Ist Fig Garden sicher und IFRA-zertifiziert?\",\"acceptedAnswer\":{\"@type\":\"Answer\",\"text\":\"Ja, Fig Garden erf\\u00fcllt alle IFRA-Richtlinien und ist vollst\\u00e4ndig vegan. Die Zaluti-D\\u00fcfte werden nachhaltig entwickelt und getestet. Weitere Informationen zu Inhaltsstoffen und Produktion finden Sie auf unserer Seite \\u00fcber Sicherheit &amp; Qualit\\u00e4t.\"}},{\"@type\":\"Question\",\"name\":\"Wie lange bleibt Fig Garden in Pflegeeinrichtungen wahrnehmbar?\",\"acceptedAnswer\":{\"@type\":\"Answer\",\"text\":\"Der Duft bleibt sp\\u00fcrbar, solange der Diffusor aktiv ist. Professionelle Systeme verbreiten Fig Garden konstant und gleichm\\u00e4\\u00dfig, sodass der Raum dauerhaft frisch und neutral bleibt, ohne zu dominieren.\"}},{\"@type\":\"Question\",\"name\":\"Kann Fig Garden mit anderen D\\u00fcften kombiniert werden?\",\"acceptedAnswer\":{\"@type\":\"Answer\",\"text\":\"Ja, Fig Garden l\\u00e4sst sich gut mit blumigen oder holzigen D\\u00fcften kombinieren. Diese verleihen W\\u00e4rme oder Tiefe, w\\u00e4hrend die Frische erhalten bleibt \\u2013 ideal f\\u00fcr Pflegeeinrichtungen, in denen Balance wichtig ist.\"}},{\"@type\":\"Question\",\"name\":\"Welche Duftmaschine passt am besten zu Fig Garden?\",\"acceptedAnswer\":{\"@type\":\"Answer\",\"text\":\"F\\u00fcr Pflegeheime empfehlen wir leise HVAC- oder Wandmodelle aus unserer Duftmaschinen-Kollektion. Sie verbreiten Fig Garden effizient und konstant, sodass Frische und Komfort in jedem Raum erhalten bleiben.\"}}],\"inLanguage\":\"de\",\"breadcrumb\":{\"@id\":\"https:\\\/\\\/zaluti.com\\\/de\\\/duefte\\\/fig-garden\\\/#breadcrumblist\"}},{\"@type\":\"ItemPage\",\"@id\":\"https:\\\/\\\/zaluti.com\\\/de\\\/duefte\\\/fig-garden\\\/#itempage\",\"url\":\"https:\\\/\\\/zaluti.com\\\/de\\\/duefte\\\/fig-garden\\\/\",\"name\":\"Fig Garden \\u2013 Geruchsneutralisation mit nat\\u00fcrlicher Sanftheit\",\"description\":\"Fig Garden vereint Feige, Blatt und Moschus zu einer sanften, frischen Geruchsneutralisation. Ideal f\\u00fcr Pflegeheime und Pflegeumgebungen, in denen Reinheit und Ruhe z\\u00e4hlen.\",\"inLanguage\":\"de-DE\",\"isPartOf\":{\"@id\":\"https:\\\/\\\/zaluti.com\\\/de\\\/#website\"},\"breadcrumb\":{\"@id\":\"https:\\\/\\\/zaluti.com\\\/de\\\/duefte\\\/fig-garden\\\/#breadcrumblist\"},\"image\":{\"@type\":\"ImageObject\",\"url\":\"https:\\\/\\\/zaluti.com\\\/de\\\/wp-content\\\/uploads\\\/2023\\\/01\\\/Fig-Garden-e1675874500191.jpg\",\"@id\":\"https:\\\/\\\/zaluti.com\\\/de\\\/duefte\\\/fig-garden\\\/#mainImage\",\"width\":2880,\"height\":2680},\"primaryImageOfPage\":{\"@id\":\"https:\\\/\\\/zaluti.com\\\/de\\\/duefte\\\/fig-garden\\\/#mainImage\"},\"datePublished\":\"2023-01-10T14:42:10+02:00\",\"dateModified\":\"2025-12-16T15:27:40+02:00\"},{\"@type\":\"Organization\",\"@id\":\"https:\\\/\\\/zaluti.com\\\/de\\\/#organization\",\"name\":\"Zaluti\",\"description\":\"Zaluti ist Ihr Experte f\\u00fcr Duftmarketing und Raumbeduftung mit hochwertigen Duftmaschinen \\u201emade in Holland\\u201c. Herstellergarantie 7 Jahre.\",\"url\":\"https:\\\/\\\/zaluti.com\\\/de\\\/\",\"email\":\"welcome@zaluti.com\",\"telephone\":\"+31762055239\",\"foundingDate\":\"2015-01-01\",\"logo\":{\"@type\":\"ImageObject\",\"url\":\"https:\\\/\\\/zaluti.com\\\/de\\\/wp-content\\\/uploads\\\/2023\\\/09\\\/zalutilogo.png\",\"@id\":\"https:\\\/\\\/zaluti.com\\\/de\\\/duefte\\\/fig-garden\\\/#organizationLogo\",\"width\":46,\"height\":83,\"caption\":\"Zalutilogo\"},\"image\":{\"@id\":\"https:\\\/\\\/zaluti.com\\\/de\\\/duefte\\\/fig-garden\\\/#organizationLogo\"},\"sameAs\":[\"https:\\\/\\\/www.facebook.com\\\/people\\\/Zalutide\\\/61552806365452\\\/\",\"https:\\\/\\\/x.com\\\/Zaluti_de\",\"https:\\\/\\\/www.instagram.com\\\/zaluti_de\\\/\",\"https:\\\/\\\/nl.pinterest.com\\\/Zaluti_de\\\/\",\"https:\\\/\\\/www.youtube.com\\\/@AllSensService\",\"https:\\\/\\\/www.linkedin.com\\\/showcase\\\/zaluti-germany\\\/\"],\"address\":{\"@id\":\"https:\\\/\\\/zaluti.com\\\/de\\\/#postaladdress\",\"@type\":\"PostalAddress\",\"streetAddress\":\"Kapittelweg 12,\",\"postalCode\":\"4827 HG\",\"addressLocality\":\"Breda\",\"addressCountry\":\"NL\"}},{\"@type\":\"WebSite\",\"@id\":\"https:\\\/\\\/zaluti.com\\\/de\\\/#website\",\"url\":\"https:\\\/\\\/zaluti.com\\\/de\\\/\",\"name\":\"Zaluti B.V.\",\"description\":\"Professionals in scent marketing\",\"inLanguage\":\"de-DE\",\"publisher\":{\"@id\":\"https:\\\/\\\/zaluti.com\\\/de\\\/#organization\"}}]}\n\t\t<\/script>\n\t\t<!-- All in One SEO Pro -->\r\n\t\t<title>Fig Garden \u2013 Geruchsneutralisation mit nat\u00fcrlicher Sanftheit<\/title>\n\n","aioseo_head_json":{"title":"Fig Garden \u2013 Geruchsneutralisation mit nat\u00fcrlicher Sanftheit","description":"Fig Garden vereint Feige, Blatt und Moschus zu einer sanften, frischen Geruchsneutralisation. Ideal f\u00fcr Pflegeheime und Pflegeumgebungen, in denen Reinheit und Ruhe z\u00e4hlen.","canonical_url":"https:\/\/zaluti.com\/de\/duefte\/fig-garden\/","robots":"max-image-preview:large","keywords":"","webmasterTools":{"miscellaneous":""},"schema":{"@context":"https:\/\/schema.org","@graph":[{"@type":"BreadcrumbList","@id":"https:\/\/zaluti.com\/de\/duefte\/fig-garden\/#breadcrumblist","itemListElement":[{"@type":"ListItem","@id":"https:\/\/zaluti.com\/de\/duefte\/alle-duefte\/#listItem","position":1,"name":"Geuren","item":"https:\/\/zaluti.com\/de\/duefte\/alle-duefte\/","nextItem":{"@type":"ListItem","@id":"https:\/\/zaluti.com\/de\/product-categorie\/woody\/#listItem","name":"Woody"}},{"@type":"ListItem","@id":"https:\/\/zaluti.com\/de\/product-categorie\/woody\/#listItem","position":2,"name":"Woody","item":"https:\/\/zaluti.com\/de\/product-categorie\/woody\/","nextItem":{"@type":"ListItem","@id":"https:\/\/zaluti.com\/de\/duefte\/fig-garden\/#listItem","name":"Fig Garden"},"previousItem":{"@type":"ListItem","@id":"https:\/\/zaluti.com\/de\/duefte\/alle-duefte\/#listItem","name":"Geuren"}},{"@type":"ListItem","@id":"https:\/\/zaluti.com\/de\/duefte\/fig-garden\/#listItem","position":3,"name":"Fig Garden","previousItem":{"@type":"ListItem","@id":"https:\/\/zaluti.com\/de\/product-categorie\/woody\/#listItem","name":"Woody"}}]},{"@type":"FAQPage","@id":"https:\/\/zaluti.com\/de\/duefte\/fig-garden\/#aioseo-faq-page-mi4iv1s6","name":"Fig Garden \u2013 Geruchsneutralisation mit nat\u00fcrlicher Sanftheit","description":"Fig Garden vereint Feige, Blatt und Moschus zu einer sanften, frischen Geruchsneutralisation. Ideal f\u00fcr Pflegeheime und Pflegeumgebungen, in denen Reinheit und Ruhe z\u00e4hlen.","url":"https:\/\/zaluti.com\/de\/duefte\/fig-garden\/","mainEntity":[{"@type":"Question","name":"Warum ist Fig Garden f\u00fcr Pflegeheime geeignet?","acceptedAnswer":{"@type":"Answer","text":"Fig Garden eignet sich besonders f\u00fcr Pflegeheime, da die frischen, nat\u00fcrlichen Noten von Feige und Moschus unerw\u00fcnschte Ger\u00fcche neutralisieren. Der Duft bringt Ruhe und Frische und tr\u00e4gt zu einer angenehmen, f\u00fcrsorglichen Atmosph\u00e4re f\u00fcr Bewohner und Besucher bei."}},{"@type":"Question","name":"Ist Fig Garden sicher und IFRA-zertifiziert?","acceptedAnswer":{"@type":"Answer","text":"Ja, Fig Garden erf\u00fcllt alle IFRA-Richtlinien und ist vollst\u00e4ndig vegan. Die Zaluti-D\u00fcfte werden nachhaltig entwickelt und getestet. Weitere Informationen zu Inhaltsstoffen und Produktion finden Sie auf unserer Seite \u00fcber Sicherheit &amp; Qualit\u00e4t."}},{"@type":"Question","name":"Wie lange bleibt Fig Garden in Pflegeeinrichtungen wahrnehmbar?","acceptedAnswer":{"@type":"Answer","text":"Der Duft bleibt sp\u00fcrbar, solange der Diffusor aktiv ist. Professionelle Systeme verbreiten Fig Garden konstant und gleichm\u00e4\u00dfig, sodass der Raum dauerhaft frisch und neutral bleibt, ohne zu dominieren."}},{"@type":"Question","name":"Kann Fig Garden mit anderen D\u00fcften kombiniert werden?","acceptedAnswer":{"@type":"Answer","text":"Ja, Fig Garden l\u00e4sst sich gut mit blumigen oder holzigen D\u00fcften kombinieren. Diese verleihen W\u00e4rme oder Tiefe, w\u00e4hrend die Frische erhalten bleibt \u2013 ideal f\u00fcr Pflegeeinrichtungen, in denen Balance wichtig ist."}},{"@type":"Question","name":"Welche Duftmaschine passt am besten zu Fig Garden?","acceptedAnswer":{"@type":"Answer","text":"F\u00fcr Pflegeheime empfehlen wir leise HVAC- oder Wandmodelle aus unserer Duftmaschinen-Kollektion. Sie verbreiten Fig Garden effizient und konstant, sodass Frische und Komfort in jedem Raum erhalten bleiben."}},{"@type":"Question","name":"Warum ist Fig Garden f\u00fcr Pflegeheime geeignet?","acceptedAnswer":{"@type":"Answer","text":"Fig Garden eignet sich besonders f\u00fcr Pflegeheime, da die frischen, nat\u00fcrlichen Noten von Feige und Moschus unerw\u00fcnschte Ger\u00fcche neutralisieren. Der Duft bringt Ruhe und Frische und tr\u00e4gt zu einer angenehmen, f\u00fcrsorglichen Atmosph\u00e4re f\u00fcr Bewohner und Besucher bei."}},{"@type":"Question","name":"Ist Fig Garden sicher und IFRA-zertifiziert?","acceptedAnswer":{"@type":"Answer","text":"Ja, Fig Garden erf\u00fcllt alle IFRA-Richtlinien und ist vollst\u00e4ndig vegan. Die Zaluti-D\u00fcfte werden nachhaltig entwickelt und getestet. Weitere Informationen zu Inhaltsstoffen und Produktion finden Sie auf unserer Seite \u00fcber Sicherheit &amp; Qualit\u00e4t."}},{"@type":"Question","name":"Wie lange bleibt Fig Garden in Pflegeeinrichtungen wahrnehmbar?","acceptedAnswer":{"@type":"Answer","text":"Der Duft bleibt sp\u00fcrbar, solange der Diffusor aktiv ist. Professionelle Systeme verbreiten Fig Garden konstant und gleichm\u00e4\u00dfig, sodass der Raum dauerhaft frisch und neutral bleibt, ohne zu dominieren."}},{"@type":"Question","name":"Kann Fig Garden mit anderen D\u00fcften kombiniert werden?","acceptedAnswer":{"@type":"Answer","text":"Ja, Fig Garden l\u00e4sst sich gut mit blumigen oder holzigen D\u00fcften kombinieren. Diese verleihen W\u00e4rme oder Tiefe, w\u00e4hrend die Frische erhalten bleibt \u2013 ideal f\u00fcr Pflegeeinrichtungen, in denen Balance wichtig ist."}},{"@type":"Question","name":"Welche Duftmaschine passt am besten zu Fig Garden?","acceptedAnswer":{"@type":"Answer","text":"F\u00fcr Pflegeheime empfehlen wir leise HVAC- oder Wandmodelle aus unserer Duftmaschinen-Kollektion. Sie verbreiten Fig Garden effizient und konstant, sodass Frische und Komfort in jedem Raum erhalten bleiben."}}],"inLanguage":"de","breadcrumb":{"@id":"https:\/\/zaluti.com\/de\/duefte\/fig-garden\/#breadcrumblist"}},{"@type":"ItemPage","@id":"https:\/\/zaluti.com\/de\/duefte\/fig-garden\/#itempage","url":"https:\/\/zaluti.com\/de\/duefte\/fig-garden\/","name":"Fig Garden \u2013 Geruchsneutralisation mit nat\u00fcrlicher Sanftheit","description":"Fig Garden vereint Feige, Blatt und Moschus zu einer sanften, frischen Geruchsneutralisation. Ideal f\u00fcr Pflegeheime und Pflegeumgebungen, in denen Reinheit und Ruhe z\u00e4hlen.","inLanguage":"de-DE","isPartOf":{"@id":"https:\/\/zaluti.com\/de\/#website"},"breadcrumb":{"@id":"https:\/\/zaluti.com\/de\/duefte\/fig-garden\/#breadcrumblist"},"image":{"@type":"ImageObject","url":"https:\/\/zaluti.com\/de\/wp-content\/uploads\/2023\/01\/Fig-Garden-e1675874500191.jpg","@id":"https:\/\/zaluti.com\/de\/duefte\/fig-garden\/#mainImage","width":2880,"height":2680},"primaryImageOfPage":{"@id":"https:\/\/zaluti.com\/de\/duefte\/fig-garden\/#mainImage"},"datePublished":"2023-01-10T14:42:10+02:00","dateModified":"2025-12-16T15:27:40+02:00"},{"@type":"Organization","@id":"https:\/\/zaluti.com\/de\/#organization","name":"Zaluti","description":"Zaluti ist Ihr Experte f\u00fcr Duftmarketing und Raumbeduftung mit hochwertigen Duftmaschinen \u201emade in Holland\u201c. Herstellergarantie 7 Jahre.","url":"https:\/\/zaluti.com\/de\/","email":"welcome@zaluti.com","telephone":"+31762055239","foundingDate":"2015-01-01","logo":{"@type":"ImageObject","url":"https:\/\/zaluti.com\/de\/wp-content\/uploads\/2023\/09\/zalutilogo.png","@id":"https:\/\/zaluti.com\/de\/duefte\/fig-garden\/#organizationLogo","width":46,"height":83,"caption":"Zalutilogo"},"image":{"@id":"https:\/\/zaluti.com\/de\/duefte\/fig-garden\/#organizationLogo"},"sameAs":["https:\/\/www.facebook.com\/people\/Zalutide\/61552806365452\/","https:\/\/x.com\/Zaluti_de","https:\/\/www.instagram.com\/zaluti_de\/","https:\/\/nl.pinterest.com\/Zaluti_de\/","https:\/\/www.youtube.com\/@AllSensService","https:\/\/www.linkedin.com\/showcase\/zaluti-germany\/"],"address":{"@id":"https:\/\/zaluti.com\/de\/#postaladdress","@type":"PostalAddress","streetAddress":"Kapittelweg 12,","postalCode":"4827 HG","addressLocality":"Breda","addressCountry":"NL"}},{"@type":"WebSite","@id":"https:\/\/zaluti.com\/de\/#website","url":"https:\/\/zaluti.com\/de\/","name":"Zaluti B.V.","description":"Professionals in scent marketing","inLanguage":"de-DE","publisher":{"@id":"https:\/\/zaluti.com\/de\/#organization"}}]},"og:locale":"de_DE","og:site_name":"Zaluti B.V. | Professionals in scent marketing","og:type":"article","og:title":"Fig Garden \u2013 Geruchsneutralisation mit nat\u00fcrlicher Sanftheit","og:description":"Fig Garden vereint Feige, Blatt und Moschus zu einer sanften, frischen Geruchsneutralisation. Ideal f\u00fcr Pflegeheime und Pflegeumgebungen, in denen Reinheit und Ruhe z\u00e4hlen.","og:url":"https:\/\/zaluti.com\/de\/duefte\/fig-garden\/","article:published_time":"2023-01-10T14:42:10+00:00","article:modified_time":"2025-12-16T13:27:40+00:00","article:publisher":"https:\/\/www.facebook.com\/people\/Zalutide\/61552806365452\/","twitter:card":"summary_large_image","twitter:site":"@Zaluti_de","twitter:title":"Fig Garden \u2013 Geruchsneutralisation mit nat\u00fcrlicher Sanftheit","twitter:description":"Fig Garden vereint Feige, Blatt und Moschus zu einer sanften, frischen Geruchsneutralisation. Ideal f\u00fcr Pflegeheime und Pflegeumgebungen, in denen Reinheit und Ruhe z\u00e4hlen."},"aioseo_meta_data":{"post_id":"241640","title":"Fig Garden \u2013 Geruchsneutralisation mit nat\u00fcrlicher Sanftheit","description":"Fig Garden vereint Feige, Blatt und Moschus zu einer sanften, frischen Geruchsneutralisation. Ideal f\u00fcr Pflegeheime und Pflegeumgebungen, in denen Reinheit und Ruhe z\u00e4hlen.","keywords":null,"keyphrases":{"focus":{"keyphrase":"Fig Garden","score":70,"analysis":{"keyphraseInTitle":{"score":9,"maxScore":9,"error":0},"keyphraseInDescription":{"score":9,"maxScore":9,"error":0},"keyphraseLength":{"score":9,"maxScore":9,"error":0,"length":2},"keyphraseInURL":{"score":5,"maxScore":5,"error":0},"keyphraseInIntroduction":{"score":3,"maxScore":9,"error":1},"keyphraseInSubHeadings":[],"keyphraseInImageAlt":[],"keywordDensity":{"score":0,"type":"low","maxScore":9,"error":1}}},"additional":[]},"primary_term":null,"canonical_url":null,"og_title":null,"og_description":null,"og_object_type":"default","og_image_type":"default","og_image_url":null,"og_image_width":null,"og_image_height":null,"og_image_custom_url":null,"og_image_custom_fields":null,"og_video":"","og_custom_url":null,"og_article_section":null,"og_article_tags":null,"twitter_use_og":false,"twitter_card":"default","twitter_image_type":"default","twitter_image_url":null,"twitter_image_custom_url":null,"twitter_image_custom_fields":null,"twitter_title":null,"twitter_description":null,"schema":{"blockGraphs":[],"customGraphs":[],"default":{"data":{"Article":[],"Course":[],"Dataset":[],"FAQPage":[],"Movie":[],"Person":[],"Product":[],"ProductReview":[],"Car":[],"Recipe":[],"Service":[],"SoftwareApplication":[],"WebPage":[]},"graphName":"ItemPage","isEnabled":true},"graphs":[{"id":"#aioseo-faq-page-mi4iv1s6","slug":"faq-page","graphName":"FAQPage","label":"FAQ","properties":{"name":"Fig Garden \u2013 Geruchsneutralisation mit nat\u00fcrlicher Sanftheit","description":"Fig Garden vereint Feige, Blatt und Moschus zu einer sanften, frischen Geruchsneutralisation. Ideal f\u00fcr Pflegeheime und Pflegeumgebungen, in denen Reinheit und Ruhe z\u00e4hlen.","questions":[{"question":"Warum ist Fig Garden f\u00fcr Pflegeheime geeignet?","answer":"Fig Garden eignet sich besonders f\u00fcr Pflegeheime, da die frischen, nat\u00fcrlichen Noten von Feige und Moschus unerw\u00fcnschte Ger\u00fcche neutralisieren. Der Duft bringt Ruhe und Frische und tr\u00e4gt zu einer angenehmen, f\u00fcrsorglichen Atmosph\u00e4re f\u00fcr Bewohner und Besucher bei."},{"question":"Ist Fig Garden sicher und IFRA-zertifiziert?","answer":"Ja, Fig Garden erf\u00fcllt alle IFRA-Richtlinien und ist vollst\u00e4ndig vegan. Die Zaluti-D\u00fcfte werden nachhaltig entwickelt und getestet. Weitere Informationen zu Inhaltsstoffen und Produktion finden Sie auf unserer Seite \u00fcber Sicherheit & Qualit\u00e4t."},{"question":"Wie lange bleibt Fig Garden in Pflegeeinrichtungen wahrnehmbar?","answer":"Der Duft bleibt sp\u00fcrbar, solange der Diffusor aktiv ist. Professionelle Systeme verbreiten Fig Garden konstant und gleichm\u00e4\u00dfig, sodass der Raum dauerhaft frisch und neutral bleibt, ohne zu dominieren."},{"question":"Kann Fig Garden mit anderen D\u00fcften kombiniert werden?","answer":"Ja, Fig Garden l\u00e4sst sich gut mit blumigen oder holzigen D\u00fcften kombinieren. Diese verleihen W\u00e4rme oder Tiefe, w\u00e4hrend die Frische erhalten bleibt \u2013 ideal f\u00fcr Pflegeeinrichtungen, in denen Balance wichtig ist."},{"question":"Welche Duftmaschine passt am besten zu Fig Garden?","answer":"F\u00fcr Pflegeheime empfehlen wir leise HVAC- oder Wandmodelle aus unserer Duftmaschinen-Kollektion. Sie verbreiten Fig Garden effizient und konstant, sodass Frische und Komfort in jedem Raum erhalten bleiben."}]},"value":"faq-page"}]},"schema_type":"default","schema_type_options":null,"pillar_content":false,"robots_default":true,"robots_noindex":false,"robots_noarchive":false,"robots_nosnippet":false,"robots_nofollow":false,"robots_noimageindex":false,"robots_noodp":false,"robots_notranslate":false,"robots_max_snippet":"-1","robots_max_videopreview":"-1","robots_max_imagepreview":"large","priority":null,"frequency":"default","local_seo":null,"seo_analyzer_scan_date":"2025-12-16 13:39:52","breadcrumb_settings":null,"limit_modified_date":false,"reviewed_by":"0","open_ai":"{\"title\":{\"suggestions\":[],\"usage\":0},\"description\":{\"suggestions\":[],\"usage\":0}}","ai":{"faqs":[],"keyPoints":[],"titles":[],"descriptions":[],"socialPosts":{"email":[],"linkedin":[],"twitter":[],"facebook":[],"instagram":[]}},"created":"2023-01-10 14:57:02","updated":"2026-04-21 19:29:37"},"_links":{"self":[{"href":"https:\/\/zaluti.com\/de\/wp-json\/wp\/v2\/product\/241640","targetHints":{"allow":["GET"]}}],"collection":[{"href":"https:\/\/zaluti.com\/de\/wp-json\/wp\/v2\/product"}],"about":[{"href":"https:\/\/zaluti.com\/de\/wp-json\/wp\/v2\/types\/product"}],"replies":[{"embeddable":true,"href":"https:\/\/zaluti.com\/de\/wp-json\/wp\/v2\/comments?post=241640"}],"wp:featuredmedia":[{"embeddable":true,"href":"https:\/\/zaluti.com\/de\/wp-json\/wp\/v2\/media\/242655"}],"wp:attachment":[{"href":"https:\/\/zaluti.com\/de\/wp-json\/wp\/v2\/media?parent=241640"}],"wp:term":[{"taxonomy":"product_brand","embeddable":true,"href":"https:\/\/zaluti.com\/de\/wp-json\/wp\/v2\/product_brand?post=241640"},{"taxonomy":"product_cat","embeddable":true,"href":"https:\/\/zaluti.com\/de\/wp-json\/wp\/v2\/product_cat?post=241640"},{"taxonomy":"product_tag","embeddable":true,"href":"https:\/\/zaluti.com\/de\/wp-json\/wp\/v2\/product_tag?post=241640"}],"curies":[{"name":"wp","href":"https:\/\/api.w.org\/{rel}","templated":true}]}}