{"id":241620,"date":"2023-01-10T14:41:18","date_gmt":"2023-01-10T14:41:18","guid":{"rendered":"https:\/\/testallsens.nl\/?post_type=product&#038;p=241620"},"modified":"2025-12-16T14:58:02","modified_gmt":"2025-12-16T12:58:02","slug":"cocoon-duft-zaluti","status":"publish","type":"product","link":"https:\/\/zaluti.com\/de\/duefte\/cocoon\/","title":{"rendered":"Cocoon"},"content":{"rendered":"<p>Entdecken Sie die erdige Anziehungskraft von mineralischen Noten in Kombination mit robustem Vetiver in diesem exquisiten und exklusiven Aroma.<\/p>\n","protected":false},"excerpt":{"rendered":"<p>MILD<\/p>\n","protected":false},"featured_media":242649,"comment_status":"closed","ping_status":"closed","template":"","meta":{"_acf_changed":false,"_et_pb_use_builder":"","_et_pb_old_content":"","_et_gb_content_width":"","inline_featured_image":false},"product_brand":[],"product_cat":[24],"product_tag":[],"class_list":{"0":"post-241620","1":"product","2":"type-product","3":"status-publish","4":"has-post-thumbnail","6":"product_cat-woody","7":"pa_seizoens-geur-winter-geur","9":"first","10":"instock","11":"shipping-taxable","12":"product-type-simple"},"acf":[],"aioseo_notices":[],"aioseo_head":"\n\t\t<!-- All in One SEO Pro 4.9.6.2 - aioseo.com -->\n\t<meta name=\"description\" content=\"Cocoon vereint Baumwolle, wei\u00dfe Moschusnoten und Sandelholz zu einer sanften, beruhigenden Raumbeduftung. Ideal f\u00fcr Privathaushalte und eine warme Atmosph\u00e4re.\" \/>\n\t<meta name=\"robots\" content=\"max-image-preview:large\" \/>\n\t<link rel=\"canonical\" href=\"https:\/\/zaluti.com\/de\/duefte\/cocoon\/\" \/>\n\t<meta name=\"generator\" content=\"All in One SEO Pro (AIOSEO) 4.9.6.2\" \/>\n\t\t<meta property=\"og:locale\" content=\"de_DE\" \/>\n\t\t<meta property=\"og:site_name\" content=\"Zaluti B.V. | Professionals in scent marketing\" \/>\n\t\t<meta property=\"og:type\" content=\"article\" \/>\n\t\t<meta property=\"og:title\" content=\"Cocoon \u2013 Raumbeduftung mit h\u00e4uslicher Ruhe | Zaluti\" \/>\n\t\t<meta property=\"og:description\" content=\"Cocoon vereint Baumwolle, wei\u00dfe Moschusnoten und Sandelholz zu einer sanften, beruhigenden Raumbeduftung. Ideal f\u00fcr Privathaushalte und eine warme Atmosph\u00e4re.\" \/>\n\t\t<meta property=\"og:url\" content=\"https:\/\/zaluti.com\/de\/duefte\/cocoon\/\" \/>\n\t\t<meta property=\"article:published_time\" content=\"2023-01-10T14:41:18+00:00\" \/>\n\t\t<meta property=\"article:modified_time\" content=\"2025-12-16T12:58:02+00:00\" \/>\n\t\t<meta property=\"article:publisher\" content=\"https:\/\/www.facebook.com\/people\/Zalutide\/61552806365452\/\" \/>\n\t\t<meta name=\"twitter:card\" content=\"summary_large_image\" \/>\n\t\t<meta name=\"twitter:site\" content=\"@Zaluti_de\" \/>\n\t\t<meta name=\"twitter:title\" content=\"Cocoon \u2013 Raumbeduftung mit h\u00e4uslicher Ruhe | Zaluti\" \/>\n\t\t<meta name=\"twitter:description\" content=\"Cocoon vereint Baumwolle, wei\u00dfe Moschusnoten und Sandelholz zu einer sanften, beruhigenden Raumbeduftung. Ideal f\u00fcr Privathaushalte und eine warme Atmosph\u00e4re.\" \/>\n\t\t<script type=\"application\/ld+json\" class=\"aioseo-schema\">\n\t\t\t{\"@context\":\"https:\\\/\\\/schema.org\",\"@graph\":[{\"@type\":\"BreadcrumbList\",\"@id\":\"https:\\\/\\\/zaluti.com\\\/de\\\/duefte\\\/cocoon\\\/#breadcrumblist\",\"itemListElement\":[{\"@type\":\"ListItem\",\"@id\":\"https:\\\/\\\/zaluti.com\\\/de\\\/duefte\\\/alle-duefte\\\/#listItem\",\"position\":1,\"name\":\"Geuren\",\"item\":\"https:\\\/\\\/zaluti.com\\\/de\\\/duefte\\\/alle-duefte\\\/\",\"nextItem\":{\"@type\":\"ListItem\",\"@id\":\"https:\\\/\\\/zaluti.com\\\/de\\\/product-categorie\\\/woody\\\/#listItem\",\"name\":\"Woody\"}},{\"@type\":\"ListItem\",\"@id\":\"https:\\\/\\\/zaluti.com\\\/de\\\/product-categorie\\\/woody\\\/#listItem\",\"position\":2,\"name\":\"Woody\",\"item\":\"https:\\\/\\\/zaluti.com\\\/de\\\/product-categorie\\\/woody\\\/\",\"nextItem\":{\"@type\":\"ListItem\",\"@id\":\"https:\\\/\\\/zaluti.com\\\/de\\\/duefte\\\/cocoon\\\/#listItem\",\"name\":\"Cocoon\"},\"previousItem\":{\"@type\":\"ListItem\",\"@id\":\"https:\\\/\\\/zaluti.com\\\/de\\\/duefte\\\/alle-duefte\\\/#listItem\",\"name\":\"Geuren\"}},{\"@type\":\"ListItem\",\"@id\":\"https:\\\/\\\/zaluti.com\\\/de\\\/duefte\\\/cocoon\\\/#listItem\",\"position\":3,\"name\":\"Cocoon\",\"previousItem\":{\"@type\":\"ListItem\",\"@id\":\"https:\\\/\\\/zaluti.com\\\/de\\\/product-categorie\\\/woody\\\/#listItem\",\"name\":\"Woody\"}}]},{\"@type\":\"FAQPage\",\"@id\":\"https:\\\/\\\/zaluti.com\\\/de\\\/duefte\\\/cocoon\\\/#aioseo-faq-page-mi3957l5\",\"name\":\"Cocoon \\u2013 Raumbeduftung mit h\\u00e4uslicher Ruhe | Zaluti\",\"description\":\"Cocoon vereint Baumwolle, wei\\u00dfe Moschusnoten und Sandelholz zu einer sanften, beruhigenden Raumbeduftung. Ideal f\\u00fcr Privathaushalte und eine warme Atmosph\\u00e4re.\",\"url\":\"https:\\\/\\\/zaluti.com\\\/de\\\/duefte\\\/cocoon\\\/\",\"mainEntity\":[{\"@type\":\"Question\",\"name\":\"Warum ist Cocoon f\\u00fcr den Einsatz zu Hause geeignet?\",\"acceptedAnswer\":{\"@type\":\"Answer\",\"text\":\"Cocoon eignet sich besonders f\\u00fcr Wohnr\\u00e4ume, da der Duft Ruhe und Geborgenheit schafft. Die Kombination aus Baumwolle, Moschus und Holz bringt Entspannung und Harmonie in jeden Raum und sorgt f\\u00fcr eine warme, vertraute Atmosph\\u00e4re.\"}},{\"@type\":\"Question\",\"name\":\"Ist Cocoon sicher und nachhaltig hergestellt?\",\"acceptedAnswer\":{\"@type\":\"Answer\",\"text\":\"Ja, Cocoon erf\\u00fcllt alle IFRA-Richtlinien und ist vollst\\u00e4ndig vegan. Die AllSens-D\\u00fcfte werden in den Niederlanden mit Respekt f\\u00fcr Mensch und Umwelt entwickelt.\"}},{\"@type\":\"Question\",\"name\":\"Wie lange bleibt Cocoon im Raum wahrnehmbar?\",\"acceptedAnswer\":{\"@type\":\"Answer\",\"text\":\"Der Duft bleibt sp\\u00fcrbar, solange der Diffusor aktiv ist. Dank professioneller Kaltnebeltechnologie verteilt sich Cocoon gleichm\\u00e4\\u00dfig und konstant, sodass Ihr Zuhause stets sanft und angenehm duftet.\"}},{\"@type\":\"Question\",\"name\":\"Kann Cocoon mit anderen D\\u00fcften kombiniert werden?\",\"acceptedAnswer\":{\"@type\":\"Answer\",\"text\":\"Ja, Cocoon l\\u00e4sst sich wunderbar mit blumigen oder holzigen D\\u00fcften kombinieren. Durch Variation der Intensit\\u00e4t k\\u00f6nnen unterschiedliche Stimmungen geschaffen werden \\u2013 von entspannend bis elegant \\u2013 bei gleichbleibender Harmonie.\"}},{\"@type\":\"Question\",\"name\":\"Welche Duftmaschine passt am besten zu Cocoon?\",\"acceptedAnswer\":{\"@type\":\"Answer\",\"text\":\"F\\u00fcr Privathaushalte empfehlen wir kompakte Bluetooth-Diffusoren aus unserer Duftmaschinen-Kollektion. Sie verbreiten Cocoon gleichm\\u00e4\\u00dfig und dezent, sodass jeder Raum von einer konstanten, beruhigenden Duftnote erf\\u00fcllt wird.\"}}],\"inLanguage\":\"de\",\"breadcrumb\":{\"@id\":\"https:\\\/\\\/zaluti.com\\\/de\\\/duefte\\\/cocoon\\\/#breadcrumblist\"}},{\"@type\":\"ItemPage\",\"@id\":\"https:\\\/\\\/zaluti.com\\\/de\\\/duefte\\\/cocoon\\\/#itempage\",\"url\":\"https:\\\/\\\/zaluti.com\\\/de\\\/duefte\\\/cocoon\\\/\",\"name\":\"Cocoon \\u2013 Raumbeduftung mit h\\u00e4uslicher Ruhe | Zaluti\",\"description\":\"Cocoon vereint Baumwolle, wei\\u00dfe Moschusnoten und Sandelholz zu einer sanften, beruhigenden Raumbeduftung. Ideal f\\u00fcr Privathaushalte und eine warme Atmosph\\u00e4re.\",\"inLanguage\":\"de-DE\",\"isPartOf\":{\"@id\":\"https:\\\/\\\/zaluti.com\\\/de\\\/#website\"},\"breadcrumb\":{\"@id\":\"https:\\\/\\\/zaluti.com\\\/de\\\/duefte\\\/cocoon\\\/#breadcrumblist\"},\"image\":{\"@type\":\"ImageObject\",\"url\":\"https:\\\/\\\/zaluti.com\\\/de\\\/wp-content\\\/uploads\\\/2023\\\/01\\\/Cocoon.jpg\",\"@id\":\"https:\\\/\\\/zaluti.com\\\/de\\\/duefte\\\/cocoon\\\/#mainImage\",\"width\":2880,\"height\":1920},\"primaryImageOfPage\":{\"@id\":\"https:\\\/\\\/zaluti.com\\\/de\\\/duefte\\\/cocoon\\\/#mainImage\"},\"datePublished\":\"2023-01-10T14:41:18+02:00\",\"dateModified\":\"2025-12-16T14:58:02+02:00\"},{\"@type\":\"Organization\",\"@id\":\"https:\\\/\\\/zaluti.com\\\/de\\\/#organization\",\"name\":\"Zaluti\",\"description\":\"Zaluti ist Ihr Experte f\\u00fcr Duftmarketing und Raumbeduftung mit hochwertigen Duftmaschinen \\u201emade in Holland\\u201c. Herstellergarantie 7 Jahre.\",\"url\":\"https:\\\/\\\/zaluti.com\\\/de\\\/\",\"email\":\"welcome@zaluti.com\",\"telephone\":\"+31762055239\",\"foundingDate\":\"2015-01-01\",\"logo\":{\"@type\":\"ImageObject\",\"url\":\"https:\\\/\\\/zaluti.com\\\/de\\\/wp-content\\\/uploads\\\/2023\\\/09\\\/zalutilogo.png\",\"@id\":\"https:\\\/\\\/zaluti.com\\\/de\\\/duefte\\\/cocoon\\\/#organizationLogo\",\"width\":46,\"height\":83,\"caption\":\"Zalutilogo\"},\"image\":{\"@id\":\"https:\\\/\\\/zaluti.com\\\/de\\\/duefte\\\/cocoon\\\/#organizationLogo\"},\"sameAs\":[\"https:\\\/\\\/www.facebook.com\\\/people\\\/Zalutide\\\/61552806365452\\\/\",\"https:\\\/\\\/x.com\\\/Zaluti_de\",\"https:\\\/\\\/www.instagram.com\\\/zaluti_de\\\/\",\"https:\\\/\\\/nl.pinterest.com\\\/Zaluti_de\\\/\",\"https:\\\/\\\/www.youtube.com\\\/@AllSensService\",\"https:\\\/\\\/www.linkedin.com\\\/showcase\\\/zaluti-germany\\\/\"],\"address\":{\"@id\":\"https:\\\/\\\/zaluti.com\\\/de\\\/#postaladdress\",\"@type\":\"PostalAddress\",\"streetAddress\":\"Kapittelweg 12,\",\"postalCode\":\"4827 HG\",\"addressLocality\":\"Breda\",\"addressCountry\":\"NL\"}},{\"@type\":\"WebSite\",\"@id\":\"https:\\\/\\\/zaluti.com\\\/de\\\/#website\",\"url\":\"https:\\\/\\\/zaluti.com\\\/de\\\/\",\"name\":\"Zaluti B.V.\",\"description\":\"Professionals in scent marketing\",\"inLanguage\":\"de-DE\",\"publisher\":{\"@id\":\"https:\\\/\\\/zaluti.com\\\/de\\\/#organization\"}}]}\n\t\t<\/script>\n\t\t<!-- All in One SEO Pro -->\r\n\t\t<title>Cocoon \u2013 Raumbeduftung mit h\u00e4uslicher Ruhe | Zaluti<\/title>\n\n","aioseo_head_json":{"title":"Cocoon \u2013 Raumbeduftung mit h\u00e4uslicher Ruhe | Zaluti","description":"Cocoon vereint Baumwolle, wei\u00dfe Moschusnoten und Sandelholz zu einer sanften, beruhigenden Raumbeduftung. Ideal f\u00fcr Privathaushalte und eine warme Atmosph\u00e4re.","canonical_url":"https:\/\/zaluti.com\/de\/duefte\/cocoon\/","robots":"max-image-preview:large","keywords":"","webmasterTools":{"miscellaneous":""},"schema":{"@context":"https:\/\/schema.org","@graph":[{"@type":"BreadcrumbList","@id":"https:\/\/zaluti.com\/de\/duefte\/cocoon\/#breadcrumblist","itemListElement":[{"@type":"ListItem","@id":"https:\/\/zaluti.com\/de\/duefte\/alle-duefte\/#listItem","position":1,"name":"Geuren","item":"https:\/\/zaluti.com\/de\/duefte\/alle-duefte\/","nextItem":{"@type":"ListItem","@id":"https:\/\/zaluti.com\/de\/product-categorie\/woody\/#listItem","name":"Woody"}},{"@type":"ListItem","@id":"https:\/\/zaluti.com\/de\/product-categorie\/woody\/#listItem","position":2,"name":"Woody","item":"https:\/\/zaluti.com\/de\/product-categorie\/woody\/","nextItem":{"@type":"ListItem","@id":"https:\/\/zaluti.com\/de\/duefte\/cocoon\/#listItem","name":"Cocoon"},"previousItem":{"@type":"ListItem","@id":"https:\/\/zaluti.com\/de\/duefte\/alle-duefte\/#listItem","name":"Geuren"}},{"@type":"ListItem","@id":"https:\/\/zaluti.com\/de\/duefte\/cocoon\/#listItem","position":3,"name":"Cocoon","previousItem":{"@type":"ListItem","@id":"https:\/\/zaluti.com\/de\/product-categorie\/woody\/#listItem","name":"Woody"}}]},{"@type":"FAQPage","@id":"https:\/\/zaluti.com\/de\/duefte\/cocoon\/#aioseo-faq-page-mi3957l5","name":"Cocoon \u2013 Raumbeduftung mit h\u00e4uslicher Ruhe | Zaluti","description":"Cocoon vereint Baumwolle, wei\u00dfe Moschusnoten und Sandelholz zu einer sanften, beruhigenden Raumbeduftung. Ideal f\u00fcr Privathaushalte und eine warme Atmosph\u00e4re.","url":"https:\/\/zaluti.com\/de\/duefte\/cocoon\/","mainEntity":[{"@type":"Question","name":"Warum ist Cocoon f\u00fcr den Einsatz zu Hause geeignet?","acceptedAnswer":{"@type":"Answer","text":"Cocoon eignet sich besonders f\u00fcr Wohnr\u00e4ume, da der Duft Ruhe und Geborgenheit schafft. Die Kombination aus Baumwolle, Moschus und Holz bringt Entspannung und Harmonie in jeden Raum und sorgt f\u00fcr eine warme, vertraute Atmosph\u00e4re."}},{"@type":"Question","name":"Ist Cocoon sicher und nachhaltig hergestellt?","acceptedAnswer":{"@type":"Answer","text":"Ja, Cocoon erf\u00fcllt alle IFRA-Richtlinien und ist vollst\u00e4ndig vegan. Die AllSens-D\u00fcfte werden in den Niederlanden mit Respekt f\u00fcr Mensch und Umwelt entwickelt."}},{"@type":"Question","name":"Wie lange bleibt Cocoon im Raum wahrnehmbar?","acceptedAnswer":{"@type":"Answer","text":"Der Duft bleibt sp\u00fcrbar, solange der Diffusor aktiv ist. Dank professioneller Kaltnebeltechnologie verteilt sich Cocoon gleichm\u00e4\u00dfig und konstant, sodass Ihr Zuhause stets sanft und angenehm duftet."}},{"@type":"Question","name":"Kann Cocoon mit anderen D\u00fcften kombiniert werden?","acceptedAnswer":{"@type":"Answer","text":"Ja, Cocoon l\u00e4sst sich wunderbar mit blumigen oder holzigen D\u00fcften kombinieren. Durch Variation der Intensit\u00e4t k\u00f6nnen unterschiedliche Stimmungen geschaffen werden \u2013 von entspannend bis elegant \u2013 bei gleichbleibender Harmonie."}},{"@type":"Question","name":"Welche Duftmaschine passt am besten zu Cocoon?","acceptedAnswer":{"@type":"Answer","text":"F\u00fcr Privathaushalte empfehlen wir kompakte Bluetooth-Diffusoren aus unserer Duftmaschinen-Kollektion. Sie verbreiten Cocoon gleichm\u00e4\u00dfig und dezent, sodass jeder Raum von einer konstanten, beruhigenden Duftnote erf\u00fcllt wird."}},{"@type":"Question","name":"Warum ist Cocoon f\u00fcr den Einsatz zu Hause geeignet?","acceptedAnswer":{"@type":"Answer","text":"Cocoon eignet sich besonders f\u00fcr Wohnr\u00e4ume, da der Duft Ruhe und Geborgenheit schafft. Die Kombination aus Baumwolle, Moschus und Holz bringt Entspannung und Harmonie in jeden Raum und sorgt f\u00fcr eine warme, vertraute Atmosph\u00e4re."}},{"@type":"Question","name":"Ist Cocoon sicher und nachhaltig hergestellt?","acceptedAnswer":{"@type":"Answer","text":"Ja, Cocoon erf\u00fcllt alle IFRA-Richtlinien und ist vollst\u00e4ndig vegan. Die AllSens-D\u00fcfte werden in den Niederlanden mit Respekt f\u00fcr Mensch und Umwelt entwickelt."}},{"@type":"Question","name":"Wie lange bleibt Cocoon im Raum wahrnehmbar?","acceptedAnswer":{"@type":"Answer","text":"Der Duft bleibt sp\u00fcrbar, solange der Diffusor aktiv ist. Dank professioneller Kaltnebeltechnologie verteilt sich Cocoon gleichm\u00e4\u00dfig und konstant, sodass Ihr Zuhause stets sanft und angenehm duftet."}},{"@type":"Question","name":"Kann Cocoon mit anderen D\u00fcften kombiniert werden?","acceptedAnswer":{"@type":"Answer","text":"Ja, Cocoon l\u00e4sst sich wunderbar mit blumigen oder holzigen D\u00fcften kombinieren. Durch Variation der Intensit\u00e4t k\u00f6nnen unterschiedliche Stimmungen geschaffen werden \u2013 von entspannend bis elegant \u2013 bei gleichbleibender Harmonie."}},{"@type":"Question","name":"Welche Duftmaschine passt am besten zu Cocoon?","acceptedAnswer":{"@type":"Answer","text":"F\u00fcr Privathaushalte empfehlen wir kompakte Bluetooth-Diffusoren aus unserer Duftmaschinen-Kollektion. Sie verbreiten Cocoon gleichm\u00e4\u00dfig und dezent, sodass jeder Raum von einer konstanten, beruhigenden Duftnote erf\u00fcllt wird."}}],"inLanguage":"de","breadcrumb":{"@id":"https:\/\/zaluti.com\/de\/duefte\/cocoon\/#breadcrumblist"}},{"@type":"ItemPage","@id":"https:\/\/zaluti.com\/de\/duefte\/cocoon\/#itempage","url":"https:\/\/zaluti.com\/de\/duefte\/cocoon\/","name":"Cocoon \u2013 Raumbeduftung mit h\u00e4uslicher Ruhe | Zaluti","description":"Cocoon vereint Baumwolle, wei\u00dfe Moschusnoten und Sandelholz zu einer sanften, beruhigenden Raumbeduftung. Ideal f\u00fcr Privathaushalte und eine warme Atmosph\u00e4re.","inLanguage":"de-DE","isPartOf":{"@id":"https:\/\/zaluti.com\/de\/#website"},"breadcrumb":{"@id":"https:\/\/zaluti.com\/de\/duefte\/cocoon\/#breadcrumblist"},"image":{"@type":"ImageObject","url":"https:\/\/zaluti.com\/de\/wp-content\/uploads\/2023\/01\/Cocoon.jpg","@id":"https:\/\/zaluti.com\/de\/duefte\/cocoon\/#mainImage","width":2880,"height":1920},"primaryImageOfPage":{"@id":"https:\/\/zaluti.com\/de\/duefte\/cocoon\/#mainImage"},"datePublished":"2023-01-10T14:41:18+02:00","dateModified":"2025-12-16T14:58:02+02:00"},{"@type":"Organization","@id":"https:\/\/zaluti.com\/de\/#organization","name":"Zaluti","description":"Zaluti ist Ihr Experte f\u00fcr Duftmarketing und Raumbeduftung mit hochwertigen Duftmaschinen \u201emade in Holland\u201c. Herstellergarantie 7 Jahre.","url":"https:\/\/zaluti.com\/de\/","email":"welcome@zaluti.com","telephone":"+31762055239","foundingDate":"2015-01-01","logo":{"@type":"ImageObject","url":"https:\/\/zaluti.com\/de\/wp-content\/uploads\/2023\/09\/zalutilogo.png","@id":"https:\/\/zaluti.com\/de\/duefte\/cocoon\/#organizationLogo","width":46,"height":83,"caption":"Zalutilogo"},"image":{"@id":"https:\/\/zaluti.com\/de\/duefte\/cocoon\/#organizationLogo"},"sameAs":["https:\/\/www.facebook.com\/people\/Zalutide\/61552806365452\/","https:\/\/x.com\/Zaluti_de","https:\/\/www.instagram.com\/zaluti_de\/","https:\/\/nl.pinterest.com\/Zaluti_de\/","https:\/\/www.youtube.com\/@AllSensService","https:\/\/www.linkedin.com\/showcase\/zaluti-germany\/"],"address":{"@id":"https:\/\/zaluti.com\/de\/#postaladdress","@type":"PostalAddress","streetAddress":"Kapittelweg 12,","postalCode":"4827 HG","addressLocality":"Breda","addressCountry":"NL"}},{"@type":"WebSite","@id":"https:\/\/zaluti.com\/de\/#website","url":"https:\/\/zaluti.com\/de\/","name":"Zaluti B.V.","description":"Professionals in scent marketing","inLanguage":"de-DE","publisher":{"@id":"https:\/\/zaluti.com\/de\/#organization"}}]},"og:locale":"de_DE","og:site_name":"Zaluti B.V. | Professionals in scent marketing","og:type":"article","og:title":"Cocoon \u2013 Raumbeduftung mit h\u00e4uslicher Ruhe | Zaluti","og:description":"Cocoon vereint Baumwolle, wei\u00dfe Moschusnoten und Sandelholz zu einer sanften, beruhigenden Raumbeduftung. Ideal f\u00fcr Privathaushalte und eine warme Atmosph\u00e4re.","og:url":"https:\/\/zaluti.com\/de\/duefte\/cocoon\/","article:published_time":"2023-01-10T14:41:18+00:00","article:modified_time":"2025-12-16T12:58:02+00:00","article:publisher":"https:\/\/www.facebook.com\/people\/Zalutide\/61552806365452\/","twitter:card":"summary_large_image","twitter:site":"@Zaluti_de","twitter:title":"Cocoon \u2013 Raumbeduftung mit h\u00e4uslicher Ruhe | Zaluti","twitter:description":"Cocoon vereint Baumwolle, wei\u00dfe Moschusnoten und Sandelholz zu einer sanften, beruhigenden Raumbeduftung. Ideal f\u00fcr Privathaushalte und eine warme Atmosph\u00e4re."},"aioseo_meta_data":{"post_id":"241620","title":"Cocoon \u2013 Raumbeduftung mit h\u00e4uslicher Ruhe | Zaluti","description":"Cocoon vereint Baumwolle, wei\u00dfe Moschusnoten und Sandelholz zu einer sanften, beruhigenden Raumbeduftung. Ideal f\u00fcr Privathaushalte und eine warme Atmosph\u00e4re.","keywords":null,"keyphrases":{"focus":{"keyphrase":"Cocoon","score":70,"analysis":{"keyphraseInTitle":{"score":9,"maxScore":9,"error":0},"keyphraseInDescription":{"score":9,"maxScore":9,"error":0},"keyphraseLength":{"score":9,"maxScore":9,"error":0,"length":1},"keyphraseInURL":{"score":5,"maxScore":5,"error":0},"keyphraseInIntroduction":{"score":3,"maxScore":9,"error":1},"keyphraseInSubHeadings":[],"keyphraseInImageAlt":[],"keywordDensity":{"score":0,"type":"low","maxScore":9,"error":1}}},"additional":[]},"primary_term":null,"canonical_url":null,"og_title":null,"og_description":null,"og_object_type":"default","og_image_type":"default","og_image_url":null,"og_image_width":null,"og_image_height":null,"og_image_custom_url":null,"og_image_custom_fields":null,"og_video":"","og_custom_url":null,"og_article_section":null,"og_article_tags":null,"twitter_use_og":false,"twitter_card":"default","twitter_image_type":"default","twitter_image_url":null,"twitter_image_custom_url":null,"twitter_image_custom_fields":null,"twitter_title":null,"twitter_description":null,"schema":{"blockGraphs":[],"customGraphs":[],"default":{"data":{"Article":[],"Course":[],"Dataset":[],"FAQPage":[],"Movie":[],"Person":[],"Product":[],"ProductReview":[],"Car":[],"Recipe":[],"Service":[],"SoftwareApplication":[],"WebPage":[]},"graphName":"ItemPage","isEnabled":true},"graphs":[{"id":"#aioseo-faq-page-mi3957l5","slug":"faq-page","graphName":"FAQPage","label":"FAQ","properties":{"name":"Cocoon \u2013 Raumbeduftung mit h\u00e4uslicher Ruhe | Zaluti","description":"Cocoon vereint Baumwolle, wei\u00dfe Moschusnoten und Sandelholz zu einer sanften, beruhigenden Raumbeduftung. Ideal f\u00fcr Privathaushalte und eine warme Atmosph\u00e4re.","questions":[{"question":"Warum ist Cocoon f\u00fcr den Einsatz zu Hause geeignet?","answer":"Cocoon eignet sich besonders f\u00fcr Wohnr\u00e4ume, da der Duft Ruhe und Geborgenheit schafft. Die Kombination aus Baumwolle, Moschus und Holz bringt Entspannung und Harmonie in jeden Raum und sorgt f\u00fcr eine warme, vertraute Atmosph\u00e4re."},{"question":"Ist Cocoon sicher und nachhaltig hergestellt?","answer":"Ja, Cocoon erf\u00fcllt alle IFRA-Richtlinien und ist vollst\u00e4ndig vegan. Die AllSens-D\u00fcfte werden in den Niederlanden mit Respekt f\u00fcr Mensch und Umwelt entwickelt."},{"question":"Wie lange bleibt Cocoon im Raum wahrnehmbar?","answer":"Der Duft bleibt sp\u00fcrbar, solange der Diffusor aktiv ist. Dank professioneller Kaltnebeltechnologie verteilt sich Cocoon gleichm\u00e4\u00dfig und konstant, sodass Ihr Zuhause stets sanft und angenehm duftet."},{"question":"Kann Cocoon mit anderen D\u00fcften kombiniert werden?","answer":"Ja, Cocoon l\u00e4sst sich wunderbar mit blumigen oder holzigen D\u00fcften kombinieren. Durch Variation der Intensit\u00e4t k\u00f6nnen unterschiedliche Stimmungen geschaffen werden \u2013 von entspannend bis elegant \u2013 bei gleichbleibender Harmonie."},{"question":"Welche Duftmaschine passt am besten zu Cocoon?","answer":"F\u00fcr Privathaushalte empfehlen wir kompakte Bluetooth-Diffusoren aus unserer Duftmaschinen-Kollektion. Sie verbreiten Cocoon gleichm\u00e4\u00dfig und dezent, sodass jeder Raum von einer konstanten, beruhigenden Duftnote erf\u00fcllt wird."}]},"value":"faq-page"}]},"schema_type":"default","schema_type_options":null,"pillar_content":false,"robots_default":true,"robots_noindex":false,"robots_noarchive":false,"robots_nosnippet":false,"robots_nofollow":false,"robots_noimageindex":false,"robots_noodp":false,"robots_notranslate":false,"robots_max_snippet":"-1","robots_max_videopreview":"-1","robots_max_imagepreview":"large","priority":null,"frequency":"default","local_seo":null,"seo_analyzer_scan_date":"2025-12-16 13:02:29","breadcrumb_settings":null,"limit_modified_date":false,"reviewed_by":"0","open_ai":"{\"title\":{\"suggestions\":[],\"usage\":0},\"description\":{\"suggestions\":[],\"usage\":0}}","ai":{"faqs":[],"keyPoints":[],"titles":[],"descriptions":[],"socialPosts":{"email":[],"linkedin":[],"twitter":[],"facebook":[],"instagram":[]}},"created":"2023-01-10 14:54:45","updated":"2026-05-15 21:10:34"},"_links":{"self":[{"href":"https:\/\/zaluti.com\/de\/wp-json\/wp\/v2\/product\/241620","targetHints":{"allow":["GET"]}}],"collection":[{"href":"https:\/\/zaluti.com\/de\/wp-json\/wp\/v2\/product"}],"about":[{"href":"https:\/\/zaluti.com\/de\/wp-json\/wp\/v2\/types\/product"}],"replies":[{"embeddable":true,"href":"https:\/\/zaluti.com\/de\/wp-json\/wp\/v2\/comments?post=241620"}],"wp:featuredmedia":[{"embeddable":true,"href":"https:\/\/zaluti.com\/de\/wp-json\/wp\/v2\/media\/242649"}],"wp:attachment":[{"href":"https:\/\/zaluti.com\/de\/wp-json\/wp\/v2\/media?parent=241620"}],"wp:term":[{"taxonomy":"product_brand","embeddable":true,"href":"https:\/\/zaluti.com\/de\/wp-json\/wp\/v2\/product_brand?post=241620"},{"taxonomy":"product_cat","embeddable":true,"href":"https:\/\/zaluti.com\/de\/wp-json\/wp\/v2\/product_cat?post=241620"},{"taxonomy":"product_tag","embeddable":true,"href":"https:\/\/zaluti.com\/de\/wp-json\/wp\/v2\/product_tag?post=241620"}],"curies":[{"name":"wp","href":"https:\/\/api.w.org\/{rel}","templated":true}]}}