{"id":241606,"date":"2023-01-10T14:41:10","date_gmt":"2023-01-10T14:41:10","guid":{"rendered":"https:\/\/testallsens.nl\/?post_type=product&#038;p=241606"},"modified":"2025-12-16T12:17:45","modified_gmt":"2025-12-16T10:17:45","slug":"baked-bread-duft-zaluti","status":"publish","type":"product","link":"https:\/\/zaluti.com\/de\/duefte\/baked-bread\/","title":{"rendered":"Baked Bread"},"content":{"rendered":"<p>H\u00fcllen Sie sich in den himmlischen und unwiderstehlichen Duft von frisch gebackenem Brot.<\/p>\n","protected":false},"excerpt":{"rendered":"<p>MILD TO STRONG<\/p>\n","protected":false},"featured_media":242643,"comment_status":"closed","ping_status":"closed","template":"","meta":{"_acf_changed":false,"_et_pb_use_builder":"off","_et_pb_old_content":"H\u00fcllen Sie sich in den himmlischen und unwiderstehlichen Duft von frisch gebackenem Brot.","_et_gb_content_width":"","inline_featured_image":false},"product_brand":[],"product_cat":[25],"product_tag":[],"class_list":{"0":"post-241606","1":"product","2":"type-product","3":"status-publish","4":"has-post-thumbnail","6":"product_cat-food","8":"first","9":"instock","10":"shipping-taxable","11":"product-type-simple"},"acf":[],"aioseo_notices":[],"aioseo_head":"\n\t\t<!-- All in One SEO Pro 4.9.5.2 - aioseo.com -->\n\t<meta name=\"description\" content=\"Baked Bread aus der Grasse Collection von Zaluti. Der Duft von frisch gebackenem Brot, der B\u00e4ckereien mit W\u00e4rme, Wiedererkennung und handwerklicher Atmosph\u00e4re erf\u00fcllt.\" \/>\n\t<meta name=\"robots\" content=\"max-image-preview:large\" \/>\n\t<link rel=\"canonical\" href=\"https:\/\/zaluti.com\/de\/duefte\/baked-bread\/\" \/>\n\t<meta name=\"generator\" content=\"All in One SEO Pro (AIOSEO) 4.9.5.2\" \/>\n\t\t<meta property=\"og:locale\" content=\"de_DE\" \/>\n\t\t<meta property=\"og:site_name\" content=\"Zaluti B.V. | Professionals in scent marketing\" \/>\n\t\t<meta property=\"og:type\" content=\"article\" \/>\n\t\t<meta property=\"og:title\" content=\"Baked Bread \u2013 Raumbeduftung mit W\u00e4rme und Geborgenheit | Zaluti\" \/>\n\t\t<meta property=\"og:description\" content=\"Baked Bread aus der Grasse Collection von Zaluti. Der Duft von frisch gebackenem Brot, der B\u00e4ckereien mit W\u00e4rme, Wiedererkennung und handwerklicher Atmosph\u00e4re erf\u00fcllt.\" \/>\n\t\t<meta property=\"og:url\" content=\"https:\/\/zaluti.com\/de\/duefte\/baked-bread\/\" \/>\n\t\t<meta property=\"article:published_time\" content=\"2023-01-10T14:41:10+00:00\" \/>\n\t\t<meta property=\"article:modified_time\" content=\"2025-12-16T10:17:45+00:00\" \/>\n\t\t<meta property=\"article:publisher\" content=\"https:\/\/www.facebook.com\/people\/Zalutide\/61552806365452\/\" \/>\n\t\t<meta name=\"twitter:card\" content=\"summary_large_image\" \/>\n\t\t<meta name=\"twitter:site\" content=\"@Zaluti_de\" \/>\n\t\t<meta name=\"twitter:title\" content=\"Baked Bread \u2013 Raumbeduftung mit W\u00e4rme und Geborgenheit | Zaluti\" \/>\n\t\t<meta name=\"twitter:description\" content=\"Baked Bread aus der Grasse Collection von Zaluti. Der Duft von frisch gebackenem Brot, der B\u00e4ckereien mit W\u00e4rme, Wiedererkennung und handwerklicher Atmosph\u00e4re erf\u00fcllt.\" \/>\n\t\t<script type=\"application\/ld+json\" class=\"aioseo-schema\">\n\t\t\t{\"@context\":\"https:\\\/\\\/schema.org\",\"@graph\":[{\"@type\":\"BreadcrumbList\",\"@id\":\"https:\\\/\\\/zaluti.com\\\/de\\\/duefte\\\/baked-bread\\\/#breadcrumblist\",\"itemListElement\":[{\"@type\":\"ListItem\",\"@id\":\"https:\\\/\\\/zaluti.com\\\/de\\\/duefte\\\/alle-duefte\\\/#listItem\",\"position\":1,\"name\":\"Geuren\",\"item\":\"https:\\\/\\\/zaluti.com\\\/de\\\/duefte\\\/alle-duefte\\\/\",\"nextItem\":{\"@type\":\"ListItem\",\"@id\":\"https:\\\/\\\/zaluti.com\\\/de\\\/product-categorie\\\/food\\\/#listItem\",\"name\":\"Food\"}},{\"@type\":\"ListItem\",\"@id\":\"https:\\\/\\\/zaluti.com\\\/de\\\/product-categorie\\\/food\\\/#listItem\",\"position\":2,\"name\":\"Food\",\"item\":\"https:\\\/\\\/zaluti.com\\\/de\\\/product-categorie\\\/food\\\/\",\"nextItem\":{\"@type\":\"ListItem\",\"@id\":\"https:\\\/\\\/zaluti.com\\\/de\\\/duefte\\\/baked-bread\\\/#listItem\",\"name\":\"Baked Bread\"},\"previousItem\":{\"@type\":\"ListItem\",\"@id\":\"https:\\\/\\\/zaluti.com\\\/de\\\/duefte\\\/alle-duefte\\\/#listItem\",\"name\":\"Geuren\"}},{\"@type\":\"ListItem\",\"@id\":\"https:\\\/\\\/zaluti.com\\\/de\\\/duefte\\\/baked-bread\\\/#listItem\",\"position\":3,\"name\":\"Baked Bread\",\"previousItem\":{\"@type\":\"ListItem\",\"@id\":\"https:\\\/\\\/zaluti.com\\\/de\\\/product-categorie\\\/food\\\/#listItem\",\"name\":\"Food\"}}]},{\"@type\":\"FAQPage\",\"@id\":\"https:\\\/\\\/zaluti.com\\\/de\\\/duefte\\\/baked-bread\\\/#aioseo-faq-page-mid9oq0v\",\"name\":\"Baked Bread \\u2013 Raumbeduftung mit W\\u00e4rme und Geborgenheit | Zaluti\",\"description\":\"Baked Bread aus der Grasse Collection von Zaluti. Der Duft von frisch gebackenem Brot, der B\\u00e4ckereien mit W\\u00e4rme, Wiedererkennung und handwerklicher Atmosph\\u00e4re erf\\u00fcllt.\",\"url\":\"https:\\\/\\\/zaluti.com\\\/de\\\/duefte\\\/baked-bread\\\/\",\"mainEntity\":[{\"@type\":\"Question\",\"name\":\"Wof\\u00fcr eignet sich Baked Bread am besten?\",\"acceptedAnswer\":{\"@type\":\"Answer\",\"text\":\"Baked Bread ist ideal f\\u00fcr B\\u00e4ckereien und Feinkostgesch\\u00e4fte, da der Duft von frischem Brot W\\u00e4rme, Wiedererkennung und Appetit f\\u00f6rdert.\"}},{\"@type\":\"Question\",\"name\":\"Ist der Duft f\\u00fcr den t\\u00e4glichen Gebrauch sicher?\",\"acceptedAnswer\":{\"@type\":\"Answer\",\"text\":\"Ja \\u2013 alle Zaluti-D\\u00fcfte erf\\u00fcllen die IFRA-Richtlinien und sind f\\u00fcr den professionellen Einsatz in Retail und Gastronomie getestet.\"}},{\"@type\":\"Question\",\"name\":\"Wie lange bleibt der Duft wahrnehmbar?\",\"acceptedAnswer\":{\"@type\":\"Answer\",\"text\":\"Mit professionellen Duftmaschinen bleibt Baked Bread wochenlang gleichm\\u00e4\\u00dfig pr\\u00e4sent. Die Intensit\\u00e4t kann an Gr\\u00f6\\u00dfe und Nutzung des Raumes angepasst werden.\"}},{\"@type\":\"Question\",\"name\":\"Kann Baked Bread mit anderen D\\u00fcften kombiniert werden?\",\"acceptedAnswer\":{\"@type\":\"Answer\",\"text\":\"Ja \\u2013 er harmoniert gut mit leichten Holz- oder Bl\\u00fctend\\u00fcften f\\u00fcr saisonale Abwechslung oder eine noch differenziertere Duftkomposition.\"}},{\"@type\":\"Question\",\"name\":\"Welche Duftmaschine passt am besten zu Baked Bread?\",\"acceptedAnswer\":{\"@type\":\"Answer\",\"text\":\"F\\u00fcr B\\u00e4ckereien und Feinkostgesch\\u00e4fte sind die Zaluti Club oder ModulAir ideal. Sie verteilen den Duft gleichm\\u00e4\\u00dfig, leise und kontrolliert \\u2013 f\\u00fcr eine warme und einladende Atmosph\\u00e4re.\"}}],\"inLanguage\":\"de\",\"breadcrumb\":{\"@id\":\"https:\\\/\\\/zaluti.com\\\/de\\\/duefte\\\/baked-bread\\\/#breadcrumblist\"}},{\"@type\":\"ItemPage\",\"@id\":\"https:\\\/\\\/zaluti.com\\\/de\\\/duefte\\\/baked-bread\\\/#itempage\",\"url\":\"https:\\\/\\\/zaluti.com\\\/de\\\/duefte\\\/baked-bread\\\/\",\"name\":\"Baked Bread \\u2013 Raumbeduftung mit W\\u00e4rme und Geborgenheit | Zaluti\",\"description\":\"Baked Bread aus der Grasse Collection von Zaluti. Der Duft von frisch gebackenem Brot, der B\\u00e4ckereien mit W\\u00e4rme, Wiedererkennung und handwerklicher Atmosph\\u00e4re erf\\u00fcllt.\",\"inLanguage\":\"de-DE\",\"isPartOf\":{\"@id\":\"https:\\\/\\\/zaluti.com\\\/de\\\/#website\"},\"breadcrumb\":{\"@id\":\"https:\\\/\\\/zaluti.com\\\/de\\\/duefte\\\/baked-bread\\\/#breadcrumblist\"},\"image\":{\"@type\":\"ImageObject\",\"url\":\"https:\\\/\\\/zaluti.com\\\/de\\\/wp-content\\\/uploads\\\/2023\\\/01\\\/Baked-Bread-e1675878840570.jpg\",\"@id\":\"https:\\\/\\\/zaluti.com\\\/de\\\/duefte\\\/baked-bread\\\/#mainImage\",\"width\":2880,\"height\":2945},\"primaryImageOfPage\":{\"@id\":\"https:\\\/\\\/zaluti.com\\\/de\\\/duefte\\\/baked-bread\\\/#mainImage\"},\"datePublished\":\"2023-01-10T14:41:10+02:00\",\"dateModified\":\"2025-12-16T12:17:45+02:00\"},{\"@type\":\"Organization\",\"@id\":\"https:\\\/\\\/zaluti.com\\\/de\\\/#organization\",\"name\":\"Zaluti\",\"description\":\"Zaluti ist Ihr Experte f\\u00fcr Duftmarketing und Raumbeduftung mit hochwertigen Duftmaschinen \\u201emade in Holland\\u201c. Herstellergarantie 7 Jahre.\",\"url\":\"https:\\\/\\\/zaluti.com\\\/de\\\/\",\"email\":\"welcome@zaluti.com\",\"telephone\":\"+31762055239\",\"foundingDate\":\"2015-01-01\",\"logo\":{\"@type\":\"ImageObject\",\"url\":\"https:\\\/\\\/zaluti.com\\\/de\\\/wp-content\\\/uploads\\\/2023\\\/09\\\/zalutilogo.png\",\"@id\":\"https:\\\/\\\/zaluti.com\\\/de\\\/duefte\\\/baked-bread\\\/#organizationLogo\",\"width\":46,\"height\":83,\"caption\":\"Zalutilogo\"},\"image\":{\"@id\":\"https:\\\/\\\/zaluti.com\\\/de\\\/duefte\\\/baked-bread\\\/#organizationLogo\"},\"sameAs\":[\"https:\\\/\\\/www.facebook.com\\\/people\\\/Zalutide\\\/61552806365452\\\/\",\"https:\\\/\\\/x.com\\\/Zaluti_de\",\"https:\\\/\\\/www.instagram.com\\\/zaluti_de\\\/\",\"https:\\\/\\\/nl.pinterest.com\\\/Zaluti_de\\\/\",\"https:\\\/\\\/www.youtube.com\\\/@AllSensService\",\"https:\\\/\\\/www.linkedin.com\\\/showcase\\\/zaluti-germany\\\/\"],\"address\":{\"@id\":\"https:\\\/\\\/zaluti.com\\\/de\\\/#postaladdress\",\"@type\":\"PostalAddress\",\"streetAddress\":\"Kapittelweg 12,\",\"postalCode\":\"4827 HG\",\"addressLocality\":\"Breda\",\"addressCountry\":\"NL\"}},{\"@type\":\"WebSite\",\"@id\":\"https:\\\/\\\/zaluti.com\\\/de\\\/#website\",\"url\":\"https:\\\/\\\/zaluti.com\\\/de\\\/\",\"name\":\"Zaluti B.V.\",\"description\":\"Professionals in scent marketing\",\"inLanguage\":\"de-DE\",\"publisher\":{\"@id\":\"https:\\\/\\\/zaluti.com\\\/de\\\/#organization\"}}]}\n\t\t<\/script>\n\t\t<!-- All in One SEO Pro -->\r\n\t\t<title>Baked Bread \u2013 Raumbeduftung mit W\u00e4rme und Geborgenheit | Zaluti<\/title>\n\n","aioseo_head_json":{"title":"Baked Bread \u2013 Raumbeduftung mit W\u00e4rme und Geborgenheit | Zaluti","description":"Baked Bread aus der Grasse Collection von Zaluti. Der Duft von frisch gebackenem Brot, der B\u00e4ckereien mit W\u00e4rme, Wiedererkennung und handwerklicher Atmosph\u00e4re erf\u00fcllt.","canonical_url":"https:\/\/zaluti.com\/de\/duefte\/baked-bread\/","robots":"max-image-preview:large","keywords":"","webmasterTools":{"miscellaneous":""},"schema":{"@context":"https:\/\/schema.org","@graph":[{"@type":"BreadcrumbList","@id":"https:\/\/zaluti.com\/de\/duefte\/baked-bread\/#breadcrumblist","itemListElement":[{"@type":"ListItem","@id":"https:\/\/zaluti.com\/de\/duefte\/alle-duefte\/#listItem","position":1,"name":"Geuren","item":"https:\/\/zaluti.com\/de\/duefte\/alle-duefte\/","nextItem":{"@type":"ListItem","@id":"https:\/\/zaluti.com\/de\/product-categorie\/food\/#listItem","name":"Food"}},{"@type":"ListItem","@id":"https:\/\/zaluti.com\/de\/product-categorie\/food\/#listItem","position":2,"name":"Food","item":"https:\/\/zaluti.com\/de\/product-categorie\/food\/","nextItem":{"@type":"ListItem","@id":"https:\/\/zaluti.com\/de\/duefte\/baked-bread\/#listItem","name":"Baked Bread"},"previousItem":{"@type":"ListItem","@id":"https:\/\/zaluti.com\/de\/duefte\/alle-duefte\/#listItem","name":"Geuren"}},{"@type":"ListItem","@id":"https:\/\/zaluti.com\/de\/duefte\/baked-bread\/#listItem","position":3,"name":"Baked Bread","previousItem":{"@type":"ListItem","@id":"https:\/\/zaluti.com\/de\/product-categorie\/food\/#listItem","name":"Food"}}]},{"@type":"FAQPage","@id":"https:\/\/zaluti.com\/de\/duefte\/baked-bread\/#aioseo-faq-page-mid9oq0v","name":"Baked Bread \u2013 Raumbeduftung mit W\u00e4rme und Geborgenheit | Zaluti","description":"Baked Bread aus der Grasse Collection von Zaluti. Der Duft von frisch gebackenem Brot, der B\u00e4ckereien mit W\u00e4rme, Wiedererkennung und handwerklicher Atmosph\u00e4re erf\u00fcllt.","url":"https:\/\/zaluti.com\/de\/duefte\/baked-bread\/","mainEntity":[{"@type":"Question","name":"Wof\u00fcr eignet sich Baked Bread am besten?","acceptedAnswer":{"@type":"Answer","text":"Baked Bread ist ideal f\u00fcr B\u00e4ckereien und Feinkostgesch\u00e4fte, da der Duft von frischem Brot W\u00e4rme, Wiedererkennung und Appetit f\u00f6rdert."}},{"@type":"Question","name":"Ist der Duft f\u00fcr den t\u00e4glichen Gebrauch sicher?","acceptedAnswer":{"@type":"Answer","text":"Ja \u2013 alle Zaluti-D\u00fcfte erf\u00fcllen die IFRA-Richtlinien und sind f\u00fcr den professionellen Einsatz in Retail und Gastronomie getestet."}},{"@type":"Question","name":"Wie lange bleibt der Duft wahrnehmbar?","acceptedAnswer":{"@type":"Answer","text":"Mit professionellen Duftmaschinen bleibt Baked Bread wochenlang gleichm\u00e4\u00dfig pr\u00e4sent. Die Intensit\u00e4t kann an Gr\u00f6\u00dfe und Nutzung des Raumes angepasst werden."}},{"@type":"Question","name":"Kann Baked Bread mit anderen D\u00fcften kombiniert werden?","acceptedAnswer":{"@type":"Answer","text":"Ja \u2013 er harmoniert gut mit leichten Holz- oder Bl\u00fctend\u00fcften f\u00fcr saisonale Abwechslung oder eine noch differenziertere Duftkomposition."}},{"@type":"Question","name":"Welche Duftmaschine passt am besten zu Baked Bread?","acceptedAnswer":{"@type":"Answer","text":"F\u00fcr B\u00e4ckereien und Feinkostgesch\u00e4fte sind die Zaluti Club oder ModulAir ideal. Sie verteilen den Duft gleichm\u00e4\u00dfig, leise und kontrolliert \u2013 f\u00fcr eine warme und einladende Atmosph\u00e4re."}},{"@type":"Question","name":"Wof\u00fcr eignet sich Baked Bread am besten?","acceptedAnswer":{"@type":"Answer","text":"Baked Bread ist ideal f\u00fcr B\u00e4ckereien und Feinkostgesch\u00e4fte, da der Duft von frischem Brot W\u00e4rme, Wiedererkennung und Appetit f\u00f6rdert."}},{"@type":"Question","name":"Ist der Duft f\u00fcr den t\u00e4glichen Gebrauch sicher?","acceptedAnswer":{"@type":"Answer","text":"Ja \u2013 alle Zaluti-D\u00fcfte erf\u00fcllen die IFRA-Richtlinien und sind f\u00fcr den professionellen Einsatz in Retail und Gastronomie getestet."}},{"@type":"Question","name":"Wie lange bleibt der Duft wahrnehmbar?","acceptedAnswer":{"@type":"Answer","text":"Mit professionellen Duftmaschinen bleibt Baked Bread wochenlang gleichm\u00e4\u00dfig pr\u00e4sent. Die Intensit\u00e4t kann an Gr\u00f6\u00dfe und Nutzung des Raumes angepasst werden."}},{"@type":"Question","name":"Kann Baked Bread mit anderen D\u00fcften kombiniert werden?","acceptedAnswer":{"@type":"Answer","text":"Ja \u2013 er harmoniert gut mit leichten Holz- oder Bl\u00fctend\u00fcften f\u00fcr saisonale Abwechslung oder eine noch differenziertere Duftkomposition."}},{"@type":"Question","name":"Welche Duftmaschine passt am besten zu Baked Bread?","acceptedAnswer":{"@type":"Answer","text":"F\u00fcr B\u00e4ckereien und Feinkostgesch\u00e4fte sind die Zaluti Club oder ModulAir ideal. Sie verteilen den Duft gleichm\u00e4\u00dfig, leise und kontrolliert \u2013 f\u00fcr eine warme und einladende Atmosph\u00e4re."}}],"inLanguage":"de","breadcrumb":{"@id":"https:\/\/zaluti.com\/de\/duefte\/baked-bread\/#breadcrumblist"}},{"@type":"ItemPage","@id":"https:\/\/zaluti.com\/de\/duefte\/baked-bread\/#itempage","url":"https:\/\/zaluti.com\/de\/duefte\/baked-bread\/","name":"Baked Bread \u2013 Raumbeduftung mit W\u00e4rme und Geborgenheit | Zaluti","description":"Baked Bread aus der Grasse Collection von Zaluti. Der Duft von frisch gebackenem Brot, der B\u00e4ckereien mit W\u00e4rme, Wiedererkennung und handwerklicher Atmosph\u00e4re erf\u00fcllt.","inLanguage":"de-DE","isPartOf":{"@id":"https:\/\/zaluti.com\/de\/#website"},"breadcrumb":{"@id":"https:\/\/zaluti.com\/de\/duefte\/baked-bread\/#breadcrumblist"},"image":{"@type":"ImageObject","url":"https:\/\/zaluti.com\/de\/wp-content\/uploads\/2023\/01\/Baked-Bread-e1675878840570.jpg","@id":"https:\/\/zaluti.com\/de\/duefte\/baked-bread\/#mainImage","width":2880,"height":2945},"primaryImageOfPage":{"@id":"https:\/\/zaluti.com\/de\/duefte\/baked-bread\/#mainImage"},"datePublished":"2023-01-10T14:41:10+02:00","dateModified":"2025-12-16T12:17:45+02:00"},{"@type":"Organization","@id":"https:\/\/zaluti.com\/de\/#organization","name":"Zaluti","description":"Zaluti ist Ihr Experte f\u00fcr Duftmarketing und Raumbeduftung mit hochwertigen Duftmaschinen \u201emade in Holland\u201c. Herstellergarantie 7 Jahre.","url":"https:\/\/zaluti.com\/de\/","email":"welcome@zaluti.com","telephone":"+31762055239","foundingDate":"2015-01-01","logo":{"@type":"ImageObject","url":"https:\/\/zaluti.com\/de\/wp-content\/uploads\/2023\/09\/zalutilogo.png","@id":"https:\/\/zaluti.com\/de\/duefte\/baked-bread\/#organizationLogo","width":46,"height":83,"caption":"Zalutilogo"},"image":{"@id":"https:\/\/zaluti.com\/de\/duefte\/baked-bread\/#organizationLogo"},"sameAs":["https:\/\/www.facebook.com\/people\/Zalutide\/61552806365452\/","https:\/\/x.com\/Zaluti_de","https:\/\/www.instagram.com\/zaluti_de\/","https:\/\/nl.pinterest.com\/Zaluti_de\/","https:\/\/www.youtube.com\/@AllSensService","https:\/\/www.linkedin.com\/showcase\/zaluti-germany\/"],"address":{"@id":"https:\/\/zaluti.com\/de\/#postaladdress","@type":"PostalAddress","streetAddress":"Kapittelweg 12,","postalCode":"4827 HG","addressLocality":"Breda","addressCountry":"NL"}},{"@type":"WebSite","@id":"https:\/\/zaluti.com\/de\/#website","url":"https:\/\/zaluti.com\/de\/","name":"Zaluti B.V.","description":"Professionals in scent marketing","inLanguage":"de-DE","publisher":{"@id":"https:\/\/zaluti.com\/de\/#organization"}}]},"og:locale":"de_DE","og:site_name":"Zaluti B.V. | Professionals in scent marketing","og:type":"article","og:title":"Baked Bread \u2013 Raumbeduftung mit W\u00e4rme und Geborgenheit | Zaluti","og:description":"Baked Bread aus der Grasse Collection von Zaluti. Der Duft von frisch gebackenem Brot, der B\u00e4ckereien mit W\u00e4rme, Wiedererkennung und handwerklicher Atmosph\u00e4re erf\u00fcllt.","og:url":"https:\/\/zaluti.com\/de\/duefte\/baked-bread\/","article:published_time":"2023-01-10T14:41:10+00:00","article:modified_time":"2025-12-16T10:17:45+00:00","article:publisher":"https:\/\/www.facebook.com\/people\/Zalutide\/61552806365452\/","twitter:card":"summary_large_image","twitter:site":"@Zaluti_de","twitter:title":"Baked Bread \u2013 Raumbeduftung mit W\u00e4rme und Geborgenheit | Zaluti","twitter:description":"Baked Bread aus der Grasse Collection von Zaluti. Der Duft von frisch gebackenem Brot, der B\u00e4ckereien mit W\u00e4rme, Wiedererkennung und handwerklicher Atmosph\u00e4re erf\u00fcllt."},"aioseo_meta_data":{"post_id":"241606","title":"Baked Bread \u2013 Raumbeduftung mit W\u00e4rme und Geborgenheit | Zaluti","description":"Baked Bread aus der Grasse Collection von Zaluti. Der Duft von frisch gebackenem Brot, der B\u00e4ckereien mit W\u00e4rme, Wiedererkennung und handwerklicher Atmosph\u00e4re erf\u00fcllt.","keywords":null,"keyphrases":{"focus":{"keyphrase":"Baked Bread","score":70,"analysis":{"keyphraseInTitle":{"score":9,"maxScore":9,"error":0},"keyphraseInDescription":{"score":9,"maxScore":9,"error":0},"keyphraseLength":{"score":9,"maxScore":9,"error":0,"length":2},"keyphraseInURL":{"score":5,"maxScore":5,"error":0},"keyphraseInIntroduction":{"score":3,"maxScore":9,"error":1},"keyphraseInSubHeadings":[],"keyphraseInImageAlt":[],"keywordDensity":{"score":0,"type":"low","maxScore":9,"error":1}}},"additional":[]},"primary_term":null,"canonical_url":null,"og_title":null,"og_description":null,"og_object_type":"default","og_image_type":"default","og_image_url":null,"og_image_width":null,"og_image_height":null,"og_image_custom_url":null,"og_image_custom_fields":null,"og_video":"","og_custom_url":null,"og_article_section":null,"og_article_tags":null,"twitter_use_og":false,"twitter_card":"default","twitter_image_type":"default","twitter_image_url":null,"twitter_image_custom_url":null,"twitter_image_custom_fields":null,"twitter_title":null,"twitter_description":null,"schema":{"blockGraphs":[],"customGraphs":[],"default":{"data":{"Article":[],"Course":[],"Dataset":[],"FAQPage":[],"Movie":[],"Person":[],"Product":[],"ProductReview":[],"Car":[],"Recipe":[],"Service":[],"SoftwareApplication":[],"WebPage":[]},"graphName":"ItemPage","isEnabled":true},"graphs":[{"id":"#aioseo-faq-page-mid9oq0v","slug":"faq-page","graphName":"FAQPage","label":"FAQ","properties":{"name":"Baked Bread \u2013 Raumbeduftung mit W\u00e4rme und Geborgenheit | Zaluti","description":"Baked Bread aus der Grasse Collection von Zaluti. Der Duft von frisch gebackenem Brot, der B\u00e4ckereien mit W\u00e4rme, Wiedererkennung und handwerklicher Atmosph\u00e4re erf\u00fcllt.","questions":[{"question":"Wof\u00fcr eignet sich Baked Bread am besten?","answer":"Baked Bread ist ideal f\u00fcr B\u00e4ckereien und Feinkostgesch\u00e4fte, da der Duft von frischem Brot W\u00e4rme, Wiedererkennung und Appetit f\u00f6rdert."},{"question":"Ist der Duft f\u00fcr den t\u00e4glichen Gebrauch sicher?","answer":"Ja \u2013 alle Zaluti-D\u00fcfte erf\u00fcllen die IFRA-Richtlinien und sind f\u00fcr den professionellen Einsatz in Retail und Gastronomie getestet."},{"question":"Wie lange bleibt der Duft wahrnehmbar?","answer":"Mit professionellen Duftmaschinen bleibt Baked Bread wochenlang gleichm\u00e4\u00dfig pr\u00e4sent. Die Intensit\u00e4t kann an Gr\u00f6\u00dfe und Nutzung des Raumes angepasst werden."},{"question":"Kann Baked Bread mit anderen D\u00fcften kombiniert werden?","answer":"Ja \u2013 er harmoniert gut mit leichten Holz- oder Bl\u00fctend\u00fcften f\u00fcr saisonale Abwechslung oder eine noch differenziertere Duftkomposition."},{"question":"Welche Duftmaschine passt am besten zu Baked Bread?","answer":"F\u00fcr B\u00e4ckereien und Feinkostgesch\u00e4fte sind die Zaluti Club oder ModulAir ideal. Sie verteilen den Duft gleichm\u00e4\u00dfig, leise und kontrolliert \u2013 f\u00fcr eine warme und einladende Atmosph\u00e4re."}]},"value":"faq-page"}]},"schema_type":"default","schema_type_options":null,"pillar_content":false,"robots_default":true,"robots_noindex":false,"robots_noarchive":false,"robots_nosnippet":false,"robots_nofollow":false,"robots_noimageindex":false,"robots_noodp":false,"robots_notranslate":false,"robots_max_snippet":"-1","robots_max_videopreview":"-1","robots_max_imagepreview":"large","priority":null,"frequency":"default","local_seo":null,"seo_analyzer_scan_date":"2025-12-16 10:24:27","breadcrumb_settings":null,"limit_modified_date":false,"reviewed_by":"0","open_ai":"{\"title\":{\"suggestions\":[],\"usage\":0},\"description\":{\"suggestions\":[],\"usage\":0}}","ai":{"faqs":[],"keyPoints":[],"titles":[],"descriptions":[],"socialPosts":{"email":[],"linkedin":[],"twitter":[],"facebook":[],"instagram":[]}},"created":"2023-01-10 14:52:45","updated":"2026-04-18 14:28:24"},"_links":{"self":[{"href":"https:\/\/zaluti.com\/de\/wp-json\/wp\/v2\/product\/241606","targetHints":{"allow":["GET"]}}],"collection":[{"href":"https:\/\/zaluti.com\/de\/wp-json\/wp\/v2\/product"}],"about":[{"href":"https:\/\/zaluti.com\/de\/wp-json\/wp\/v2\/types\/product"}],"replies":[{"embeddable":true,"href":"https:\/\/zaluti.com\/de\/wp-json\/wp\/v2\/comments?post=241606"}],"wp:featuredmedia":[{"embeddable":true,"href":"https:\/\/zaluti.com\/de\/wp-json\/wp\/v2\/media\/242643"}],"wp:attachment":[{"href":"https:\/\/zaluti.com\/de\/wp-json\/wp\/v2\/media?parent=241606"}],"wp:term":[{"taxonomy":"product_brand","embeddable":true,"href":"https:\/\/zaluti.com\/de\/wp-json\/wp\/v2\/product_brand?post=241606"},{"taxonomy":"product_cat","embeddable":true,"href":"https:\/\/zaluti.com\/de\/wp-json\/wp\/v2\/product_cat?post=241606"},{"taxonomy":"product_tag","embeddable":true,"href":"https:\/\/zaluti.com\/de\/wp-json\/wp\/v2\/product_tag?post=241606"}],"curies":[{"name":"wp","href":"https:\/\/api.w.org\/{rel}","templated":true}]}}