{"id":23959616,"date":"2026-03-26T10:59:27","date_gmt":"2026-03-26T08:59:27","guid":{"rendered":"https:\/\/zaluti.com\/de\/?page_id=23959616"},"modified":"2026-03-26T13:27:44","modified_gmt":"2026-03-26T11:27:44","slug":"privacy-policy-app","status":"publish","type":"page","link":"https:\/\/zaluti.com\/de\/privacy-policy-app\/","title":{"rendered":"Datenschutz App"},"content":{"rendered":"<p>[et_pb_section fb_built=&#8220;1&#8243; admin_label=&#8220;SECTION&#8220; _builder_version=&#8220;4.27.4&#8243; background_color=&#8220;#141414&#8243; custom_padding=&#8220;80px|0px|80px|0px|true|false&#8220; locked=&#8220;off&#8220; global_colors_info=&#8220;{}&#8220;][et_pb_row module_id=&#8220;ONDER&#8220; _builder_version=&#8220;4.27.4&#8243; custom_margin=&#8220;38px|auto||auto|false|false&#8220; custom_margin_tablet=&#8220;10vh||||false|false&#8220; custom_margin_phone=&#8220;15vh||||false|false&#8220; custom_margin_last_edited=&#8220;on|phone&#8220; border_width_bottom=&#8220;1px&#8220; border_color_bottom=&#8220;#0a0a0a&#8220; locked=&#8220;off&#8220; global_colors_info=&#8220;{}&#8220;][et_pb_column type=&#8220;4_4&#8243; _builder_version=&#8220;4.16&#8243; custom_padding=&#8220;|||&#8220; pac_dcm_carousel_specific_module_num=&#8220;0&#8243; global_colors_info=&#8220;{}&#8220; custom_padding__hover=&#8220;|||&#8220;][et_pb_text _builder_version=&#8220;4.27.6&#8243; _module_preset=&#8220;default&#8220; text_font=&#8220;Inter||||||||&#8220; text_text_color=&#8220;#FFFFFF&#8220; text_font_size=&#8220;18px&#8220; link_text_color=&#8220;#fe5118&#8243; header_font=&#8220;Inter||||||||&#8220; header_text_color=&#8220;#FFFFFF&#8220; header_2_font=&#8220;Inter||||||||&#8220; header_2_text_color=&#8220;#FFFFFF&#8220; header_3_font=&#8220;Inter||||||||&#8220; header_3_text_color=&#8220;#FFFFFF&#8220; header_3_font_size=&#8220;26px&#8220; hover_enabled=&#8220;0&#8243; global_colors_info=&#8220;{}&#8220; header_line_height=&#8220;1.3em&#8220; header_2_font_size=&#8220;28px&#8220; header_2_line_height=&#8220;1.3em&#8220; header_3_line_height=&#8220;1.3em&#8220; header_4_font=&#8220;Inter||||||||&#8220; header_4_font_size=&#8220;24px&#8220; text_line_height=&#8220;1.8em&#8220; link_font_size=&#8220;18px&#8220; link_line_height=&#8220;1.8em&#8220; link_font=&#8220;Inter||||||||&#8220; ul_font=&#8220;Inter||||||||&#8220; ul_font_size=&#8220;18px&#8220; ul_line_height=&#8220;1.8em&#8220; sticky_enabled=&#8220;0&#8243;]<\/p>\n<h1><strong>Datenschutzerkl\u00e4rung f\u00fcr die Zaluti Smart Control App<\/strong><\/h1>\n<h2><strong>1. Einleitung und Verantwortlicher<\/strong><\/h2>\n<p>Wir freuen uns, dass Sie die Zaluti Smart Control App (nachfolgend \u201eApp\u201c) nutzen. Der Schutz Ihrer pers\u00f6nlichen Daten ist uns ein wichtiges Anliegen. Im Folgenden informieren wir Sie ausf\u00fchrlich dar\u00fcber, welche Daten bei der Nutzung unserer App erhoben und wie diese verarbeitet werden.<\/p>\n<p>Verantwortlicher f\u00fcr die Datenverarbeitung im Sinne der Datenschutz-Grundverordnung (DSGVO) ist:<\/p>\n<p><strong>Zaluti B.V.<\/strong><br \/>Kapittelweg 12<br \/>4827 HG Breda, Niederlande<br \/>Telefon: <a href=\"tel:+31762055239\">+31 (0) 76 20 55 239<\/a><br \/>E-Mail: <a href=\"mailto:welcome@zaluti.com\">welcome@zaluti.com<\/a><\/p>\n<h2><strong>2. Datenerfassung beim Download der App<\/strong><\/h2>\n<p>Beim Herunterladen der App aus dem jeweiligen App Store (Apple App Store oder Google Play Store) werden die daf\u00fcr erforderlichen Informationen an den Betreiber des App Stores \u00fcbertragen (z. B. Nutzername, E-Mail-Adresse, Kundennummer Ihres Accounts, Zeitpunkt des Downloads). Auf diese Datenerhebung haben wir keinen Einfluss und sind nicht daf\u00fcr verantwortlich. Wir verarbeiten diese Daten nur, soweit es f\u00fcr das Herunterladen der App auf Ihr Smartphone erforderlich ist.<\/p>\n<h2><strong>3. Datenverarbeitung bei der Nutzung der App<\/strong><\/h2>\n<p>Um Ihnen die Steuerung unserer Duftsysteme zu erm\u00f6glichen, erheben und verarbeiten wir folgende Daten:<\/p>\n<h3><strong>a) Benutzerkonto (Registrierung und Login)<\/strong><\/h3>\n<p>Um die App nutzen zu k\u00f6nnen, m\u00fcssen Sie ein Benutzerkonto anlegen. Dabei erheben wir personenbezogene Daten, die Sie uns freiwillig zur Verf\u00fcgung stellen:<\/p>\n<ul>\n<li>Vor- und Nachname<\/li>\n<li>E-Mail-Adresse<\/li>\n<li>Benutzername und Passwort<\/li>\n<\/ul>\n<p><strong>Zweck &amp; Rechtsgrundlage:<\/strong> Die Verarbeitung erfolgt zur Bereitstellung der App-Funktionen und zur Erf\u00fcllung unseres Nutzungsvertrages gem\u00e4\u00df <strong>Art. 6 Abs. 1 lit. b DSGVO.<\/strong><\/p>\n<h3><strong>b) Erforderliche Ger\u00e4teberechtigungen (Bluetooth)<\/strong><\/h3>\n<p>Unsere Duftsysteme zeichnen sich durch hohe Cybersicherheit aus. Sie verbinden sich nicht mit dem Internet oder sensiblen Firmennetzwerken (WLAN), sondern operieren lokal (off-grid). Um eine Verbindung zwischen Ihrem Smartphone und dem Zaluti-Duftsystem herzustellen, ben\u00f6tigt die App zwingend den Zugriff auf die <strong>Bluetooth-Schnittstelle<\/strong> Ihres Ger\u00e4ts. Ohne diese Freigabe ist eine Steuerung \u00fcber die App nicht m\u00f6glich. Es findet keine Standort\u00fcberwachung (Tracking) statt.<\/p>\n<p>Zweck &amp; Rechtsgrundlage: Technische Notwendigkeit zur Vertragserf\u00fcllung <strong>(Art. 6 Abs. 1 lit. b DSGVO)<\/strong> sowie Ihre Einwilligung bei der Rechtevergabe im Betriebssystem <strong>(\u00a7 25 Abs. 2 TDDDG).<\/strong><\/p>\n<h3><strong>c) Push-Benachrichtigungen<\/strong><\/h3>\n<p>Sofern Sie dies in den Einstellungen Ihres Smartphones ausdr\u00fccklich gestatten, senden wir Ihnen Push-Benachrichtigungen zu Ihrem System oder Account.<\/p>\n<p><strong>Zweck &amp; Rechtsgrundlage:<\/strong> Ihre Einwilligung <strong>(Art. 6 Abs. 1 lit. a DSGVO).<\/strong> Sie k\u00f6nnen diese Benachrichtigungen jederzeit in den Systemeinstellungen Ihres Ger\u00e4ts deaktivieren.<\/p>\n<h3><strong>d) Fehlerbehebung und Sicherheit<\/strong><\/h3>\n<p>Um die Sicherheit und Stabilit\u00e4t unserer App zu gew\u00e4hrleisten, erfassen wir bei Abst\u00fcrzen ggf. anonymisierte Diagnosedaten.<\/p>\n<p><strong>Zweck &amp; Rechtsgrundlage:<\/strong> Unser berechtigtes Interesse an einer fehlerfreien Bereitstellung der App <strong>(Art. 6 Abs. 1 lit. f DSGVO).<\/strong><\/p>\n<h2><strong>4. Weitergabe von Daten<\/strong><\/h2>\n<p>Ihre pers\u00f6nlichen Daten werden von uns nicht an Dritte verkauft. Eine Weitergabe erfolgt nur, wenn dies zur Vertragserf\u00fcllung zwingend notwendig ist (z. B. an sichere Cloud-Hosting-Dienstleister im Rahmen einer Auftragsverarbeitung nach Art. 28 DSGVO), wir gesetzlich dazu verpflichtet sind (Art. 6 Abs. 1 lit. c DSGVO) oder Sie ausdr\u00fccklich eingewilligt haben. Wir verarbeiten keine besonderen Kategorien personenbezogener Daten (sensible Daten).<\/p>\n<h2><strong>5. Speicherdauer und Kontol\u00f6schung<\/strong><\/h2>\n<p>Wir speichern Ihre personenbezogenen Daten nur so lange, wie es f\u00fcr die in dieser Datenschutzerkl\u00e4rung genannten Zwecke erforderlich ist (z. B. solange Ihr Benutzerkonto besteht) oder gesetzliche Aufbewahrungsfristen dies vorschreiben.<\/p>\n<p><strong>Konto l\u00f6schen: <\/strong>Sie haben jederzeit das Recht, Ihr Benutzerkonto und alle damit verbundenen Daten l\u00f6schen zu lassen. Sie k\u00f6nnen die L\u00f6schung direkt innerhalb der App (in den Kontoeinstellungen) vornehmen oder uns eine E-Mail mit dem Betreff &#8222;Kontol\u00f6schung App&#8220; an <strong><a href=\"mailto:welcome@zaluti.com\">welcome@zaluti.com<\/a><\/strong> senden. Ihre Daten werden daraufhin umgehend gel\u00f6scht, sofern keine gesetzlichen Aufbewahrungspflichten entgegenstehen.<\/p>\n<h2><strong>6. Jugendschutz<\/strong><\/h2>\n<p>Unsere App richtet sich nicht an Personen unter 18 Jahren. Wir erheben wissentlich keine personenbezogenen Daten von Minderj\u00e4hrigen.<\/p>\n<h2><strong>7. Ihre Rechte als betroffene Person<\/strong><\/h2>\n<p>Sie haben im Rahmen der geltenden gesetzlichen Bestimmungen jederzeit folgende Rechte:<\/p>\n<ul>\n<li><strong>Auskunft (Art. 15 DSGVO):<\/strong> Recht auf unentgeltliche Auskunft \u00fcber Ihre gespeicherten Daten.<\/li>\n<li><strong>Berichtigung (Art. 16 DSGVO):<\/strong> Recht auf Berichtigung unrichtiger oder unvollst\u00e4ndiger Daten.<\/li>\n<li><strong>L\u00f6schung (Art. 17 DSGVO):<\/strong> Recht auf L\u00f6schung Ihrer Daten.<\/li>\n<li><strong>Einschr\u00e4nkung der Verarbeitung (Art. 18 DSGVO)<\/strong><\/li>\n<li><strong>Daten\u00fcbertragbarkeit (Art. 20 DSGVO)<\/strong><\/li>\n<li><strong>Widerruf (Art. 7 Abs. 3 DSGVO):<\/strong> Wenn Sie eine Einwilligung erteilt haben, k\u00f6nnen Sie diese jederzeit f\u00fcr die Zukunft widerrufen.<\/li>\n<li><strong>Beschwerderecht (Art. 77 DSGVO):<\/strong> Sie haben zudem ein Beschwerderecht bei einer zust\u00e4ndigen Datenschutz-Aufsichtsbeh\u00f6rde.<\/li>\n<\/ul>\n<p>Zur Aus\u00fcbung all Ihrer Rechte gen\u00fcgt eine formlose E-Mail an: <strong><a href=\"mailto:welcome@zaluti.com\">welcome@zaluti.com<\/a><\/strong><\/p>\n<p>[\/et_pb_text][\/et_pb_column][\/et_pb_row][\/et_pb_section]<\/p>\n","protected":false},"excerpt":{"rendered":"<p>Datenschutzerkl\u00e4rung f\u00fcr die Zaluti Smart Control App 1. Einleitung und Verantwortlicher Wir freuen uns, dass Sie die Zaluti Smart Control App (nachfolgend \u201eApp\u201c) nutzen. Der Schutz Ihrer pers\u00f6nlichen Daten ist uns ein wichtiges Anliegen. Im Folgenden informieren wir Sie ausf\u00fchrlich dar\u00fcber, welche Daten bei der Nutzung unserer App erhoben und wie diese verarbeitet werden. Verantwortlicher [&hellip;]<\/p>\n","protected":false},"author":13,"featured_media":0,"parent":0,"menu_order":0,"comment_status":"closed","ping_status":"closed","template":"","meta":{"_acf_changed":false,"_et_pb_use_builder":"on","_et_pb_old_content":"","_et_gb_content_width":"","inline_featured_image":false,"footnotes":""},"categories":[],"tags":[],"class_list":["post-23959616","page","type-page","status-publish","hentry"],"acf":[],"aioseo_notices":[],"aioseo_head":"\n\t\t<!-- All in One SEO Pro 4.9.6.2 - aioseo.com -->\n\t<meta name=\"description\" content=\"Erfahren Sie, wie die Zaluti Smart Control App Ihre Daten sch\u00fctzt. Transparente Informationen zu Datenerfassung, Nutzung und Ihren Rechten gem\u00e4\u00df DSGVO.\" \/>\n\t<meta name=\"robots\" content=\"max-image-preview:large\" \/>\n\t<link rel=\"canonical\" href=\"https:\/\/zaluti.com\/de\/privacy-policy-app\/\" \/>\n\t<meta name=\"generator\" content=\"All in One SEO Pro (AIOSEO) 4.9.6.2\" \/>\n\t\t<meta property=\"og:locale\" content=\"de_DE\" \/>\n\t\t<meta property=\"og:site_name\" content=\"Zaluti B.V. | Professionals in scent marketing\" \/>\n\t\t<meta property=\"og:type\" content=\"article\" \/>\n\t\t<meta property=\"og:title\" content=\"Datenschutz App | Zaluti Smart Control Datenschutzerkl\u00e4rung\" \/>\n\t\t<meta property=\"og:description\" content=\"Erfahren Sie, wie die Zaluti Smart Control App Ihre Daten sch\u00fctzt. Transparente Informationen zu Datenerfassung, Nutzung und Ihren Rechten gem\u00e4\u00df DSGVO.\" \/>\n\t\t<meta property=\"og:url\" content=\"https:\/\/zaluti.com\/de\/privacy-policy-app\/\" \/>\n\t\t<meta property=\"article:published_time\" content=\"2026-03-26T08:59:27+00:00\" \/>\n\t\t<meta property=\"article:modified_time\" content=\"2026-03-26T11:27:44+00:00\" \/>\n\t\t<meta property=\"article:publisher\" content=\"https:\/\/www.facebook.com\/people\/Zalutide\/61552806365452\/\" \/>\n\t\t<meta name=\"twitter:card\" content=\"summary_large_image\" \/>\n\t\t<meta name=\"twitter:site\" content=\"@Zaluti_de\" \/>\n\t\t<meta name=\"twitter:title\" content=\"Datenschutz App | Zaluti Smart Control Datenschutzerkl\u00e4rung\" \/>\n\t\t<meta name=\"twitter:description\" content=\"Erfahren Sie, wie die Zaluti Smart Control App Ihre Daten sch\u00fctzt. Transparente Informationen zu Datenerfassung, Nutzung und Ihren Rechten gem\u00e4\u00df DSGVO.\" \/>\n\t\t<meta name=\"twitter:creator\" content=\"@Zaluti_de\" \/>\n\t\t<script type=\"application\/ld+json\" class=\"aioseo-schema\">\n\t\t\t{\"@context\":\"https:\\\/\\\/schema.org\",\"@graph\":[{\"@type\":\"BreadcrumbList\",\"@id\":\"https:\\\/\\\/zaluti.com\\\/de\\\/privacy-policy-app\\\/#breadcrumblist\",\"itemListElement\":[{\"@type\":\"ListItem\",\"@id\":\"https:\\\/\\\/zaluti.com\\\/de\\\/privacy-policy-app\\\/#listItem\",\"position\":1,\"name\":\"Datenschutz App\"}]},{\"@type\":\"Organization\",\"@id\":\"https:\\\/\\\/zaluti.com\\\/de\\\/#organization\",\"name\":\"Zaluti\",\"description\":\"Zaluti ist Ihr Experte f\\u00fcr Duftmarketing und Raumbeduftung mit hochwertigen Duftmaschinen \\u201emade in Holland\\u201c. Herstellergarantie 7 Jahre.\",\"url\":\"https:\\\/\\\/zaluti.com\\\/de\\\/\",\"email\":\"welcome@zaluti.com\",\"telephone\":\"+31762055239\",\"foundingDate\":\"2015-01-01\",\"logo\":{\"@type\":\"ImageObject\",\"url\":\"https:\\\/\\\/zaluti.com\\\/de\\\/wp-content\\\/uploads\\\/2023\\\/09\\\/zalutilogo.png\",\"@id\":\"https:\\\/\\\/zaluti.com\\\/de\\\/privacy-policy-app\\\/#organizationLogo\",\"width\":46,\"height\":83,\"caption\":\"Zalutilogo\"},\"image\":{\"@id\":\"https:\\\/\\\/zaluti.com\\\/de\\\/privacy-policy-app\\\/#organizationLogo\"},\"sameAs\":[\"https:\\\/\\\/www.facebook.com\\\/people\\\/Zalutide\\\/61552806365452\\\/\",\"https:\\\/\\\/x.com\\\/Zaluti_de\",\"https:\\\/\\\/www.instagram.com\\\/zaluti_de\\\/\",\"https:\\\/\\\/nl.pinterest.com\\\/Zaluti_de\\\/\",\"https:\\\/\\\/www.youtube.com\\\/@AllSensService\",\"https:\\\/\\\/www.linkedin.com\\\/showcase\\\/zaluti-germany\\\/\"],\"address\":{\"@id\":\"https:\\\/\\\/zaluti.com\\\/de\\\/#postaladdress\",\"@type\":\"PostalAddress\",\"streetAddress\":\"Kapittelweg 12,\",\"postalCode\":\"4827 HG\",\"addressLocality\":\"Breda\",\"addressCountry\":\"NL\"}},{\"@type\":\"WebPage\",\"@id\":\"https:\\\/\\\/zaluti.com\\\/de\\\/privacy-policy-app\\\/#webpage\",\"url\":\"https:\\\/\\\/zaluti.com\\\/de\\\/privacy-policy-app\\\/\",\"name\":\"Datenschutz App | Zaluti Smart Control Datenschutzerkl\\u00e4rung\",\"description\":\"Erfahren Sie, wie die Zaluti Smart Control App Ihre Daten sch\\u00fctzt. Transparente Informationen zu Datenerfassung, Nutzung und Ihren Rechten gem\\u00e4\\u00df DSGVO.\",\"inLanguage\":\"de-DE\",\"isPartOf\":{\"@id\":\"https:\\\/\\\/zaluti.com\\\/de\\\/#website\"},\"breadcrumb\":{\"@id\":\"https:\\\/\\\/zaluti.com\\\/de\\\/privacy-policy-app\\\/#breadcrumblist\"},\"datePublished\":\"2026-03-26T10:59:27+02:00\",\"dateModified\":\"2026-03-26T13:27:44+02:00\"},{\"@type\":\"WebSite\",\"@id\":\"https:\\\/\\\/zaluti.com\\\/de\\\/#website\",\"url\":\"https:\\\/\\\/zaluti.com\\\/de\\\/\",\"name\":\"Zaluti B.V.\",\"description\":\"Professionals in scent marketing\",\"inLanguage\":\"de-DE\",\"publisher\":{\"@id\":\"https:\\\/\\\/zaluti.com\\\/de\\\/#organization\"}}]}\n\t\t<\/script>\n\t\t<!-- All in One SEO Pro -->\r\n\t\t<title>Datenschutz App | Zaluti Smart Control Datenschutzerkl\u00e4rung<\/title>\n\n","aioseo_head_json":{"title":"Datenschutz App | Zaluti Smart Control Datenschutzerkl\u00e4rung","description":"Erfahren Sie, wie die Zaluti Smart Control App Ihre Daten sch\u00fctzt. Transparente Informationen zu Datenerfassung, Nutzung und Ihren Rechten gem\u00e4\u00df DSGVO.","canonical_url":"https:\/\/zaluti.com\/de\/privacy-policy-app\/","robots":"max-image-preview:large","keywords":"","webmasterTools":{"miscellaneous":""},"schema":{"@context":"https:\/\/schema.org","@graph":[{"@type":"BreadcrumbList","@id":"https:\/\/zaluti.com\/de\/privacy-policy-app\/#breadcrumblist","itemListElement":[{"@type":"ListItem","@id":"https:\/\/zaluti.com\/de\/privacy-policy-app\/#listItem","position":1,"name":"Datenschutz App"}]},{"@type":"Organization","@id":"https:\/\/zaluti.com\/de\/#organization","name":"Zaluti","description":"Zaluti ist Ihr Experte f\u00fcr Duftmarketing und Raumbeduftung mit hochwertigen Duftmaschinen \u201emade in Holland\u201c. Herstellergarantie 7 Jahre.","url":"https:\/\/zaluti.com\/de\/","email":"welcome@zaluti.com","telephone":"+31762055239","foundingDate":"2015-01-01","logo":{"@type":"ImageObject","url":"https:\/\/zaluti.com\/de\/wp-content\/uploads\/2023\/09\/zalutilogo.png","@id":"https:\/\/zaluti.com\/de\/privacy-policy-app\/#organizationLogo","width":46,"height":83,"caption":"Zalutilogo"},"image":{"@id":"https:\/\/zaluti.com\/de\/privacy-policy-app\/#organizationLogo"},"sameAs":["https:\/\/www.facebook.com\/people\/Zalutide\/61552806365452\/","https:\/\/x.com\/Zaluti_de","https:\/\/www.instagram.com\/zaluti_de\/","https:\/\/nl.pinterest.com\/Zaluti_de\/","https:\/\/www.youtube.com\/@AllSensService","https:\/\/www.linkedin.com\/showcase\/zaluti-germany\/"],"address":{"@id":"https:\/\/zaluti.com\/de\/#postaladdress","@type":"PostalAddress","streetAddress":"Kapittelweg 12,","postalCode":"4827 HG","addressLocality":"Breda","addressCountry":"NL"}},{"@type":"WebPage","@id":"https:\/\/zaluti.com\/de\/privacy-policy-app\/#webpage","url":"https:\/\/zaluti.com\/de\/privacy-policy-app\/","name":"Datenschutz App | Zaluti Smart Control Datenschutzerkl\u00e4rung","description":"Erfahren Sie, wie die Zaluti Smart Control App Ihre Daten sch\u00fctzt. Transparente Informationen zu Datenerfassung, Nutzung und Ihren Rechten gem\u00e4\u00df DSGVO.","inLanguage":"de-DE","isPartOf":{"@id":"https:\/\/zaluti.com\/de\/#website"},"breadcrumb":{"@id":"https:\/\/zaluti.com\/de\/privacy-policy-app\/#breadcrumblist"},"datePublished":"2026-03-26T10:59:27+02:00","dateModified":"2026-03-26T13:27:44+02:00"},{"@type":"WebSite","@id":"https:\/\/zaluti.com\/de\/#website","url":"https:\/\/zaluti.com\/de\/","name":"Zaluti B.V.","description":"Professionals in scent marketing","inLanguage":"de-DE","publisher":{"@id":"https:\/\/zaluti.com\/de\/#organization"}}]},"og:locale":"de_DE","og:site_name":"Zaluti B.V. | Professionals in scent marketing","og:type":"article","og:title":"Datenschutz App | Zaluti Smart Control Datenschutzerkl\u00e4rung","og:description":"Erfahren Sie, wie die Zaluti Smart Control App Ihre Daten sch\u00fctzt. Transparente Informationen zu Datenerfassung, Nutzung und Ihren Rechten gem\u00e4\u00df DSGVO.","og:url":"https:\/\/zaluti.com\/de\/privacy-policy-app\/","article:published_time":"2026-03-26T08:59:27+00:00","article:modified_time":"2026-03-26T11:27:44+00:00","article:publisher":"https:\/\/www.facebook.com\/people\/Zalutide\/61552806365452\/","twitter:card":"summary_large_image","twitter:site":"@Zaluti_de","twitter:title":"Datenschutz App | Zaluti Smart Control Datenschutzerkl\u00e4rung","twitter:description":"Erfahren Sie, wie die Zaluti Smart Control App Ihre Daten sch\u00fctzt. Transparente Informationen zu Datenerfassung, Nutzung und Ihren Rechten gem\u00e4\u00df DSGVO.","twitter:creator":"@Zaluti_de"},"aioseo_meta_data":{"post_id":"23959616","title":"Datenschutz App | Zaluti Smart Control Datenschutzerkl\u00e4rung","description":"Erfahren Sie, wie die Zaluti Smart Control App Ihre Daten sch\u00fctzt. Transparente Informationen zu Datenerfassung, Nutzung und Ihren Rechten gem\u00e4\u00df DSGVO.","keywords":null,"keyphrases":{"focus":{"keyphrase":"","score":0,"analysis":{"keyphraseInTitle":{"score":0,"maxScore":9,"error":1}}},"additional":[]},"primary_term":null,"canonical_url":null,"og_title":null,"og_description":null,"og_object_type":"default","og_image_type":"default","og_image_url":null,"og_image_width":null,"og_image_height":null,"og_image_custom_url":null,"og_image_custom_fields":null,"og_video":"","og_custom_url":null,"og_article_section":null,"og_article_tags":null,"twitter_use_og":false,"twitter_card":"default","twitter_image_type":"default","twitter_image_url":null,"twitter_image_custom_url":null,"twitter_image_custom_fields":null,"twitter_title":null,"twitter_description":null,"schema":{"blockGraphs":[],"customGraphs":[],"default":{"data":{"Article":[],"Course":[],"Dataset":[],"FAQPage":[],"Movie":[],"Person":[],"Product":[],"ProductReview":[],"Car":[],"Recipe":[],"Service":[],"SoftwareApplication":[],"WebPage":[]},"graphName":"WebPage","isEnabled":true},"graphs":[]},"schema_type":"default","schema_type_options":null,"pillar_content":false,"robots_default":true,"robots_noindex":false,"robots_noarchive":false,"robots_nosnippet":false,"robots_nofollow":false,"robots_noimageindex":false,"robots_noodp":false,"robots_notranslate":false,"robots_max_snippet":"-1","robots_max_videopreview":"-1","robots_max_imagepreview":"large","priority":null,"frequency":"default","local_seo":null,"seo_analyzer_scan_date":"2026-03-26 12:16:59","breadcrumb_settings":null,"limit_modified_date":false,"reviewed_by":"0","open_ai":null,"ai":{"faqs":[],"keyPoints":[],"titles":[],"descriptions":[],"socialPosts":{"email":[],"linkedin":[],"twitter":[],"facebook":[],"instagram":[]}},"created":"2026-03-26 08:55:22","updated":"2026-03-26 12:20:14"},"_links":{"self":[{"href":"https:\/\/zaluti.com\/de\/wp-json\/wp\/v2\/pages\/23959616","targetHints":{"allow":["GET"]}}],"collection":[{"href":"https:\/\/zaluti.com\/de\/wp-json\/wp\/v2\/pages"}],"about":[{"href":"https:\/\/zaluti.com\/de\/wp-json\/wp\/v2\/types\/page"}],"author":[{"embeddable":true,"href":"https:\/\/zaluti.com\/de\/wp-json\/wp\/v2\/users\/13"}],"replies":[{"embeddable":true,"href":"https:\/\/zaluti.com\/de\/wp-json\/wp\/v2\/comments?post=23959616"}],"version-history":[{"count":3,"href":"https:\/\/zaluti.com\/de\/wp-json\/wp\/v2\/pages\/23959616\/revisions"}],"predecessor-version":[{"id":23959653,"href":"https:\/\/zaluti.com\/de\/wp-json\/wp\/v2\/pages\/23959616\/revisions\/23959653"}],"wp:attachment":[{"href":"https:\/\/zaluti.com\/de\/wp-json\/wp\/v2\/media?parent=23959616"}],"wp:term":[{"taxonomy":"category","embeddable":true,"href":"https:\/\/zaluti.com\/de\/wp-json\/wp\/v2\/categories?post=23959616"},{"taxonomy":"post_tag","embeddable":true,"href":"https:\/\/zaluti.com\/de\/wp-json\/wp\/v2\/tags?post=23959616"}],"curies":[{"name":"wp","href":"https:\/\/api.w.org\/{rel}","templated":true}]}}